{"id":11785,"date":"2022-10-31T13:28:04","date_gmt":"2022-10-31T13:28:04","guid":{"rendered":"https:\/\/kitchtenstore.com\/?post_type=product&#038;p=11785"},"modified":"2022-10-31T13:28:05","modified_gmt":"2022-10-31T13:28:05","slug":"tv-led-lg-75sm9900-8k-technologie-nanocell","status":"publish","type":"product","link":"https:\/\/kitchtenstore.com\/fr\/produit\/tv-led-lg-75sm9900-8k-technologie-nanocell\/","title":{"rendered":"TV LED LG 75SM9900 \u2013 8K \u2013 Technologie NanoCell"},"content":{"rendered":"<div id=\"tab-description\" class=\"woocommerce-Tabs-panel woocommerce-Tabs-panel--description panel entry-content wc-tab\" role=\"tabpanel\" aria-labelledby=\"tab-title-description\">\n<h2>Description<\/h2>\n<table class=\"font-2\">\n<tbody>\n<tr class=\"odd\">\n<th scope=\"row\">Type de r\u00e9tro\u00e9clairage<\/th>\n<td class=\"font-2-b\">\n<ul class=\"characteristics\" data-switch=\"\">\n<li class=\"\">LED Direct Local Dimming<\/li>\n<\/ul>\n<\/td>\n<\/tr>\n<tr class=\"\">\n<th scope=\"row\">Taille d\u2019\u00e9cran (pouces)<\/th>\n<td class=\"font-2-b\">\n<ul class=\"characteristics\" data-switch=\"\">\n<li class=\"\">75 \u201d<\/li>\n<\/ul>\n<\/td>\n<\/tr>\n<tr class=\"odd\">\n<th scope=\"row\"><a class=\"glossary_word\" data-word=\"taille de l'\u00e9cran\">Taille de l\u2019\u00e9cran<\/a><\/th>\n<td class=\"font-2-b\">\n<ul class=\"characteristics\" data-switch=\"\">\n<li class=\"\">75 pouces \/ 189 cm<\/li>\n<\/ul>\n<\/td>\n<\/tr>\n<tr class=\"\">\n<th scope=\"row\">Ecran incurv\u00e9<\/th>\n<td class=\"font-2-b\">\n<ul class=\"characteristics\" data-switch=\"\">\n<li class=\"\">Non<\/li>\n<\/ul>\n<\/td>\n<\/tr>\n<tr class=\"odd\">\n<th scope=\"row\">Format de l\u2019image<\/th>\n<td class=\"font-2-b\">\n<ul class=\"characteristics\" data-switch=\"\">\n<li class=\"\">16\/9<\/li>\n<\/ul>\n<\/td>\n<\/tr>\n<tr class=\"\">\n<th scope=\"row\">Norme HD<\/th>\n<td class=\"font-2-b\">\n<ul class=\"characteristics\" data-switch=\"\">\n<li class=\"\">8K<\/li>\n<\/ul>\n<\/td>\n<\/tr>\n<tr class=\"odd\">\n<th scope=\"row\">R\u00e9solution d\u2019affichage<\/th>\n<td class=\"font-2-b\">\n<ul class=\"characteristics\" data-switch=\"\">\n<li class=\"\">7680 x 4320 pixels<\/li>\n<\/ul>\n<\/td>\n<\/tr>\n<tr class=\"\">\n<th scope=\"row\">Upscaller 4K<\/th>\n<td class=\"font-2-b\">\n<ul class=\"characteristics\" data-switch=\"\">\n<li class=\"\">Oui<\/li>\n<\/ul>\n<\/td>\n<\/tr>\n<tr class=\"odd\">\n<th scope=\"row\">Upscaller 8K<\/th>\n<td class=\"font-2-b\">\n<ul class=\"characteristics\" data-switch=\"\">\n<li class=\"\">Oui<\/li>\n<\/ul>\n<\/td>\n<\/tr>\n<tr class=\"\">\n<th scope=\"row\">Compatible HDMI 2.0<\/th>\n<td class=\"font-2-b\">\n<ul class=\"characteristics\" data-switch=\"\">\n<li class=\"\">Oui<\/li>\n<\/ul>\n<\/td>\n<\/tr>\n<tr class=\"odd\">\n<th scope=\"row\"><a class=\"glossary_word\" data-word=\"Codec HEVC (H265)\">Codec HEVC (H.265)<\/a><\/th>\n<td class=\"font-2-b\">\n<ul class=\"characteristics\" data-switch=\"\">\n<li class=\"\">Oui<\/li>\n<\/ul>\n<\/td>\n<\/tr>\n<tr class=\"\">\n<th scope=\"row\">Compatible Netflix 4K<\/th>\n<td class=\"font-2-b\">\n<ul class=\"characteristics\" data-switch=\"\">\n<li class=\"\">Oui<\/li>\n<\/ul>\n<\/td>\n<\/tr>\n<tr class=\"odd\">\n<th scope=\"row\">Vitesse de transmission<\/th>\n<td class=\"font-2-b\">\n<ul class=\"characteristics\" data-switch=\"\">\n<li class=\"\">60p<\/li>\n<\/ul>\n<\/td>\n<\/tr>\n<tr class=\"\">\n<th scope=\"row\">Fluidit\u00e9 de l\u2019image<\/th>\n<td class=\"font-2-b\">\n<ul class=\"characteristics\" data-switch=\"\">\n<li class=\"\">100Hz<\/li>\n<\/ul>\n<\/td>\n<\/tr>\n<tr class=\"odd\">\n<th scope=\"row\">Compatibilit\u00e9 3D<\/th>\n<td class=\"font-2-b\">\n<ul class=\"characteristics\" data-switch=\"\">\n<li class=\"\">Non<\/li>\n<\/ul>\n<\/td>\n<\/tr>\n<tr class=\"\">\n<th scope=\"row\">SMART TV (TV connect\u00e9)<\/th>\n<td class=\"font-2-b\">\n<ul class=\"characteristics\" data-switch=\"\">\n<li class=\"\">Oui<\/li>\n<\/ul>\n<\/td>\n<\/tr>\n<tr class=\"odd\">\n<th scope=\"row\">SMART TV + NAVIGATEUR<\/th>\n<td class=\"font-2-b\">\n<ul class=\"characteristics\" data-switch=\"\">\n<li class=\"\">Oui<\/li>\n<\/ul>\n<\/td>\n<\/tr>\n<tr class=\"\">\n<th scope=\"row\">Technologie Miracast<\/th>\n<td class=\"font-2-b\">\n<ul class=\"characteristics\" data-switch=\"\">\n<li class=\"\">Oui<\/li>\n<\/ul>\n<\/td>\n<\/tr>\n<tr class=\"odd\">\n<th scope=\"row\">Wi-Fi<\/th>\n<td class=\"font-2-b\">\n<ul class=\"characteristics\" data-switch=\"\">\n<li class=\"\">Int\u00e9gr\u00e9<\/li>\n<\/ul>\n<\/td>\n<\/tr>\n<tr class=\"\">\n<th scope=\"row\">Wi-Fi direct<\/th>\n<td class=\"font-2-b\">\n<ul class=\"characteristics\" data-switch=\"\">\n<li class=\"\">Oui<\/li>\n<\/ul>\n<\/td>\n<\/tr>\n<tr class=\"odd\">\n<th scope=\"row\">Technologie NFC<\/th>\n<td class=\"font-2-b\">\n<ul class=\"characteristics\" data-switch=\"\">\n<li class=\"\">Non<\/li>\n<\/ul>\n<\/td>\n<\/tr>\n<tr class=\"\">\n<th scope=\"row\">Compatibilit\u00e9 HBBTV<\/th>\n<td class=\"font-2-b\">\n<ul class=\"characteristics\" data-switch=\"\">\n<li class=\"\">Oui<\/li>\n<\/ul>\n<\/td>\n<\/tr>\n<tr class=\"odd\">\n<th scope=\"row\">Tuner<\/th>\n<td class=\"font-2-b\">\n<ul class=\"characteristics\" data-switch=\"\">\n<li class=\"\">TNT HD (MPEG-4), Satellite (DVB-S2), C\u00e2ble (DVB-C)<\/li>\n<\/ul>\n<\/td>\n<\/tr>\n<tr class=\"\">\n<th scope=\"row\">Appareil connect\u00e9<\/th>\n<td class=\"font-2-b\">\n<ul class=\"characteristics\" data-switch=\"\">\n<li class=\"\">Oui<\/li>\n<\/ul>\n<\/td>\n<\/tr>\n<tr class=\"odd\">\n<th scope=\"row\">Entr\u00e9e HDMI<\/th>\n<td class=\"font-2-b\">\n<ul class=\"characteristics\" data-switch=\"\">\n<li class=\"\">4<\/li>\n<\/ul>\n<\/td>\n<\/tr>\n<tr class=\"\">\n<th scope=\"row\">HDMI compatible ARC<\/th>\n<td class=\"font-2-b\">\n<ul class=\"characteristics\" data-switch=\"\">\n<li class=\"\">Oui<\/li>\n<\/ul>\n<\/td>\n<\/tr>\n<tr class=\"odd\">\n<th scope=\"row\">Sortie audio num\u00e9rique<\/th>\n<td class=\"font-2-b\">\n<ul class=\"characteristics\" data-switch=\"\">\n<li class=\"\">Optique<\/li>\n<\/ul>\n<\/td>\n<\/tr>\n<tr class=\"\">\n<th scope=\"row\">Port USB<\/th>\n<td class=\"font-2-b\">\n<ul class=\"characteristics\" data-switch=\"\">\n<li class=\"\">3<\/li>\n<\/ul>\n<\/td>\n<\/tr>\n<tr class=\"odd\">\n<th scope=\"row\">Type de fichiers lus<\/th>\n<td class=\"font-2-b\">\n<ul class=\"characteristics\" data-switch=\"\">\n<li class=\"\">audio, photo, vid\u00e9o HD et 4K UHD<\/li>\n<\/ul>\n<\/td>\n<\/tr>\n<tr class=\"\">\n<th scope=\"row\">Fonction enregistreur (PVR)<\/th>\n<td class=\"font-2-b\">\n<ul class=\"characteristics\" data-switch=\"\">\n<li class=\"\">Oui<\/li>\n<\/ul>\n<\/td>\n<\/tr>\n<tr class=\"odd\">\n<th scope=\"row\">Prise casque<\/th>\n<td class=\"font-2-b\">\n<ul class=\"characteristics\" data-switch=\"\">\n<li class=\"\">Oui<\/li>\n<\/ul>\n<\/td>\n<\/tr>\n<tr class=\"\">\n<th scope=\"row\">Interface CI+<\/th>\n<td class=\"font-2-b\">\n<ul class=\"characteristics\" data-switch=\"\">\n<li class=\"\">Oui<\/li>\n<\/ul>\n<\/td>\n<\/tr>\n<tr class=\"odd\">\n<th scope=\"row\">Bluetooth<\/th>\n<td class=\"font-2-b\">\n<ul class=\"characteristics\" data-switch=\"\">\n<li class=\"\">Oui<\/li>\n<\/ul>\n<\/td>\n<\/tr>\n<tr class=\"\">\n<th scope=\"row\">Guide \u00e9lectronique des programmes<\/th>\n<td class=\"font-2-b\">\n<ul class=\"characteristics\" data-switch=\"\">\n<li class=\"\">Oui<\/li>\n<\/ul>\n<\/td>\n<\/tr>\n<tr class=\"odd\">\n<th scope=\"row\">T\u00e9l\u00e9texte<\/th>\n<td class=\"font-2-b\">\n<ul class=\"characteristics\" data-switch=\"\">\n<li class=\"\">Oui<\/li>\n<\/ul>\n<\/td>\n<\/tr>\n<tr class=\"\">\n<th scope=\"row\">Accessoire(s) fourni(s)<\/th>\n<td class=\"font-2-b\">\n<ul class=\"characteristics\" data-switch=\"\">\n<li class=\"\">Magic Remote<\/li>\n<\/ul>\n<\/td>\n<\/tr>\n<tr class=\"odd\">\n<th scope=\"row\">Alimentation<\/th>\n<td class=\"font-2-b\">\n<ul class=\"characteristics\" data-switch=\"\">\n<li class=\"\">100-240 volts, 50Hz\/60Hz<\/li>\n<\/ul>\n<\/td>\n<\/tr>\n<tr class=\"\">\n<th scope=\"row\">Consommation en fonctionnement<\/th>\n<td class=\"font-2-b\">\n<ul class=\"characteristics\" data-switch=\"\">\n<li class=\"\">272 W<\/li>\n<\/ul>\n<\/td>\n<\/tr>\n<tr class=\"odd\">\n<th scope=\"row\">Consommation en veille<\/th>\n<td class=\"font-2-b\">\n<ul class=\"characteristics\" data-switch=\"\">\n<li class=\"\">0,5 W<\/li>\n<\/ul>\n<\/td>\n<\/tr>\n<tr class=\"\">\n<th scope=\"row\">Classe \u00e9nerg\u00e9tique<\/th>\n<td class=\"font-2-b\">\n<ul class=\"characteristics\" data-switch=\"\">\n<li class=\"\">B<\/li>\n<\/ul>\n<\/td>\n<\/tr>\n<tr class=\"odd\">\n<th scope=\"row\">Pied rotatif<\/th>\n<td class=\"font-2-b\">\n<ul class=\"characteristics\" data-switch=\"\">\n<li class=\"\">Non<\/li>\n<\/ul>\n<\/td>\n<\/tr>\n<tr class=\"\">\n<th scope=\"row\">Norme VESA (mm)<\/th>\n<td class=\"font-2-b\">\n<ul class=\"characteristics\" data-switch=\"\">\n<li class=\"\">600\u00d7400<\/li>\n<\/ul>\n<\/td>\n<\/tr>\n<tr class=\"odd\">\n<th scope=\"row\">Dim. avec pied (HxLxP)\/Poids<\/th>\n<td class=\"font-2-b\">\n<ul class=\"characteristics\" data-switch=\"\">\n<li class=\"\">(1677x1037x384 mm)\/42 kg<\/li>\n<\/ul>\n<\/td>\n<\/tr>\n<tr class=\"\">\n<th scope=\"row\">Dim. sans pied (HxLxP)\/Poids<\/th>\n<td class=\"font-2-b\">\n<ul class=\"characteristics\" data-switch=\"\">\n<li class=\"\">(1677x966x69.9 mm)\/39.1 kg<\/li>\n<\/ul>\n<\/td>\n<\/tr>\n<tr class=\"odd\">\n<th scope=\"row\">Mode H\u00f4tel<\/th>\n<td class=\"font-2-b\">\n<ul class=\"characteristics\" data-switch=\"\">\n<li class=\"\">Simplifi\u00e9<\/li>\n<\/ul>\n<\/td>\n<\/tr>\n<tr class=\"\">\n<th scope=\"row\">Dalle native 100 Hz<\/th>\n<td class=\"font-2-b\">\n<ul class=\"characteristics\" data-switch=\"\">\n<li class=\"\">Oui<\/li>\n<\/ul>\n<\/td>\n<\/tr>\n<tr class=\"odd\">\n<th scope=\"row\">HDR (High dynamic range)<\/th>\n<td class=\"font-2-b\">\n<ul class=\"characteristics\" data-switch=\"\">\n<li class=\"\">Oui<\/li>\n<\/ul>\n<\/td>\n<\/tr>\n<tr class=\"\">\n<th scope=\"row\">Assistant vocal compatible<\/th>\n<td class=\"font-2-b\">\n<ul class=\"characteristics\" data-switch=\"\">\n<li class=\"\">Assistant Google<\/li>\n<\/ul>\n<\/td>\n<\/tr>\n<tr class=\"odd\">\n<th scope=\"row\">Assistant vocal int\u00e9gr\u00e9<\/th>\n<td class=\"font-2-b\">\n<ul class=\"characteristics\" data-switch=\"\">\n<li class=\"\">Assistant Google<\/li>\n<\/ul>\n<\/td>\n<\/tr>\n<tr class=\"\">\n<th scope=\"row\">Disponibilit\u00e9 des pi\u00e8ces d\u00e9tach\u00e9es<\/th>\n<td class=\"font-2-b\">\n<ul class=\"characteristics\" data-switch=\"\">\n<li class=\"\">2 ans<\/li>\n<\/ul>\n<\/td>\n<\/tr>\n<tr class=\"odd\">\n<th scope=\"row\">Code<\/th>\n<td class=\"font-2-b\">\n<ul class=\"characteristics\" data-switch=\"\">\n<li class=\"\">4753593<\/li>\n<\/ul>\n<\/td>\n<\/tr>\n<\/tbody>\n<\/table>\n<div>\n<h2 class=\"product_bloc_aside_title font-2\">DESCRIPTION<\/h2>\n<\/div>\n<div class=\"product_bloc_content bloc ombre font-2\">\n<div class=\"columns\">\n<div><b>Le LG75SM9900PLA<\/b><\/div>\n<div>\n<div>Le LG75SM99 dispose de la nouvelle g\u00e9n\u00e9ration du processeur le plus puissant jamais con\u00e7u par LG, le \u03b19 Gen 2 qui offre des performances visuelles et sonores incroyables. La qualit\u00e9 d\u2019image est optimis\u00e9e : les couleurs sont plus riches et les sc\u00e8nes plus d\u00e9taill\u00e9es.<\/div>\n<\/div>\n<div><b>\u00a0<\/b><\/div>\n<div><b>Technologie NanoCell<\/b><\/div>\n<div>Les \u00e9crans NanoCell sont dot\u00e9s de nanoparticules directement int\u00e9gr\u00e9es dans la dalle. Ces nanoparticules absorbent la lumi\u00e8re non n\u00e9cessaire pour am\u00e9liorer la richesse et la pr\u00e9cision des couleurs. Avec une r\u00e9solution de 7680*4320 pixels, le 75SM99 dispose de 4 fois<\/div>\n<div>plus de pixels qu\u2019un mod\u00e8le 4K. Il d\u00e9livre ainsi une image ultra nette et pr\u00e9cise.<\/div>\n<div><\/div>\n<div><b>3 Side Cinema Screen<\/b><\/div>\n<div>Avec un seul bord en bas de l\u2019\u00e9cran, profitez d\u2019un TV avec un design tr\u00e8s \u00e9pur\u00e9 pour une immersion dans l\u2019image toujours plus grande.<\/div>\n<div><\/div>\n<div>\n<div><b>Processeur \u03b19 Gen 2<\/b><\/div>\n<div>D\u00e9velopp\u00e9 par LG, le processeur \u03b19 est le cerveau de TV. La qualit\u00e9 d\u2019image est optimis\u00e9e : les couleurs sont plus riches et les sc\u00e8nes plus d\u00e9taill\u00e9es.<\/div>\n<\/div>\n<div><\/div>\n<div>\n<div>\n<div><b>Full LED Local Dimming<\/b><\/div>\n<div>Avec la technologie Full LED, les LED sont positionn\u00e9es \u00e0 l\u2019arri\u00e8re et couvrent l\u2019int\u00e9gralit\u00e9 de l\u2019\u00e9cran. Le r\u00e9tro\u00e9clairage est g\u00e9r\u00e9 par zones de l\u2019\u00e9cran. Cette technologie permet la restitution de noirs beaucoup plus profonds sans perte de d\u00e9tails. Le contraste est ainsi nettement sup\u00e9rieur \u00e0 celui d\u2019un t\u00e9l\u00e9viseur Edge LED. Avec un seul bord en bas de l\u2019\u00e9cran, profitez d\u2019un TV avec un design tr\u00e8s \u00e9pur\u00e9 pour une immersion dans l\u2019image toujours plus grande.<\/div>\n<div><b>\u00a0<\/b><\/div>\n<div><b>Dolby Atmos<\/b><\/div>\n<div>La meilleure exp\u00e9rience sonore avec votre t\u00e9l\u00e9viseur. Profitez d\u2019un son cin\u00e9ma dans votre salon.<\/div>\n<div><b>\u00a0<\/b><\/div>\n<div><b>Dolby Vision<\/b><\/div>\n<div>C\u2019est le format HDR le plus avanc\u00e9. Pour une qualit\u00e9 d\u2019image saisissante avec une luminosit\u00e9 spectaculaire et des couleurs incroyables.<\/div>\n<\/div>\n<div><\/div>\n<div><b>Un t\u00e9l\u00e9viseur tr\u00e8s connect\u00e9<\/b><\/div>\n<div>Red\u00e9couvrez la t\u00e9l\u00e9 connect\u00e9e avec le\u00a0\u00a0<b>syst\u00e8me WebOS 4.5<\/b>\u00a0! Cette interface permet de profiter d\u2019une\u00a0\u00a0<b>navigation simplifi\u00e9e<\/b>\u00a0parmi les diff\u00e9rents contenus, programme ou applications. Gr\u00e2ce \u00e0 sa barre de lancement, basculez de fa\u00e7on rapide d\u2019un contenu ou un programme \u00e0 un autre tr\u00e8s facilement. La t\u00e9l\u00e9commande Magic Remote vous apporteraune nouvelle fa\u00e7on de naviguer dans votre t\u00e9l\u00e9viseur et vous donnera acc\u00e8s \u00e0 vos applications directement \u00e0 la voix. Disposant d\u2019une\u00a0<b>norme DLNA<\/b>, ces t\u00e9l\u00e9viseurs peuvent avoir acc\u00e8s \u00e0 une connexion internet en filaire ou bien en Wi-Fi, vous permettant d\u2019obtenir un acc\u00e8s \u00e0 vos contenus (musique, vid\u00e9o, photos).<\/div>\n<div><\/div>\n<div><b>Connectiques<\/b><\/div>\n<div>Les connectiques se composent de 4 prises HDMI, 3 ports USB (2.0 et 3.0), 2 prises d\u2019antenne (RF et SAT), 1 port Ethernet, sortie audio num\u00e9rique optique, prise casque, vous permettant des connexions ais\u00e9es de vos diff\u00e9rents appareils : console de jeu, home cin\u00e9ma, lecteur Blu-Ray, p\u00e9riph\u00e9rique de stockage et cl\u00e9s USB.<\/div>\n<\/div>\n<\/div>\n<\/div>\n<\/div>","protected":false},"excerpt":{"rendered":"<div class=\"woocommerce-product-details__short-description\">\n<p class=\"product_section_title font-2-b\">Les points forts :<\/p>\n<ul class=\"product_details_items font-2-l\">\n<li class=\"product_details_item\">Ecran de 189 cm (75\u2033) \u2013 8K \u2013 Technologie NanoCell<\/li>\n<li class=\"product_details_item\">Smart TV Web OS 4.5 \u2013 Intelligence Artificielle ThinQ + Google Assistant<\/li>\n<li class=\"product_details_item\">R\u00e9tro \u00e9clairage Full LED Local Dimming \u2013 4K Cinema HDR \u2013 Dolby Atmos \/ Dolby Vision<\/li>\n<li class=\"product_details_item\">4 HDMI, 3 USB, Port CI+ \u2013 T\u00e9l\u00e9commande Magic Remote<\/li>\n<\/ul>\n<\/div>","protected":false},"featured_media":11790,"comment_status":"open","ping_status":"closed","template":"","meta":{"inline_featured_image":false,"_joinchat":[]},"product_cat":[30],"product_tag":[],"class_list":{"0":"post-11785","1":"product","2":"type-product","3":"status-publish","4":"has-post-thumbnail","6":"product_cat-image-tv-sons","8":"first","9":"instock","10":"shipping-taxable","11":"purchasable","12":"product-type-simple"},"_links":{"self":[{"href":"https:\/\/kitchtenstore.com\/fr\/wp-json\/wp\/v2\/product\/11785","targetHints":{"allow":["GET"]}}],"collection":[{"href":"https:\/\/kitchtenstore.com\/fr\/wp-json\/wp\/v2\/product"}],"about":[{"href":"https:\/\/kitchtenstore.com\/fr\/wp-json\/wp\/v2\/types\/product"}],"replies":[{"embeddable":true,"href":"https:\/\/kitchtenstore.com\/fr\/wp-json\/wp\/v2\/comments?post=11785"}],"version-history":[{"count":2,"href":"https:\/\/kitchtenstore.com\/fr\/wp-json\/wp\/v2\/product\/11785\/revisions"}],"predecessor-version":[{"id":11798,"href":"https:\/\/kitchtenstore.com\/fr\/wp-json\/wp\/v2\/product\/11785\/revisions\/11798"}],"wp:featuredmedia":[{"embeddable":true,"href":"https:\/\/kitchtenstore.com\/fr\/wp-json\/wp\/v2\/media\/11790"}],"wp:attachment":[{"href":"https:\/\/kitchtenstore.com\/fr\/wp-json\/wp\/v2\/media?parent=11785"}],"wp:term":[{"taxonomy":"product_cat","embeddable":true,"href":"https:\/\/kitchtenstore.com\/fr\/wp-json\/wp\/v2\/product_cat?post=11785"},{"taxonomy":"product_tag","embeddable":true,"href":"https:\/\/kitchtenstore.com\/fr\/wp-json\/wp\/v2\/product_tag?post=11785"}],"curies":[{"name":"wp","href":"https:\/\/api.w.org\/{rel}","templated":true}]}}