{"id":11776,"date":"2022-10-31T13:16:58","date_gmt":"2022-10-31T13:16:58","guid":{"rendered":"https:\/\/kitchtenstore.com\/?post_type=product&#038;p=11776"},"modified":"2022-10-31T13:16:59","modified_gmt":"2022-10-31T13:16:59","slug":"tv-oled-philips-65oled984","status":"publish","type":"product","link":"https:\/\/kitchtenstore.com\/fr\/produit\/tv-oled-philips-65oled984\/","title":{"rendered":"TV OLED PHILIPS 65OLED984"},"content":{"rendered":"<div id=\"tab-description\" class=\"woocommerce-Tabs-panel woocommerce-Tabs-panel--description panel entry-content wc-tab\" role=\"tabpanel\" aria-labelledby=\"tab-title-description\">\n<h2>Description<\/h2>\n<table class=\"font-2\">\n<tbody>\n<tr class=\"odd\">\n<th scope=\"row\">Type de r\u00e9tro\u00e9clairage<\/th>\n<td class=\"font-2-b\">\n<ul class=\"characteristics\" data-switch=\"\">\n<li class=\"\">OLED<\/li>\n<\/ul>\n<\/td>\n<\/tr>\n<tr class=\"\">\n<th scope=\"row\">Taille d\u2019\u00e9cran (pouces)<\/th>\n<td class=\"font-2-b\">\n<ul class=\"characteristics\" data-switch=\"\">\n<li class=\"\">65 \u201d<\/li>\n<\/ul>\n<\/td>\n<\/tr>\n<tr class=\"odd\">\n<th scope=\"row\"><a class=\"glossary_word\" data-word=\"taille de l'\u00e9cran\">Taille de l\u2019\u00e9cran<\/a><\/th>\n<td class=\"font-2-b\">\n<ul class=\"characteristics\" data-switch=\"\">\n<li class=\"\">65 pouces \/ 164 cm<\/li>\n<\/ul>\n<\/td>\n<\/tr>\n<tr class=\"\">\n<th scope=\"row\">Format de l\u2019image<\/th>\n<td class=\"font-2-b\">\n<ul class=\"characteristics\" data-switch=\"\">\n<li class=\"\">16\/9<\/li>\n<\/ul>\n<\/td>\n<\/tr>\n<tr class=\"odd\">\n<th scope=\"row\">Norme HD<\/th>\n<td class=\"font-2-b\">\n<ul class=\"characteristics\" data-switch=\"\">\n<li class=\"\">4K UHD<\/li>\n<\/ul>\n<\/td>\n<\/tr>\n<tr class=\"\">\n<th scope=\"row\">R\u00e9solution d\u2019affichage<\/th>\n<td class=\"font-2-b\">\n<ul class=\"characteristics\" data-switch=\"\">\n<li class=\"\">3840 x 2160 pixels<\/li>\n<\/ul>\n<\/td>\n<\/tr>\n<tr class=\"odd\">\n<th scope=\"row\">Dalle 4K<\/th>\n<td class=\"font-2-b\">\n<ul class=\"characteristics\" data-switch=\"\">\n<li class=\"\">Oui<\/li>\n<\/ul>\n<\/td>\n<\/tr>\n<tr class=\"\">\n<th scope=\"row\">Upscaller 4K<\/th>\n<td class=\"font-2-b\">\n<ul class=\"characteristics\" data-switch=\"\">\n<li class=\"\">Oui<\/li>\n<\/ul>\n<\/td>\n<\/tr>\n<tr class=\"odd\">\n<th scope=\"row\">Upscaller 8K<\/th>\n<td class=\"font-2-b\">\n<ul class=\"characteristics\" data-switch=\"\">\n<li class=\"\">Non<\/li>\n<\/ul>\n<\/td>\n<\/tr>\n<tr class=\"\">\n<th scope=\"row\">Compatible HDMI 2.0<\/th>\n<td class=\"font-2-b\">\n<ul class=\"characteristics\" data-switch=\"\">\n<li class=\"\">Oui<\/li>\n<\/ul>\n<\/td>\n<\/tr>\n<tr class=\"odd\">\n<th scope=\"row\"><a class=\"glossary_word\" data-word=\"Codec HEVC (H265)\">Codec HEVC (H.265)<\/a><\/th>\n<td class=\"font-2-b\">\n<ul class=\"characteristics\" data-switch=\"\">\n<li class=\"\">Oui<\/li>\n<\/ul>\n<\/td>\n<\/tr>\n<tr class=\"\">\n<th scope=\"row\">Compatible Netflix 4K<\/th>\n<td class=\"font-2-b\">\n<ul class=\"characteristics\" data-switch=\"\">\n<li class=\"\">Oui<\/li>\n<\/ul>\n<\/td>\n<\/tr>\n<tr class=\"odd\">\n<th scope=\"row\">SMART TV (TV connect\u00e9)<\/th>\n<td class=\"font-2-b\">\n<ul class=\"characteristics\" data-switch=\"\">\n<li class=\"\">Oui<\/li>\n<\/ul>\n<\/td>\n<\/tr>\n<tr class=\"\">\n<th scope=\"row\">SMART TV + NAVIGATEUR<\/th>\n<td class=\"font-2-b\">\n<ul class=\"characteristics\" data-switch=\"\">\n<li class=\"\">Oui<\/li>\n<\/ul>\n<\/td>\n<\/tr>\n<tr class=\"odd\">\n<th scope=\"row\">Wi-Fi<\/th>\n<td class=\"font-2-b\">\n<ul class=\"characteristics\" data-switch=\"\">\n<li class=\"\">Int\u00e9gr\u00e9<\/li>\n<\/ul>\n<\/td>\n<\/tr>\n<tr class=\"\">\n<th scope=\"row\">Wi-Fi direct<\/th>\n<td class=\"font-2-b\">\n<ul class=\"characteristics\" data-switch=\"\">\n<li class=\"\">Oui<\/li>\n<\/ul>\n<\/td>\n<\/tr>\n<tr class=\"odd\">\n<th scope=\"row\">T\u00e9l\u00e9texte<\/th>\n<td class=\"font-2-b\">\n<ul class=\"characteristics\" data-switch=\"\">\n<li class=\"\">Oui<\/li>\n<\/ul>\n<\/td>\n<\/tr>\n<tr class=\"\">\n<th scope=\"row\">Restitution sonore<\/th>\n<td class=\"font-2-b\">\n<ul class=\"characteristics\" data-switch=\"\">\n<li class=\"\">Bowers &amp; Wilkins<\/li>\n<\/ul>\n<\/td>\n<\/tr>\n<tr class=\"odd\">\n<th scope=\"row\">Entr\u00e9e HDMI<\/th>\n<td class=\"font-2-b\">\n<ul class=\"characteristics\" data-switch=\"\">\n<li class=\"\">4<\/li>\n<\/ul>\n<\/td>\n<\/tr>\n<tr class=\"\">\n<th scope=\"row\">Port USB<\/th>\n<td class=\"font-2-b\">\n<ul class=\"characteristics\" data-switch=\"\">\n<li class=\"\">2<\/li>\n<\/ul>\n<\/td>\n<\/tr>\n<tr class=\"odd\">\n<th scope=\"row\">Interface CI+<\/th>\n<td class=\"font-2-b\">\n<ul class=\"characteristics\" data-switch=\"\">\n<li class=\"\">Oui<\/li>\n<\/ul>\n<\/td>\n<\/tr>\n<tr class=\"\">\n<th scope=\"row\">Guide \u00e9lectronique des programmes<\/th>\n<td class=\"font-2-b\">\n<ul class=\"characteristics\" data-switch=\"\">\n<li class=\"\">Oui<\/li>\n<\/ul>\n<\/td>\n<\/tr>\n<tr class=\"odd\">\n<th scope=\"row\">Accessoire(s) fourni(s)<\/th>\n<td class=\"font-2-b\">\n<ul class=\"characteristics\" data-switch=\"\">\n<li class=\"\">Brochure l\u00e9gale et de s\u00e9curit\u00e9, C\u00e2ble mini-jack \u2013 G\/D, C\u00e2ble mini-jack \u2013 YPbPr, Cordon d\u2019alimentation, Guide de d\u00e9marrage rapide, Plateau de socle bross\u00e9, Pied central m\u00e9tallique, Barre de son avec pied* 1 pi\u00e8ce<\/li>\n<\/ul>\n<\/td>\n<\/tr>\n<tr class=\"\">\n<th scope=\"row\">Alimentation<\/th>\n<td class=\"font-2-b\">\n<ul class=\"characteristics\" data-switch=\"\">\n<li class=\"\">220-240 volts(50\/60 Hz)<\/li>\n<\/ul>\n<\/td>\n<\/tr>\n<tr class=\"odd\">\n<th scope=\"row\">Consommation en fonctionnement<\/th>\n<td class=\"font-2-b\">\n<ul class=\"characteristics\" data-switch=\"\">\n<li class=\"\">195 W<\/li>\n<\/ul>\n<\/td>\n<\/tr>\n<tr class=\"\">\n<th scope=\"row\">Consommation en veille<\/th>\n<td class=\"font-2-b\">\n<ul class=\"characteristics\" data-switch=\"\">\n<li class=\"\">0,3 W<\/li>\n<\/ul>\n<\/td>\n<\/tr>\n<tr class=\"odd\">\n<th scope=\"row\">Classe \u00e9nerg\u00e9tique<\/th>\n<td class=\"font-2-b\">\n<ul class=\"characteristics\" data-switch=\"\">\n<li class=\"\">B<\/li>\n<\/ul>\n<\/td>\n<\/tr>\n<tr class=\"\">\n<th scope=\"row\">Norme VESA (mm)<\/th>\n<td class=\"font-2-b\">\n<ul class=\"characteristics\" data-switch=\"\">\n<li class=\"\">300\u00d7300<\/li>\n<\/ul>\n<\/td>\n<\/tr>\n<tr class=\"odd\">\n<th scope=\"row\">Dim. avec pied (HxLxP)\/Poids<\/th>\n<td class=\"font-2-b\">\n<ul class=\"characteristics\" data-switch=\"\">\n<li class=\"\">144,87 x 133,8 x 38,2 cm \/ 47,3 kg<\/li>\n<\/ul>\n<\/td>\n<\/tr>\n<tr class=\"\">\n<th scope=\"row\">Dim. sans pied (HxLxP)\/Poids<\/th>\n<td class=\"font-2-b\">\n<ul class=\"characteristics\" data-switch=\"\">\n<li class=\"\">144,87 x 105,6 x 14,2 cm \/ 38 kg<\/li>\n<\/ul>\n<\/td>\n<\/tr>\n<tr class=\"odd\">\n<th scope=\"row\">Assistant vocal compatible<\/th>\n<td class=\"font-2-b\">\n<ul class=\"characteristics\" data-switch=\"\">\n<li class=\"\">Assistant Google<\/li>\n<\/ul>\n<\/td>\n<\/tr>\n<tr class=\"\">\n<th scope=\"row\">Assistant vocal int\u00e9gr\u00e9<\/th>\n<td class=\"font-2-b\">\n<ul class=\"characteristics\" data-switch=\"\">\n<li class=\"\">Assistant Google<\/li>\n<\/ul>\n<\/td>\n<\/tr>\n<tr class=\"odd\">\n<th scope=\"row\">Disponibilit\u00e9 des pi\u00e8ces d\u00e9tach\u00e9es<\/th>\n<td class=\"font-2-b\">\n<ul class=\"characteristics\" data-switch=\"\">\n<li class=\"\">5 ans<\/li>\n<\/ul>\n<\/td>\n<\/tr>\n<tr class=\"\">\n<th scope=\"row\">Code<\/th>\n<td class=\"font-2-b\">\n<ul class=\"characteristics\" data-switch=\"\">\n<li class=\"\">4742958<\/li>\n<\/ul>\n<\/td>\n<\/tr>\n<\/tbody>\n<\/table>\n<div>\n<h2 class=\"product_bloc_aside_title font-2\">DESCRIPTION<\/h2>\n<\/div>\n<div class=\"product_bloc_content bloc ombre font-2\">\n<div class=\"columns\">\n<div><b>Le t\u00e9l\u00e9viseur Philips 65OLED954, \u00a0au design et aux lignes raffin\u00e9es, une ambiance arri\u00e8re gr\u00e2ce a l\u2019ambilight 4 saura vous ravir gr\u00e2ce \u00e0 ses noirs parfaits, sa nettet\u00e9 et sa pr\u00e9cision ainsi que par sa r\u00e9solution 4K.<\/b><\/div>\n<div><\/div>\n<div>Les t\u00e9l\u00e9viseurs \u00e0 technologie OLED ( Organic Light-Emitting Diode) utilisent trois des diodes de couleurs primaires par pixel affich\u00e9 et s\u2019affranchissent du traditionnel r\u00e9tro-\u00e9clairage. Plus lumineuse, plus contrast\u00e9e, offrant un angle de vision exceptionnel, l\u2019image des t\u00e9l\u00e9viseurs OLED est le meilleur passeport pour la tr\u00e8s haute d\u00e9finition, du 1080p au 4K, en 2D comme en 3D. Pour ne rien g\u00e2cher, ces t\u00e9l\u00e9viseurs sont \u00e9conomes et b\u00e9n\u00e9ficient de lignes fines et raffin\u00e9es.<\/div>\n<div><\/div>\n<div><b>Avantages de la technologie OLED<\/b><\/div>\n<div>En premier lieu il est bon de rappeler que contrairement \u00e0 d\u2019autres formats d\u2019\u00e9crans plats, un affichage OLED n\u2019a pas besoin de r\u00e9tro-\u00e9clairage, ce qui a pour cons\u00e9quence une \u00e9conomie d\u2019\u00e9nergie non n\u00e9gligeable ainsi qu\u2019un encombrement r\u00e9duit et un avantage certain concernant la flexibilit\u00e9 des \u00e9crans.<\/div>\n<div>Le contraste, le rendu des couleurs, le temps de r\u00e9ponse ainsi que l\u2019angle de vision (lumi\u00e8re diffuse) sont \u00e9galement profitables \u00e0 la technologie OLED. On notera \u00e9galement qu\u2019avec la technologie OLED, l\u2019\u00e9cran affiche un v\u00e9ritable noir, en ce sens qu\u2019il ne correspond \u00e0 aucune \u00e9mission de lumi\u00e8re, \u00e0 l\u2019inverse du LCD utilisant un r\u00e9tro-\u00e9clairage qui a tendance \u00e0 filtrer \u00e0 travers la dalle dans les noirs.<\/div>\n<div><\/div>\n<div>Philips a mit au point un certain nombre de technologies afin de pouvoir proposer une qualit\u00e9 d\u2019images sensationnelles et de proposer une clart\u00e9 \u00e0 la hauteur de la qualit\u00e9 de l\u2019\u00e9cran.<\/div>\n<div>Dans un premier temps concernant le traitement de l\u2019image, la gamme Oled803 est \u00e9quip\u00e9 du moteur\u00a0\u00a0<b>P5 Perfect Picture Engine<\/b>\u00a0. Gr\u00e2ce \u00e0 ce moteur les images produites sont aussi saisissante que vos contenus.Les d\u00e9tails gagnent en\u00a0<b>\u00a0profondeur: les couleurs sont plus naturels, plus \u00e9clatantes<\/b>. Le contraste, lui, est si net que chaque d\u00e9tail aura son importance et les mouvements seront tr\u00e8s fluide afin que vous n\u2019ayez aucune perte.<\/div>\n<div>Le\u00a0\u00a0<b>High Dynamic Range Perfect<\/b>\u00a0apportera une une meilleure luminosit\u00e9, un contraste in\u00e9gal\u00e9 et des couleurs encore plus \u00e9patantes. Il viendra suppl\u00e9er le Moteur pour afin un rendu vraiment incroyable sur les images diffus\u00e9es.<\/div>\n<div><\/div>\n<div>\n<div><b>Dolby Vision et Dolby Atmos<\/b><\/div>\n<div>Gr\u00e2ce \u00e0 la prise en charge des formats audio et vid\u00e9o haut de gamme de Dolby, le son et l\u2019image de vos contenus HDR sont d\u2019un r\u00e9alisme \u00e9poustouflant. Qu\u2019il s\u2019agisse de la derni\u00e8re s\u00e9rie en streaming ou d\u2019un coffret Blu-ray, le contraste, la luminosit\u00e9 et les couleurs refl\u00e8tent parfaitement la vision du r\u00e9alisateur. L\u2019espace sonore est vaste, clair, d\u00e9taill\u00e9 et profond.<\/div>\n<\/div>\n<div><\/div>\n<div>\n<div><b>HDR10+ pris en charge<\/b><\/div>\n<div>Votre t\u00e9l\u00e9viseur Philips est con\u00e7u pour tirer le meilleur parti possible du format vid\u00e9o HDR10+. Le contraste, la couleur et les niveaux de luminosit\u00e9 s\u2019adaptent image par image. Qu\u2019il s\u2019agisse d\u2019une s\u00e9rie incontournable ou de la derni\u00e8re superproduction hollywoodienne, il affiche des zones d\u2019ombres plus profondes, des surfaces lumineuses \u00e9clatantes et des couleurs plus fid\u00e8les.<\/div>\n<\/div>\n<div><\/div>\n<div><b>L\u2019UHD : un nouveau standard de qualit\u00e9 d\u2019image\u00a0<\/b><\/div>\n<div>La technologie \u00a04K ou Ultra Haute D\u00e9finition (Quad Full HD) est dot\u00e9e d\u2019une r\u00e9solution d\u2019environ 8 millions de pixels\u00a0<b>\u00a0( 3840 x 2160 pixels),<\/b>\u00a0soit quatre fois plus que la Haute D\u00e9finition. Cette pr\u00e9cision rend l\u2019image plus nette, plus r\u00e9aliste et donne une impression d\u2019immersion. Gr\u00e2ce \u00e0 la r\u00e9solution 4K, profitez d\u2019une image\u00a0\u00a0<b>aussi d\u00e9taill\u00e9e que la r\u00e9alit\u00e9<\/b>, ainsi que d\u2019un confort in\u00e9gal\u00e9, avec un angle de vue de 60\u00b0 \u00e0 seulement 1,5 m sans aucune pixellisation. En dehors d\u2019un affichage extr\u00eamement fin et donc plus r\u00e9aliste, la 4K permet un rendu sans pareil en ultra haute d\u00e9finition.<\/div>\n<div><\/div>\n<div><b>Technologie AMBILIGHT :\u00a0<\/b><\/div>\n<div>La \u00a0fonction Ambilight consiste \u00e0 diffuser une\u00a0<b>\u00a0lumi\u00e8re douce depuis<\/b>\u00a0l\u2019arri\u00e8re de l\u2019\u00e9cran sur le mur et\u00a0\u00a0<b>autour du t\u00e9l\u00e9viseur sur 4 cot\u00e9s<\/b>. Elle adapte automatiquement la couleur et la luminosit\u00e9 de cette lumi\u00e8re \u00e0 l\u2019image de l\u2019\u00e9cran afin de cr\u00e9er une exp\u00e9rience visuelle captivante. La fonction d\u2019ajustement automatique garantit une concordance parfaite entre la couleur de la lumi\u00e8re et l\u2019image \u00e0 l\u2019\u00e9cran, quelle que soit la couleur du mur. Lors de la mise en service, il est possible de configurer l\u2019Ambilight en fonction de la couleur du mur derri\u00e8re la TV.<\/div>\n<div>Cette fonction Ambilight propose 3 modes diff\u00e9rentes : le mode jeux pour une moment ludique tout en lumi\u00e8re avec une exp\u00e9rience toujours plus spectaculaire, le mode Lounge pour une cr\u00e9er une ambiance lumineuse lorsque la TV est en veille et le mode musique pour une ambiance visuelle synchronis\u00e9e avec le rythme de la musique. Le t\u00e9l\u00e9viseur peut \u00eatre \u00e9teint, le mode est toujours actif.<\/div>\n<div><\/div>\n<div><b>Android TV :<\/b><\/div>\n<div>TV Connect\u00e9e ( Smart TV) :\u00a0\u00a0<b>Par c\u00e2ble ethernet ou sans fil gr\u00e2ce au WiFi,<\/b>\u00a0ce t\u00e9l\u00e9viseur permet d\u2019acc\u00e9der \u00e0 une grande diversit\u00e9 de contenus issus d\u2019Internet : vid\u00e9o et musique \u00e0 la demande, le streaming, le replay (TV de rattrapage, Netflix), partage de photos ou de vid\u00e9os, applications format\u00e9es pour la TV, sites communautaires, visioconf\u00e9rence.<\/div>\n<div>Avec \u00a0\u00a0<b>Android Nougat<\/b>\u00a0tout devient \u00ab plus \u00bb, plus rapide, plus intuitif, plus ludique. De plus avec \u00a0l\u2019Assistant Google int\u00e9gr\u00e9, vous pourrez commander votre t\u00e9l\u00e9viseur \u00e0 la voix. En effet, il vous suffira d\u2019annoncer \u00e0 votre t\u00e9l\u00e9viseur ce que vous voulez rechercher sur le Google Play Store. Il vous donnera aussi la possibilit\u00e9 de g\u00e9rer tout vos appareils connect\u00e9s, si vous souhaitez tamiser la lumi\u00e8re ou r\u00e9gler le thermostat vous le pourrez avec la voix. \u00a0Profitez d\u2019applications pr\u00e9-install\u00e9es telles que\u00a0\u00a0<b>Google Play Films et Google Play Musique<\/b>\u00a0pour louer, \u00e9couter de la musique ou encore regarder des films et s\u00e9ries via Google ChromeCast , Google Search et Youtube.<\/div>\n<\/div>\n<\/div>\n<\/div>","protected":false},"excerpt":{"rendered":"<div class=\"woocommerce-product-details__short-description\">\n<p class=\"product_section_title font-2-b\">Les points forts :<\/p>\n<ul class=\"product_details_items font-2-l\">\n<li class=\"product_details_item\">Ecran de 164 cm (65\u2033) OLED \u2013 100% 4K UHD<\/li>\n<li class=\"product_details_item\">OLED 4K UHD Premium \u2013 HDR 10+ \u2013 Ambilight 4 c\u00f4t\u00e9s<\/li>\n<li class=\"product_details_item\">Processeur P5 \u2013 Perfect Picture Engine \u2013 Barre de son int\u00e9gr\u00e9e<\/li>\n<li class=\"product_details_item\">Smart TV Android, Google Assistant int\u00e9gr\u00e9 \u2013 4 HDMI, 2 USB, Port CI+<\/li>\n<\/ul>\n<\/div>","protected":false},"featured_media":11778,"comment_status":"open","ping_status":"closed","template":"","meta":{"inline_featured_image":false,"_joinchat":[]},"product_cat":[30],"product_tag":[],"class_list":{"0":"post-11776","1":"product","2":"type-product","3":"status-publish","4":"has-post-thumbnail","6":"product_cat-image-tv-sons","8":"first","9":"instock","10":"shipping-taxable","11":"purchasable","12":"product-type-simple"},"_links":{"self":[{"href":"https:\/\/kitchtenstore.com\/fr\/wp-json\/wp\/v2\/product\/11776","targetHints":{"allow":["GET"]}}],"collection":[{"href":"https:\/\/kitchtenstore.com\/fr\/wp-json\/wp\/v2\/product"}],"about":[{"href":"https:\/\/kitchtenstore.com\/fr\/wp-json\/wp\/v2\/types\/product"}],"replies":[{"embeddable":true,"href":"https:\/\/kitchtenstore.com\/fr\/wp-json\/wp\/v2\/comments?post=11776"}],"version-history":[{"count":1,"href":"https:\/\/kitchtenstore.com\/fr\/wp-json\/wp\/v2\/product\/11776\/revisions"}],"predecessor-version":[{"id":11779,"href":"https:\/\/kitchtenstore.com\/fr\/wp-json\/wp\/v2\/product\/11776\/revisions\/11779"}],"wp:featuredmedia":[{"embeddable":true,"href":"https:\/\/kitchtenstore.com\/fr\/wp-json\/wp\/v2\/media\/11778"}],"wp:attachment":[{"href":"https:\/\/kitchtenstore.com\/fr\/wp-json\/wp\/v2\/media?parent=11776"}],"wp:term":[{"taxonomy":"product_cat","embeddable":true,"href":"https:\/\/kitchtenstore.com\/fr\/wp-json\/wp\/v2\/product_cat?post=11776"},{"taxonomy":"product_tag","embeddable":true,"href":"https:\/\/kitchtenstore.com\/fr\/wp-json\/wp\/v2\/product_tag?post=11776"}],"curies":[{"name":"wp","href":"https:\/\/api.w.org\/{rel}","templated":true}]}}