{"id":11765,"date":"2022-10-31T13:12:19","date_gmt":"2022-10-31T13:12:19","guid":{"rendered":"https:\/\/kitchtenstore.com\/?post_type=product&#038;p=11765"},"modified":"2022-10-31T13:12:54","modified_gmt":"2022-10-31T13:12:54","slug":"tv-oled-sony-kd55ag9baep","status":"publish","type":"product","link":"https:\/\/kitchtenstore.com\/fr\/produit\/tv-oled-sony-kd55ag9baep\/","title":{"rendered":"TV OLED SONY KD55AG9BAEP"},"content":{"rendered":"<div id=\"tab-description\" class=\"woocommerce-Tabs-panel woocommerce-Tabs-panel--description panel entry-content wc-tab\" role=\"tabpanel\" aria-labelledby=\"tab-title-description\">\n<h2>Description<\/h2>\n<table class=\"font-2\">\n<tbody>\n<tr class=\"odd\">\n<th scope=\"row\">Type de r\u00e9tro\u00e9clairage<\/th>\n<td class=\"font-2-b\">\n<ul class=\"characteristics\" data-switch=\"\">\n<li class=\"\">OLED<\/li>\n<\/ul>\n<\/td>\n<\/tr>\n<tr class=\"\">\n<th scope=\"row\">Taille d\u2019\u00e9cran (pouces)<\/th>\n<td class=\"font-2-b\">\n<ul class=\"characteristics\" data-switch=\"\">\n<li class=\"\">55 \u201d<\/li>\n<\/ul>\n<\/td>\n<\/tr>\n<tr class=\"odd\">\n<th scope=\"row\"><a class=\"glossary_word\" data-word=\"taille de l'\u00e9cran\">Taille de l\u2019\u00e9cran<\/a><\/th>\n<td class=\"font-2-b\">\n<ul class=\"characteristics\" data-switch=\"\">\n<li class=\"\">55 pouces \/ 139 cm<\/li>\n<\/ul>\n<\/td>\n<\/tr>\n<tr class=\"\">\n<th scope=\"row\">Format de l\u2019image<\/th>\n<td class=\"font-2-b\">\n<ul class=\"characteristics\" data-switch=\"\">\n<li class=\"\">16\/9<\/li>\n<\/ul>\n<\/td>\n<\/tr>\n<tr class=\"odd\">\n<th scope=\"row\">Norme HD<\/th>\n<td class=\"font-2-b\">\n<ul class=\"characteristics\" data-switch=\"\">\n<li class=\"\">4K UHD<\/li>\n<\/ul>\n<\/td>\n<\/tr>\n<tr class=\"\">\n<th scope=\"row\">R\u00e9solution d\u2019affichage<\/th>\n<td class=\"font-2-b\">\n<ul class=\"characteristics\" data-switch=\"\">\n<li class=\"\">3840 x 2160 pixels<\/li>\n<\/ul>\n<\/td>\n<\/tr>\n<tr class=\"odd\">\n<th scope=\"row\">Dalle 4K<\/th>\n<td class=\"font-2-b\">\n<ul class=\"characteristics\" data-switch=\"\">\n<li class=\"\">Oui<\/li>\n<\/ul>\n<\/td>\n<\/tr>\n<tr class=\"\">\n<th scope=\"row\">Upscaller 4K<\/th>\n<td class=\"font-2-b\">\n<ul class=\"characteristics\" data-switch=\"\">\n<li class=\"\">Oui<\/li>\n<\/ul>\n<\/td>\n<\/tr>\n<tr class=\"odd\">\n<th scope=\"row\">Compatible HDMI 2.0<\/th>\n<td class=\"font-2-b\">\n<ul class=\"characteristics\" data-switch=\"\">\n<li class=\"\">Oui<\/li>\n<\/ul>\n<\/td>\n<\/tr>\n<tr class=\"\">\n<th scope=\"row\"><a class=\"glossary_word\" data-word=\"Codec HEVC (H265)\">Codec HEVC (H.265)<\/a><\/th>\n<td class=\"font-2-b\">\n<ul class=\"characteristics\" data-switch=\"\">\n<li class=\"\">Oui<\/li>\n<\/ul>\n<\/td>\n<\/tr>\n<tr class=\"odd\">\n<th scope=\"row\">Compatible Netflix 4K<\/th>\n<td class=\"font-2-b\">\n<ul class=\"characteristics\" data-switch=\"\">\n<li class=\"\">Oui<\/li>\n<\/ul>\n<\/td>\n<\/tr>\n<tr class=\"\">\n<th scope=\"row\">Fluidit\u00e9 de l\u2019image<\/th>\n<td class=\"font-2-b\">\n<ul class=\"characteristics\" data-switch=\"\">\n<li class=\"\">100 Hz ( Motion flow XR 1000 Hz)<\/li>\n<\/ul>\n<\/td>\n<\/tr>\n<tr class=\"odd\">\n<th scope=\"row\">Compatibilit\u00e9 3D<\/th>\n<td class=\"font-2-b\">\n<ul class=\"characteristics\" data-switch=\"\">\n<li class=\"\">Non<\/li>\n<\/ul>\n<\/td>\n<\/tr>\n<tr class=\"\">\n<th scope=\"row\">SMART TV (TV connect\u00e9)<\/th>\n<td class=\"font-2-b\">\n<ul class=\"characteristics\" data-switch=\"\">\n<li class=\"\">Oui<\/li>\n<\/ul>\n<\/td>\n<\/tr>\n<tr class=\"odd\">\n<th scope=\"row\">SMART TV + NAVIGATEUR<\/th>\n<td class=\"font-2-b\">\n<ul class=\"characteristics\" data-switch=\"\">\n<li class=\"\">Oui<\/li>\n<\/ul>\n<\/td>\n<\/tr>\n<tr class=\"\">\n<th scope=\"row\">Technologie Miracast<\/th>\n<td class=\"font-2-b\">\n<ul class=\"characteristics\" data-switch=\"\">\n<li class=\"\">Non<\/li>\n<\/ul>\n<\/td>\n<\/tr>\n<tr class=\"odd\">\n<th scope=\"row\">Mode 2 joueurs plein \u00e9cran<\/th>\n<td class=\"font-2-b\">\n<ul class=\"characteristics\" data-switch=\"\">\n<li class=\"\">Non<\/li>\n<\/ul>\n<\/td>\n<\/tr>\n<tr class=\"\">\n<th scope=\"row\">Wi-Fi<\/th>\n<td class=\"font-2-b\">\n<ul class=\"characteristics\" data-switch=\"\">\n<li class=\"\">Int\u00e9gr\u00e9<\/li>\n<\/ul>\n<\/td>\n<\/tr>\n<tr class=\"odd\">\n<th scope=\"row\">Wi-Fi direct<\/th>\n<td class=\"font-2-b\">\n<ul class=\"characteristics\" data-switch=\"\">\n<li class=\"\">Oui<\/li>\n<\/ul>\n<\/td>\n<\/tr>\n<tr class=\"\">\n<th scope=\"row\">Compatibilit\u00e9 HBBTV<\/th>\n<td class=\"font-2-b\">\n<ul class=\"characteristics\" data-switch=\"\">\n<li class=\"\">Oui<\/li>\n<\/ul>\n<\/td>\n<\/tr>\n<tr class=\"odd\">\n<th scope=\"row\">Tuner<\/th>\n<td class=\"font-2-b\">\n<ul class=\"characteristics\" data-switch=\"\">\n<li class=\"\">TNT HD (MPEG-4), Satellite (DVB-S2), C\u00e2ble (DVB-C)<\/li>\n<\/ul>\n<\/td>\n<\/tr>\n<tr class=\"\">\n<th scope=\"row\">T\u00e9l\u00e9texte<\/th>\n<td class=\"font-2-b\">\n<ul class=\"characteristics\" data-switch=\"\">\n<li class=\"\">Oui<\/li>\n<\/ul>\n<\/td>\n<\/tr>\n<tr class=\"odd\">\n<th scope=\"row\">Restitution sonore<\/th>\n<td class=\"font-2-b\">\n<ul class=\"characteristics\" data-switch=\"\">\n<li class=\"\">Acoustic surface Audio + \/ Dolby ATMOS<\/li>\n<\/ul>\n<\/td>\n<\/tr>\n<tr class=\"\">\n<th scope=\"row\">Entr\u00e9e HDMI<\/th>\n<td class=\"font-2-b\">\n<ul class=\"characteristics\" data-switch=\"\">\n<li class=\"\">4<\/li>\n<\/ul>\n<\/td>\n<\/tr>\n<tr class=\"odd\">\n<th scope=\"row\">HDMI compatible ARC<\/th>\n<td class=\"font-2-b\">\n<ul class=\"characteristics\" data-switch=\"\">\n<li class=\"\">Oui<\/li>\n<\/ul>\n<\/td>\n<\/tr>\n<tr class=\"\">\n<th scope=\"row\">Sortie audio num\u00e9rique<\/th>\n<td class=\"font-2-b\">\n<ul class=\"characteristics\" data-switch=\"\">\n<li class=\"\">Optique<\/li>\n<\/ul>\n<\/td>\n<\/tr>\n<tr class=\"odd\">\n<th scope=\"row\">Port USB<\/th>\n<td class=\"font-2-b\">\n<ul class=\"characteristics\" data-switch=\"\">\n<li class=\"\">3<\/li>\n<\/ul>\n<\/td>\n<\/tr>\n<tr class=\"\">\n<th scope=\"row\">Type de fichiers lus<\/th>\n<td class=\"font-2-b\">\n<ul class=\"characteristics\" data-switch=\"\">\n<li class=\"\">audio, photo, vid\u00e9o HD et 4K UHD<\/li>\n<\/ul>\n<\/td>\n<\/tr>\n<tr class=\"odd\">\n<th scope=\"row\">Fonction enregistreur (PVR)<\/th>\n<td class=\"font-2-b\">\n<ul class=\"characteristics\" data-switch=\"\">\n<li class=\"\">Oui<\/li>\n<\/ul>\n<\/td>\n<\/tr>\n<tr class=\"\">\n<th scope=\"row\">Entr\u00e9e PC<\/th>\n<td class=\"font-2-b\">\n<ul class=\"characteristics\" data-switch=\"\">\n<li class=\"\">Non<\/li>\n<\/ul>\n<\/td>\n<\/tr>\n<tr class=\"odd\">\n<th scope=\"row\">Prise casque<\/th>\n<td class=\"font-2-b\">\n<ul class=\"characteristics\" data-switch=\"\">\n<li class=\"\">Oui<\/li>\n<\/ul>\n<\/td>\n<\/tr>\n<tr class=\"\">\n<th scope=\"row\">Interface CI+<\/th>\n<td class=\"font-2-b\">\n<ul class=\"characteristics\" data-switch=\"\">\n<li class=\"\">Oui<\/li>\n<\/ul>\n<\/td>\n<\/tr>\n<tr class=\"odd\">\n<th scope=\"row\">Bluetooth<\/th>\n<td class=\"font-2-b\">\n<ul class=\"characteristics\" data-switch=\"\">\n<li class=\"\">Oui<\/li>\n<\/ul>\n<\/td>\n<\/tr>\n<tr class=\"\">\n<th scope=\"row\">Guide \u00e9lectronique des programmes<\/th>\n<td class=\"font-2-b\">\n<ul class=\"characteristics\" data-switch=\"\">\n<li class=\"\">Oui<\/li>\n<\/ul>\n<\/td>\n<\/tr>\n<tr class=\"odd\">\n<th scope=\"row\">Accessoire(s) en option<\/th>\n<td class=\"font-2-b\">\n<ul class=\"characteristics\" data-switch=\"\">\n<li class=\"\">Accroche murale<\/li>\n<\/ul>\n<\/td>\n<\/tr>\n<tr class=\"\">\n<th scope=\"row\">Alimentation<\/th>\n<td class=\"font-2-b\">\n<ul class=\"characteristics\" data-switch=\"\">\n<li class=\"\">220 Volts<\/li>\n<\/ul>\n<\/td>\n<\/tr>\n<tr class=\"odd\">\n<th scope=\"row\">Consommation en fonctionnement<\/th>\n<td class=\"font-2-b\">\n<ul class=\"characteristics\" data-switch=\"\">\n<li class=\"\">132 W<\/li>\n<\/ul>\n<\/td>\n<\/tr>\n<tr class=\"\">\n<th scope=\"row\">Consommation en veille<\/th>\n<td class=\"font-2-b\">\n<ul class=\"characteristics\" data-switch=\"\">\n<li class=\"\">0,5 W<\/li>\n<\/ul>\n<\/td>\n<\/tr>\n<tr class=\"odd\">\n<th scope=\"row\">Classe \u00e9nerg\u00e9tique<\/th>\n<td class=\"font-2-b\">\n<ul class=\"characteristics\" data-switch=\"\">\n<li class=\"\">B<\/li>\n<\/ul>\n<\/td>\n<\/tr>\n<tr class=\"\">\n<th scope=\"row\">Norme VESA (mm)<\/th>\n<td class=\"font-2-b\">\n<ul class=\"characteristics\" data-switch=\"\">\n<li class=\"\">300\u00d7300<\/li>\n<\/ul>\n<\/td>\n<\/tr>\n<tr class=\"odd\">\n<th scope=\"row\">Dim. avec pied (HxLxP)\/Poids<\/th>\n<td class=\"font-2-b\">\n<ul class=\"characteristics\" data-switch=\"\">\n<li class=\"\">71,4 x 122,6 x 25,5 cm<\/li>\n<\/ul>\n<\/td>\n<\/tr>\n<tr class=\"\">\n<th scope=\"row\">Dim. sans pied (HxLxP)\/Poids<\/th>\n<td class=\"font-2-b\">\n<ul class=\"characteristics\" data-switch=\"\">\n<li class=\"\">71,0 x 122,6 x 4,0 cm<\/li>\n<\/ul>\n<\/td>\n<\/tr>\n<tr class=\"odd\">\n<th scope=\"row\">Mode H\u00f4tel<\/th>\n<td class=\"font-2-b\">\n<ul class=\"characteristics\" data-switch=\"\">\n<li class=\"\">Oui<\/li>\n<\/ul>\n<\/td>\n<\/tr>\n<tr class=\"\">\n<th scope=\"row\">Origine de fabrication<\/th>\n<td class=\"font-2-b\">\n<ul class=\"characteristics\" data-switch=\"\">\n<li class=\"\">Slovaquie<\/li>\n<\/ul>\n<\/td>\n<\/tr>\n<tr class=\"odd\">\n<th scope=\"row\">Dalle native 100 Hz<\/th>\n<td class=\"font-2-b\">\n<ul class=\"characteristics\" data-switch=\"\">\n<li class=\"\">Oui<\/li>\n<\/ul>\n<\/td>\n<\/tr>\n<tr class=\"\">\n<th scope=\"row\">Assistant vocal compatible<\/th>\n<td class=\"font-2-b\">\n<ul class=\"characteristics\" data-switch=\"\">\n<li class=\"\">Assistant Google<\/li>\n<\/ul>\n<\/td>\n<\/tr>\n<tr class=\"odd\">\n<th scope=\"row\">Assistant vocal int\u00e9gr\u00e9<\/th>\n<td class=\"font-2-b\">\n<ul class=\"characteristics\" data-switch=\"\">\n<li class=\"\">Assistant Google<\/li>\n<\/ul>\n<\/td>\n<\/tr>\n<tr class=\"\">\n<th scope=\"row\">Appareil connect\u00e9<\/th>\n<td class=\"font-2-b\">\n<ul class=\"characteristics\" data-switch=\"\">\n<li class=\"\">Oui<\/li>\n<\/ul>\n<\/td>\n<\/tr>\n<tr class=\"odd\">\n<th scope=\"row\">Disponibilit\u00e9 des pi\u00e8ces d\u00e9tach\u00e9es<\/th>\n<td class=\"font-2-b\">\n<ul class=\"characteristics\" data-switch=\"\">\n<li class=\"\">2 ans<\/li>\n<\/ul>\n<\/td>\n<\/tr>\n<\/tbody>\n<\/table>\n<p>&nbsp;<\/p>\n<div>\n<h2 class=\"product_bloc_aside_title font-2\">DESCRIPTION<\/h2>\n<\/div>\n<div class=\"product_bloc_content bloc ombre font-2\">\n<div class=\"columns\">\n<div>\n<p>Ce t\u00e9l\u00e9viseur\u00a0\u00a0Sony\u00a0<b>KD55AG9 OLED<\/b>\u00a0\u00a0dispose d\u2019un\u00a0\u00a0\u00e9cran de 55\u201d (139 cm), qui est\u00a0compatible avec la norme\u00a0\u00a0UHD (4K)\u00a0\u00a0et \u00e9quip\u00e9\u00a0d\u2019un tuner\u00a0\u00a0TNT HD\u00a0.<\/p>\n<div>Il dispose d\u2019une\u00a0<b>dalle OLED<\/b>\u00a0<b>\u00a0et du\u00a0Motionflow XR<\/b>, du processeur\u00a0\u00a0<b>X1 4K Ultimate<\/b>, de la technologie\u00a0\u00a0<b>Triluminos.<\/b><\/div>\n<div><strong>Il est par ailleurs compatible\u00a0<\/strong>\u00a0Android TV,\u00a0et int\u00e8gre\u00a0une connexion\u00a0Wifi\u00a0pour le partage sans fil de contenu.<\/div>\n<div><\/div>\n<div><b>La technologie 4K Ultra Haute D\u00e9finition :<\/b><\/div>\n<div>Sa\u00a0r\u00e9solution de\u00a0\u00a03840 x 2160p,\u00a0\u00a0quatre fois sup\u00e9rieure \u00e0 lcelle d\u2019un \u00e9cran Full HD, permet une\u00a0\u00a0pr\u00e9cision et une nettet\u00e9 incomparable\u00a0pour chaque image.<\/div>\n<div>B\u00e9n\u00e9ficiant d\u2019une\u00a0\u00a0<b>dalle native 100Hz<\/b>,\u00a0associ\u00e9e \u00e0\u00a0la technologie\u00a0OLED, cet \u00e9cran offre\u00a0des images saisissantes de r\u00e9alisme.<\/div>\n<div><\/div>\n<div><b>Technologie OLED:<\/b><\/div>\n<div>Cette technologie a plusieurs avantages non n\u00e9gligeables. Elle ne requiert pas de r\u00e9tro-\u00e9clairage car les\u00a0\u00a0<b>diodes superpos\u00e9es qui composent la dalle<\/b>\u00a0\u00a0\u00e9mettent leur propre lumi\u00e8re. Il y a\u00a0\u00a0donc un gain en terme d\u2019\u00e9conomie d\u2019\u00e9nergie mais aussi en terme d\u2019\u00e9paisseur d\u2019\u00e9cran.<\/div>\n<div>\n<div>\n<p>Avec cette dalle\u00a0BRAVIA OLED dot\u00e9e de plus de 8 millions de pixels lumineux, vous d\u00e9couvrirez des noirs intenses, un contraste et des couleurs ultra r\u00e9alistes sans pr\u00e9c\u00e8dent quel que soit l\u2019angle de vision.<\/p>\n<\/div>\n<div><\/div>\n<\/div>\n<div><b>La meilleure image :\u00a0<\/b><\/div>\n<div>Gr\u00e2ce au\u00a0<b>\u00a04K\u00a0HDR<\/b>, cet \u00e9cran vous permettra de profiter des plus belles images naturelles et d\u00e9taill\u00e9s. Les\u00a0\u00a0contrastes sont am\u00e9lior\u00e9s, afin d\u2019obtenir la meilleure colorim\u00e9trie pour vos images.<\/div>\n<div>Il est en outre dot\u00e9 de la technologie\u00a0\u00a0Black Master Drive,\u00a0qui vous procure des\u00a0\u00a0<b>noirs profonds et des pics lumineux intenses<\/b>\u00a0\u00a0gr\u00e2ce aux LED contr\u00f4l\u00e9es ind\u00e9pendamment.<\/div>\n<div>La technologie\u00a0\u00a0<b>4K\u00a0<\/b>\u00a0<b>X-reality Pro<\/b>\u00a0offre un\u00a0\u00a0<b>upscalling\u00a0(une optimisation de la r\u00e9solution)\u00a0<\/b>sur les sources Full HD provenant de vos Blu-ray, de la TNT, de vos vid\u00e9os UHD ou de n\u2019importe quelle autre source.<\/div>\n<div>Vous pourrez ainsi b\u00e9n\u00e9ficier d\u2019une qualit\u00e9 d\u2019image optimale, m\u00eame lorsque vous visionnez des sources de qualit\u00e9 moyenne.<\/div>\n<div>Associ\u00e9 au traitement\u00a0\u00a0<b>Motionflow XR<\/b>, les images seront toujours\u00a0\u00a0plus nettes et fluides, quelle que soit l\u2019origine de vos sources.<\/div>\n<div><\/div>\n<div>Gr\u00e2ce \u00e0 la technologie\u00a0\u00a0<b>Triluminos\u00a0<\/b>de Sony, profitez de\u00a0\u00a0couleurs riches et naturelles\u00a0les plus nettes jamais vues sur une TV.<\/div>\n<div>Le tout g\u00e9r\u00e9 par le processeur\u00a0\u00a0<b>4K X1 Ultimate<\/b>,\u00a0\u00a0<b>2x \u00a0plus puissant\u00a0que son pr\u00e9d\u00e9cesseur<\/b>, ce qui\u00a0vous offrira une\u00a0\u00a0qualit\u00e9 incomparable en termes de couleur, luminosit\u00e9, contraste et d\u00e9tails\u00a0par rapport aux TV LED classiques.<\/div>\n<div>Au niveau de la qualit\u00e9 d\u2019image, le processeur X1 Ultimate d\u00e9tecte chaque objet des images pour en optimiser ind\u00e9pendamment la couleur, les d\u00e9tails et le contraste.<\/div>\n<div><\/div>\n<div>Il s\u2019ajoute \u00e0 toutes les autres technologies Sony pour\u00a0offrir un rendu exceptionnel, tant\u00a0au niveau des couleurs\u00a0que des contrastes, tout en b\u00e9n\u00e9ficiant de la qualit\u00e9 des 8 millions de pixels de l\u2019\u00e9cran 4K.<\/div>\n<div><\/div>\n<div><b>Sony Android TV :\u00a0<\/b><\/div>\n<div>Profitez des tr\u00e8s nombreuses applications que vous offre la plateforme\u00a0Google Play, le tout associ\u00e9 \u00e0 la\u00a0\u00a0t\u00e9l\u00e9commande vocale\u00a0pour des recherches intuitives, simplement avec votre voix.<\/div>\n<div>Partagez vos contenus (vid\u00e9os, photos, musiques, jeux, \u2026), de mani\u00e8re fluide et rapide depuis n\u2019importe quel appareil mobile (IOS\/Android).<\/div>\n<div>Exploitez de mani\u00e8re unique le menu in\u00e9dit\u00a0\u00a0One Flick Entertainement, en le pilotant \u00e0 la voix pour des recherches de contenus, de films, de musiques, d\u2019applications \u2026<\/div>\n<div>Envoyez le contenu de vos applications favorites depuis votre smartphone\u00a0\u00a0Android ou IOS\u00a0(streaming vid\u00e9os avec les applications compatibles tels que My Canal, BeIN Sport, Youtube, \u2026) en utilisant tout simplement l\u2019ic\u00f4ne Google Cast pr\u00e9-install\u00e9 dans les applications.<\/div>\n<div>Le tout, en gardant vos identifiants Google Play habituels, ce qui conf\u00e8re un usage simple et intuitif et une connectivit\u00e9 facilit\u00e9e.<\/div>\n<div><\/div>\n<div>Ces fonctionnalit\u00e9s et leurs nombres peuvent varier d\u2019un mod\u00e8le \u00e0 un autre, sous r\u00e9serve des accords conclus entre les \u00e9diteurs et le constructeur. A tout moment, le constructeur peut modifier les applications et les services connect\u00e9s que votre TV connect\u00e9 propose.<\/div>\n<div><\/div>\n<div><b>Caract\u00e9ristiques sonores :<\/b><\/div>\n<div>D\u00e9veloppant\u00a0la toute nouvelle technologie\u00a0\u00a0<b>Acoustic Surface Audio+,\u00a0le son arrive de l\u2019\u00e9cran!<\/b><\/div>\n<div><b>Sony a d\u00e9velopp\u00e9 une technologie totalement\u00a0<\/b>\u00a0<b>innovante, plus aucun haut-parleur, c\u2019est votre \u00e9cran qui diffuse le son. Les dialogues de vos films sortiront directement de la bouche des acteurs. Ce qui cr\u00e9era une immersion totale vous plongeant encore plus dans le film. De plus, si vous \u00eates \u00e9quip\u00e9s d\u2019un home cin\u00e9ma, l\u2019\u00e9cran servira de voix centrale pour ne diffuser que sur les enceintes que les bruits d\u2019environnement.\u00a0<\/b><\/div>\n<div>\u00a0De plus, le\u00a0\u00a0<strong>d\u00e9codage des signaux\u00a0Dolby Digital et Dolby Digital Plus<\/strong>\u00a0permet d\u2019obtenir des flux multi-canaux, gr\u00e2ce \u00e0 la\u00a0\u00a0technologie AudioClear+\u00a0qui optimise les r\u00e9sultats sonores.<\/div>\n<div>Cette derni\u00e8re utilise divers algorithmes de traitement audio tels que le S-Force Surround qui optimise la spatialisation pour votre pi\u00e8ce.<\/div>\n<div>Vous avez la possibilit\u00e9 de choisir entre 6 modes de son: standard, musique, cin\u00e9ma, dialogue, sport, Dolby Audio<\/div>\n<div><\/div>\n<div><b>Fonctionnalit\u00e9s :<\/b><\/div>\n<div>Ce t\u00e9l\u00e9viseur propose de multiples fonctionnalit\u00e9s qui vous apportent un confort, une utilisation facile et ludique et vous donne acc\u00e8s au monde connect\u00e9.<\/div>\n<div>Profitez du guide \u00e9lectronique des programmes en num\u00e9rique via l\u2019acc\u00e8s internet, de la mise en veille automatique, de la programmation, de la recherche vocale, du\u00a0\u00a0Google Cast Ready\u00a0(IOS et Android), ou du mode h\u00f4tel (verrouillage de vos param\u00e8tres pour \u00e9viter une surpression sonore involontaire\u00a0par exemple).<\/div>\n<div>Le SONY 55AG9 int\u00e8gre\u00a0aussi des technologies comme le\u00a0\u00a0Wifi, le Screen Mirroring\u00a0(Duplicateur d\u2019\u00e9cran) et de la\u00a0\u00a0r\u00e9duction du bruit\u00a0(pour\u00a0limiter les interf\u00e9rences qui pourraient \u00eatre pr\u00e9sentes dans certaines\u00a0sources vid\u00e9os).<\/div>\n<div><\/div>\n<div><b>Connectiques :\u00a0<\/b><\/div>\n<div>C\u00f4t\u00e9 connectique, le t\u00e9l\u00e9viseur poss\u00e8de 4 entr\u00e9es HDMI 2.2, 3 ports USB dont\u00a0une 3.0, 1 prise Ethernet, 1 prise p\u00e9ritel, le tout afin d\u2019accueillir\u00a0toutes vos sources,\u00a0telles que les consoles, Bluray, Home Cinema, Box Internet, etc.<\/div>\n<div>Il est aussi \u00e9quip\u00e9 d\u2019une sortie audio num\u00e9rique optique pour y connecter un ampli audio\/vid\u00e9o si vous le d\u00e9sirez.<\/div>\n<div>Il dispose de la fonction PVR qui vous permet d\u2019enregistrer les programmes diffus\u00e9s directement sur une cl\u00e9 USB ou un disque dur externe.<\/div>\n<\/div>\n<\/div>\n<\/div>\n<\/div>","protected":false},"excerpt":{"rendered":"<div class=\"woocommerce-product-details__short-description\">\n<p class=\"product_section_title font-2-b\">Les points forts :<\/p>\n<ul class=\"product_details_items font-2-l\">\n<li class=\"product_details_item\">Ecran de 139 cm (55\u2033) OLED \u2013 100% 4K UHD<\/li>\n<li class=\"product_details_item\">Android TV, Wifi int\u00e9gr\u00e9, Wifi Direct, Processeur X1 Ultimate<\/li>\n<li class=\"product_details_item\">Syst\u00e8me audio Acoustic Surface Audio +<\/li>\n<li class=\"product_details_item\">4 HDMI, 3 USB avec fonction PVR, Port CI+<\/li>\n<\/ul>\n<\/div>","protected":false},"featured_media":11772,"comment_status":"open","ping_status":"closed","template":"","meta":{"inline_featured_image":false,"_joinchat":[]},"product_cat":[30],"product_tag":[],"class_list":{"0":"post-11765","1":"product","2":"type-product","3":"status-publish","4":"has-post-thumbnail","6":"product_cat-image-tv-sons","8":"first","9":"instock","10":"shipping-taxable","11":"purchasable","12":"product-type-simple"},"_links":{"self":[{"href":"https:\/\/kitchtenstore.com\/fr\/wp-json\/wp\/v2\/product\/11765","targetHints":{"allow":["GET"]}}],"collection":[{"href":"https:\/\/kitchtenstore.com\/fr\/wp-json\/wp\/v2\/product"}],"about":[{"href":"https:\/\/kitchtenstore.com\/fr\/wp-json\/wp\/v2\/types\/product"}],"replies":[{"embeddable":true,"href":"https:\/\/kitchtenstore.com\/fr\/wp-json\/wp\/v2\/comments?post=11765"}],"version-history":[{"count":2,"href":"https:\/\/kitchtenstore.com\/fr\/wp-json\/wp\/v2\/product\/11765\/revisions"}],"predecessor-version":[{"id":11774,"href":"https:\/\/kitchtenstore.com\/fr\/wp-json\/wp\/v2\/product\/11765\/revisions\/11774"}],"wp:featuredmedia":[{"embeddable":true,"href":"https:\/\/kitchtenstore.com\/fr\/wp-json\/wp\/v2\/media\/11772"}],"wp:attachment":[{"href":"https:\/\/kitchtenstore.com\/fr\/wp-json\/wp\/v2\/media?parent=11765"}],"wp:term":[{"taxonomy":"product_cat","embeddable":true,"href":"https:\/\/kitchtenstore.com\/fr\/wp-json\/wp\/v2\/product_cat?post=11765"},{"taxonomy":"product_tag","embeddable":true,"href":"https:\/\/kitchtenstore.com\/fr\/wp-json\/wp\/v2\/product_tag?post=11765"}],"curies":[{"name":"wp","href":"https:\/\/api.w.org\/{rel}","templated":true}]}}