{"id":11764,"date":"2022-10-31T13:03:52","date_gmt":"2022-10-31T13:03:52","guid":{"rendered":"https:\/\/kitchtenstore.com\/?post_type=product&#038;p=11764"},"modified":"2022-10-31T13:03:52","modified_gmt":"2022-10-31T13:03:52","slug":"les-points-forts-ecran-163-cm-65-resolution-7680-x-4320-pixels-technologie-qled-8k-q-hdr-3000-quantum-processor-8k-smart-tv-upscaling","status":"publish","type":"product","link":"https:\/\/kitchtenstore.com\/fr\/produit\/les-points-forts-ecran-163-cm-65-resolution-7680-x-4320-pixels-technologie-qled-8k-q-hdr-3000-quantum-processor-8k-smart-tv-upscaling\/","title":{"rendered":"Les points forts :      Ecran 163 cm (65\u201d) \u2013 R\u00e9solution 7680 x 4320 pixels     Technologie QLED 8K \u2013 Q HDR 3000     Quantum Processor 8K \u2013 Smart TV \u2013 Upscaling 8K     4 HDMI \u2013 3 USB \u2013 Sortie audio optique"},"content":{"rendered":"<div id=\"tab-description\" class=\"woocommerce-Tabs-panel woocommerce-Tabs-panel--description panel entry-content wc-tab\" role=\"tabpanel\" aria-labelledby=\"tab-title-description\">\n<h2>Description<\/h2>\n<div>\n<h2 class=\"product_bloc_aside_title font-2\">CARACT\u00c9RISTIQUES<\/h2>\n<\/div>\n<div class=\"product_bloc_content bloc ombre\"><span id=\"hopcube_bloc\" data-hopcube-api-key=\"31\" data-hopcube-hash=\"d4fb7bb538159fa77759e31a1611673ef890aaab\"><\/span>&nbsp;<\/p>\n<table class=\"font-2\">\n<caption class=\"caption_hidden\">Caract\u00e9ristiques<\/caption>\n<tbody>\n<tr class=\"odd\">\n<th scope=\"row\">Taille d\u2019\u00e9cran (pouces)<\/th>\n<td class=\"font-2-b\">\n<ul class=\"characteristics\" data-switch=\"\">\n<li class=\"\">65 \u201d<\/li>\n<\/ul>\n<\/td>\n<\/tr>\n<tr class=\"\">\n<th scope=\"row\"><a class=\"glossary_word\" data-word=\"taille de l'\u00e9cran\">Taille de l\u2019\u00e9cran<\/a><\/th>\n<td class=\"font-2-b\">\n<ul class=\"characteristics\" data-switch=\"\">\n<li class=\"\">65 pouces \/ 163 cm<\/li>\n<\/ul>\n<\/td>\n<\/tr>\n<tr class=\"odd\">\n<th scope=\"row\">Ecran incurv\u00e9<\/th>\n<td class=\"font-2-b\">\n<ul class=\"characteristics\" data-switch=\"\">\n<li class=\"\">Non<\/li>\n<\/ul>\n<\/td>\n<\/tr>\n<tr class=\"\">\n<th scope=\"row\">Norme HD<\/th>\n<td class=\"font-2-b\">\n<ul class=\"characteristics\" data-switch=\"\">\n<li class=\"\">8K<\/li>\n<\/ul>\n<\/td>\n<\/tr>\n<tr class=\"odd\">\n<th scope=\"row\">R\u00e9solution d\u2019affichage<\/th>\n<td class=\"font-2-b\">\n<ul class=\"characteristics\" data-switch=\"\">\n<li class=\"\">7680 x 4320 pixels<\/li>\n<\/ul>\n<\/td>\n<\/tr>\n<tr class=\"\">\n<th scope=\"row\">Compatible Netflix 4K<\/th>\n<td class=\"font-2-b\">\n<ul class=\"characteristics\" data-switch=\"\">\n<li class=\"\">Oui<\/li>\n<\/ul>\n<\/td>\n<\/tr>\n<tr class=\"odd\">\n<th scope=\"row\">SMART TV (TV connect\u00e9)<\/th>\n<td class=\"font-2-b\">\n<ul class=\"characteristics\" data-switch=\"\">\n<li class=\"\">Oui<\/li>\n<\/ul>\n<\/td>\n<\/tr>\n<tr class=\"\">\n<th scope=\"row\">SMART TV + NAVIGATEUR<\/th>\n<td class=\"font-2-b\">\n<ul class=\"characteristics\" data-switch=\"\">\n<li class=\"\">Oui<\/li>\n<\/ul>\n<\/td>\n<\/tr>\n<tr class=\"odd\">\n<th scope=\"row\">Wi-Fi<\/th>\n<td class=\"font-2-b\">\n<ul class=\"characteristics\" data-switch=\"\">\n<li class=\"\">Int\u00e9gr\u00e9<\/li>\n<\/ul>\n<\/td>\n<\/tr>\n<tr class=\"\">\n<th scope=\"row\">Wi-Fi direct<\/th>\n<td class=\"font-2-b\">\n<ul class=\"characteristics\" data-switch=\"\">\n<li class=\"\">Oui<\/li>\n<\/ul>\n<\/td>\n<\/tr>\n<tr class=\"odd\">\n<th scope=\"row\">Compatibilit\u00e9 HBBTV<\/th>\n<td class=\"font-2-b\">\n<ul class=\"characteristics\" data-switch=\"\">\n<li class=\"\">Oui<\/li>\n<\/ul>\n<\/td>\n<\/tr>\n<tr class=\"\">\n<th scope=\"row\">Restitution sonore<\/th>\n<td class=\"font-2-b\">\n<ul class=\"characteristics\" data-switch=\"\">\n<li class=\"\">70W<\/li>\n<\/ul>\n<\/td>\n<\/tr>\n<tr class=\"odd\">\n<th scope=\"row\">Appareil connect\u00e9<\/th>\n<td class=\"font-2-b\">\n<ul class=\"characteristics\" data-switch=\"\">\n<li class=\"\">Oui<\/li>\n<\/ul>\n<\/td>\n<\/tr>\n<tr class=\"\">\n<th scope=\"row\">Entr\u00e9e HDMI<\/th>\n<td class=\"font-2-b\">\n<ul class=\"characteristics\" data-switch=\"\">\n<li class=\"\">4<\/li>\n<\/ul>\n<\/td>\n<\/tr>\n<tr class=\"odd\">\n<th scope=\"row\">Sortie audio num\u00e9rique<\/th>\n<td class=\"font-2-b\">\n<ul class=\"characteristics\" data-switch=\"\">\n<li class=\"\">Optique<\/li>\n<\/ul>\n<\/td>\n<\/tr>\n<tr class=\"\">\n<th scope=\"row\">Port USB<\/th>\n<td class=\"font-2-b\">\n<ul class=\"characteristics\" data-switch=\"\">\n<li class=\"\">3<\/li>\n<\/ul>\n<\/td>\n<\/tr>\n<tr class=\"odd\">\n<th scope=\"row\">Interface CI+<\/th>\n<td class=\"font-2-b\">\n<ul class=\"characteristics\" data-switch=\"\">\n<li class=\"\">Oui<\/li>\n<\/ul>\n<\/td>\n<\/tr>\n<tr class=\"\">\n<th scope=\"row\">Bluetooth<\/th>\n<td class=\"font-2-b\">\n<ul class=\"characteristics\" data-switch=\"\">\n<li class=\"\">Oui<\/li>\n<\/ul>\n<\/td>\n<\/tr>\n<tr class=\"odd\">\n<th scope=\"row\">Guide \u00e9lectronique des programmes<\/th>\n<td class=\"font-2-b\">\n<ul class=\"characteristics\" data-switch=\"\">\n<li class=\"\">Oui<\/li>\n<\/ul>\n<\/td>\n<\/tr>\n<tr class=\"\">\n<th scope=\"row\">T\u00e9l\u00e9texte<\/th>\n<td class=\"font-2-b\">\n<ul class=\"characteristics\" data-switch=\"\">\n<li class=\"\">Oui<\/li>\n<\/ul>\n<\/td>\n<\/tr>\n<tr class=\"odd\">\n<th scope=\"row\">Alimentation<\/th>\n<td class=\"font-2-b\">\n<ul class=\"characteristics\" data-switch=\"\">\n<li class=\"\">220-240 volts, 50Hz\/60Hz<\/li>\n<\/ul>\n<\/td>\n<\/tr>\n<tr class=\"\">\n<th scope=\"row\">Consommation en fonctionnement<\/th>\n<td class=\"font-2-b\">\n<ul class=\"characteristics\" data-switch=\"\">\n<li class=\"\">344 W<\/li>\n<\/ul>\n<\/td>\n<\/tr>\n<tr class=\"odd\">\n<th scope=\"row\">Consommation en veille<\/th>\n<td class=\"font-2-b\">\n<ul class=\"characteristics\" data-switch=\"\">\n<li class=\"\">0,5 W<\/li>\n<\/ul>\n<\/td>\n<\/tr>\n<tr class=\"\">\n<th scope=\"row\">Classe \u00e9nerg\u00e9tique<\/th>\n<td class=\"font-2-b\">\n<ul class=\"characteristics\" data-switch=\"\">\n<li class=\"\">D<\/li>\n<\/ul>\n<\/td>\n<\/tr>\n<tr class=\"odd\">\n<th scope=\"row\">Norme VESA (mm)<\/th>\n<td class=\"font-2-b\">\n<ul class=\"characteristics\" data-switch=\"\">\n<li class=\"\">400\u00d7300<\/li>\n<\/ul>\n<\/td>\n<\/tr>\n<tr class=\"\">\n<th scope=\"row\">Origine de fabrication<\/th>\n<td class=\"font-2-b\">\n<ul class=\"characteristics\" data-switch=\"\">\n<li class=\"\">Hongrie<\/li>\n<\/ul>\n<\/td>\n<\/tr>\n<tr class=\"odd\">\n<th scope=\"row\">Nombre de piles<\/th>\n<td class=\"font-2-b\">\n<ul class=\"characteristics\" data-switch=\"\">\n<li class=\"\">2<\/li>\n<\/ul>\n<\/td>\n<\/tr>\n<tr class=\"\">\n<th scope=\"row\">HDR (High dynamic range)<\/th>\n<td class=\"font-2-b\">\n<ul class=\"characteristics\" data-switch=\"\">\n<li class=\"\">Oui<\/li>\n<\/ul>\n<\/td>\n<\/tr>\n<tr class=\"odd\">\n<th scope=\"row\">Disponibilit\u00e9 des pi\u00e8ces d\u00e9tach\u00e9es<\/th>\n<td class=\"font-2-b\">\n<ul class=\"characteristics\" data-switch=\"\">\n<li class=\"\">4 ans<\/li>\n<\/ul>\n<\/td>\n<\/tr>\n<tr class=\"\">\n<th scope=\"row\">Code<\/th>\n<td class=\"font-2-b\">\n<ul class=\"characteristics\" data-switch=\"\">\n<li class=\"\">4800192<\/li>\n<\/ul>\n<\/td>\n<\/tr>\n<\/tbody>\n<\/table>\n<div>\n<h2 class=\"product_bloc_aside_title font-2\">DESCRIPTION<\/h2>\n<\/div>\n<div class=\"product_bloc_content bloc ombre font-2\">\n<div class=\"columns\">\n<p><b>Le nouveau QLED 8K Q950TS est un v\u00e9ritable concentr\u00e9 de toutes les meilleures technologies<\/b>, sublim\u00e9 par un design unique. Reposant sur le nouveau processeur Quantum processor 8K, il affiche des images et une qualit\u00e9 sonore plus r\u00e9elles que jamais, quelle que soit la source et l\u2019environnement.<\/p>\n<p><b>Quantum Processor 8K<\/b><br \/>\nLe nouveau processeur ultra-puissant utilise l\u2019Intelligence artificielle pour transformer tous vos contenus en 8K et optimiser les diff\u00e9rents r\u00e9glages de luminosit\u00e9 et de son.<\/p>\n<p><b>Local Dimming Platinum<\/b><br \/>\nUn r\u00e9tro\u00e9clairage Direct LED associ\u00e9 \u00e0 la technologie Local Dimming Platinum qui permet un contraste incomparable pour ne perdre aucun d\u00e9tail.<\/p>\n<p><b>Quantum HDR 4000<\/b><br \/>\nQuelle que soit la lumi\u00e8re ambiante, profitez de tous les d\u00e9tails de l\u2019image gr\u00e2ce \u00e0 un contraste incomparable et un pic de luminosit\u00e9 jusqu\u2019\u00e0 4000 nits.<\/p>\n<p><b>Object Tracking Sound+ (OTS+)<\/b><br \/>\nAvec le syst\u00e8me OTS+, le son suit le mouvement d\u2019un objet \u00e0 l\u2019\u00e9cran. Ses 6 haut-parleurs int\u00e9gr\u00e9s permettent au son d\u2019\u00e9voluer de fa\u00e7on optimale pour une exp\u00e9rience sonore parfaitement r\u00e9aliste (syst\u00e8me 4.2.2). Et pour une synergie totale, les hautparleurs du t\u00e9l\u00e9viseur se synchronisent harmonieusement avec votre barre de son serie Q 2020 grace \u00e0 la nouvelle technologie Q Symphony.<\/p>\n<p><b>Un nouveau design \u00e9pur\u00e9 et raffin\u00e9<\/b><br \/>\nL\u2019ecran INFINITY est incroyablement fin (15 mm) et sans bord avec un ratio d\u2019affichage de 99% pour une immersion totale.<\/p>\n<p><b>C\u00e2ble unique \/ Boitier d\u00e9port\u00e9 \u2018One connect\u2019<\/b><br \/>\nUn seul bo\u00eetier d\u00e9port\u00e9 qui regroupe toute votre connectique pour un agencement encore plus simple de votre int\u00e9rieur.<\/p>\n<\/div>\n<\/div>\n<\/div>\n<\/div>","protected":false},"excerpt":{"rendered":"<div class=\"woocommerce-product-details__short-description\">\n<p class=\"product_section_title font-2-b\">Les points forts :<\/p>\n<ul class=\"product_details_items font-2-l\">\n<li class=\"product_details_item\">Ecran 163 cm (65\u201d) \u2013 R\u00e9solution 7680 x 4320 pixels<\/li>\n<li class=\"product_details_item\">Technologie QLED 8K \u2013 Q HDR 3000<\/li>\n<li class=\"product_details_item\">Quantum Processor 8K \u2013 Smart TV \u2013 Upscaling 8K<\/li>\n<li class=\"product_details_item\">4 HDMI \u2013 3 USB \u2013 Sortie audio optique<\/li>\n<\/ul>\n<\/div>","protected":false},"featured_media":11768,"comment_status":"open","ping_status":"closed","template":"","meta":{"inline_featured_image":false,"_joinchat":[]},"product_cat":[30],"product_tag":[],"class_list":{"0":"post-11764","1":"product","2":"type-product","3":"status-publish","4":"has-post-thumbnail","6":"product_cat-image-tv-sons","8":"first","9":"instock","10":"shipping-taxable","11":"purchasable","12":"product-type-simple"},"_links":{"self":[{"href":"https:\/\/kitchtenstore.com\/fr\/wp-json\/wp\/v2\/product\/11764","targetHints":{"allow":["GET"]}}],"collection":[{"href":"https:\/\/kitchtenstore.com\/fr\/wp-json\/wp\/v2\/product"}],"about":[{"href":"https:\/\/kitchtenstore.com\/fr\/wp-json\/wp\/v2\/types\/product"}],"replies":[{"embeddable":true,"href":"https:\/\/kitchtenstore.com\/fr\/wp-json\/wp\/v2\/comments?post=11764"}],"version-history":[{"count":1,"href":"https:\/\/kitchtenstore.com\/fr\/wp-json\/wp\/v2\/product\/11764\/revisions"}],"predecessor-version":[{"id":11769,"href":"https:\/\/kitchtenstore.com\/fr\/wp-json\/wp\/v2\/product\/11764\/revisions\/11769"}],"wp:featuredmedia":[{"embeddable":true,"href":"https:\/\/kitchtenstore.com\/fr\/wp-json\/wp\/v2\/media\/11768"}],"wp:attachment":[{"href":"https:\/\/kitchtenstore.com\/fr\/wp-json\/wp\/v2\/media?parent=11764"}],"wp:term":[{"taxonomy":"product_cat","embeddable":true,"href":"https:\/\/kitchtenstore.com\/fr\/wp-json\/wp\/v2\/product_cat?post=11764"},{"taxonomy":"product_tag","embeddable":true,"href":"https:\/\/kitchtenstore.com\/fr\/wp-json\/wp\/v2\/product_tag?post=11764"}],"curies":[{"name":"wp","href":"https:\/\/api.w.org\/{rel}","templated":true}]}}