{"id":11755,"date":"2022-10-31T13:00:49","date_gmt":"2022-10-31T13:00:49","guid":{"rendered":"https:\/\/kitchtenstore.com\/?post_type=product&#038;p=11755"},"modified":"2022-10-31T13:00:50","modified_gmt":"2022-10-31T13:00:50","slug":"continental-edison-tv-55%e2%80%b2-139cm-4k-uhd-3840x2160-tuner-tnt-integre-3xhdmi-2-0-2xusb-2-0-port-optique","status":"publish","type":"product","link":"https:\/\/kitchtenstore.com\/fr\/produit\/continental-edison-tv-55%e2%80%b2-139cm-4k-uhd-3840x2160-tuner-tnt-integre-3xhdmi-2-0-2xusb-2-0-port-optique\/","title":{"rendered":"CONTINENTAL EDISON TV 55\u2032 (139cm) 4K UHD (3840\u00d72160) Tuner Tnt int\u00e9gr\u00e9 3xHDMI (2.0) 2xUSB (2.0) Port optique"},"content":{"rendered":"<h2>Description<\/h2>\n<table class=\"fpDescTb fpDescTbPub\">\n<tbody>\n<tr>\n<th colspan=\"2\">Informations g\u00e9n\u00e9rales sur le produit<\/th>\n<\/tr>\n<tr>\n<td>Marque<\/td>\n<td>CONTINENTAL EDISON<\/td>\n<\/tr>\n<tr>\n<td>Nom du produit<\/td>\n<td>CONTINENTAL EDISON TV 55\u2032 (139cm) 4K UHD (3840\u00d7216<\/td>\n<\/tr>\n<tr>\n<td>Cat\u00e9gorie<\/td>\n<td>T\u00e9l\u00e9viseur LED<\/td>\n<\/tr>\n<tr>\n<th colspan=\"2\">Informations sur le produit<\/th>\n<\/tr>\n<tr>\n<td>Design<\/td>\n<td>TV LED \u2013 4K UHD 55\u2033<\/td>\n<\/tr>\n<tr>\n<th colspan=\"2\">G\u00e9n\u00e9ral<\/th>\n<\/tr>\n<tr>\n<td>Type de produit<\/td>\n<td>TV LCD avec r\u00e9tro\u00e9clairage par LED<\/td>\n<\/tr>\n<tr>\n<td>Taille d\u2019\u00e9cran<\/td>\n<td>55 po ( 139,7 cm )<\/td>\n<\/tr>\n<tr>\n<td>Qt\u00e9 de ports HDMI<\/td>\n<td>3 ports<\/td>\n<\/tr>\n<tr>\n<td>Interface vid\u00e9o<\/td>\n<td>Composite, HDMI, SCART<\/td>\n<\/tr>\n<tr>\n<td>Interface PC<\/td>\n<td>VGA (HD-15)<\/td>\n<\/tr>\n<tr>\n<td>Dimensions<\/td>\n<td>Sans support<\/td>\n<\/tr>\n<tr>\n<td>Largeur<\/td>\n<td>124.4 cm<\/td>\n<\/tr>\n<tr>\n<td>Hauteur<\/td>\n<td>72.2 cm<\/td>\n<\/tr>\n<tr>\n<td>Profondeur<\/td>\n<td>9.7 cm<\/td>\n<\/tr>\n<tr>\n<td>Classe de diagonale<\/td>\n<td>139.7 cm (55\u2033)<\/td>\n<\/tr>\n<tr>\n<td>Modes<\/td>\n<td>Mode h\u00f4tel<\/td>\n<\/tr>\n<tr>\n<td>Consommation en fonctionnement<\/td>\n<td>145 Watt<\/td>\n<\/tr>\n<tr>\n<td>Classe \u00e9nerg\u00e9tique<\/td>\n<td>Classe A<\/td>\n<\/tr>\n<tr>\n<td>Pr\u00e9sence de syntonisateur TV<\/td>\n<td>Oui<\/td>\n<\/tr>\n<tr>\n<td>Nombre de ports HDMI<\/td>\n<td>3 ports<\/td>\n<\/tr>\n<tr>\n<th colspan=\"2\">Affichage<\/th>\n<\/tr>\n<tr>\n<td>Technologie de r\u00e9tro\u00e9clairage LCD<\/td>\n<td>R\u00e9tro\u00e9clairage par LED<\/td>\n<\/tr>\n<tr>\n<td>R\u00e9solution<\/td>\n<td>3840 x 2160<\/td>\n<\/tr>\n<tr>\n<td>Luminosit\u00e9<\/td>\n<td>220 cd\/m\u00b2<\/td>\n<\/tr>\n<tr>\n<td>Rapport de contraste d\u2019image<\/td>\n<td>1000:1<\/td>\n<\/tr>\n<tr>\n<td>Angle de visualisation<\/td>\n<td>176 degr\u00e9s<\/td>\n<\/tr>\n<tr>\n<td>Angle de vue (vertical)<\/td>\n<td>176 degr\u00e9s<\/td>\n<\/tr>\n<tr>\n<td>Format d\u2019affichage<\/td>\n<td>4K UHD (2160p)<\/td>\n<\/tr>\n<tr>\n<td>Temps de r\u00e9ponse<\/td>\n<td>15 ms<\/td>\n<\/tr>\n<tr>\n<td>Fonctions suppl\u00e9mentaires<\/td>\n<td>PVR Ready, s\u00e9lection de sous-titres, Enregistrement via programmateur, enregistrement direct, enregistrement via l\u2019EPG, Affichage heure<\/td>\n<\/tr>\n<tr>\n<td>Format de l\u2019image<\/td>\n<td>16:9<\/td>\n<\/tr>\n<tr>\n<th colspan=\"2\">Connexions<\/th>\n<\/tr>\n<tr>\n<td>Type de connecteur<\/td>\n<td>3 x HDMI<br \/>\nSCART<br \/>\nEntr\u00e9e audio\/vid\u00e9o composite<br \/>\n2 x USB 2.0<br \/>\nEntr\u00e9e VGA<br \/>\nSortie audio num\u00e9rique (optique)<br \/>\nCasque<\/td>\n<\/tr>\n<tr>\n<th colspan=\"2\">Tuner TV num\u00e9rique<\/th>\n<\/tr>\n<tr>\n<td>Tuner TV num\u00e9rique<\/td>\n<td>DVB-C, DVB-T, DVB-T2<\/td>\n<\/tr>\n<tr>\n<th colspan=\"2\">Fonctionnalit\u00e9s vid\u00e9o<\/th>\n<\/tr>\n<tr>\n<td>T\u00e9l\u00e9texte<\/td>\n<td>Oui<\/td>\n<\/tr>\n<tr>\n<td>Verrouillage de chaines par les parents<\/td>\n<td>Oui<\/td>\n<\/tr>\n<tr>\n<td>Capacit\u00e9 de sous-titrage<\/td>\n<td>Oui<\/td>\n<\/tr>\n<tr>\n<td>Guide \u00e9lectronique des programmes<\/td>\n<td>EPG num\u00e9rique<\/td>\n<\/tr>\n<tr>\n<th colspan=\"2\">Lecteur multim\u00e9dia<\/th>\n<\/tr>\n<tr>\n<td>Port USB<\/td>\n<td>Oui<\/td>\n<\/tr>\n<tr>\n<td>Formats audio pris en charge<\/td>\n<td>MP3<\/td>\n<\/tr>\n<tr>\n<td>Formats d\u2019images pris en charge<\/td>\n<td>JPEG<\/td>\n<\/tr>\n<tr>\n<td>Formats vid\u00e9o pris en charge<\/td>\n<td>MPEG-4, AVI<\/td>\n<\/tr>\n<tr>\n<td>Nombre de ports USB<\/td>\n<td>2<\/td>\n<\/tr>\n<tr>\n<th colspan=\"2\">Syst\u00e8me audio<\/th>\n<\/tr>\n<tr>\n<td>Syst\u00e8me de haut-parleurs<\/td>\n<td>2 haut-parleurs<\/td>\n<\/tr>\n<tr>\n<td>Alimentation en sortie \/ Total<\/td>\n<td>16 Watt<\/td>\n<\/tr>\n<tr>\n<td>Format audio num\u00e9rique<\/td>\n<td>Sortie num\u00e9rique Dolby<\/td>\n<\/tr>\n<tr>\n<td>Haut-parleurs<\/td>\n<td>2 x haut-parleur \u00e0 canal principal \u2013 int\u00e9gr\u00e9 \u2013 8 Watt<\/td>\n<\/tr>\n<tr>\n<th colspan=\"2\">T\u00e9l\u00e9commande<\/th>\n<\/tr>\n<tr>\n<td>Type<\/td>\n<td>T\u00e9l\u00e9commande standard<\/td>\n<\/tr>\n<tr>\n<td>Facteur de forme de batterie<\/td>\n<td>AAA \/ LR03<\/td>\n<\/tr>\n<tr>\n<td>Quantit\u00e9 de batterie n\u00e9cessaire<\/td>\n<td>2<\/td>\n<\/tr>\n<tr>\n<th colspan=\"2\">Alimentation<\/th>\n<\/tr>\n<tr>\n<td>P\u00e9riph\u00e9rique d\u2019alimentation<\/td>\n<td>Alimentation \u00e9lectrique<\/td>\n<\/tr>\n<tr>\n<td>Tension nominale<\/td>\n<td>CA 100 \u2013 240 V (50\/60 Hz)<\/td>\n<\/tr>\n<tr>\n<td>Consommation \u00e9lectrique en veille<\/td>\n<td>0.5 Watt<\/td>\n<\/tr>\n<tr>\n<th colspan=\"2\">Supports et syst\u00e8mes de montage<\/th>\n<\/tr>\n<tr>\n<td>Interface de montage pour \u00e9cran plat<\/td>\n<td>200 x 200 mm<\/td>\n<\/tr>\n<tr>\n<th colspan=\"2\">Dimensions et poids (emball\u00e9)<\/th>\n<\/tr>\n<tr>\n<td>Hauteur (Exp\u00e9dition)<\/td>\n<td>86 cm<\/td>\n<\/tr>\n<tr>\n<td>Largeur (emball\u00e9e)<\/td>\n<td>136.6 cm<\/td>\n<\/tr>\n<tr>\n<td>Profondeur (emball\u00e9e)<\/td>\n<td>16.6 cm<\/td>\n<\/tr>\n<tr>\n<th colspan=\"2\">Attributs de recherche<\/th>\n<\/tr>\n<tr>\n<td>T\u00e9l\u00e9vision|Fr\u00e9quence d\u2019actualisation du panneau<\/td>\n<td>60 Hz<\/td>\n<\/tr>\n<tr>\n<th colspan=\"2\">Dimensions &amp; Poids \u2013 D\u00e9tails<\/th>\n<\/tr>\n<tr>\n<td>Dimensions &amp; Poids \u2013 D\u00e9tails<\/td>\n<td>Panneau sans support au sol \u2013 124.4 cm x 9.7 cm x 72.2 cm<br \/>\nPanneau avec support au sol \u2013 124.4 cm x 27.5 cm x 76.9 cm x 11 kg<\/td>\n<\/tr>\n<\/tbody>\n<\/table>","protected":false},"excerpt":{"rendered":"<div class=\"woocommerce-product-details__short-description\">\n<p><span class=\"fpBlocTitle\">Les points forts :<\/span><\/p>\n<ul>\n<li>Taille d\u2019\u00e9cran : 55 po ( 139,7 cm )<\/li>\n<li>R\u00e9tro\u00e9clairage par LED<\/li>\n<li>Format d\u2019affichage : 4K UHD (2160p)<\/li>\n<li>R\u00e9solution : 3840 x 2160<\/li>\n<li>Qt\u00e9 de ports HDMI : 3 ports<\/li>\n<\/ul>\n<div class=\"jsFpBulletPointMore\">\n<ul>\n<li>Design : TV LED \u2013 4K UHD 55\u2033<\/li>\n<li>Tuner TV num\u00e9rique : DVB-C, DVB-T, DVB-T2<\/li>\n<li>Interface vid\u00e9o : Composite, HDMI, SCART<\/li>\n<\/ul>\n<\/div>\n<\/div>","protected":false},"featured_media":11762,"comment_status":"open","ping_status":"closed","template":"","meta":{"inline_featured_image":false,"_joinchat":[]},"product_cat":[30],"product_tag":[],"class_list":{"0":"post-11755","1":"product","2":"type-product","3":"status-publish","4":"has-post-thumbnail","6":"product_cat-image-tv-sons","8":"first","9":"instock","10":"shipping-taxable","11":"purchasable","12":"product-type-simple"},"_links":{"self":[{"href":"https:\/\/kitchtenstore.com\/fr\/wp-json\/wp\/v2\/product\/11755","targetHints":{"allow":["GET"]}}],"collection":[{"href":"https:\/\/kitchtenstore.com\/fr\/wp-json\/wp\/v2\/product"}],"about":[{"href":"https:\/\/kitchtenstore.com\/fr\/wp-json\/wp\/v2\/types\/product"}],"replies":[{"embeddable":true,"href":"https:\/\/kitchtenstore.com\/fr\/wp-json\/wp\/v2\/comments?post=11755"}],"version-history":[{"count":1,"href":"https:\/\/kitchtenstore.com\/fr\/wp-json\/wp\/v2\/product\/11755\/revisions"}],"predecessor-version":[{"id":11763,"href":"https:\/\/kitchtenstore.com\/fr\/wp-json\/wp\/v2\/product\/11755\/revisions\/11763"}],"wp:featuredmedia":[{"embeddable":true,"href":"https:\/\/kitchtenstore.com\/fr\/wp-json\/wp\/v2\/media\/11762"}],"wp:attachment":[{"href":"https:\/\/kitchtenstore.com\/fr\/wp-json\/wp\/v2\/media?parent=11755"}],"wp:term":[{"taxonomy":"product_cat","embeddable":true,"href":"https:\/\/kitchtenstore.com\/fr\/wp-json\/wp\/v2\/product_cat?post=11755"},{"taxonomy":"product_tag","embeddable":true,"href":"https:\/\/kitchtenstore.com\/fr\/wp-json\/wp\/v2\/product_tag?post=11755"}],"curies":[{"name":"wp","href":"https:\/\/api.w.org\/{rel}","templated":true}]}}