{"id":11749,"date":"2022-10-31T12:54:28","date_gmt":"2022-10-31T12:54:28","guid":{"rendered":"https:\/\/kitchtenstore.com\/?post_type=product&#038;p=11749"},"modified":"2022-10-31T12:54:28","modified_gmt":"2022-10-31T12:54:28","slug":"lg-55e8-tv-oled-4k-uhd-55%e2%80%b3-139cm-uhd-4k-hdr-dolby-vision-son-dolby-atmos-smart-tv-4xhdmi-3xusb-classe-energetique-a","status":"publish","type":"product","link":"https:\/\/kitchtenstore.com\/fr\/produit\/lg-55e8-tv-oled-4k-uhd-55%e2%80%b3-139cm-uhd-4k-hdr-dolby-vision-son-dolby-atmos-smart-tv-4xhdmi-3xusb-classe-energetique-a\/","title":{"rendered":"LG 55E8 TV OLED 4K UHD \u2013 55\u2033 (139cm) \u2013 UHD 4K HDR Dolby Vision \u2013 son Dolby Atmos \u2013 Smart TV \u2013 4xHDMI \u2013 3xUSB \u2013 Classe \u00e9nerg\u00e9tique A"},"content":{"rendered":"<h2>Description<\/h2>\n<table class=\"fpDescTb fpDescTbPub\">\n<tbody>\n<tr>\n<th colspan=\"2\">Informations g\u00e9n\u00e9rales sur le produit<\/th>\n<\/tr>\n<tr>\n<td>Marque<\/td>\n<td>LG<\/td>\n<\/tr>\n<tr>\n<td>Nom du produit<\/td>\n<td>LG 55E8 TV OLED 4K UHD \u2013 55\u2033 (139cm) \u2013 UHD 4K HDR<\/td>\n<\/tr>\n<tr>\n<td>Cat\u00e9gorie<\/td>\n<td>T\u00e9l\u00e9viseur LED<\/td>\n<\/tr>\n<tr>\n<th colspan=\"2\">G\u00e9n\u00e9ral<\/th>\n<\/tr>\n<tr>\n<td>Type de produit<\/td>\n<td>TV OLED \u2013 Smart TV<\/td>\n<\/tr>\n<tr>\n<td>Interface vid\u00e9o<\/td>\n<td>HDMI<\/td>\n<\/tr>\n<tr>\n<td>Consommation \u00e9lectrique en mode marche<\/td>\n<td>113 Watt<\/td>\n<\/tr>\n<tr>\n<td>Dimensions<\/td>\n<td>Sans support<\/td>\n<\/tr>\n<tr>\n<td>Largeur<\/td>\n<td>122.8 cm<\/td>\n<\/tr>\n<tr>\n<td>Hauteur<\/td>\n<td>77.6 cm<\/td>\n<\/tr>\n<tr>\n<td>Profondeur<\/td>\n<td>5.2 cm<\/td>\n<\/tr>\n<tr>\n<td>Poids<\/td>\n<td>20.5 kg<\/td>\n<\/tr>\n<tr>\n<td>Consommation d\u2019\u00e9nergie annuelle<\/td>\n<td>157 kWh<\/td>\n<\/tr>\n<tr>\n<td>Plate-forme<\/td>\n<td>webOS, LG ThinQ AI<\/td>\n<\/tr>\n<tr>\n<td>Classe de diagonale<\/td>\n<td>139 cm (55\u2033)<\/td>\n<\/tr>\n<tr>\n<td>Modes<\/td>\n<td>Mode expert<\/td>\n<\/tr>\n<tr>\n<td>Capteurs<\/td>\n<td>Capteur vert Illuminance<\/td>\n<\/tr>\n<tr>\n<td>Am\u00e9liorations d\u2019image<\/td>\n<td>4K Upscaling, Calibration automatique, Contraste infini, Perfect Black, Billion Rich Colours, True Color Accuracy Pro, Object Depth Enhancer, Adaptive Color Enhancer, Quad Step Noise Reduction, Sharpness Enhancer, Enhanced Dynamic Tone Mapping<\/td>\n<\/tr>\n<tr>\n<td>Compatible HDR<\/td>\n<td>Oui<\/td>\n<\/tr>\n<tr>\n<td>Technologie HDR<\/td>\n<td>Dolby Vision, Hybrid Log-Gamma (HLG), HDR 10 Pro, Technicolor Advanced HDR<\/td>\n<\/tr>\n<tr>\n<td>Classe \u00e9nerg\u00e9tique<\/td>\n<td>Classe A<\/td>\n<\/tr>\n<tr>\n<td>Pr\u00e9sence de syntonisateur TV<\/td>\n<td>Oui<\/td>\n<\/tr>\n<tr>\n<td>Nombre de ports HDMI<\/td>\n<td>4 ports<\/td>\n<\/tr>\n<tr>\n<th colspan=\"2\">Affichage<\/th>\n<\/tr>\n<tr>\n<td>R\u00e9solution<\/td>\n<td>3840 x 2160<\/td>\n<\/tr>\n<tr>\n<td>Format d\u2019affichage<\/td>\n<td>4K UHD (2160p)<\/td>\n<\/tr>\n<tr>\n<td>Langue du menu d\u2019affichage<\/td>\n<td>Multilingual<\/td>\n<\/tr>\n<tr>\n<td>Fonctions suppl\u00e9mentaires<\/td>\n<td>Lecture et enregistrement simultan\u00e9s, processeur Quad-Core, fonction texte vers voix, Channel Advisor, support 10 bits, Ultra Luminance Pro, ThinQ AI, a9 Intelligent Processor<\/td>\n<\/tr>\n<tr>\n<td>Format de l\u2019image<\/td>\n<td>16:9<\/td>\n<\/tr>\n<tr>\n<th colspan=\"2\">Connexions<\/th>\n<\/tr>\n<tr>\n<td>Type de connecteur<\/td>\n<td>HDMI \u2013 arri\u00e8re<br \/>\n3 x HDMI \u2013 c\u00f4t\u00e9<br \/>\n2 x USB \u2013 arri\u00e8re<br \/>\nUSB \u2013 c\u00f4t\u00e9<br \/>\nR\u00e9seau \u2013 arri\u00e8re<br \/>\nSortie audio num\u00e9rique (optique) \u2013 arri\u00e8re<br \/>\nSortie de ligne audio \/ casques \u2013 arri\u00e8re<\/td>\n<\/tr>\n<tr>\n<th colspan=\"2\">Tuner de t\u00e9l\u00e9vision<\/th>\n<\/tr>\n<tr>\n<td>Acc\u00e8s conditionnel<\/td>\n<td>Logement CI (Common Interface)<\/td>\n<\/tr>\n<tr>\n<th colspan=\"2\">Tuner TV num\u00e9rique<\/th>\n<\/tr>\n<tr>\n<td>Tuner TV num\u00e9rique<\/td>\n<td>DVB-C, DVB-S2, DVB-T2<\/td>\n<\/tr>\n<tr>\n<td>Tuner TVHD<\/td>\n<td>Oui<\/td>\n<\/tr>\n<tr>\n<th colspan=\"2\">Fonctionnalit\u00e9s vid\u00e9o<\/th>\n<\/tr>\n<tr>\n<td>Guide \u00e9lectronique des programmes<\/td>\n<td>EPG num\u00e9rique<\/td>\n<\/tr>\n<tr>\n<th colspan=\"2\">Lecteur multim\u00e9dia<\/th>\n<\/tr>\n<tr>\n<td>Port USB<\/td>\n<td>Oui<\/td>\n<\/tr>\n<tr>\n<td>Formats audio pris en charge<\/td>\n<td>MP3, WMA, PCM, AC3, AAC, HE-AAC, E-AC3, DTS, MP2, AC4<\/td>\n<\/tr>\n<tr>\n<td>Formats vid\u00e9o pris en charge<\/td>\n<td>HEVC, VP9<\/td>\n<\/tr>\n<tr>\n<td>Nombre de ports USB<\/td>\n<td>3<\/td>\n<\/tr>\n<tr>\n<th colspan=\"2\">Syst\u00e8me audio<\/th>\n<\/tr>\n<tr>\n<td>Syst\u00e8me de haut-parleurs<\/td>\n<td>4 haut-parleurs, 2 caissons de basses<\/td>\n<\/tr>\n<tr>\n<td>Alimentation en sortie \/ Total<\/td>\n<td>60 Watt<\/td>\n<\/tr>\n<tr>\n<td>Mode Surround<\/td>\n<td>Oui<\/td>\n<\/tr>\n<tr>\n<td>Bruitages<\/td>\n<td>OLED Surround, Dolby Atmos<\/td>\n<\/tr>\n<tr>\n<td>Format audio num\u00e9rique<\/td>\n<td>Sortie num\u00e9rique DTS, Dolby Atmos<\/td>\n<\/tr>\n<tr>\n<td>Haut-parleurs<\/td>\n<td>4 x haut-parleur \u2013 int\u00e9gr\u00e9<br \/>\n2 x caisson de basses \u2013 int\u00e9gr\u00e9<\/td>\n<\/tr>\n<tr>\n<td>Fonctions suppl\u00e9mentaires<\/td>\n<td>D\u00e9codeur DTS int\u00e9gr\u00e9, ARC (Audio Return Channel), guidage vocal, Dolby Surround Sound, technologie apt-X, technologie Clear Voice III, LG Sound Sync, Intelligent Voice Recognition, One Touch Sound Tuning, Adaptive Sound Control, Audio Upscaler<\/td>\n<\/tr>\n<tr>\n<th colspan=\"2\">Multim\u00e9dia r\u00e9seau et Internet<\/th>\n<\/tr>\n<tr>\n<td>Fonctionnalit\u00e9s<\/td>\n<td>Navigation WEB, lecture vid\u00e9o Internet<\/td>\n<\/tr>\n<tr>\n<td>Connectivit\u00e9<\/td>\n<td>Wi-Fi, LAN, Bluetooth<\/td>\n<\/tr>\n<tr>\n<td>Protocole WiFi<\/td>\n<td>802.11ac<\/td>\n<\/tr>\n<tr>\n<td>Boutique d\u2019applications<\/td>\n<td>LG Content Store<\/td>\n<\/tr>\n<tr>\n<td>Connecter &amp; partager<\/td>\n<td>Wi-Fi Direct<\/td>\n<\/tr>\n<tr>\n<td>Contr\u00f4le \u00e9lectronique de prise en charge de consommateur (CEC)<\/td>\n<td>Simplink<\/td>\n<\/tr>\n<tr>\n<th colspan=\"2\">T\u00e9l\u00e9commande<\/th>\n<\/tr>\n<tr>\n<td>Type<\/td>\n<td>T\u00e9l\u00e9commande standard<\/td>\n<\/tr>\n<tr>\n<td>Mod\u00e8le de t\u00e9l\u00e9commande<\/td>\n<td>LG MR18<\/td>\n<\/tr>\n<tr>\n<td>Caract\u00e9ristiques<\/td>\n<td>T\u00e9l\u00e9commande magique<\/td>\n<\/tr>\n<tr>\n<th colspan=\"2\">Alimentation<\/th>\n<\/tr>\n<tr>\n<td>P\u00e9riph\u00e9rique d\u2019alimentation<\/td>\n<td>Alimentation \u00e9lectrique<\/td>\n<\/tr>\n<tr>\n<td>Tension nominale<\/td>\n<td>CA 120\/230 V (50\/60 Hz)<\/td>\n<\/tr>\n<tr>\n<td>Consommation \u00e9lectrique en veille<\/td>\n<td>0.5 Watt<\/td>\n<\/tr>\n<tr>\n<th colspan=\"2\">Supports et syst\u00e8mes de montage<\/th>\n<\/tr>\n<tr>\n<td>Pied<\/td>\n<td>Inclus<\/td>\n<\/tr>\n<tr>\n<td>Type de support<\/td>\n<td>De table<\/td>\n<\/tr>\n<tr>\n<td>Interface de montage pour \u00e9cran plat<\/td>\n<td>300 x 200 mm<\/td>\n<\/tr>\n<tr>\n<th colspan=\"2\">Dimensions et poids (emball\u00e9)<\/th>\n<\/tr>\n<tr>\n<td>Hauteur (Exp\u00e9dition)<\/td>\n<td>87.8 cm<\/td>\n<\/tr>\n<tr>\n<td>Largeur (emball\u00e9e)<\/td>\n<td>136 cm<\/td>\n<\/tr>\n<tr>\n<td>Profondeur (emball\u00e9e)<\/td>\n<td>17.5 cm<\/td>\n<\/tr>\n<tr>\n<td>Poids (Exp\u00e9dition)<\/td>\n<td>29.3 kg<\/td>\n<\/tr>\n<tr>\n<th colspan=\"2\">Divers<\/th>\n<\/tr>\n<tr>\n<td>Accessoires inclus<\/td>\n<td>2 piles AA<\/td>\n<\/tr>\n<tr>\n<th colspan=\"2\">Attributs de recherche<\/th>\n<\/tr>\n<tr>\n<td>Multim\u00e9dia r\u00e9seau et Internet|Connectivit\u00e9<\/td>\n<td>Bluetooth<br \/>\nLAN<br \/>\nWi-Fi<\/td>\n<\/tr>\n<tr>\n<td>T\u00e9l\u00e9vision|Compatible HDR<\/td>\n<td>Oui<\/td>\n<\/tr>\n<tr>\n<th colspan=\"2\">Dimensions &amp; Poids \u2013 D\u00e9tails<\/th>\n<\/tr>\n<tr>\n<td>Dimensions &amp; Poids \u2013 D\u00e9tails<\/td>\n<td>Panneau sans support au sol \u2013 122.8 cm x 5.2 cm x 77.6 cm x 20.5 kg<br \/>\nPanneau avec support au sol \u2013 122.8 cm x 22.2 cm x 78.4 cm x 23.8 kg<\/td>\n<\/tr>\n<\/tbody>\n<\/table>","protected":false},"excerpt":{"rendered":"<div class=\"woocommerce-product-details__short-description\">\n<p><span class=\"fpBlocTitle\">Les points forts :<\/span><\/p>\n<ul>\n<li>Format d\u2019affichage : 4K UHD (2160p)<\/li>\n<li>R\u00e9solution : 3840 x 2160<\/li>\n<li>Technologie HDR : Dolby Vision, Hybrid Log-Gamma (HLG), HDR 10 Pro, Technicolor Advanced HDR<\/li>\n<li>Tuner TV num\u00e9rique : DVB-C, DVB-S2, DVB-T2<\/li>\n<li>Am\u00e9liorations d\u2019image : 4K Upscaling, Calibration automatique, Contraste infini, Perfect Black, Billion Rich Colours, True Color Accuracy Pro, Object Depth Enhancer, Adaptive Color Enhancer, Quad Step Noise Reduction, Sharpness Enhancer, Enhanced Dynamic Tone Mapping<\/li>\n<\/ul>\n<div class=\"jsFpBulletPointMore\">\n<ul>\n<li>Interface vid\u00e9o : HDMI<\/li>\n<\/ul>\n<\/div>\n<\/div>","protected":false},"featured_media":11757,"comment_status":"open","ping_status":"closed","template":"","meta":{"inline_featured_image":false,"_joinchat":[]},"product_cat":[30],"product_tag":[],"class_list":{"0":"post-11749","1":"product","2":"type-product","3":"status-publish","4":"has-post-thumbnail","6":"product_cat-image-tv-sons","8":"first","9":"instock","10":"shipping-taxable","11":"purchasable","12":"product-type-simple"},"_links":{"self":[{"href":"https:\/\/kitchtenstore.com\/fr\/wp-json\/wp\/v2\/product\/11749","targetHints":{"allow":["GET"]}}],"collection":[{"href":"https:\/\/kitchtenstore.com\/fr\/wp-json\/wp\/v2\/product"}],"about":[{"href":"https:\/\/kitchtenstore.com\/fr\/wp-json\/wp\/v2\/types\/product"}],"replies":[{"embeddable":true,"href":"https:\/\/kitchtenstore.com\/fr\/wp-json\/wp\/v2\/comments?post=11749"}],"version-history":[{"count":1,"href":"https:\/\/kitchtenstore.com\/fr\/wp-json\/wp\/v2\/product\/11749\/revisions"}],"predecessor-version":[{"id":11758,"href":"https:\/\/kitchtenstore.com\/fr\/wp-json\/wp\/v2\/product\/11749\/revisions\/11758"}],"wp:featuredmedia":[{"embeddable":true,"href":"https:\/\/kitchtenstore.com\/fr\/wp-json\/wp\/v2\/media\/11757"}],"wp:attachment":[{"href":"https:\/\/kitchtenstore.com\/fr\/wp-json\/wp\/v2\/media?parent=11749"}],"wp:term":[{"taxonomy":"product_cat","embeddable":true,"href":"https:\/\/kitchtenstore.com\/fr\/wp-json\/wp\/v2\/product_cat?post=11749"},{"taxonomy":"product_tag","embeddable":true,"href":"https:\/\/kitchtenstore.com\/fr\/wp-json\/wp\/v2\/product_tag?post=11749"}],"curies":[{"name":"wp","href":"https:\/\/api.w.org\/{rel}","templated":true}]}}