{"id":11744,"date":"2022-10-31T12:42:19","date_gmt":"2022-10-31T12:42:19","guid":{"rendered":"https:\/\/kitchtenstore.com\/?post_type=product&#038;p=11744"},"modified":"2022-10-31T12:42:20","modified_gmt":"2022-10-31T12:42:20","slug":"lg-65um7000-tv-led-4k-uhd-65-164cm-hdr-ultra-surround-smart-tv-3-x-hdmi-2-x-usb-classe-energetique-a","status":"publish","type":"product","link":"https:\/\/kitchtenstore.com\/fr\/produit\/lg-65um7000-tv-led-4k-uhd-65-164cm-hdr-ultra-surround-smart-tv-3-x-hdmi-2-x-usb-classe-energetique-a\/","title":{"rendered":"LG 65UM7000 TV LED 4K UHD \u2013 65\u201d (164cm) \u2013 HDR \u2013 Ultra Surround \u2013 Smart TV \u2013 3 x HDMI \u2013 2 x USB \u2013 Classe \u00e9nerg\u00e9tique A"},"content":{"rendered":"<h2>Description<\/h2>\n<table class=\"fpDescTb fpDescTbPub\">\n<tbody>\n<tr>\n<th colspan=\"2\">Informations g\u00e9n\u00e9rales sur le produit<\/th>\n<\/tr>\n<tr>\n<td>Marque<\/td>\n<td>LG<\/td>\n<\/tr>\n<tr>\n<td>Nom du produit<\/td>\n<td>LG 65UM7000 TV LED 4K UHD \u2013 65\u201d (164cm) \u2013 HDR \u2013 U<\/td>\n<\/tr>\n<tr>\n<td>Cat\u00e9gorie<\/td>\n<td>T\u00e9l\u00e9viseur LED<\/td>\n<\/tr>\n<tr>\n<th colspan=\"2\">Informations sur le produit<\/th>\n<\/tr>\n<tr>\n<td>Design<\/td>\n<td>Ceramic Black<\/td>\n<\/tr>\n<tr>\n<th colspan=\"2\">G\u00e9n\u00e9ral<\/th>\n<\/tr>\n<tr>\n<td>Type de produit<\/td>\n<td>TV LCD avec r\u00e9tro\u00e9clairage par LED \u2013 Smart TV<\/td>\n<\/tr>\n<tr>\n<td>Interface vid\u00e9o<\/td>\n<td>Composant, composite, HDMI<\/td>\n<\/tr>\n<tr>\n<td>Consommation \u00e9lectrique en mode marche<\/td>\n<td>142 Watt<\/td>\n<\/tr>\n<tr>\n<td>Dimensions<\/td>\n<td>Sans support<\/td>\n<\/tr>\n<tr>\n<td>Largeur<\/td>\n<td>146.8 cm<\/td>\n<\/tr>\n<tr>\n<td>Hauteur<\/td>\n<td>85.4 cm<\/td>\n<\/tr>\n<tr>\n<td>Profondeur<\/td>\n<td>8.99 cm<\/td>\n<\/tr>\n<tr>\n<td>Poids<\/td>\n<td>21 kg<\/td>\n<\/tr>\n<tr>\n<td>Consommation d\u2019\u00e9nergie annuelle<\/td>\n<td>197 kWh<\/td>\n<\/tr>\n<tr>\n<td>Plate-forme<\/td>\n<td>webOS 4.5<\/td>\n<\/tr>\n<tr>\n<td>Classe de diagonale<\/td>\n<td>164 cm (65\u2033)<\/td>\n<\/tr>\n<tr>\n<td>Am\u00e9liorations d\u2019image<\/td>\n<td>4K Upscaling, R\u00e9duction de bruit, True Color Accuracy, Advanced Color Enhancer, HDR Dynamic Tone Mapping<\/td>\n<\/tr>\n<tr>\n<td>Compatible HDR<\/td>\n<td>Oui<\/td>\n<\/tr>\n<tr>\n<td>Technologie HDR<\/td>\n<td>HDR 10, Hybrid Log-Gamma (HLG), HDR 10 Pro<\/td>\n<\/tr>\n<tr>\n<td>Classe \u00e9nerg\u00e9tique<\/td>\n<td>Classe A<\/td>\n<\/tr>\n<tr>\n<td>Pr\u00e9sence de syntonisateur TV<\/td>\n<td>Oui<\/td>\n<\/tr>\n<tr>\n<td>Nombre de ports HDMI<\/td>\n<td>3 ports<\/td>\n<\/tr>\n<tr>\n<th colspan=\"2\">Affichage<\/th>\n<\/tr>\n<tr>\n<td>Technologie de r\u00e9tro\u00e9clairage LCD<\/td>\n<td>R\u00e9tro\u00e9clairage par LED \u2013 LED \u00e0 \u00e9clairage direct \u2013 LED \u00e0 \u00e9clairage direct<\/td>\n<\/tr>\n<tr>\n<td>R\u00e9solution<\/td>\n<td>3840 x 2160<\/td>\n<\/tr>\n<tr>\n<td>Format d\u2019affichage<\/td>\n<td>4K UHD (2160p)<\/td>\n<\/tr>\n<tr>\n<td>Technologie d\u2019affichage LCD<\/td>\n<td>IPS<\/td>\n<\/tr>\n<tr>\n<td>Fonctions suppl\u00e9mentaires<\/td>\n<td>Lecture et enregistrement simultan\u00e9s, enregistrement DVB-T vers USB, processeur Quad-Core, fonction de r\u00e9alit\u00e9 virtuelle (360 VR)<\/td>\n<\/tr>\n<tr>\n<td>Format de l\u2019image<\/td>\n<td>16:9<\/td>\n<\/tr>\n<tr>\n<td>Taux d\u2019image et technologie d\u2019am\u00e9lioration<\/td>\n<td>Variable Refresh Rate (VRR)<\/td>\n<\/tr>\n<tr>\n<th colspan=\"2\">Connexions<\/th>\n<\/tr>\n<tr>\n<td>Type de connecteur<\/td>\n<td>USB 2.0 \u2013 arri\u00e8re<br \/>\nUSB 2.0 \u2013 c\u00f4t\u00e9<br \/>\nEntr\u00e9e vid\u00e9o composite \/ vid\u00e9o composante \/ audio<br \/>\nHDMI \u2013 arri\u00e8re<br \/>\n2 x HDMI \u2013 c\u00f4t\u00e9<br \/>\nSortie audio num\u00e9rique (optique) \u2013 arri\u00e8re<br \/>\nLAN \u2013 arri\u00e8re<\/td>\n<\/tr>\n<tr>\n<th colspan=\"2\">Tuner de t\u00e9l\u00e9vision<\/th>\n<\/tr>\n<tr>\n<td>Acc\u00e8s conditionnel<\/td>\n<td>Logement Common Interface Plus (CI+)<\/td>\n<\/tr>\n<tr>\n<th colspan=\"2\">Tuner TV num\u00e9rique<\/th>\n<\/tr>\n<tr>\n<td>Tuner TV num\u00e9rique<\/td>\n<td>DVB-C, DVB-S2, DVB-T2<\/td>\n<\/tr>\n<tr>\n<td>Tuner TVHD<\/td>\n<td>Oui<\/td>\n<\/tr>\n<tr>\n<th colspan=\"2\">Fonctionnalit\u00e9s vid\u00e9o<\/th>\n<\/tr>\n<tr>\n<td>Formats vid\u00e9o d\u2019entr\u00e9e<\/td>\n<td>2160\/60p<\/td>\n<\/tr>\n<tr>\n<th colspan=\"2\">Lecteur multim\u00e9dia<\/th>\n<\/tr>\n<tr>\n<td>Port USB<\/td>\n<td>Oui<\/td>\n<\/tr>\n<tr>\n<td>Formats audio pris en charge<\/td>\n<td>MP3, WMA, PCM, AC3, AAC, HE-AAC, E-AC3, DTS, MP2, AC4<\/td>\n<\/tr>\n<tr>\n<td>Formats vid\u00e9o pris en charge<\/td>\n<td>HEVC, H.265<\/td>\n<\/tr>\n<tr>\n<td>Nombre de ports USB<\/td>\n<td>2<\/td>\n<\/tr>\n<tr>\n<th colspan=\"2\">Syst\u00e8me audio<\/th>\n<\/tr>\n<tr>\n<td>Syst\u00e8me de haut-parleurs<\/td>\n<td>2 haut-parleurs<\/td>\n<\/tr>\n<tr>\n<td>Alimentation en sortie \/ Total<\/td>\n<td>20 Watt<\/td>\n<\/tr>\n<tr>\n<td>Format audio num\u00e9rique<\/td>\n<td>Sortie num\u00e9rique Dolby, sortie num\u00e9rique DTS<\/td>\n<\/tr>\n<tr>\n<td>Haut-parleurs<\/td>\n<td>2 x haut-parleur \u2013 int\u00e9gr\u00e9 \u2013 10 Watt<\/td>\n<\/tr>\n<tr>\n<td>Fonctions suppl\u00e9mentaires<\/td>\n<td>Down-firing Speaker, reconnaissance vocale, ARC (Audio Return Channel), compression audio apt-X, Simultaneous Audio, One Touch Sound Tuning, Adaptive Sound Control<\/td>\n<\/tr>\n<tr>\n<th colspan=\"2\">Multim\u00e9dia r\u00e9seau et Internet<\/th>\n<\/tr>\n<tr>\n<td>Fonctionnalit\u00e9s<\/td>\n<td>Lecture audio num\u00e9rique, lecture de vid\u00e9os YouTube, lecture vid\u00e9o Internet, lecture en continu des m\u00e9dias<\/td>\n<\/tr>\n<tr>\n<td>Connectivit\u00e9<\/td>\n<td>Wi-Fi, LAN, Bluetooth<\/td>\n<\/tr>\n<tr>\n<td>Services de diffusion en streaming sur Internet<\/td>\n<td>Netflix, YouTube, Spotify, HbbTV, Infinity, Premium Play, Chili, Google Play Movies &amp; TV, Now TV, Mediaset, Magic Link, RaiPlay, Amazon Prime Video, Rakuten TV, DAZN<\/td>\n<\/tr>\n<tr>\n<td>DLNA<\/td>\n<td>Oui<\/td>\n<\/tr>\n<tr>\n<td>Protocole LAN<\/td>\n<td>Ethernet<\/td>\n<\/tr>\n<tr>\n<td>Connecter &amp; partager<\/td>\n<td>Wi-Fi Miracast, Bluetooth Audio Link<\/td>\n<\/tr>\n<tr>\n<th colspan=\"2\">T\u00e9l\u00e9commande<\/th>\n<\/tr>\n<tr>\n<td>Type<\/td>\n<td>T\u00e9l\u00e9commande standard<\/td>\n<\/tr>\n<tr>\n<th colspan=\"2\">Alimentation<\/th>\n<\/tr>\n<tr>\n<td>Tension nominale<\/td>\n<td>CA 120\/230 V (50\/60 Hz)<\/td>\n<\/tr>\n<tr>\n<td>Consommation \u00e9lectrique en veille<\/td>\n<td>0.5 Watt<\/td>\n<\/tr>\n<tr>\n<th colspan=\"2\">Supports et syst\u00e8mes de montage<\/th>\n<\/tr>\n<tr>\n<td>Pied<\/td>\n<td>Inclus<\/td>\n<\/tr>\n<tr>\n<td>Type de support<\/td>\n<td>De table<\/td>\n<\/tr>\n<tr>\n<td>Interface de montage pour \u00e9cran plat<\/td>\n<td>300 x 300 mm<\/td>\n<\/tr>\n<tr>\n<th colspan=\"2\">Dimensions et poids (emball\u00e9)<\/th>\n<\/tr>\n<tr>\n<td>Hauteur (Exp\u00e9dition)<\/td>\n<td>97 cm<\/td>\n<\/tr>\n<tr>\n<td>Largeur (emball\u00e9e)<\/td>\n<td>160 cm<\/td>\n<\/tr>\n<tr>\n<td>Profondeur (emball\u00e9e)<\/td>\n<td>19 cm<\/td>\n<\/tr>\n<tr>\n<td>Poids (Exp\u00e9dition)<\/td>\n<td>28.6 kg<\/td>\n<\/tr>\n<tr>\n<th colspan=\"2\">Divers<\/th>\n<\/tr>\n<tr>\n<td>Accessoires inclus<\/td>\n<td>SmartCARD HD Tiv\u00f9Sat<\/td>\n<\/tr>\n<tr>\n<th colspan=\"2\">Attributs de recherche<\/th>\n<\/tr>\n<tr>\n<td>Multim\u00e9dia r\u00e9seau et Internet|Connectivit\u00e9<\/td>\n<td>Bluetooth<br \/>\nLAN<br \/>\nWi-Fi<\/td>\n<\/tr>\n<tr>\n<td>T\u00e9l\u00e9vision|Compatible HDR<\/td>\n<td>Oui<\/td>\n<\/tr>\n<tr>\n<th colspan=\"2\">Dimensions &amp; Poids \u2013 D\u00e9tails<\/th>\n<\/tr>\n<tr>\n<td>Dimensions &amp; Poids \u2013 D\u00e9tails<\/td>\n<td>Panneau sans support au sol \u2013 146.8 cm x 8.99 cm x 85.4 cm x 21 kg<br \/>\nPanneau avec support au sol \u2013 146.8 cm x 25.5 cm x 91.3 cm x 21.2 kg<\/td>\n<\/tr>\n<\/tbody>\n<\/table>","protected":false},"excerpt":{"rendered":"<div class=\"woocommerce-product-details__short-description\">\n<p><span class=\"fpBlocTitle\">Les points forts :<\/span><\/p>\n<ul>\n<li>R\u00e9tro\u00e9clairage par LED \u2013 LED \u00e0 \u00e9clairage direct \u2013 LED \u00e0 \u00e9clairage direct<\/li>\n<li>Format d\u2019affichage : 4K UHD (2160p)<\/li>\n<li>R\u00e9solution : 3840 x 2160<\/li>\n<li>Technologie HDR : HDR 10, Hybrid Log-Gamma (HLG), HDR 10 Pro<\/li>\n<li>Design : Ceramic Black<\/li>\n<\/ul>\n<div class=\"jsFpBulletPointMore\">\n<ul>\n<li>Tuner TV num\u00e9rique : DVB-C, DVB-S2, DVB-T2<\/li>\n<li>Am\u00e9liorations d\u2019image : 4K Upscaling, R\u00e9duction de bruit, True Color Accuracy, Advanced Color Enhancer, HDR Dynamic Tone Mapping<\/li>\n<li>Interface vid\u00e9o : Composant, composite, HDMI<\/li>\n<\/ul>\n<\/div>\n<\/div>","protected":false},"featured_media":11747,"comment_status":"open","ping_status":"closed","template":"","meta":{"inline_featured_image":false,"_joinchat":[]},"product_cat":[30],"product_tag":[],"class_list":{"0":"post-11744","1":"product","2":"type-product","3":"status-publish","4":"has-post-thumbnail","6":"product_cat-image-tv-sons","8":"first","9":"instock","10":"shipping-taxable","11":"purchasable","12":"product-type-simple"},"_links":{"self":[{"href":"https:\/\/kitchtenstore.com\/fr\/wp-json\/wp\/v2\/product\/11744","targetHints":{"allow":["GET"]}}],"collection":[{"href":"https:\/\/kitchtenstore.com\/fr\/wp-json\/wp\/v2\/product"}],"about":[{"href":"https:\/\/kitchtenstore.com\/fr\/wp-json\/wp\/v2\/types\/product"}],"replies":[{"embeddable":true,"href":"https:\/\/kitchtenstore.com\/fr\/wp-json\/wp\/v2\/comments?post=11744"}],"version-history":[{"count":1,"href":"https:\/\/kitchtenstore.com\/fr\/wp-json\/wp\/v2\/product\/11744\/revisions"}],"predecessor-version":[{"id":11748,"href":"https:\/\/kitchtenstore.com\/fr\/wp-json\/wp\/v2\/product\/11744\/revisions\/11748"}],"wp:featuredmedia":[{"embeddable":true,"href":"https:\/\/kitchtenstore.com\/fr\/wp-json\/wp\/v2\/media\/11747"}],"wp:attachment":[{"href":"https:\/\/kitchtenstore.com\/fr\/wp-json\/wp\/v2\/media?parent=11744"}],"wp:term":[{"taxonomy":"product_cat","embeddable":true,"href":"https:\/\/kitchtenstore.com\/fr\/wp-json\/wp\/v2\/product_cat?post=11744"},{"taxonomy":"product_tag","embeddable":true,"href":"https:\/\/kitchtenstore.com\/fr\/wp-json\/wp\/v2\/product_tag?post=11744"}],"curies":[{"name":"wp","href":"https:\/\/api.w.org\/{rel}","templated":true}]}}