{"id":11733,"date":"2022-10-31T12:35:11","date_gmt":"2022-10-31T12:35:11","guid":{"rendered":"https:\/\/kitchtenstore.com\/?post_type=product&#038;p=11733"},"modified":"2022-10-31T12:35:12","modified_gmt":"2022-10-31T12:35:12","slug":"lg-82um7600-tv-led-4k-uhd-82-208cm-dolby-vision-atmos-smart-tv-4-x-hdmi-3-x-usb-classe-energetique-a","status":"publish","type":"product","link":"https:\/\/kitchtenstore.com\/fr\/produit\/lg-82um7600-tv-led-4k-uhd-82-208cm-dolby-vision-atmos-smart-tv-4-x-hdmi-3-x-usb-classe-energetique-a\/","title":{"rendered":"LG 82UM7600 TV LED 4K UHD \u2013 82\u201d (208cm) \u2013 Dolby Vision &#038; Atmos \u2013 Smart TV \u2013 4 x HDMI \u2013 3 x USB \u2013 Classe \u00e9nerg\u00e9tique A"},"content":{"rendered":"<h2>Description<\/h2>\n<table class=\"fpDescTb fpDescTbPub\">\n<tbody>\n<tr>\n<th colspan=\"2\">Informations g\u00e9n\u00e9rales sur le produit<\/th>\n<\/tr>\n<tr>\n<td>Marque<\/td>\n<td>LG<\/td>\n<\/tr>\n<tr>\n<td>Nom du produit<\/td>\n<td>LG 82UM7600 TV LED 4K UHD \u2013 82\u201d (208cm) \u2013 Dolby V<\/td>\n<\/tr>\n<tr>\n<td>Cat\u00e9gorie<\/td>\n<td>T\u00e9l\u00e9viseur LED<\/td>\n<\/tr>\n<tr>\n<th colspan=\"2\">G\u00e9n\u00e9ral<\/th>\n<\/tr>\n<tr>\n<td>Type de Produit<\/td>\n<td>TV LCD avec r\u00e9tro\u00e9clairage par LED \u2013 Smart TV<\/td>\n<\/tr>\n<tr>\n<td>Interface vid\u00e9o<\/td>\n<td>HDMI<\/td>\n<\/tr>\n<tr>\n<td>Consommation \u00e9lectrique en mode marche<\/td>\n<td>246 Watt<\/td>\n<\/tr>\n<tr>\n<td>Dimensions<\/td>\n<td>Sans support<\/td>\n<\/tr>\n<tr>\n<td>Largeur<\/td>\n<td>185 cm<\/td>\n<\/tr>\n<tr>\n<td>Hauteur<\/td>\n<td>106.8 cm<\/td>\n<\/tr>\n<tr>\n<td>Profondeur<\/td>\n<td>8.99 cm<\/td>\n<\/tr>\n<tr>\n<td>Poids<\/td>\n<td>46.5 kg<\/td>\n<\/tr>\n<tr>\n<td>Consommation d\u2019\u00e9nergie annuelle<\/td>\n<td>341 kWh<\/td>\n<\/tr>\n<tr>\n<td>Plate-forme<\/td>\n<td>webOS, LG ThinQ AI<\/td>\n<\/tr>\n<tr>\n<td>Classe de diagonale<\/td>\n<td>208 cm (82\u2033)<\/td>\n<\/tr>\n<tr>\n<td>Modes<\/td>\n<td>Auto Game Mode<\/td>\n<\/tr>\n<tr>\n<td>Am\u00e9liorations d\u2019image<\/td>\n<td>4K Upscaling, R\u00e9duction de bruit, Calibration automatique, True Color Accuracy, Object Depth Enhancer, Sharpness Enhancer, Advanced Color Enhancer, HDR Dynamic Tone Mapping, Photo IA apprentissage profond, AI Brightness<\/td>\n<\/tr>\n<tr>\n<td>Compatible HDR<\/td>\n<td>Oui<\/td>\n<\/tr>\n<tr>\n<td>Technologie HDR<\/td>\n<td>Dolby Vision, Hybrid Log-Gamma (HLG), 4K Cinema HDR, HDR 10 Pro, Technicolor Advanced HDR<\/td>\n<\/tr>\n<tr>\n<td>Classe \u00e9nerg\u00e9tique<\/td>\n<td>Classe A<\/td>\n<\/tr>\n<tr>\n<td>Pr\u00e9sence de syntonisateur TV<\/td>\n<td>Oui<\/td>\n<\/tr>\n<tr>\n<td>Nombre de ports HDMI<\/td>\n<td>4 ports<\/td>\n<\/tr>\n<tr>\n<th colspan=\"2\">Affichage<\/th>\n<\/tr>\n<tr>\n<td>Technologie de r\u00e9tro\u00e9clairage LCD<\/td>\n<td>R\u00e9tro\u00e9clairage par LED \u2013 LED \u00e0 \u00e9clairage direct \u2013 LED \u00e0 \u00e9clairage direct<\/td>\n<\/tr>\n<tr>\n<td>R\u00e9solution<\/td>\n<td>3840 x 2160<\/td>\n<\/tr>\n<tr>\n<td>Format d\u2019affichage<\/td>\n<td>4K UHD (2160p)<\/td>\n<\/tr>\n<tr>\n<td>Technologie d\u2019affichage LCD<\/td>\n<td>IPS<\/td>\n<\/tr>\n<tr>\n<td>Fonctions suppl\u00e9mentaires<\/td>\n<td>Lecture et enregistrement simultan\u00e9s, processeur Quad-Core, support 10 bits, STT (Speech To Text), Time Machine, 2K High Frame Rate (HFR), a7 Gen 2 Intelligent Processor, support Apple AirPlay 2<\/td>\n<\/tr>\n<tr>\n<td>Format de l\u2019image<\/td>\n<td>16:9<\/td>\n<\/tr>\n<tr>\n<th colspan=\"2\">Connexions<\/th>\n<\/tr>\n<tr>\n<td>Type de connecteur<\/td>\n<td>2 x HDMI \u2013 arri\u00e8re<br \/>\n2 x HDMI \u2013 c\u00f4t\u00e9<br \/>\n2 x USB \u2013 arri\u00e8re<br \/>\nUSB \u2013 c\u00f4t\u00e9<br \/>\nR\u00e9seau<br \/>\nSortie audio num\u00e9rique (optique)<br \/>\nSortie de ligne audio \/ casques<\/td>\n<\/tr>\n<tr>\n<th colspan=\"2\">Tuner de t\u00e9l\u00e9vision<\/th>\n<\/tr>\n<tr>\n<td>Acc\u00e8s conditionnel<\/td>\n<td>Logement Common Interface Plus (CI+)<\/td>\n<\/tr>\n<tr>\n<td>Aper\u00e7u multi-chaines<\/td>\n<td>Ecran partag\u00e9<\/td>\n<\/tr>\n<tr>\n<th colspan=\"2\">Tuner TV num\u00e9rique<\/th>\n<\/tr>\n<tr>\n<td>Tuner TV num\u00e9rique<\/td>\n<td>DVB-C, DVB-S2, DVB-T2<\/td>\n<\/tr>\n<tr>\n<td>Tuner TVHD<\/td>\n<td>Oui<\/td>\n<\/tr>\n<tr>\n<th colspan=\"2\">Fonctionnalit\u00e9s vid\u00e9o<\/th>\n<\/tr>\n<tr>\n<td>T\u00e9l\u00e9texte<\/td>\n<td>Oui<\/td>\n<\/tr>\n<tr>\n<td>M\u00e9moire T\u00e9l\u00e9texte<\/td>\n<td>2000 pages<\/td>\n<\/tr>\n<tr>\n<td>Guide \u00e9lectronique des programmes<\/td>\n<td>EPG num\u00e9rique<\/td>\n<\/tr>\n<tr>\n<th colspan=\"2\">Lecteur multim\u00e9dia<\/th>\n<\/tr>\n<tr>\n<td>Port USB<\/td>\n<td>Oui<\/td>\n<\/tr>\n<tr>\n<td>Formats audio pris en charge<\/td>\n<td>MP3, WMA, PCM, AC3, AAC, HE-AAC, E-AC3, DTS, MP2, AC4<\/td>\n<\/tr>\n<tr>\n<td>Nombre de ports USB<\/td>\n<td>3<\/td>\n<\/tr>\n<tr>\n<th colspan=\"2\">Syst\u00e8me audio<\/th>\n<\/tr>\n<tr>\n<td>Syst\u00e8me de haut-parleurs<\/td>\n<td>2 haut-parleurs<\/td>\n<\/tr>\n<tr>\n<td>Alimentation en sortie \/ Total<\/td>\n<td>20 Watt<\/td>\n<\/tr>\n<tr>\n<td>Mode Surround<\/td>\n<td>Oui<\/td>\n<\/tr>\n<tr>\n<td>Bruitages<\/td>\n<td>ULTRA Surround, Dolby Atmos<\/td>\n<\/tr>\n<tr>\n<td>Haut-parleurs<\/td>\n<td>2 x haut-parleur \u2013 int\u00e9gr\u00e9 \u2013 10 Watt<\/td>\n<\/tr>\n<tr>\n<td>Fonctions suppl\u00e9mentaires<\/td>\n<td>D\u00e9codeur DTS int\u00e9gr\u00e9, lecture audio en transit Bluetooth, ARC (Audio Return Channel), Dolby Surround Sound, technologie apt-X, technologie Clear Voice III, LG Sound Sync, Intelligent Voice Recognition, One Touch Sound Tuning, Son IA, Notification automatique<\/td>\n<\/tr>\n<tr>\n<th colspan=\"2\">Multim\u00e9dia r\u00e9seau et Internet<\/th>\n<\/tr>\n<tr>\n<td>Fonctionnalit\u00e9s<\/td>\n<td>Lecture vid\u00e9o Internet<\/td>\n<\/tr>\n<tr>\n<td>Connectivit\u00e9<\/td>\n<td>Wi-Fi, LAN, Bluetooth<\/td>\n<\/tr>\n<tr>\n<td>Services de diffusion en streaming sur Internet<\/td>\n<td>Voice Search<\/td>\n<\/tr>\n<tr>\n<td>Protocole WiFi<\/td>\n<td>802.11ac<\/td>\n<\/tr>\n<tr>\n<td>Connecter &amp; partager<\/td>\n<td>Sym\u00e9trie de l\u2019\u00e9cran<\/td>\n<\/tr>\n<tr>\n<td>Contr\u00f4le \u00e9lectronique de prise en charge de consommateur (CEC)<\/td>\n<td>Simplink<\/td>\n<\/tr>\n<tr>\n<td>Version de Bluetooth<\/td>\n<td>Bluetooth 5.0<\/td>\n<\/tr>\n<tr>\n<th colspan=\"2\">T\u00e9l\u00e9commande<\/th>\n<\/tr>\n<tr>\n<td>Type<\/td>\n<td>T\u00e9l\u00e9commande standard<\/td>\n<\/tr>\n<tr>\n<td>Caract\u00e9ristiques<\/td>\n<td>T\u00e9l\u00e9commande magique<\/td>\n<\/tr>\n<tr>\n<th colspan=\"2\">Alimentation<\/th>\n<\/tr>\n<tr>\n<td>P\u00e9riph\u00e9rique d\u2019alimentation<\/td>\n<td>Alimentation \u00e9lectrique<\/td>\n<\/tr>\n<tr>\n<td>Tension nominale<\/td>\n<td>CA 120\/230 V (50\/60 Hz)<\/td>\n<\/tr>\n<tr>\n<td>Consommation \u00e9lectrique en veille<\/td>\n<td>0.5 Watt<\/td>\n<\/tr>\n<tr>\n<th colspan=\"2\">Supports et syst\u00e8mes de montage<\/th>\n<\/tr>\n<tr>\n<td>Pied<\/td>\n<td>Inclus<\/td>\n<\/tr>\n<tr>\n<td>Type de support<\/td>\n<td>De table<\/td>\n<\/tr>\n<tr>\n<td>Interface de montage pour \u00e9cran plat<\/td>\n<td>600 x 400 mm<\/td>\n<\/tr>\n<tr>\n<th colspan=\"2\">Dimensions et poids (emball\u00e9)<\/th>\n<\/tr>\n<tr>\n<td>Hauteur (Exp\u00e9dition)<\/td>\n<td>121.5 cm<\/td>\n<\/tr>\n<tr>\n<td>Largeur (emball\u00e9e)<\/td>\n<td>199 cm<\/td>\n<\/tr>\n<tr>\n<td>Profondeur (emball\u00e9e)<\/td>\n<td>28.5 cm<\/td>\n<\/tr>\n<tr>\n<td>Poids (Exp\u00e9dition)<\/td>\n<td>63.5 kg<\/td>\n<\/tr>\n<tr>\n<th colspan=\"2\">Attributs de recherche<\/th>\n<\/tr>\n<tr>\n<td>Multim\u00e9dia r\u00e9seau et Internet|Connectivit\u00e9<\/td>\n<td>Bluetooth<br \/>\nLAN<br \/>\nWi-Fi<\/td>\n<\/tr>\n<tr>\n<td>T\u00e9l\u00e9vision|Compatible HDR<\/td>\n<td>Oui<\/td>\n<\/tr>\n<tr>\n<th colspan=\"2\">Dimensions &amp; Poids \u2013 D\u00e9tails<\/th>\n<\/tr>\n<tr>\n<td>Dimensions &amp; Poids \u2013 D\u00e9tails<\/td>\n<td>Panneau sans support au sol \u2013 185 cm x 8.99 cm x 106.8 cm x 46.5 kg<br \/>\nPanneau avec support au sol \u2013 185 cm x 43.2 cm x 114.4 cm x 49.9 kg<\/td>\n<\/tr>\n<tr>\n<th colspan=\"2\">Internet des objets (IdO)<\/th>\n<\/tr>\n<tr>\n<td>Plateforme<\/td>\n<td>Control4<\/td>\n<\/tr>\n<tr>\n<td>Compatible avec l\u2019Internet des objets (IdO)<\/td>\n<td>Oui<\/td>\n<\/tr>\n<tr>\n<td>Compatible avec Assistant Intelligent<\/td>\n<td>Alexa<\/td>\n<\/tr>\n<\/tbody>\n<\/table>","protected":false},"excerpt":{"rendered":"<div class=\"woocommerce-product-details__short-description\">\n<p><span class=\"fpBlocTitle\">Les points forts :<\/span><\/p>\n<ul>\n<li>R\u00e9tro\u00e9clairage par LED \u2013 LED \u00e0 \u00e9clairage direct \u2013 LED \u00e0 \u00e9clairage direct<\/li>\n<li>Format d\u2019affichage : 4K UHD (2160p)<\/li>\n<li>R\u00e9solution : 3840 x 2160<\/li>\n<li>Technologie HDR : Dolby Vision, Hybrid Log-Gamma (HLG), 4K Cinema HDR, HDR 10 Pro, Technicolor Advanced HDR<\/li>\n<li>Tuner TV num\u00e9rique : DVB-C, DVB-S2, DVB-T2<\/li>\n<\/ul>\n<div class=\"jsFpBulletPointMore\">\n<ul>\n<li>Am\u00e9liorations d\u2019image : 4K Upscaling, R\u00e9duction de bruit, Calibration automatique, True Color Accuracy, Object Depth Enhancer, Sharpness Enhancer, Advanced Color Enhancer, HDR Dynamic Tone Mapping, Photo IA apprentissage profond, AI Brightness<\/li>\n<li>Interface vid\u00e9o : HDMI<\/li>\n<\/ul>\n<\/div>\n<\/div>","protected":false},"featured_media":11742,"comment_status":"open","ping_status":"closed","template":"","meta":{"inline_featured_image":false,"_joinchat":[]},"product_cat":[30],"product_tag":[],"class_list":{"0":"post-11733","1":"product","2":"type-product","3":"status-publish","4":"has-post-thumbnail","6":"product_cat-image-tv-sons","8":"first","9":"instock","10":"shipping-taxable","11":"purchasable","12":"product-type-simple"},"_links":{"self":[{"href":"https:\/\/kitchtenstore.com\/fr\/wp-json\/wp\/v2\/product\/11733","targetHints":{"allow":["GET"]}}],"collection":[{"href":"https:\/\/kitchtenstore.com\/fr\/wp-json\/wp\/v2\/product"}],"about":[{"href":"https:\/\/kitchtenstore.com\/fr\/wp-json\/wp\/v2\/types\/product"}],"replies":[{"embeddable":true,"href":"https:\/\/kitchtenstore.com\/fr\/wp-json\/wp\/v2\/comments?post=11733"}],"version-history":[{"count":1,"href":"https:\/\/kitchtenstore.com\/fr\/wp-json\/wp\/v2\/product\/11733\/revisions"}],"predecessor-version":[{"id":11743,"href":"https:\/\/kitchtenstore.com\/fr\/wp-json\/wp\/v2\/product\/11733\/revisions\/11743"}],"wp:featuredmedia":[{"embeddable":true,"href":"https:\/\/kitchtenstore.com\/fr\/wp-json\/wp\/v2\/media\/11742"}],"wp:attachment":[{"href":"https:\/\/kitchtenstore.com\/fr\/wp-json\/wp\/v2\/media?parent=11733"}],"wp:term":[{"taxonomy":"product_cat","embeddable":true,"href":"https:\/\/kitchtenstore.com\/fr\/wp-json\/wp\/v2\/product_cat?post=11733"},{"taxonomy":"product_tag","embeddable":true,"href":"https:\/\/kitchtenstore.com\/fr\/wp-json\/wp\/v2\/product_tag?post=11733"}],"curies":[{"name":"wp","href":"https:\/\/api.w.org\/{rel}","templated":true}]}}