{"id":11721,"date":"2022-10-31T12:23:50","date_gmt":"2022-10-31T12:23:50","guid":{"rendered":"https:\/\/kitchtenstore.com\/?post_type=product&#038;p=11721"},"modified":"2022-10-31T12:23:50","modified_gmt":"2022-10-31T12:23:50","slug":"philips-65pus6704-12-tv-led-4k-uhd-65%e2%80%b3-164cm-ambilight-dolby-vision-atmos-smart-tv-3xhdmi-2xusb-classe-energetique-a","status":"publish","type":"product","link":"https:\/\/kitchtenstore.com\/fr\/produit\/philips-65pus6704-12-tv-led-4k-uhd-65%e2%80%b3-164cm-ambilight-dolby-vision-atmos-smart-tv-3xhdmi-2xusb-classe-energetique-a\/","title":{"rendered":"PHILIPS 65PUS6704\/12 TV LED 4K UHD \u2013 65\u2033 (164cm) \u2013 Ambilight \u2013 Dolby Vision\/Atmos \u2013 Smart TV \u2013 3xHDMI -2xUSB \u2013 Classe \u00e9nerg\u00e9tique A+"},"content":{"rendered":"<h2>Description<\/h2>\n<table class=\"fpDescTb fpDescTbPub\">\n<tbody>\n<tr>\n<th colspan=\"2\">Informations g\u00e9n\u00e9rales sur le produit<\/th>\n<\/tr>\n<tr>\n<td>Marque<\/td>\n<td>PHILIPS<\/td>\n<\/tr>\n<tr>\n<td>Nom du produit<\/td>\n<td>PHILIPS 65PUS6704\/12 TV LED 4K UHD \u2013 65\u2033 (164cm) \u2013<\/td>\n<\/tr>\n<tr>\n<td>Cat\u00e9gorie<\/td>\n<td>T\u00e9l\u00e9viseur LED<\/td>\n<\/tr>\n<tr>\n<th colspan=\"2\">G\u00e9n\u00e9ral<\/th>\n<\/tr>\n<tr>\n<td>Type de produit<\/td>\n<td>TV LCD avec r\u00e9tro\u00e9clairage par LED \u2013 Smart TV<\/td>\n<\/tr>\n<tr>\n<td>Interface vid\u00e9o<\/td>\n<td>Composant, composite, HDMI<\/td>\n<\/tr>\n<tr>\n<td>Consommation \u00e9lectrique en mode marche<\/td>\n<td>100 Watt<\/td>\n<\/tr>\n<tr>\n<td>Dimensions<\/td>\n<td>Sans support<\/td>\n<\/tr>\n<tr>\n<td>Largeur<\/td>\n<td>146.17 cm<\/td>\n<\/tr>\n<tr>\n<td>Hauteur<\/td>\n<td>85.1 cm<\/td>\n<\/tr>\n<tr>\n<td>Profondeur<\/td>\n<td>8.89 cm<\/td>\n<\/tr>\n<tr>\n<td>Poids<\/td>\n<td>23.9 kg<\/td>\n<\/tr>\n<tr>\n<td>Consommation d\u2019\u00e9nergie annuelle<\/td>\n<td>146 kWh<\/td>\n<\/tr>\n<tr>\n<td>Classe de diagonale<\/td>\n<td>164 cm (65\u2033)<\/td>\n<\/tr>\n<tr>\n<td>Am\u00e9liorations d\u2019image<\/td>\n<td>Pixel Precise Ultra HD<\/td>\n<\/tr>\n<tr>\n<td>Compatible HDR<\/td>\n<td>Oui<\/td>\n<\/tr>\n<tr>\n<td>Technologie HDR<\/td>\n<td>Dolby Vision, Hybrid Log-Gamma (HLG), HDR 10+<\/td>\n<\/tr>\n<tr>\n<td>Ambilight<\/td>\n<td>Oui<\/td>\n<\/tr>\n<tr>\n<td>Type Ambilight<\/td>\n<td>Ambilight 3 c\u00f4t\u00e9s<\/td>\n<\/tr>\n<tr>\n<td>Classe \u00e9nerg\u00e9tique<\/td>\n<td>Classe A+<\/td>\n<\/tr>\n<tr>\n<td>Pr\u00e9sence de syntonisateur TV<\/td>\n<td>Oui<\/td>\n<\/tr>\n<tr>\n<td>Nombre de ports HDMI<\/td>\n<td>3 ports<\/td>\n<\/tr>\n<tr>\n<th colspan=\"2\">Affichage<\/th>\n<\/tr>\n<tr>\n<td>Technologie de r\u00e9tro\u00e9clairage LCD<\/td>\n<td>R\u00e9tro\u00e9clairage par LED Micro Dimming<\/td>\n<\/tr>\n<tr>\n<td>R\u00e9solution<\/td>\n<td>3840 x 2160<\/td>\n<\/tr>\n<tr>\n<td>Format d\u2019affichage<\/td>\n<td>4K UHD (2160p)<\/td>\n<\/tr>\n<tr>\n<td>Fonctions suppl\u00e9mentaires<\/td>\n<td>Touche lecture universelle, processeur Quad-Core<\/td>\n<\/tr>\n<tr>\n<td>Format de l\u2019image<\/td>\n<td>16:9<\/td>\n<\/tr>\n<tr>\n<td>Taux d\u2019image et technologie d\u2019am\u00e9lioration<\/td>\n<td>1200 Picture Performance Index<\/td>\n<\/tr>\n<tr>\n<th colspan=\"2\">Connexions<\/th>\n<\/tr>\n<tr>\n<td>Type de connecteur<\/td>\n<td>USB \u2013 c\u00f4t\u00e9<br \/>\nHDMI \u2013 c\u00f4t\u00e9<br \/>\nCasque \u2013 c\u00f4t\u00e9<br \/>\nEntr\u00e9e vid\u00e9o composite \/ vid\u00e9o composante \/ audio \u2013 arri\u00e8re<br \/>\nSortie audio num\u00e9rique (optique) \u2013 arri\u00e8re<br \/>\nUSB \u2013 arri\u00e8re<br \/>\nR\u00e9seau \u2013 arri\u00e8re<br \/>\n2 x HDMI \u2013 arri\u00e8re<\/td>\n<\/tr>\n<tr>\n<th colspan=\"2\">Tuner de t\u00e9l\u00e9vision<\/th>\n<\/tr>\n<tr>\n<td>Acc\u00e8s conditionnel<\/td>\n<td>Logement Common Interface Plus (CI+)<\/td>\n<\/tr>\n<tr>\n<th colspan=\"2\">Tuner TV num\u00e9rique<\/th>\n<\/tr>\n<tr>\n<td>Tuner TV num\u00e9rique<\/td>\n<td>DVB-C, DVB-S, DVB-S2, DVB-T, DVB-T2<\/td>\n<\/tr>\n<tr>\n<td>Profils et niveaux MPEG<\/td>\n<td>MPEG4\/MPEG2\/HEVC<\/td>\n<\/tr>\n<tr>\n<td>Tuner TVHD<\/td>\n<td>Oui<\/td>\n<\/tr>\n<tr>\n<th colspan=\"2\">Fonctionnalit\u00e9s vid\u00e9o<\/th>\n<\/tr>\n<tr>\n<td>T\u00e9l\u00e9texte<\/td>\n<td>Oui<\/td>\n<\/tr>\n<tr>\n<td>Signaux d\u2019entr\u00e9e vid\u00e9o analogique<\/td>\n<td>NTSC, PAL, SECAM<\/td>\n<\/tr>\n<tr>\n<td>M\u00e9moire T\u00e9l\u00e9texte<\/td>\n<td>1000 pages<\/td>\n<\/tr>\n<tr>\n<td>Guide \u00e9lectronique des programmes<\/td>\n<td>EPG num\u00e9rique<\/td>\n<\/tr>\n<tr>\n<th colspan=\"2\">Lecteur multim\u00e9dia<\/th>\n<\/tr>\n<tr>\n<td>Port USB<\/td>\n<td>Oui<\/td>\n<\/tr>\n<tr>\n<td>Formats audio pris en charge<\/td>\n<td>MP3, WMA, WAV, AAC, WMA Pro<\/td>\n<\/tr>\n<tr>\n<td>Formats d\u2019images pris en charge<\/td>\n<td>BMP, GIF, PNG, JPEG<\/td>\n<\/tr>\n<tr>\n<td>Formats vid\u00e9o pris en charge<\/td>\n<td>MPEG-1, MPEG-2, MPEG-4, WMV, AVI, MKV, AVC, H.264, VC-1, HEVC, H.265, VP9<\/td>\n<\/tr>\n<tr>\n<td>Nombre de ports USB<\/td>\n<td>2<\/td>\n<\/tr>\n<tr>\n<th colspan=\"2\">Syst\u00e8me audio<\/th>\n<\/tr>\n<tr>\n<td>Syst\u00e8me de haut-parleurs<\/td>\n<td>2 haut-parleurs<\/td>\n<\/tr>\n<tr>\n<td>Alimentation en sortie \/ Total<\/td>\n<td>20 Watt<\/td>\n<\/tr>\n<tr>\n<td>Mode Surround<\/td>\n<td>Oui<\/td>\n<\/tr>\n<tr>\n<td>Bruitages<\/td>\n<td>Dolby Atmos<\/td>\n<\/tr>\n<tr>\n<td>D\u00e9tails au sujet du pilote<\/td>\n<td>Pilote de baffle: 2 x circuit d\u2019attaque pleine gamme<\/td>\n<\/tr>\n<tr>\n<td>Egaliseur<\/td>\n<td>Oui (5 bandes)<\/td>\n<\/tr>\n<tr>\n<td>Haut-parleurs<\/td>\n<td>2 x haut-parleur \u2013 int\u00e9gr\u00e9 \u2013 10 Watt<\/td>\n<\/tr>\n<tr>\n<td>Fonctions suppl\u00e9mentaires<\/td>\n<td>ARC (Audio Return Channel)<\/td>\n<\/tr>\n<tr>\n<th colspan=\"2\">Multim\u00e9dia r\u00e9seau et Internet<\/th>\n<\/tr>\n<tr>\n<td>Fonctionnalit\u00e9s<\/td>\n<td>Navigation WEB, lecture vid\u00e9o Internet<\/td>\n<\/tr>\n<tr>\n<td>Connectivit\u00e9<\/td>\n<td>Wi-Fi, LAN<\/td>\n<\/tr>\n<tr>\n<td>Services de diffusion en streaming sur Internet<\/td>\n<td>YouTube, HbbTV<\/td>\n<\/tr>\n<tr>\n<td>Protocole LAN<\/td>\n<td>Ethernet<\/td>\n<\/tr>\n<tr>\n<td>Protocole WiFi<\/td>\n<td>802.11n<\/td>\n<\/tr>\n<tr>\n<td>Connecter &amp; partager<\/td>\n<td>Wi-Fi Miracast, SImplyShare<\/td>\n<\/tr>\n<tr>\n<td>Contr\u00f4le \u00e9lectronique de prise en charge de consommateur (CEC)<\/td>\n<td>EasyLink<\/td>\n<\/tr>\n<tr>\n<th colspan=\"2\">T\u00e9l\u00e9commande<\/th>\n<\/tr>\n<tr>\n<td>Type<\/td>\n<td>T\u00e9l\u00e9commande standard<\/td>\n<\/tr>\n<tr>\n<td>Facteur de forme de batterie<\/td>\n<td>Type AAA<\/td>\n<\/tr>\n<tr>\n<td>Quantit\u00e9 de batterie incluse<\/td>\n<td>2<\/td>\n<\/tr>\n<tr>\n<th colspan=\"2\">Alimentation<\/th>\n<\/tr>\n<tr>\n<td>P\u00e9riph\u00e9rique d\u2019alimentation<\/td>\n<td>Alimentation \u00e9lectrique<\/td>\n<\/tr>\n<tr>\n<td>Tension nominale<\/td>\n<td>CA 230V (50\/60 Hz)<\/td>\n<\/tr>\n<tr>\n<td>Consommation \u00e9lectrique en veille<\/td>\n<td>0.3 Watt<\/td>\n<\/tr>\n<tr>\n<th colspan=\"2\">Supports et syst\u00e8mes de montage<\/th>\n<\/tr>\n<tr>\n<td>Pied<\/td>\n<td>Inclus<\/td>\n<\/tr>\n<tr>\n<td>Type de support<\/td>\n<td>De table<\/td>\n<\/tr>\n<tr>\n<td>Interface de montage pour \u00e9cran plat<\/td>\n<td>400 x 200 mm<\/td>\n<\/tr>\n<tr>\n<th colspan=\"2\">Dimensions et poids (emball\u00e9)<\/th>\n<\/tr>\n<tr>\n<td>Hauteur (Exp\u00e9dition)<\/td>\n<td>99.9 cm<\/td>\n<\/tr>\n<tr>\n<td>Largeur (emball\u00e9e)<\/td>\n<td>160 cm<\/td>\n<\/tr>\n<tr>\n<td>Profondeur (emball\u00e9e)<\/td>\n<td>17.4 cm<\/td>\n<\/tr>\n<tr>\n<td>Poids (Exp\u00e9dition)<\/td>\n<td>32.3 kg<\/td>\n<\/tr>\n<tr>\n<th colspan=\"2\">Divers<\/th>\n<\/tr>\n<tr>\n<td>Normes de conformit\u00e9<\/td>\n<td>HDCP 2.2<\/td>\n<\/tr>\n<tr>\n<th colspan=\"2\">Caract\u00e9ristiques d\u2019environnement<\/th>\n<\/tr>\n<tr>\n<td>Temp\u00e9rature maximale de fonctionnement<\/td>\n<td>35 \u00b0C<\/td>\n<\/tr>\n<tr>\n<td>Temp\u00e9rature minimale de fonctionnement<\/td>\n<td>5 \u00b0C<\/td>\n<\/tr>\n<tr>\n<th colspan=\"2\">Attributs de recherche<\/th>\n<\/tr>\n<tr>\n<td>Multim\u00e9dia r\u00e9seau et Internet|Connectivit\u00e9<\/td>\n<td>LAN<br \/>\nWi-Fi<\/td>\n<\/tr>\n<tr>\n<td>T\u00e9l\u00e9vision|Compatible HDR<\/td>\n<td>Oui<\/td>\n<\/tr>\n<tr>\n<th colspan=\"2\">Dimensions &amp; Poids \u2013 D\u00e9tails<\/th>\n<\/tr>\n<tr>\n<td>Dimensions &amp; Poids \u2013 D\u00e9tails<\/td>\n<td>Panneau sans support au sol \u2013 146.17 cm x 8.89 cm x 85.1 cm x 23.9 kg<br \/>\nPanneau avec support au sol \u2013 146.17 cm x 27.4 cm x 86.87 cm x 24.3 kg<\/td>\n<\/tr>\n<\/tbody>\n<\/table>","protected":false},"excerpt":{"rendered":"<div class=\"woocommerce-product-details__short-description\">\n<p><span class=\"fpBlocTitle\">Les points forts :<\/span><\/p>\n<ul>\n<li>R\u00e9tro\u00e9clairage par LED Micro Dimming<\/li>\n<li>Format d\u2019affichage : 4K UHD (2160p)<\/li>\n<li>R\u00e9solution : 3840 x 2160<\/li>\n<li>Technologie HDR : Dolby Vision, Hybrid Log-Gamma (HLG), HDR 10+<\/li>\n<li>Tuner TV num\u00e9rique : DVB-C, DVB-S, DVB-S2, DVB-T, DVB-T2<\/li>\n<\/ul>\n<div class=\"jsFpBulletPointMore\">\n<ul>\n<li>Am\u00e9liorations d\u2019image : Pixel Precise Ultra HD<\/li>\n<li>Interface vid\u00e9o : Composant, composite, HDMI<\/li>\n<\/ul>\n<\/div>\n<\/div>","protected":false},"featured_media":11731,"comment_status":"open","ping_status":"closed","template":"","meta":{"inline_featured_image":false,"_joinchat":[]},"product_cat":[30],"product_tag":[],"class_list":{"0":"post-11721","1":"product","2":"type-product","3":"status-publish","4":"has-post-thumbnail","6":"product_cat-image-tv-sons","8":"first","9":"instock","10":"shipping-taxable","11":"purchasable","12":"product-type-simple"},"_links":{"self":[{"href":"https:\/\/kitchtenstore.com\/fr\/wp-json\/wp\/v2\/product\/11721","targetHints":{"allow":["GET"]}}],"collection":[{"href":"https:\/\/kitchtenstore.com\/fr\/wp-json\/wp\/v2\/product"}],"about":[{"href":"https:\/\/kitchtenstore.com\/fr\/wp-json\/wp\/v2\/types\/product"}],"replies":[{"embeddable":true,"href":"https:\/\/kitchtenstore.com\/fr\/wp-json\/wp\/v2\/comments?post=11721"}],"version-history":[{"count":1,"href":"https:\/\/kitchtenstore.com\/fr\/wp-json\/wp\/v2\/product\/11721\/revisions"}],"predecessor-version":[{"id":11732,"href":"https:\/\/kitchtenstore.com\/fr\/wp-json\/wp\/v2\/product\/11721\/revisions\/11732"}],"wp:featuredmedia":[{"embeddable":true,"href":"https:\/\/kitchtenstore.com\/fr\/wp-json\/wp\/v2\/media\/11731"}],"wp:attachment":[{"href":"https:\/\/kitchtenstore.com\/fr\/wp-json\/wp\/v2\/media?parent=11721"}],"wp:term":[{"taxonomy":"product_cat","embeddable":true,"href":"https:\/\/kitchtenstore.com\/fr\/wp-json\/wp\/v2\/product_cat?post=11721"},{"taxonomy":"product_tag","embeddable":true,"href":"https:\/\/kitchtenstore.com\/fr\/wp-json\/wp\/v2\/product_tag?post=11721"}],"curies":[{"name":"wp","href":"https:\/\/api.w.org\/{rel}","templated":true}]}}