{"id":11715,"date":"2022-10-31T12:07:09","date_gmt":"2022-10-31T12:07:09","guid":{"rendered":"https:\/\/kitchtenstore.com\/?post_type=product&#038;p=11715"},"modified":"2022-10-31T12:07:10","modified_gmt":"2022-10-31T12:07:10","slug":"samsung-qe-82-q-60-r-tv-led-de-65-pouces","status":"publish","type":"product","link":"https:\/\/kitchtenstore.com\/fr\/produit\/samsung-qe-82-q-60-r-tv-led-de-65-pouces\/","title":{"rendered":"SAMSUNG QE 82 Q 60 R \u2013 TV LED + DE 65 POUCES"},"content":{"rendered":"<h2>Description<\/h2>\n<table class=\"fpDescTb fpDescTbPub\">\n<tbody>\n<tr>\n<th colspan=\"2\">Informations g\u00e9n\u00e9rales sur le produit<\/th>\n<\/tr>\n<tr>\n<td>Marque<\/td>\n<td>SAMSUNG<\/td>\n<\/tr>\n<tr>\n<td>Nom du produit<\/td>\n<td>TELE LED + DE 65 POUCES SAMSUNG QE 82 Q 60 R<\/td>\n<\/tr>\n<tr>\n<td>Cat\u00e9gorie<\/td>\n<td>T\u00e9l\u00e9viseur LED<\/td>\n<\/tr>\n<tr>\n<th colspan=\"2\">G\u00e9n\u00e9ral<\/th>\n<\/tr>\n<tr>\n<td>Type de produit<\/td>\n<td>TV QLED \u2013 Smart TV<\/td>\n<\/tr>\n<tr>\n<td>Interface vid\u00e9o<\/td>\n<td>HDMI<\/td>\n<\/tr>\n<tr>\n<td>Tuner de t\u00e9l\u00e9vision<\/td>\n<td>1 x analogique, 2 x num\u00e9rique<\/td>\n<\/tr>\n<tr>\n<td>Consommation \u00e9lectrique en mode marche<\/td>\n<td>228 Watt<\/td>\n<\/tr>\n<tr>\n<td>Dimensions<\/td>\n<td>Sans support<\/td>\n<\/tr>\n<tr>\n<td>Largeur<\/td>\n<td>183.8 cm<\/td>\n<\/tr>\n<tr>\n<td>Hauteur<\/td>\n<td>105.24 cm<\/td>\n<\/tr>\n<tr>\n<td>Profondeur<\/td>\n<td>6.12 cm<\/td>\n<\/tr>\n<tr>\n<td>Poids<\/td>\n<td>47.6 kg<\/td>\n<\/tr>\n<tr>\n<td>Consommation d\u2019\u00e9nergie annuelle<\/td>\n<td>316 kWh<\/td>\n<\/tr>\n<tr>\n<td>Classe de diagonale<\/td>\n<td>207 cm (82\u2033)<\/td>\n<\/tr>\n<tr>\n<td>PVR prolong\u00e9<\/td>\n<td>Oui<\/td>\n<\/tr>\n<tr>\n<td>Modes<\/td>\n<td>Mode jeu, Mode naturel, Mode Film, Auto Game Mode, Mode ambient, Mode intelligent<\/td>\n<\/tr>\n<tr>\n<td>Capteurs<\/td>\n<td>Capteur Eco, Color Sensor, capteur de luminosit\u00e9 ambiante<\/td>\n<\/tr>\n<tr>\n<td>Conception<\/td>\n<td>Conception Super Narrow Bezel (SNB), New Edge Design<\/td>\n<\/tr>\n<tr>\n<td>Am\u00e9liorations d\u2019image<\/td>\n<td>Digital Clean View, Mega Contrast, accentuation du contraste, 100% Color Volume, Amplificateur de jeu<\/td>\n<\/tr>\n<tr>\n<td>Compatible HDR<\/td>\n<td>Oui<\/td>\n<\/tr>\n<tr>\n<td>Technologie HDR<\/td>\n<td>Hybrid Log-Gamma (HLG), HDR 10+, Quantum HDR<\/td>\n<\/tr>\n<tr>\n<td>Consommation en fonctionnement<\/td>\n<td>295 Watt<\/td>\n<\/tr>\n<tr>\n<td>Classe \u00e9nerg\u00e9tique<\/td>\n<td>Classe A<\/td>\n<\/tr>\n<tr>\n<td>Pr\u00e9sence de syntonisateur TV<\/td>\n<td>Oui<\/td>\n<\/tr>\n<tr>\n<td>Ann\u00e9e de mod\u00e8le<\/td>\n<td>2019<\/td>\n<\/tr>\n<tr>\n<td>Nombre de ports HDMI<\/td>\n<td>4 ports<\/td>\n<\/tr>\n<tr>\n<th colspan=\"2\">Affichage<\/th>\n<\/tr>\n<tr>\n<td>Technologie de r\u00e9tro\u00e9clairage LCD<\/td>\n<td>R\u00e9tro\u00e9clairage par LED \u2013 Quantum Dot technology \u2013 Quantum Dot technology \u2013 Supreme UHD dimming<\/td>\n<\/tr>\n<tr>\n<td>R\u00e9solution<\/td>\n<td>3840 x 2160<\/td>\n<\/tr>\n<tr>\n<td>Format d\u2019affichage<\/td>\n<td>4K UHD (2160p)<\/td>\n<\/tr>\n<tr>\n<td>Langue du menu d\u2019affichage<\/td>\n<td>Multilingual<\/td>\n<\/tr>\n<tr>\n<td>Fonctions suppl\u00e9mentaires<\/td>\n<td>Lecture et enregistrement simultan\u00e9s, commutateur rapide HDMI, E-Manual, MBR Support, Freesync, AI Technology, Quantum Processor 4K<\/td>\n<\/tr>\n<tr>\n<td>Format de l\u2019image<\/td>\n<td>16:9<\/td>\n<\/tr>\n<tr>\n<td>Taux d\u2019image et technologie d\u2019am\u00e9lioration<\/td>\n<td>3000 Picture Quality Index<\/td>\n<\/tr>\n<tr>\n<th colspan=\"2\">Connexions<\/th>\n<\/tr>\n<tr>\n<td>Type de connecteur<\/td>\n<td>4 x HDMI<br \/>\n2 x USB<br \/>\nR\u00e9seau<br \/>\nSortie audio num\u00e9rique (optique)<\/td>\n<\/tr>\n<tr>\n<th colspan=\"2\">Tuner de t\u00e9l\u00e9vision<\/th>\n<\/tr>\n<tr>\n<td>Acc\u00e8s conditionnel<\/td>\n<td>Logement Common Interface Plus (CI+)<\/td>\n<\/tr>\n<tr>\n<td>Aper\u00e7u multi-chaines<\/td>\n<td>Incrustation d\u2019image<\/td>\n<\/tr>\n<tr>\n<th colspan=\"2\">Tuner TV num\u00e9rique<\/th>\n<\/tr>\n<tr>\n<td>Tuner TV num\u00e9rique<\/td>\n<td>DVB-C, DVB-S2, DVB-T2<\/td>\n<\/tr>\n<tr>\n<td>Tuner TVHD<\/td>\n<td>Oui<\/td>\n<\/tr>\n<tr>\n<th colspan=\"2\">Fonctionnalit\u00e9s vid\u00e9o<\/th>\n<\/tr>\n<tr>\n<td>Guide \u00e9lectronique des programmes<\/td>\n<td>EPG num\u00e9rique<\/td>\n<\/tr>\n<tr>\n<th colspan=\"2\">Lecteur multim\u00e9dia<\/th>\n<\/tr>\n<tr>\n<td>Port USB<\/td>\n<td>Oui<\/td>\n<\/tr>\n<tr>\n<td>Nombre de ports USB<\/td>\n<td>2<\/td>\n<\/tr>\n<tr>\n<th colspan=\"2\">Syst\u00e8me audio<\/th>\n<\/tr>\n<tr>\n<td>Syst\u00e8me de haut-parleurs<\/td>\n<td>2 haut-parleurs<\/td>\n<\/tr>\n<tr>\n<td>Alimentation en sortie \/ Total<\/td>\n<td>20 Watt<\/td>\n<\/tr>\n<tr>\n<td>Format audio num\u00e9rique<\/td>\n<td>Sortie Dolby Digital Plus<\/td>\n<\/tr>\n<tr>\n<td>Haut-parleurs<\/td>\n<td>2 x haut-parleur \u2013 int\u00e9gr\u00e9 \u2013 10 Watt<\/td>\n<\/tr>\n<tr>\n<td>Fonctions suppl\u00e9mentaires<\/td>\n<td>Lecture audio en transit Bluetooth, ARC (Audio Return Channel), Interaction vocale en champ lointain, Am\u00e9lioration du dialogue, Descripteur de pr\u00e9s\u00e9lection audio<\/td>\n<\/tr>\n<tr>\n<th colspan=\"2\">Multim\u00e9dia r\u00e9seau et Internet<\/th>\n<\/tr>\n<tr>\n<td>Fonctionnalit\u00e9s<\/td>\n<td>Lecture audio num\u00e9rique, lecteur de photo num\u00e9rique, lecture vid\u00e9o num\u00e9rique, navigation WEB, lecture vid\u00e9o Internet<\/td>\n<\/tr>\n<tr>\n<td>Connectivit\u00e9<\/td>\n<td>Wi-Fi, LAN, Bluetooth<\/td>\n<\/tr>\n<tr>\n<td>Services de diffusion en streaming sur Internet<\/td>\n<td>HbbTV<\/td>\n<\/tr>\n<tr>\n<td>DLNA<\/td>\n<td>Oui<\/td>\n<\/tr>\n<tr>\n<td>Protocole LAN<\/td>\n<td>Ethernet<\/td>\n<\/tr>\n<tr>\n<td>Connecter &amp; partager<\/td>\n<td>Wi-Fi Direct, Sym\u00e9trie de l\u2019\u00e9cran, Appareil d\u2019interface humaine USB (HID), ConnectShare, Bluetooth Human Interface Device (HID), Sound Mirroring<\/td>\n<\/tr>\n<tr>\n<td>Contr\u00f4le \u00e9lectronique de prise en charge de consommateur (CEC)<\/td>\n<td>Anynet Plus, Lien Multiroom<\/td>\n<\/tr>\n<tr>\n<th colspan=\"2\">T\u00e9l\u00e9commande<\/th>\n<\/tr>\n<tr>\n<td>Type<\/td>\n<td>T\u00e9l\u00e9commande standard<\/td>\n<\/tr>\n<tr>\n<td>Mod\u00e8le de t\u00e9l\u00e9commande<\/td>\n<td>Samsung TM1950C<\/td>\n<\/tr>\n<tr>\n<td>Caract\u00e9ristiques<\/td>\n<td>Samsung Smart Control inclus<\/td>\n<\/tr>\n<tr>\n<th colspan=\"2\">Alimentation<\/th>\n<\/tr>\n<tr>\n<td>P\u00e9riph\u00e9rique d\u2019alimentation<\/td>\n<td>Alimentation \u00e9lectrique<\/td>\n<\/tr>\n<tr>\n<td>Tension nominale<\/td>\n<td>CA 230V (50\/60 Hz)<\/td>\n<\/tr>\n<tr>\n<td>Marche \/ arr\u00eat auto<\/td>\n<td>Oui<\/td>\n<\/tr>\n<tr>\n<td>Consommation \u00e9lectrique en veille<\/td>\n<td>0.5 Watt<\/td>\n<\/tr>\n<tr>\n<th colspan=\"2\">Supports et syst\u00e8mes de montage<\/th>\n<\/tr>\n<tr>\n<td>Pied<\/td>\n<td>Inclus<\/td>\n<\/tr>\n<tr>\n<td>Type de support<\/td>\n<td>De table<\/td>\n<\/tr>\n<tr>\n<td>Interface de montage pour \u00e9cran plat<\/td>\n<td>Oui<\/td>\n<\/tr>\n<tr>\n<th colspan=\"2\">Dimensions et poids (emball\u00e9)<\/th>\n<\/tr>\n<tr>\n<td>Hauteur (Exp\u00e9dition)<\/td>\n<td>122.4 cm<\/td>\n<\/tr>\n<tr>\n<td>Largeur (emball\u00e9e)<\/td>\n<td>203.9 cm<\/td>\n<\/tr>\n<tr>\n<td>Profondeur (emball\u00e9e)<\/td>\n<td>26 cm<\/td>\n<\/tr>\n<tr>\n<td>Poids (Exp\u00e9dition)<\/td>\n<td>62.3 kg<\/td>\n<\/tr>\n<tr>\n<th colspan=\"2\">Divers<\/th>\n<\/tr>\n<tr>\n<td>Accessoires inclus<\/td>\n<td>Piles<\/td>\n<\/tr>\n<tr>\n<td>Normes de conformit\u00e9<\/td>\n<td>IPv6 Ready<\/td>\n<\/tr>\n<tr>\n<th colspan=\"2\">Attributs de recherche<\/th>\n<\/tr>\n<tr>\n<td>Multim\u00e9dia r\u00e9seau et Internet|Connectivit\u00e9<\/td>\n<td>Bluetooth<br \/>\nLAN<br \/>\nWi-Fi<\/td>\n<\/tr>\n<tr>\n<td>T\u00e9l\u00e9vision|Compatible HDR<\/td>\n<td>Oui<\/td>\n<\/tr>\n<tr>\n<th colspan=\"2\">Dimensions &amp; Poids \u2013 D\u00e9tails<\/th>\n<\/tr>\n<tr>\n<td>Dimensions &amp; Poids \u2013 D\u00e9tails<\/td>\n<td>Panneau sans support au sol \u2013 183.8 cm x 6.12 cm x 105.24 cm x 47.6 kg<br \/>\nPanneau avec support au sol \u2013 183.8 cm x 38.73 cm x 114.77 cm x 48.8 kg<\/td>\n<\/tr>\n<tr>\n<th colspan=\"2\">Internet des objets (IdO)<\/th>\n<\/tr>\n<tr>\n<td>Plateforme<\/td>\n<td>SmartThings<\/td>\n<\/tr>\n<tr>\n<td>Compatible avec l\u2019Internet des objets (IdO)<\/td>\n<td>Oui<\/td>\n<\/tr>\n<tr>\n<td>Compatible avec Assistant Intelligent<\/td>\n<td>Google Assistant, Alexa, Bixby<\/td>\n<\/tr>\n<\/tbody>\n<\/table>","protected":false},"excerpt":{"rendered":"<div class=\"woocommerce-product-details__short-description\">\n<p><span class=\"fpBlocTitle\">Les points forts :<\/span><\/p>\n<ul>\n<li>R\u00e9tro\u00e9clairage par LED \u2013 Quantum Dot technology \u2013 Quantum Dot technology \u2013 Supreme UHD dimming<\/li>\n<li>Format d\u2019affichage : 4K UHD (2160p)<\/li>\n<li>R\u00e9solution : 3840 x 2160<\/li>\n<li>Technologie HDR : Hybrid Log-Gamma (HLG), HDR 10+, Quantum HDR<\/li>\n<li>Tuner TV num\u00e9rique : DVB-C, DVB-S2, DVB-T2<\/li>\n<\/ul>\n<div class=\"jsFpBulletPointMore\">\n<ul>\n<li>Am\u00e9liorations d\u2019image : Digital Clean View, Mega Contrast, accentuation du contraste, 100% Color Volume, Amplificateur de jeu<\/li>\n<li>Interface vid\u00e9o : HDMI<\/li>\n<\/ul>\n<\/div>\n<\/div>","protected":false},"featured_media":11718,"comment_status":"open","ping_status":"closed","template":"","meta":{"inline_featured_image":false,"_joinchat":[]},"product_cat":[30],"product_tag":[],"class_list":{"0":"post-11715","1":"product","2":"type-product","3":"status-publish","4":"has-post-thumbnail","6":"product_cat-image-tv-sons","8":"first","9":"instock","10":"shipping-taxable","11":"purchasable","12":"product-type-simple"},"_links":{"self":[{"href":"https:\/\/kitchtenstore.com\/fr\/wp-json\/wp\/v2\/product\/11715","targetHints":{"allow":["GET"]}}],"collection":[{"href":"https:\/\/kitchtenstore.com\/fr\/wp-json\/wp\/v2\/product"}],"about":[{"href":"https:\/\/kitchtenstore.com\/fr\/wp-json\/wp\/v2\/types\/product"}],"replies":[{"embeddable":true,"href":"https:\/\/kitchtenstore.com\/fr\/wp-json\/wp\/v2\/comments?post=11715"}],"version-history":[{"count":1,"href":"https:\/\/kitchtenstore.com\/fr\/wp-json\/wp\/v2\/product\/11715\/revisions"}],"predecessor-version":[{"id":11720,"href":"https:\/\/kitchtenstore.com\/fr\/wp-json\/wp\/v2\/product\/11715\/revisions\/11720"}],"wp:featuredmedia":[{"embeddable":true,"href":"https:\/\/kitchtenstore.com\/fr\/wp-json\/wp\/v2\/media\/11718"}],"wp:attachment":[{"href":"https:\/\/kitchtenstore.com\/fr\/wp-json\/wp\/v2\/media?parent=11715"}],"wp:term":[{"taxonomy":"product_cat","embeddable":true,"href":"https:\/\/kitchtenstore.com\/fr\/wp-json\/wp\/v2\/product_cat?post=11715"},{"taxonomy":"product_tag","embeddable":true,"href":"https:\/\/kitchtenstore.com\/fr\/wp-json\/wp\/v2\/product_tag?post=11715"}],"curies":[{"name":"wp","href":"https:\/\/api.w.org\/{rel}","templated":true}]}}