{"id":11711,"date":"2022-10-31T11:54:43","date_gmt":"2022-10-31T11:54:43","guid":{"rendered":"https:\/\/kitchtenstore.com\/?post_type=product&#038;p=11711"},"modified":"2022-10-31T11:54:44","modified_gmt":"2022-10-31T11:54:44","slug":"appareil-photo-compact-sony-sony-rx-100-vii","status":"publish","type":"product","link":"https:\/\/kitchtenstore.com\/fr\/produit\/appareil-photo-compact-sony-sony-rx-100-vii\/","title":{"rendered":"Appareil photo compact SONY SONY RX 100 VII"},"content":{"rendered":"<div class=\"woocommerce-tabs wc-tabs-wrapper\">\n<div id=\"tab-description\" class=\"woocommerce-Tabs-panel woocommerce-Tabs-panel--description panel entry-content wc-tab\" role=\"tabpanel\" aria-labelledby=\"tab-title-description\">\n<h2>Description<\/h2>\n<div>\n<h2 class=\"product_bloc_aside_title font-2\">CARACT\u00c9RISTIQUES<\/h2>\n<\/div>\n<div class=\"product_bloc_content bloc ombre\">\n<table class=\"font-2\">\n<caption class=\"caption_hidden\">Caract\u00e9ristiques<\/caption>\n<tbody>\n<tr class=\"odd\">\n<th scope=\"row\">Communication sans fil<\/th>\n<td class=\"font-2-b\">\n<ul class=\"characteristics\" data-switch=\"\">\n<li class=\"\">NFC<\/li>\n<\/ul>\n<\/td>\n<\/tr>\n<tr class=\"\">\n<th scope=\"row\">Format de la carte m\u00e9moire<\/th>\n<td class=\"font-2-b\">\n<ul class=\"characteristics\" data-switch=\"\">\n<li class=\"\">Memory stick duo<\/li>\n<li class=\"\">Memory stick pro duo<\/li>\n<li class=\"\">Pro Duo HG<\/li>\n<\/ul>\n<\/td>\n<\/tr>\n<tr class=\"odd\">\n<th scope=\"row\">Couleur<\/th>\n<td class=\"font-2-b\">\n<ul class=\"characteristics\" data-switch=\"\">\n<li class=\"\">Noir<\/li>\n<\/ul>\n<\/td>\n<\/tr>\n<tr class=\"\">\n<th scope=\"row\">Zoom optique<\/th>\n<td class=\"font-2-b\">\n<ul class=\"characteristics\" data-switch=\"\">\n<li class=\"\">8<\/li>\n<\/ul>\n<\/td>\n<\/tr>\n<tr class=\"odd\">\n<th scope=\"row\">Balance des blancs<\/th>\n<td class=\"font-2-b\">\n<ul class=\"characteristics\" data-switch=\"\">\n<li class=\"\">Auto ; Lumineux ; Ombrag\u00e9 ; Nuageux ; Incandescent ; Fluor. : blanc chaud ; Fluor. : blanc froid ; Fluor. : blanc lumineux ; Fluor. : lumineux ; Flash ; Temp.\/Filtre de couleur ; Personnalis\u00e9<\/li>\n<\/ul>\n<\/td>\n<\/tr>\n<tr class=\"\">\n<th scope=\"row\">D\u00e9finition<\/th>\n<td class=\"font-2-b\">\n<ul class=\"characteristics\" data-switch=\"\">\n<li class=\"\">4K (UHD )<\/li>\n<\/ul>\n<\/td>\n<\/tr>\n<tr class=\"odd\">\n<th scope=\"row\">Fonctionnalit\u00e9 appareil photo<\/th>\n<td class=\"font-2-b\">\n<ul class=\"characteristics\" data-switch=\"\">\n<li class=\"\">D\u00e9tection des visages; Fonction HDR; Mode rafale; Retardateur; Stabilisateur : Int\u00e9gr\u00e9 au capteur<\/li>\n<\/ul>\n<\/td>\n<\/tr>\n<tr class=\"\">\n<th scope=\"row\">R\u00e9solution d\u2019\u00e9cran<\/th>\n<td class=\"font-2-b\">\n<ul class=\"characteristics\" data-switch=\"\">\n<li class=\"\">921000 pixels<\/li>\n<\/ul>\n<\/td>\n<\/tr>\n<tr class=\"odd\">\n<th scope=\"row\">Type d\u2019\u00e9cran<\/th>\n<td class=\"font-2-b\">\n<ul class=\"characteristics\" data-switch=\"\">\n<li class=\"\">Ecran orientable<\/li>\n<li class=\"\">Ecran tactile<\/li>\n<\/ul>\n<\/td>\n<\/tr>\n<tr class=\"\">\n<th scope=\"row\">Taille de l\u2019\u00e9cran<\/th>\n<td class=\"font-2-b\">\n<ul class=\"characteristics\" data-switch=\"\">\n<li class=\"\">7,5 cm<\/li>\n<\/ul>\n<\/td>\n<\/tr>\n<tr class=\"odd\">\n<th scope=\"row\">Format du capteur<\/th>\n<td class=\"font-2-b\">\n<ul class=\"characteristics\" data-switch=\"\">\n<li class=\"\">1\u2033<\/li>\n<\/ul>\n<\/td>\n<\/tr>\n<tr class=\"\">\n<th scope=\"row\">MegaPixels (R\u00e9solution du capteur)<\/th>\n<td class=\"font-2-b\">\n<ul class=\"characteristics\" data-switch=\"\">\n<li class=\"\">20,1 m\u00e9gapixels<\/li>\n<\/ul>\n<\/td>\n<\/tr>\n<tr class=\"odd\">\n<th scope=\"row\">Poids<\/th>\n<td class=\"font-2-b\">\n<ul class=\"characteristics\" data-switch=\"\">\n<li class=\"\">0,275 kg<\/li>\n<\/ul>\n<\/td>\n<\/tr>\n<tr class=\"\">\n<th scope=\"row\">Flash<\/th>\n<td class=\"font-2-b\">\n<ul class=\"characteristics\" data-switch=\"\">\n<li class=\"\">Port\u00e9e max. du flash : 12.4 m<\/li>\n<\/ul>\n<\/td>\n<\/tr>\n<tr class=\"odd\">\n<th scope=\"row\">Disponibilit\u00e9 des pi\u00e8ces d\u00e9tach\u00e9es<\/th>\n<td class=\"font-2-b\">\n<ul class=\"characteristics\" data-switch=\"\">\n<li class=\"\">1 an<\/li>\n<\/ul>\n<\/td>\n<\/tr>\n<tr class=\"\">\n<th scope=\"row\">Code<\/th>\n<td class=\"font-2-b\">\n<ul class=\"characteristics\" data-switch=\"\">\n<li class=\"\">4600428<\/li>\n<\/ul>\n<\/td>\n<\/tr>\n<\/tbody>\n<\/table>\n<\/div>\n<p>&nbsp;<\/p>\n<div>\n<h2 class=\"product_bloc_aside_title font-2\">DESCRIPTION<\/h2>\n<\/div>\n<div class=\"product_bloc_content bloc ombre font-2\">\n<div class=\"columns\">\n<h2>Large plage focale et performances de vitesse sup\u00e9rieures<\/h2>\n<p>Dans son bo\u00eetier compact, le RX100\u00a0VII comprend tout ce dont vous avez besoin pour capturer de somptueuses images. L\u2019objectif zoom 24\u00a0\u2013\u00a0200\u00a0mm<sup><a>1<\/a><\/sup>\u00a0est compl\u00e9t\u00e9 d\u2019une mise au point automatique ultra-rapide de 0,02\u00a0seconde<sup><a>2<\/a><\/sup>, d\u2019un nouveau suivi en temps r\u00e9el et de la technologie Eye AF en temps r\u00e9el, ainsi que d\u2019une stabilisation d\u2019image am\u00e9lior\u00e9e et d\u2019une prise microphone externe pour un enregistrement vid\u00e9o de qualit\u00e9 sup\u00e9rieure.<\/p>\n<p><b>SP\u00c9CIFICATIONS ET FONCTIONNALIT\u00c9S<\/b><\/p>\n<p>Outre la large plage focale et l\u2019exceptionnelle qualit\u00e9 d\u2019image caract\u00e9ristiques de la s\u00e9rie RX100, le RX100 VII b\u00e9n\u00e9ficie de nouvelles technologies puissantes de mise au point et de prise de vue en rafale. Une nouvelle entr\u00e9e micro, une capacit\u00e9 vid\u00e9o 4K HDR (HLG),<sup><a>12<\/a><\/sup><sup><a>13<\/a><\/sup>\u00a0et un \u00e9cran tactile pivotant en font un formidable outil pour la r\u00e9alisation de vid\u00e9os et de vlogs.<\/p>\n<p><b>Couleurs Triluminos :<\/b>\u00a0Sortie d\u2019images en 4K ; Ecran tactile ; Angle r\u00e9glable : env. 180 degr\u00e9s vers le haut, env. 90 degr\u00e9s vers le bas ; Agrandissement MF Assist : 5,3x ; 10,7x ;<\/p>\n<p><b>R\u00e9duction du bruit avec exposition longue<\/b>\u00a0<b>:<\/b>\u00a0Marche\/Arr\u00eat, disponible pour les vitesses d\u2019obturation de plus de 1\/3 s, r\u00e9duction du bruit avec haute d\u00e9finition ISO : Normale\/Faible\/D\u00e9sactiv\u00e9e, r\u00e9duction du bruit avec superposition d\u2019images : Auto, 100-25600 ISO.<\/p>\n<p><b>Mode de prise de vue :<\/b>\u00a0AUTO (Auto intelligent\/Auto sup\u00e9rieur), Programme automatique, Priorit\u00e9 \u00e0 l\u2019ouverture, Priorit\u00e9 \u00e0 la vitesse d\u2019obturation, Contr\u00f4le manuel de l\u2019exposition, Rappel de m\u00e9moire MR [bo\u00eetier 3 ensembles \/ carte m\u00e9moire 4 ensembles], Mode vid\u00e9o (Programme automatique, Priorit\u00e9 \u00e0 l\u2019ouverture, Priorit\u00e9 \u00e0 la vitesse d\u2019obturation, Contr\u00f4le manuel de l\u2019exposition), Mode HFR (Programme automatique, Priorit\u00e9 \u00e0 l\u2019ouverture, Priorit\u00e9 \u00e0 la vitesse d\u2019obturation, Contr\u00f4le manuel de l\u2019exposition), Panorama, S\u00e9lection des modes.<\/p>\n<p><b>S\u00e9lection des sc\u00e8nes :<\/b>\u00a0\u00a0Portrait, Sports, Macro, Paysage, Cr\u00e9puscule, Sc\u00e8ne de nuit, Cr\u00e9puscule \u00e0 main lev\u00e9e, Portrait de nuit, Anti-flou, Animaux, Gourmet, Feux d\u2019artifices, Haute sensibilit\u00e9.<\/p>\n<p>&nbsp;<\/p>\n<p><b>Fonctions de lecture :<\/b>\u00a0BRAVIA Sync (Contr\u00f4le pour HDMI), Indice de visualisation 9\/25, Orientation automatique, Diaporama, Avance\/Retour (vid\u00e9o), Suppression, Protection, Vid\u00e9o Motion Shot, Retouches esth\u00e9tiques, Capture photo, Notation, Rotation automatique de l\u2019image.<\/p>\n<p>&nbsp;<\/p>\n<p><b>Fonctions de prise de vue :<\/b>\u00a0D\u00e9tection des visages, Enregistrement des visages, Enregistrement d\u2019images fixes (lors de l\u2019enregistrement vid\u00e9o), D\u00e9tecteur automatique de sourires, Grille, Quick Navi, Jauge de profondeur num\u00e9rique (tangage et roulis), Bracketing de balance des blancs, Bracketing d\u2019optimisateur de plage dynamique, MF Assist, Accentuation des contours (Affichage : Activ\u00e9 \/ D\u00e9sactiv\u00e9) (Niveau : \u00c9lev\u00e9 \/ Moyen \/ Faible) (Couleur : Blanc \/ Rouge \/ Jaune \/ Bleu), fonction Zebra, Affichage des marqueurs<\/p>\n<\/div>\n<\/div>\n<\/div>\n<\/div>\n<div class=\"related products\">\n<h2><\/h2>\n<\/div>","protected":false},"excerpt":{"rendered":"<div class=\"woocommerce-product-details__short-description\">\n<p class=\"product_section_title font-2-b\">Les points forts :<\/p>\n<ul class=\"product_details_items font-2-l\">\n<li class=\"product_details_item\">Nouveau Capteur empil\u00e9 CMOS Exmor RS , ultra rapide<\/li>\n<li class=\"product_details_item\">Ecran LCD 3\u2019\u2019 orientable avec d\u00e9clenchement photo tactile<\/li>\n<li class=\"product_details_item\">Viseur r\u00e9tractable XGA OLED Carl Zeiss T* 2.359K pts<\/li>\n<li class=\"product_details_item\">Enregistrement 4K sans perte de pixels<\/li>\n<\/ul>\n<\/div>","protected":false},"featured_media":11713,"comment_status":"open","ping_status":"closed","template":"","meta":{"inline_featured_image":false,"_joinchat":[]},"product_cat":[30],"product_tag":[],"class_list":{"0":"post-11711","1":"product","2":"type-product","3":"status-publish","4":"has-post-thumbnail","6":"product_cat-image-tv-sons","8":"first","9":"instock","10":"shipping-taxable","11":"purchasable","12":"product-type-simple"},"_links":{"self":[{"href":"https:\/\/kitchtenstore.com\/fr\/wp-json\/wp\/v2\/product\/11711","targetHints":{"allow":["GET"]}}],"collection":[{"href":"https:\/\/kitchtenstore.com\/fr\/wp-json\/wp\/v2\/product"}],"about":[{"href":"https:\/\/kitchtenstore.com\/fr\/wp-json\/wp\/v2\/types\/product"}],"replies":[{"embeddable":true,"href":"https:\/\/kitchtenstore.com\/fr\/wp-json\/wp\/v2\/comments?post=11711"}],"version-history":[{"count":1,"href":"https:\/\/kitchtenstore.com\/fr\/wp-json\/wp\/v2\/product\/11711\/revisions"}],"predecessor-version":[{"id":11714,"href":"https:\/\/kitchtenstore.com\/fr\/wp-json\/wp\/v2\/product\/11711\/revisions\/11714"}],"wp:featuredmedia":[{"embeddable":true,"href":"https:\/\/kitchtenstore.com\/fr\/wp-json\/wp\/v2\/media\/11713"}],"wp:attachment":[{"href":"https:\/\/kitchtenstore.com\/fr\/wp-json\/wp\/v2\/media?parent=11711"}],"wp:term":[{"taxonomy":"product_cat","embeddable":true,"href":"https:\/\/kitchtenstore.com\/fr\/wp-json\/wp\/v2\/product_cat?post=11711"},{"taxonomy":"product_tag","embeddable":true,"href":"https:\/\/kitchtenstore.com\/fr\/wp-json\/wp\/v2\/product_tag?post=11711"}],"curies":[{"name":"wp","href":"https:\/\/api.w.org\/{rel}","templated":true}]}}