{"id":11700,"date":"2022-10-31T11:49:32","date_gmt":"2022-10-31T11:49:32","guid":{"rendered":"https:\/\/kitchtenstore.com\/?post_type=product&#038;p=11700"},"modified":"2022-10-31T11:49:34","modified_gmt":"2022-10-31T11:49:34","slug":"appareil-photo-hybride-canon-eos-r-rf-24-105-mm-f-1-2l-usm","status":"publish","type":"product","link":"https:\/\/kitchtenstore.com\/fr\/produit\/appareil-photo-hybride-canon-eos-r-rf-24-105-mm-f-1-2l-usm\/","title":{"rendered":"Appareil photo hybride CANON EOS R + RF 24-105 MM F\/1.2L USM"},"content":{"rendered":"<div id=\"tab-description\" class=\"woocommerce-Tabs-panel woocommerce-Tabs-panel--description panel entry-content wc-tab\" role=\"tabpanel\" aria-labelledby=\"tab-title-description\">\n<h2>Description<\/h2>\n<div>\n<h2 class=\"product_bloc_aside_title font-2\">CARACT\u00c9RISTIQUES<\/h2>\n<\/div>\n<div class=\"product_bloc_content bloc ombre\">\n<table class=\"font-2\">\n<caption class=\"caption_hidden\">Caract\u00e9ristiques<\/caption>\n<tbody>\n<tr class=\"odd\">\n<th scope=\"row\">Type de package<\/th>\n<td class=\"font-2-b\">\n<ul class=\"characteristics\" data-switch=\"\">\n<li class=\"\">Bo\u00eetier + objectif<\/li>\n<\/ul>\n<\/td>\n<\/tr>\n<tr class=\"\">\n<th scope=\"row\">Communication sans fil<\/th>\n<td class=\"font-2-b\">\n<ul class=\"characteristics\" data-switch=\"\">\n<li class=\"\">Wi-Fi<\/li>\n<\/ul>\n<\/td>\n<\/tr>\n<tr class=\"odd\">\n<th scope=\"row\">Format de la carte m\u00e9moire<\/th>\n<td class=\"font-2-b\">\n<ul class=\"characteristics\" data-switch=\"\">\n<li class=\"\">Secure Digital<\/li>\n<li class=\"\">SDHC<\/li>\n<li class=\"\">SDXC et UHS-II<\/li>\n<\/ul>\n<\/td>\n<\/tr>\n<tr class=\"\">\n<th scope=\"row\">Vitesse d\u2019obturation<\/th>\n<td class=\"font-2-b\">\n<ul class=\"characteristics\" data-switch=\"\">\n<li class=\"\">30 \u00e0 1\/8000 sec.<\/li>\n<\/ul>\n<\/td>\n<\/tr>\n<tr class=\"odd\">\n<th scope=\"row\">Balance des blancs<\/th>\n<td class=\"font-2-b\">\n<ul class=\"characteristics\" data-switch=\"\">\n<li class=\"\">Auto (Priorit\u00e9 Atmosph\u00e8re), Auto (Priorit\u00e9 Blanc), Lumi\u00e8re du jour, Ombrag\u00e9, Nuageux, Lumi\u00e8re tungst\u00e8ne, Blanc \u00c9clairage fluorescent, Flash, Personnalis\u00e9, Temp\u00e9rature de couleur<\/li>\n<\/ul>\n<\/td>\n<\/tr>\n<tr class=\"\">\n<th scope=\"row\">Sensibilit\u00e9 ISO<\/th>\n<td class=\"font-2-b\">\n<ul class=\"characteristics\" data-switch=\"\">\n<li class=\"\">Auto, de 100 \u00e0 40000<\/li>\n<\/ul>\n<\/td>\n<\/tr>\n<tr class=\"odd\">\n<th scope=\"row\">D\u00e9finition<\/th>\n<td class=\"font-2-b\">\n<ul class=\"characteristics\" data-switch=\"\">\n<li class=\"\">4K (UHD )<\/li>\n<\/ul>\n<\/td>\n<\/tr>\n<tr class=\"\">\n<th scope=\"row\">Fonctionnalit\u00e9 appareil photo<\/th>\n<td class=\"font-2-b\">\n<ul class=\"characteristics\" data-switch=\"\">\n<li class=\"\">D\u00e9tection des visages; Fonction HDR; Fonction tactile de vis\u00e9e; Mode rafale; Retardateur; Capture son : St\u00e9r\u00e9o; Stabilisateur : Optique<\/li>\n<\/ul>\n<\/td>\n<\/tr>\n<tr class=\"odd\">\n<th scope=\"row\">Viseur<\/th>\n<td class=\"font-2-b\">\n<ul class=\"characteristics\" data-switch=\"\">\n<li class=\"\">Ecran OLED 0.5\u2033, viseur \u00e9lectronique<\/li>\n<\/ul>\n<\/td>\n<\/tr>\n<tr class=\"\">\n<th scope=\"row\">R\u00e9solution d\u2019\u00e9cran<\/th>\n<td class=\"font-2-b\">\n<ul class=\"characteristics\" data-switch=\"\">\n<li class=\"\">2100000 pixels<\/li>\n<\/ul>\n<\/td>\n<\/tr>\n<tr class=\"odd\">\n<th scope=\"row\">Type d\u2019\u00e9cran<\/th>\n<td class=\"font-2-b\">\n<ul class=\"characteristics\" data-switch=\"\">\n<li class=\"\">Ecran orientable<\/li>\n<li class=\"\">Ecran tactile<\/li>\n<\/ul>\n<\/td>\n<\/tr>\n<tr class=\"\">\n<th scope=\"row\">Taille de l\u2019\u00e9cran<\/th>\n<td class=\"font-2-b\">\n<ul class=\"characteristics\" data-switch=\"\">\n<li class=\"\">8,01 cm<\/li>\n<\/ul>\n<\/td>\n<\/tr>\n<tr class=\"odd\">\n<th scope=\"row\">Formats video<\/th>\n<td class=\"font-2-b\">\n<ul class=\"characteristics\" data-switch=\"\">\n<li class=\"\">Capture vid\u00e9o (maxi) : 4K (3840\u00d72160), Full HD (1920\u00d71080)<\/li>\n<\/ul>\n<\/td>\n<\/tr>\n<tr class=\"\">\n<th scope=\"row\">Format d\u2019image<\/th>\n<td class=\"font-2-b\">\n<ul class=\"characteristics\" data-switch=\"\">\n<li class=\"\">Format du fichier : JPEG, RAW, MP4, MOV<\/li>\n<\/ul>\n<\/td>\n<\/tr>\n<tr class=\"odd\">\n<th scope=\"row\">Type connecteur sortie video<\/th>\n<td class=\"font-2-b\">\n<ul class=\"characteristics\" data-switch=\"\">\n<li class=\"\">Micro HDMI<\/li>\n<li class=\"\">USB Type C<\/li>\n<\/ul>\n<\/td>\n<\/tr>\n<tr class=\"\">\n<th scope=\"row\">Format du capteur<\/th>\n<td class=\"font-2-b\">\n<ul class=\"characteristics\" data-switch=\"\">\n<li class=\"\">Plein format 24\u00d736<\/li>\n<\/ul>\n<\/td>\n<\/tr>\n<tr class=\"odd\">\n<th scope=\"row\">Type de capteur<\/th>\n<td class=\"font-2-b\">\n<ul class=\"characteristics\" data-switch=\"\">\n<li class=\"\">CMOS<\/li>\n<\/ul>\n<\/td>\n<\/tr>\n<tr class=\"\">\n<th scope=\"row\">MegaPixels (R\u00e9solution du capteur)<\/th>\n<td class=\"font-2-b\">\n<ul class=\"characteristics\" data-switch=\"\">\n<li class=\"\">30,3 m\u00e9gapixels<\/li>\n<\/ul>\n<\/td>\n<\/tr>\n<tr class=\"odd\">\n<th scope=\"row\">Accessoires fournis<\/th>\n<td class=\"font-2-b\">\n<ul class=\"characteristics\" data-switch=\"\">\n<li class=\"\">Cache R-F-5, Courroie ER-EOSR, Chargeur LC-E6E, Batterie LP-E6N, C\u00e2ble d\u2019alimentation, C\u00e2ble IFC-100U, C\u00e2che de protection pour c\u00e2ble IFC-100U, Objectif RF24-105mm f\/4 L IS USM, Capuchon d\u2019objectif E-77 II,Pare-soleil EX-83N, Etui d\u2019objectif LP1319, Bague d\u2019adaption monture EF-EOS R, Cache-anti-poussi\u00e8re RF, Cache cam\u00e9ra R-F-3, Manuel d\u2019utilisation<\/li>\n<\/ul>\n<\/td>\n<\/tr>\n<tr class=\"\">\n<th scope=\"row\">Alimentation<\/th>\n<td class=\"font-2-b\">\n<ul class=\"characteristics\" data-switch=\"\">\n<li class=\"\">Batterie Li-ion LP-E6N<\/li>\n<\/ul>\n<\/td>\n<\/tr>\n<tr class=\"odd\">\n<th scope=\"row\">Dimensions<\/th>\n<td class=\"font-2-b\">\n<ul class=\"characteristics\" data-switch=\"\">\n<li class=\"\">LxHxE : 135.8 x 98.3 x 84.4 mm<\/li>\n<\/ul>\n<\/td>\n<\/tr>\n<tr class=\"\">\n<th scope=\"row\">Poids<\/th>\n<td class=\"font-2-b\">\n<ul class=\"characteristics\" data-switch=\"\">\n<li class=\"\">0,66 kg<\/li>\n<\/ul>\n<\/td>\n<\/tr>\n<tr class=\"odd\">\n<th scope=\"row\">Flash<\/th>\n<td class=\"font-2-b\">\n<ul class=\"characteristics\" data-switch=\"\">\n<li class=\"\">Modes de flash \/ port\u00e9e maxi. : E-TTL II Auto, Manuel<\/li>\n<\/ul>\n<\/td>\n<\/tr>\n<tr class=\"\">\n<th scope=\"row\">Type connecteur sortie audio<\/th>\n<td class=\"font-2-b\">\n<ul class=\"characteristics\" data-switch=\"\">\n<li class=\"\">Prise microphone Mini<\/li>\n<li class=\"\">Jack 2.5mm<\/li>\n<\/ul>\n<\/td>\n<\/tr>\n<tr class=\"odd\">\n<th scope=\"row\">Disponibilit\u00e9 des pi\u00e8ces d\u00e9tach\u00e9es<\/th>\n<td class=\"font-2-b\">\n<ul class=\"characteristics\" data-switch=\"\">\n<li class=\"\">5 ans<\/li>\n<\/ul>\n<\/td>\n<\/tr>\n<tr class=\"\">\n<th scope=\"row\">Code<\/th>\n<td class=\"font-2-b\">\n<ul class=\"characteristics\" data-switch=\"\">\n<li class=\"\">4599969<\/li>\n<\/ul>\n<\/td>\n<\/tr>\n<\/tbody>\n<\/table>\n<\/div>\n<div>\n<h2 class=\"product_bloc_aside_title font-2\">DESCRIPTION<\/h2>\n<\/div>\n<div class=\"product_bloc_content bloc ombre font-2\">\n<div class=\"columns\">\n<div><b>Un appareil photo associant les performances d\u2019un reflex num\u00e9rique \u00e0 une portabilit\u00e9 optimale.<\/b><\/div>\n<div><\/div>\n<div><\/div>\n<div><b>Capteur CMOS 30.3 Mp<\/b><\/div>\n<div>Gr\u00e2ce \u00e0 son capteur CMOS 36 x 24 mm de 30.3 millions de pixels, vous b\u00e9n\u00e9ficiez d\u2019une excellente r\u00e9solution. Son filtre de couleurs primaires vous permettra de conserver des couleurs naturelles et vives.<\/div>\n<div>La sensibilit\u00e9 du capteur, de 100 \u00e0 40000 ISO (extensible \u00e0 102400), permet de r\u00e9ussir ses photos dans des conditions de faible luminosit\u00e9.<\/div>\n<div><\/div>\n<div><b>Processeur Digic 8<\/b><\/div>\n<div>Ce processeur g\u00e8re plusieurs fonctions et en particulier l\u2019enregistrement vid\u00e9o 4K, la vid\u00e9o d\u2019animation 4K, l\u2019extraction de photos 4K depuis des vid\u00e9os 4K, l\u2019enregistrement photo en continu rapide et la gestion de la sensibilit\u00e9 25.600 ISO pour l\u2019acquisition d\u2019images bien nettes en faible lumi\u00e8re. Le DIGIC 8 assure \u00e9galement le pilotage d\u2019une grande partie des optimisations de l\u2019autofocus, de l\u2019optimiseur d\u2019exposition automatique, de l\u2019optimiseur d\u2019objectif num\u00e9rique et du mode priorit\u00e9 aux hautes lumi\u00e8res, afin de produire des images de haute qualit\u00e9 pr\u00eates \u00e0 \u00eatre partag\u00e9es d\u00e8s leur sortie de l\u2019appareil.<\/div>\n<div><\/div>\n<div><b>Ecran 8.01 cm tactile et orientable<\/b><\/div>\n<div>Grand \u00e9cran LCD tactile de 8.01 cm qui s\u2019incline \u00e0 180\u02da id\u00e9al pour les selfies (2010000 pixels) pour bien cadrer et mieux visionner vos clich\u00e9s.<\/div>\n<div><\/div>\n<div><b>Technologie Wi-Fi et Bluetooth<\/b><\/div>\n<div>Avec la connectivit\u00e9 Wi-Fi et Bluetooth, vous pouvez rapidement vous connecter et transf\u00e9rer vos photos et vid\u00e9os sur smartphones, tablettes pour les partager ensuite facilement sur les r\u00e9seaux sociaux.<\/div>\n<div>Contr\u00f4lez l\u2019appareil photo \u00e0 distance sur votre smartphone ou votre tablette gr\u00e2ce au mode Vis\u00e9e par l\u2019\u00e9cran et partagez des images avec vos amis.<\/div>\n<div><\/div>\n<div>Monture Canon RF<\/div>\n<div>Premier bo\u00eetier supportant les objectifs en moture RF, monture r\u00e9volutionnaire ouvrant la porte \u00e0 un nouveau monde d\u2019image. Avec son tirage de 20mm, son grand diam\u00e8tre de 54mm et son bus de connexion 12 broches, cette nouvelle monture permet une tr\u00e8s grande souplesse de formule optique et de fonctionnalit\u00e9s comp\u00e9mentaires.<\/div>\n<div><\/div>\n<div><b>Autofocus CMOS Dual Pixel<\/b><\/div>\n<div>Le EOS R embarque le syst\u00e8me Canon AF CMOS \u00e0 double pixel qui permet aux photographes de r\u00e9aliser des photos et des vid\u00e9os HD de haute r\u00e9solution avec un contr\u00f4le artistique optimum sur la profondeur de champ, afin d\u2019assurer un autofocus ultra-rapide et tr\u00e8s r\u00e9actif.<\/div>\n<div><\/div>\n<div><b>Des vid\u00e9os exceptionnelles<\/b><\/div>\n<div>Enregistrez vos s\u00e9quences en 4K (3840\u00d72160), mais aussi en Full HD (1920\u00d71080) avec des images incroyablement nettes.<\/div>\n<div><\/div>\n<div>\n<div><b><u>Objectif RF24-105mm f\/4L IS USM<\/u><\/b><\/div>\n<div>Cet objectif de haute qualit\u00e9, d\u2019une plage focale comprise entre 24 et 105 mm, convient parfaitement \u00e0 de nombreuses situations de prises de vue cr\u00e9atives. Ne manquez rien, des paysages \u00e9poustouflants aux magnifiques portraits avec un beau flou d\u2019arri\u00e8re-plan, en passant par les actions rapides.<\/div>\n<div>La technologie USM (moteur pas \u00e0 pas) offre une mise au point continue et quasiment silencieuse en mode vid\u00e9o, pour un rendu fluide et sans bruit. Il dispose par ailleurs d\u2019une stabilisation d\u2019image 5-stops et de la robustesse caract\u00e9ristique des objectifs de la s\u00e9rie L.<\/div>\n<\/div>\n<div><\/div>\n<div><i>Stockage sur carte SD\/SDHC\/SDXC (carte non fournie).<\/i><\/div>\n<\/div>\n<\/div>\n<\/div>","protected":false},"excerpt":{"rendered":"<div class=\"woocommerce-product-details__short-description\">\n<p class=\"product_section_title font-2-b\">Les points forts :<\/p>\n<ul class=\"product_details_items font-2-l\">\n<li class=\"product_details_item\">Capteur CMOS plein format 35mm \u2013 30,3 millions de pixels<\/li>\n<li class=\"product_details_item\">Processeur d\u2019image DIGIC 8 \u2013 Ecran tactile orientable Viseur 3,69 millions de points<\/li>\n<li class=\"product_details_item\">Autofocus 0,05 secondes \u2013 5655 points AF<\/li>\n<li class=\"product_details_item\">Vid\u00e9o 4K avec sortie sur 10 bits en HDMI Objectif 24-105 mm f\/4L IS USM \u2013 Moteur Nano USM<\/li>\n<\/ul>\n<\/div>","protected":false},"featured_media":11709,"comment_status":"open","ping_status":"closed","template":"","meta":{"inline_featured_image":false,"_joinchat":[]},"product_cat":[30],"product_tag":[],"class_list":{"0":"post-11700","1":"product","2":"type-product","3":"status-publish","4":"has-post-thumbnail","6":"product_cat-image-tv-sons","8":"first","9":"instock","10":"shipping-taxable","11":"purchasable","12":"product-type-simple"},"_links":{"self":[{"href":"https:\/\/kitchtenstore.com\/fr\/wp-json\/wp\/v2\/product\/11700","targetHints":{"allow":["GET"]}}],"collection":[{"href":"https:\/\/kitchtenstore.com\/fr\/wp-json\/wp\/v2\/product"}],"about":[{"href":"https:\/\/kitchtenstore.com\/fr\/wp-json\/wp\/v2\/types\/product"}],"replies":[{"embeddable":true,"href":"https:\/\/kitchtenstore.com\/fr\/wp-json\/wp\/v2\/comments?post=11700"}],"version-history":[{"count":1,"href":"https:\/\/kitchtenstore.com\/fr\/wp-json\/wp\/v2\/product\/11700\/revisions"}],"predecessor-version":[{"id":11710,"href":"https:\/\/kitchtenstore.com\/fr\/wp-json\/wp\/v2\/product\/11700\/revisions\/11710"}],"wp:featuredmedia":[{"embeddable":true,"href":"https:\/\/kitchtenstore.com\/fr\/wp-json\/wp\/v2\/media\/11709"}],"wp:attachment":[{"href":"https:\/\/kitchtenstore.com\/fr\/wp-json\/wp\/v2\/media?parent=11700"}],"wp:term":[{"taxonomy":"product_cat","embeddable":true,"href":"https:\/\/kitchtenstore.com\/fr\/wp-json\/wp\/v2\/product_cat?post=11700"},{"taxonomy":"product_tag","embeddable":true,"href":"https:\/\/kitchtenstore.com\/fr\/wp-json\/wp\/v2\/product_tag?post=11700"}],"curies":[{"name":"wp","href":"https:\/\/api.w.org\/{rel}","templated":true}]}}