{"id":11699,"date":"2022-10-31T11:46:57","date_gmt":"2022-10-31T11:46:57","guid":{"rendered":"https:\/\/kitchtenstore.com\/?post_type=product&#038;p=11699"},"modified":"2022-10-31T11:46:57","modified_gmt":"2022-10-31T11:46:57","slug":"appareil-photo-hybride-panasonic-gh4r-pack-12-60-micro-rodebatterie32go","status":"publish","type":"product","link":"https:\/\/kitchtenstore.com\/fr\/produit\/appareil-photo-hybride-panasonic-gh4r-pack-12-60-micro-rodebatterie32go\/","title":{"rendered":"Appareil photo hybride PANASONIC GH4R PACK 12-60 + MICRO RODE+BATTERIE+32GO"},"content":{"rendered":"<div id=\"tab-description\" class=\"woocommerce-Tabs-panel woocommerce-Tabs-panel--description panel entry-content wc-tab\" role=\"tabpanel\" aria-labelledby=\"tab-title-description\">\n<h2>Description<\/h2>\n<div>\n<h2 class=\"product_bloc_aside_title font-2\">CARACT\u00c9RISTIQUES<\/h2>\n<\/div>\n<div class=\"product_bloc_content bloc ombre product_bloc_caracteristics_odd\">\n<table class=\"font-2\">\n<caption class=\"caption_hidden\">Caract\u00e9ristiques<\/caption>\n<tbody>\n<tr class=\"odd\">\n<th scope=\"row\">Type de package<\/th>\n<td class=\"font-2-b\">\n<ul class=\"characteristics\" data-switch=\"\">\n<li class=\"\">Bo\u00eetier + objectif<\/li>\n<\/ul>\n<\/td>\n<\/tr>\n<tr class=\"\">\n<th scope=\"row\">Communication sans fil<\/th>\n<td class=\"font-2-b\">\n<ul class=\"characteristics\" data-switch=\"\">\n<li class=\"\">Wi-Fi<\/li>\n<\/ul>\n<\/td>\n<\/tr>\n<tr class=\"odd\">\n<th scope=\"row\">Format de la carte m\u00e9moire<\/th>\n<td class=\"font-2-b\">\n<ul class=\"characteristics\" data-switch=\"\">\n<li class=\"\">Secure Digital<\/li>\n<li class=\"\">SDHC<\/li>\n<li class=\"\">SDXC<\/li>\n<\/ul>\n<\/td>\n<\/tr>\n<tr class=\"\">\n<th scope=\"row\">Ouverture max de l\u2019objectif<\/th>\n<td class=\"font-2-b\">\n<ul class=\"characteristics\" data-switch=\"\">\n<li class=\"\">5,6<\/li>\n<\/ul>\n<\/td>\n<\/tr>\n<tr class=\"odd\">\n<th scope=\"row\">Ouverture min de l\u2019objectif<\/th>\n<td class=\"font-2-b\">\n<ul class=\"characteristics\" data-switch=\"\">\n<li class=\"\">3,5<\/li>\n<\/ul>\n<\/td>\n<\/tr>\n<tr class=\"\">\n<th scope=\"row\">Vitesse d\u2019obturation<\/th>\n<td class=\"font-2-b\">\n<ul class=\"characteristics\" data-switch=\"\">\n<li class=\"\">1\/8000 \u00e0 60 s<\/li>\n<\/ul>\n<\/td>\n<\/tr>\n<tr class=\"odd\">\n<th scope=\"row\">Balance des blancs<\/th>\n<td class=\"font-2-b\">\n<ul class=\"characteristics\" data-switch=\"\">\n<li class=\"\">Auto, Jour, Nuageux, Ombrag\u00e9, Incandescent, Flash, R\u00e9glage blanc<\/li>\n<\/ul>\n<\/td>\n<\/tr>\n<tr class=\"\">\n<th scope=\"row\">Sensibilit\u00e9 ISO<\/th>\n<td class=\"font-2-b\">\n<ul class=\"characteristics\" data-switch=\"\">\n<li class=\"\">Auto, de 100 \u00e0 25600 ISO<\/li>\n<\/ul>\n<\/td>\n<\/tr>\n<tr class=\"odd\">\n<th scope=\"row\">Fonctionnalit\u00e9 appareil photo<\/th>\n<td class=\"font-2-b\">\n<ul class=\"characteristics\" data-switch=\"\">\n<li class=\"\">D\u00e9brayable; Stabilisateur : Optique<\/li>\n<\/ul>\n<\/td>\n<\/tr>\n<tr class=\"\">\n<th scope=\"row\">Viseur<\/th>\n<td class=\"font-2-b\">\n<ul class=\"characteristics\" data-switch=\"\">\n<li class=\"\">Ecran OLED, viseur OLED<\/li>\n<\/ul>\n<\/td>\n<\/tr>\n<tr class=\"odd\">\n<th scope=\"row\">Type d\u2019\u00e9cran<\/th>\n<td class=\"font-2-b\">\n<ul class=\"characteristics\" data-switch=\"\">\n<li class=\"\">Ecran orientable<\/li>\n<li class=\"\">Ecran tactile<\/li>\n<\/ul>\n<\/td>\n<\/tr>\n<tr class=\"\">\n<th scope=\"row\">Taille de l\u2019\u00e9cran<\/th>\n<td class=\"font-2-b\">\n<ul class=\"characteristics\" data-switch=\"\">\n<li class=\"\">7,62 cm<\/li>\n<\/ul>\n<\/td>\n<\/tr>\n<tr class=\"odd\">\n<th scope=\"row\">Format d\u2019image<\/th>\n<td class=\"font-2-b\">\n<ul class=\"characteristics\" data-switch=\"\">\n<li class=\"\">Format du fichier : JPEG, RAW, MPO, MOV, MP4, AVCHD<\/li>\n<\/ul>\n<\/td>\n<\/tr>\n<tr class=\"\">\n<th scope=\"row\">Type connecteur sortie video<\/th>\n<td class=\"font-2-b\">\n<ul class=\"characteristics\" data-switch=\"\">\n<li class=\"\">USB 2.0<\/li>\n<li class=\"\">Mini HDMI<\/li>\n<\/ul>\n<\/td>\n<\/tr>\n<tr class=\"odd\">\n<th scope=\"row\">Format du capteur<\/th>\n<td class=\"font-2-b\">\n<ul class=\"characteristics\" data-switch=\"\">\n<li class=\"\">Micro 4:3<\/li>\n<\/ul>\n<\/td>\n<\/tr>\n<tr class=\"\">\n<th scope=\"row\">Type de capteur<\/th>\n<td class=\"font-2-b\">\n<ul class=\"characteristics\" data-switch=\"\">\n<li class=\"\">CMOS<\/li>\n<\/ul>\n<\/td>\n<\/tr>\n<tr class=\"odd\">\n<th scope=\"row\">MegaPixels (R\u00e9solution du capteur)<\/th>\n<td class=\"font-2-b\">\n<ul class=\"characteristics\" data-switch=\"\">\n<li class=\"\">16 m\u00e9gapixels<\/li>\n<\/ul>\n<\/td>\n<\/tr>\n<tr class=\"\">\n<th scope=\"row\">Accessoires fournis<\/th>\n<td class=\"font-2-b\">\n<ul class=\"characteristics\" data-switch=\"\">\n<li class=\"\">Chargeur de batterie, batterie, bouchon bo\u00eetier, cache griffe, c\u00e2ble USB, bandouli\u00e8re, DVD, bouchon optique, pare soleil, bouche arri\u00e8re<\/li>\n<\/ul>\n<\/td>\n<\/tr>\n<tr class=\"odd\">\n<th scope=\"row\">Alimentation<\/th>\n<td class=\"font-2-b\">\n<ul class=\"characteristics\" data-switch=\"\">\n<li class=\"\">Batterie rechargeable Li-ion 1860 mAh<\/li>\n<\/ul>\n<\/td>\n<\/tr>\n<tr class=\"\">\n<th scope=\"row\">Dimensions<\/th>\n<td class=\"font-2-b\">\n<ul class=\"characteristics\" data-switch=\"\">\n<li class=\"\">LxHxE : 132,9 x 93,4 x 83,9 mm<\/li>\n<\/ul>\n<\/td>\n<\/tr>\n<tr class=\"odd\">\n<th scope=\"row\">Poids<\/th>\n<td class=\"font-2-b\">\n<ul class=\"characteristics\" data-switch=\"\">\n<li class=\"\">0,675 kg<\/li>\n<\/ul>\n<\/td>\n<\/tr>\n<tr class=\"\">\n<th scope=\"row\">Disponibilit\u00e9 des pi\u00e8ces d\u00e9tach\u00e9es<\/th>\n<td class=\"font-2-b\">\n<ul class=\"characteristics\" data-switch=\"\">\n<li class=\"\">3 ans<\/li>\n<\/ul>\n<\/td>\n<\/tr>\n<tr class=\"odd\">\n<th scope=\"row\">Code<\/th>\n<td class=\"font-2-b\">\n<ul class=\"characteristics\" data-switch=\"\">\n<li class=\"\">4746643<\/li>\n<\/ul>\n<\/td>\n<\/tr>\n<\/tbody>\n<\/table>\n<\/div>\n<div>\n<h2 class=\"product_bloc_aside_title font-2\">DESCRIPTION<\/h2>\n<\/div>\n<div class=\"product_bloc_content bloc ombre font-2\">\n<div><b>Des photos impressionnantes\u00a0et des vid\u00e9os 4K inspirantes<\/b>&nbsp;<\/p>\n<div>Avec le Lumix GH4R, la qualit\u00e9 des images et des s\u00e9quences vid\u00e9os atteint un niveau jamais atteint. La fonctionnalit\u00e9 d\u2019enregistrement vid\u00e9o 4K vient s\u2019ajouter \u00e0 l\u2019inroyable potentiel de cet appareil qui est l\u2019outil id\u00e9al des cr\u00e9ateurs d\u2019images.<\/div>\n<div><b>\u00a0<\/b><\/div>\n<div>\n<div><b>Enregistrement V-Log L pour un \u00e9talonnage colorim\u00e9trique pr\u00e9cis<\/b><\/div>\n<div>Suite \u00e0 la demande du march\u00e9 de la production cin\u00e9matographique, l\u2019enregistrement V-Log L est disponible sur le DMC-GH4R. R\u00e9sultat : Une flexibilit\u00e9 exceptionnelle et une plage dynamique plus large pour l\u2019\u00e9talonnage colorim\u00e9trique en post-production.<\/div>\n<div>V-Log et V-Log L ont \u00e9t\u00e9 d\u00e9velopp\u00e9s pour retrouver des caract\u00e9ristiques similaires \u00e0 Cineon, qui est une courbe caract\u00e9ristique de la num\u00e9risation des films. Profitant pleinement du capteur 4\/3, V-Log L est dot\u00e9 de 12 niveaux de caract\u00e9ristique de log. V-Log et V-Log L ont la m\u00eame courbe caract\u00e9ristique et la table de correspondance peut \u00eatre utilis\u00e9e en commun.<\/div>\n<div><b>\u00a0<\/b><\/div>\n<div><b>Des photos haute r\u00e9solution \u00e0 partir d\u2019une vid\u00e9o 4K<\/b><\/div>\n<div>Tirez de s\u00e9quences vid\u00e9o 4K des instants magiques dans une r\u00e9solution 8 m\u00e9gapixels. En mode photo 4K, le format d\u2019enregistrement, la qualit\u00e9 d\u2019image et le niveau de luminosit\u00e9 sont automatiquement d\u00e9finis sur le param\u00e8tre le plus \u00e9lev\u00e9 pour vos s\u00e9ances de prise de vue. Vous pouvez \u00e9galement choisir entre 4:3 et 3:2 en plus du format 16:9. Chaque image JPEG tir\u00e9e d\u2019une s\u00e9quence vid\u00e9o correspond au format EXIF. Les fonctions de marquage et d\u2019enregistrement en boucle sont aussi disponibles.<\/div>\n<div><b>\u00a0<\/b><\/div>\n<div><b>Processeur d\u2019image optimis\u00e9 Venus Engine<\/b><\/div>\n<div>Le processeur d\u2019image Venus Engine b\u00e9n\u00e9ficie \u00e9galement d\u2019une am\u00e9lioration consid\u00e9rable de ses performances gr\u00e2ce au processeur quadri-c\u0153ur, permettant le traitement rapide du signal n\u00e9cessaire pour les enregistrements vid\u00e9o de haute qualit\u00e9 comme l\u2019enregistrement 4K. En int\u00e9grant des syst\u00e8mes sup\u00e9rieurs de r\u00e9duction du bruit, le DMC-GH4R permet des prises de vues en sensibilit\u00e9 max. 25 600 ISO. La sensibilit\u00e9, les performances de gradation, la r\u00e9solution et la reproduction des couleurs sont consid\u00e9rablement am\u00e9lior\u00e9es pour obtenir une qualit\u00e9 d\u2019image encore plus \u00e9lev\u00e9e.<\/div>\n<div><b>\u00a0<\/b><\/div>\n<div><b>Deux \u00e9crans OLED \u2013 LVF et moniteur<\/b><\/div>\n<div>Le DMC-GH4R est \u00e9quip\u00e9 de deux nouveaux \u00e9crans OLED (diode \u00e9lectroluminescente organique) rapides et haute pr\u00e9cision, pour le viseur 2 359 000 points d\u2019environ 1,34x\/0,67x* et pour le moniteur arri\u00e8re \u00e0 angle libre 1 036 000 points de 3 pouces. Ils offrent une grande r\u00e9activit\u00e9, avec un d\u00e9calage minimum, tout en optimisant la r\u00e9solution. De plus, l\u2019\u00e9cran OLED du viseur est dot\u00e9 d\u2019un contraste \u00e9lev\u00e9 de 10 000:1, offrant une meilleure reproduction des couleurs.<\/div>\n<div><b>\u00a0<\/b><\/div>\n<div><b>AF par d\u00e9tection de contraste et technologie DFD<\/b><\/div>\n<div>Le syst\u00e8me de mise au point automatique par d\u00e9tection de contraste se perfectionne gr\u00e2ce \u00e0 la technologie DFD (profondeur par d\u00e9focalisation), qui r\u00e9duit davantage le temps n\u00e9cessaire \u00e0 la mise au point. Il d\u00e9termine la distance jusqu\u2019au sujet, en analysant deux images avec un niveau de nettet\u00e9 diff\u00e9rent et en consultant les donn\u00e9es des caract\u00e9ristiques optiques de l\u2019objectif utilis\u00e9, le tout en un instant. C\u2019est ainsi que l\u2019on obtient une mise au point automatique ultra rapide d\u2019environ 0,07 s.* Cette am\u00e9lioration est plus avantageuse encore lorsque la longueur focale augmente.<\/div>\n<div><b>\u00a0<\/b><\/div>\n<div><b>Cr\u00e9ation vid\u00e9o de qualit\u00e9 professionnelle<\/b><\/div>\n<div>Le nouveau DMC-GH4R est con\u00e7u pour r\u00e9pondre aux normes et \u00e0 la qualit\u00e9 exig\u00e9es par les professionnels gr\u00e2ce \u00e0 la capacit\u00e9 d\u2019enregistrement vid\u00e9o 4K (4K Cin\u00e9ma : 4 096 x 2 160\/24 ips et 4K QFHD : 3 840 x 2 160\/jusqu\u2019\u00e0 30 ips) aux formats MOV\/MP4 ou gr\u00e2ce \u00e0 l\u2019enregistrement vid\u00e9o haut d\u00e9bit binaire 200 Mbit\/s (ALL-Intra) ou 100 Mbit\/s (IPB) sans limitation de la dur\u00e9e d\u2019enregistrement.* De plus, plusieurs fonctions pratiques, requises pour l\u2019enregistrement vid\u00e9o professionnel, ont r\u00e9cemment \u00e9t\u00e9 int\u00e9gr\u00e9es.<\/div>\n<div><b>\u00a0<\/b><\/div>\n<div><b>Fonction de vid\u00e9o professionnelle<\/b><\/div>\n<div>Motif z\u00e9br\u00e9<\/div>\n<div>Il indique une zone surexpos\u00e9e avant\/pendant une prise de vues et le motif peut \u00e9galement \u00eatre restitu\u00e9 vers le moniteur externe.<\/div>\n<div><b>\u00a0<\/b><\/div>\n<div><b>Master Pedestal (niveau de noirs)<\/b><\/div>\n<div>Il permet de r\u00e9gler la balance de luminosit\u00e9 de \u00b115 pas, selon la couleur du noir.<\/div>\n<div><b>\u00a0<\/b><\/div>\n<div><b>Gamma cin\u00e9ma<\/b><\/div>\n<div>Cin\u00e9ma D et cin\u00e9ma V sont d\u00e9sormais disponibles, offrant un enregistrement expressif identique \u00e0 un enregistrement de cin\u00e9ma.<\/div>\n<div><b>\u00a0<\/b><\/div>\n<div><b>Balayage synchrone<\/b><\/div>\n<div>Il permet de supprimer les tremblements sur l\u2019\u00e9cran du t\u00e9l\u00e9viseur et de l\u2019ordinateur, ou les lumi\u00e8res fluorescentes.<\/div>\n<div><b>\u00a0<\/b><\/div>\n<div><b>Rep\u00e8re central<\/b><\/div>\n<div>Lorsqu\u2019il est affich\u00e9 au centre de l\u2019angle de vision, le rep\u00e8re central sert de guide pour la cr\u00e9ation vid\u00e9o.<\/div>\n<div><b>\u00a0<\/b><\/div>\n<div><b>Barres de couleurs et tonalit\u00e9 test 1 kHz<\/b><\/div>\n<div>Les barres de couleurs (normes SMPTE\/EBU\/ARIB) servent \u00e0 corriger la couleur ou la luminosit\u00e9. La tonalit\u00e9 test 1 kHz sert \u00e0 corriger le volume sonore.<\/div>\n<div><b>\u00a0<\/b><\/div>\n<div><b>Code temporel<\/b><\/div>\n<div>Le code temporel compatible SMPTE, dans les m\u00e9thodes d\u2019ex\u00e9cution Rec Run ou Free Run, facilite la synchronisation de plusieurs enregistrements vid\u00e9o ou sources sonores dans le flux de post-production.<\/div>\n<\/div>\n<\/div>\n<\/div>\n<\/div>","protected":false},"excerpt":{"rendered":"<div class=\"woocommerce-product-details__short-description\">\n<p class=\"product_section_title font-2-b\">Les points forts :<\/p>\n<ul class=\"product_details_items font-2-l\">\n<li class=\"product_details_item\">Capteur MOS 4\/3 de 16 MP avec filtre de couleur primaires<\/li>\n<li class=\"product_details_item\">Ecran tactile OLED orientable 1036K de 3 pouces \u2013 Viseur OLED 2360K<\/li>\n<li class=\"product_details_item\">Connectivit\u00e9 Wifi avec technologie NFC \u2013 22 filtres cr\u00e9atifs<\/li>\n<li class=\"product_details_item\">Objectif 12-60 mm + Micro rode + Batterie + Carte SD 32 Go inclus<\/li>\n<\/ul>\n<\/div>","protected":false},"featured_media":11703,"comment_status":"open","ping_status":"closed","template":"","meta":{"inline_featured_image":false,"_joinchat":[]},"product_cat":[30],"product_tag":[],"class_list":{"0":"post-11699","1":"product","2":"type-product","3":"status-publish","4":"has-post-thumbnail","6":"product_cat-image-tv-sons","8":"first","9":"instock","10":"shipping-taxable","11":"purchasable","12":"product-type-simple"},"_links":{"self":[{"href":"https:\/\/kitchtenstore.com\/fr\/wp-json\/wp\/v2\/product\/11699","targetHints":{"allow":["GET"]}}],"collection":[{"href":"https:\/\/kitchtenstore.com\/fr\/wp-json\/wp\/v2\/product"}],"about":[{"href":"https:\/\/kitchtenstore.com\/fr\/wp-json\/wp\/v2\/types\/product"}],"replies":[{"embeddable":true,"href":"https:\/\/kitchtenstore.com\/fr\/wp-json\/wp\/v2\/comments?post=11699"}],"version-history":[{"count":1,"href":"https:\/\/kitchtenstore.com\/fr\/wp-json\/wp\/v2\/product\/11699\/revisions"}],"predecessor-version":[{"id":11704,"href":"https:\/\/kitchtenstore.com\/fr\/wp-json\/wp\/v2\/product\/11699\/revisions\/11704"}],"wp:featuredmedia":[{"embeddable":true,"href":"https:\/\/kitchtenstore.com\/fr\/wp-json\/wp\/v2\/media\/11703"}],"wp:attachment":[{"href":"https:\/\/kitchtenstore.com\/fr\/wp-json\/wp\/v2\/media?parent=11699"}],"wp:term":[{"taxonomy":"product_cat","embeddable":true,"href":"https:\/\/kitchtenstore.com\/fr\/wp-json\/wp\/v2\/product_cat?post=11699"},{"taxonomy":"product_tag","embeddable":true,"href":"https:\/\/kitchtenstore.com\/fr\/wp-json\/wp\/v2\/product_tag?post=11699"}],"curies":[{"name":"wp","href":"https:\/\/api.w.org\/{rel}","templated":true}]}}