{"id":11693,"date":"2022-10-31T11:39:41","date_gmt":"2022-10-31T11:39:41","guid":{"rendered":"https:\/\/kitchtenstore.com\/?post_type=product&#038;p=11693"},"modified":"2022-10-31T11:39:42","modified_gmt":"2022-10-31T11:39:42","slug":"appareil-photo-hybride-olympus-pack-e-m10-ii-silver-14-42-40-150-sacoche-sd-16go","status":"publish","type":"product","link":"https:\/\/kitchtenstore.com\/fr\/produit\/appareil-photo-hybride-olympus-pack-e-m10-ii-silver-14-42-40-150-sacoche-sd-16go\/","title":{"rendered":"Appareil photo hybride OLYMPUS PACK E-M10 II SILVER + 14-42 + 40-150 + SACOCHE + SD 16GO"},"content":{"rendered":"<div id=\"tab-description\" class=\"woocommerce-Tabs-panel woocommerce-Tabs-panel--description panel entry-content wc-tab\" role=\"tabpanel\" aria-labelledby=\"tab-title-description\">\n<h2>Description<\/h2>\n<div>\n<h2 class=\"product_bloc_aside_title font-2\">CARACT\u00c9RISTIQUES<\/h2>\n<\/div>\n<div class=\"product_bloc_content bloc ombre\">\n<table class=\"font-2\">\n<caption class=\"caption_hidden\">Caract\u00e9ristiques<\/caption>\n<tbody>\n<tr class=\"odd\">\n<th scope=\"row\">Type de package<\/th>\n<td class=\"font-2-b\">\n<ul class=\"characteristics\" data-switch=\"\">\n<li class=\"\">Bo\u00eetier + objectif<\/li>\n<\/ul>\n<\/td>\n<\/tr>\n<tr class=\"\">\n<th scope=\"row\">Communication sans fil<\/th>\n<td class=\"font-2-b\">\n<ul class=\"characteristics\" data-switch=\"\">\n<li class=\"\">Wi-Fi<\/li>\n<\/ul>\n<\/td>\n<\/tr>\n<tr class=\"odd\">\n<th scope=\"row\">Format de la carte m\u00e9moire<\/th>\n<td class=\"font-2-b\">\n<ul class=\"characteristics\" data-switch=\"\">\n<li class=\"\">Secure Digital<\/li>\n<li class=\"\">SDHC<\/li>\n<li class=\"\">SDXC<\/li>\n<\/ul>\n<\/td>\n<\/tr>\n<tr class=\"\">\n<th scope=\"row\">Ouverture max de l\u2019objectif<\/th>\n<td class=\"font-2-b\">\n<ul class=\"characteristics\" data-switch=\"\">\n<li class=\"\">5,6<\/li>\n<\/ul>\n<\/td>\n<\/tr>\n<tr class=\"odd\">\n<th scope=\"row\">Ouverture min de l\u2019objectif<\/th>\n<td class=\"font-2-b\">\n<ul class=\"characteristics\" data-switch=\"\">\n<li class=\"\">3,5<\/li>\n<\/ul>\n<\/td>\n<\/tr>\n<tr class=\"\">\n<th scope=\"row\">Vitesse d\u2019obturation<\/th>\n<td class=\"font-2-b\">\n<ul class=\"characteristics\" data-switch=\"\">\n<li class=\"\">1\/4000 \u00e0 60 s<\/li>\n<\/ul>\n<\/td>\n<\/tr>\n<tr class=\"odd\">\n<th scope=\"row\">Balance des blancs<\/th>\n<td class=\"font-2-b\">\n<ul class=\"characteristics\" data-switch=\"\">\n<li class=\"\">Modes : Auto, pr\u00e9selection, capture, personnalis\u00e9. Pr\u00e9selection : Lumi\u00e8re du jour ensoleill\u00e9e, ombre, nuageux, incandescent, fluorescent.<\/li>\n<\/ul>\n<\/td>\n<\/tr>\n<tr class=\"\">\n<th scope=\"row\">Sensibilit\u00e9 ISO<\/th>\n<td class=\"font-2-b\">\n<ul class=\"characteristics\" data-switch=\"\">\n<li class=\"\">Auto, de 100 \u00e0 25 600 ISO<\/li>\n<\/ul>\n<\/td>\n<\/tr>\n<tr class=\"odd\">\n<th scope=\"row\">D\u00e9finition<\/th>\n<td class=\"font-2-b\">\n<ul class=\"characteristics\" data-switch=\"\">\n<li class=\"\">4K (UHD )<\/li>\n<\/ul>\n<\/td>\n<\/tr>\n<tr class=\"\">\n<th scope=\"row\">Fonctionnalit\u00e9 appareil photo<\/th>\n<td class=\"font-2-b\">\n<ul class=\"characteristics\" data-switch=\"\">\n<li class=\"\">D\u00e9tection des visages; Fonction HDR; Mode rafale; Retardateur; Capture son : St\u00e9r\u00e9o; Modes de prise de vue : Vue par vue, retardateur, rafale, vid\u00e9o; Stabilisateur : Int\u00e9gr\u00e9 au capteur<\/li>\n<\/ul>\n<\/td>\n<\/tr>\n<tr class=\"odd\">\n<th scope=\"row\">Caract\u00e9ristiques compl\u00e9mentaires<\/th>\n<td class=\"font-2-b\">\n<ul class=\"characteristics\" data-switch=\"\">\n<li class=\"\">Equivalent 24 x 36 : 14-42 mm (28-84 mm)<br \/>\nLe plus du produit : Stabilisation du capteur en 5 axes<\/li>\n<\/ul>\n<\/td>\n<\/tr>\n<tr class=\"\">\n<th scope=\"row\">Viseur<\/th>\n<td class=\"font-2-b\">\n<ul class=\"characteristics\" data-switch=\"\">\n<li class=\"\">Ecran LCD, viseur \u00e9lectronique<\/li>\n<\/ul>\n<\/td>\n<\/tr>\n<tr class=\"odd\">\n<th scope=\"row\">R\u00e9solution d\u2019\u00e9cran<\/th>\n<td class=\"font-2-b\">\n<ul class=\"characteristics\" data-switch=\"\">\n<li class=\"\">103700 pixels<\/li>\n<\/ul>\n<\/td>\n<\/tr>\n<tr class=\"\">\n<th scope=\"row\">Type d\u2019\u00e9cran<\/th>\n<td class=\"font-2-b\">\n<ul class=\"characteristics\" data-switch=\"\">\n<li class=\"\">Ecran orientable<\/li>\n<li class=\"\">Ecran tactile<\/li>\n<\/ul>\n<\/td>\n<\/tr>\n<tr class=\"odd\">\n<th scope=\"row\">Formats video<\/th>\n<td class=\"font-2-b\">\n<ul class=\"characteristics\" data-switch=\"\">\n<li class=\"\">Capture vid\u00e9o (maxi) : Full HD (1920\u00d71080 pixels)<\/li>\n<\/ul>\n<\/td>\n<\/tr>\n<tr class=\"\">\n<th scope=\"row\">Format d\u2019image<\/th>\n<td class=\"font-2-b\">\n<ul class=\"characteristics\" data-switch=\"\">\n<li class=\"\">Format du fichier : JPEG, MOV<\/li>\n<\/ul>\n<\/td>\n<\/tr>\n<tr class=\"odd\">\n<th scope=\"row\">Type connecteur sortie video<\/th>\n<td class=\"font-2-b\">\n<ul class=\"characteristics\" data-switch=\"\">\n<li class=\"\">AV-Composant<\/li>\n<li class=\"\">USB 2.0<\/li>\n<li class=\"\">Micro HDMI<\/li>\n<\/ul>\n<\/td>\n<\/tr>\n<tr class=\"\">\n<th scope=\"row\">Format du capteur<\/th>\n<td class=\"font-2-b\">\n<ul class=\"characteristics\" data-switch=\"\">\n<li class=\"\">Micro 4:3<\/li>\n<\/ul>\n<\/td>\n<\/tr>\n<tr class=\"odd\">\n<th scope=\"row\">Type de capteur<\/th>\n<td class=\"font-2-b\">\n<ul class=\"characteristics\" data-switch=\"\">\n<li class=\"\">CMOS<\/li>\n<\/ul>\n<\/td>\n<\/tr>\n<tr class=\"\">\n<th scope=\"row\">MegaPixels (R\u00e9solution du capteur)<\/th>\n<td class=\"font-2-b\">\n<ul class=\"characteristics\" data-switch=\"\">\n<li class=\"\">16 m\u00e9gapixels<\/li>\n<\/ul>\n<\/td>\n<\/tr>\n<tr class=\"odd\">\n<th scope=\"row\">Accessoires fournis<\/th>\n<td class=\"font-2-b\">\n<ul class=\"characteristics\" data-switch=\"\">\n<li class=\"\">Batterie, chargeur, courroie, mode d\u2019emploi, carte de garantie, logiciel Olympus Viewer 3, c\u00e2ble USB, c\u00e2ble vid\u00e9o, optique 14-42mm; Logiciel(s) fourni(s) : Olympus Viewer 3<\/li>\n<\/ul>\n<\/td>\n<\/tr>\n<tr class=\"\">\n<th scope=\"row\">Alimentation<\/th>\n<td class=\"font-2-b\">\n<ul class=\"characteristics\" data-switch=\"\">\n<li class=\"\">Batterie Lithium-ion BLS 5 (Autonomie de 330 photos en standard\/ 750 en mode \u00e9co)<\/li>\n<\/ul>\n<\/td>\n<\/tr>\n<tr class=\"odd\">\n<th scope=\"row\">Poids<\/th>\n<td class=\"font-2-b\">\n<ul class=\"characteristics\" data-switch=\"\">\n<li class=\"\">4,6 kg<\/li>\n<\/ul>\n<\/td>\n<\/tr>\n<tr class=\"\">\n<th scope=\"row\">Flash<\/th>\n<td class=\"font-2-b\">\n<ul class=\"characteristics\" data-switch=\"\">\n<li class=\"\">Modes de flash \/ port\u00e9e maxi. : Auto, anti yeux rouges, Fill-in, Off, synchro lente anti yeux rouges (1er &amp; 2\u00e8me rideau), synchro lente (2\u00e8me rideau), manuel (1\/1 (FULL) ~1\/64)<\/li>\n<\/ul>\n<\/td>\n<\/tr>\n<tr class=\"odd\">\n<th scope=\"row\">Disponibilit\u00e9 des pi\u00e8ces d\u00e9tach\u00e9es<\/th>\n<td class=\"font-2-b\">\n<ul class=\"characteristics\" data-switch=\"\">\n<li class=\"\">7 ans<\/li>\n<\/ul>\n<\/td>\n<\/tr>\n<tr class=\"\">\n<th scope=\"row\">Code<\/th>\n<td class=\"font-2-b\">\n<ul class=\"characteristics\" data-switch=\"\">\n<li class=\"\">4672836<\/li>\n<\/ul>\n<\/td>\n<\/tr>\n<\/tbody>\n<\/table>\n<\/div>\n<div>\n<h2 class=\"product_bloc_aside_title font-2\">DESCRIPTION<\/h2>\n<\/div>\n<div class=\"product_bloc_content bloc ombre font-2\">\n<div class=\"columns\">\n<div>\n<div><b>Pack E-M10 II Silver + 14-42 + 40-150 + sacoche + carte SD 16 Go\u00a0<\/b><\/div>\n<div><\/div>\n<div><b>Capteur 16 Mp et processeur TruePic VII\u00a0<\/b><\/div>\n<div>Gr\u00e2ce \u00e0 son\u00a0\u00a0<b>capteur Live MOS ultra rapide de 16 millions de pixels<\/b>\u00a0sans filtre passe-bas, vous b\u00e9n\u00e9ficiez d\u2019une excellente r\u00e9solution.<\/div>\n<div>Le bo\u00eetier int\u00e8gre un syst\u00e8me de\u00a0\u00a0<b>stabilisation sur 5 axes<\/b>\u00a0du capteur qui permet de r\u00e9duire consid\u00e9rablement les risques de flous li\u00e9s au l\u00e9ger tremblement de la main ou aux mouvements du bo\u00eetier lors de la prise de vue.<\/div>\n<div>La sensibilit\u00e9 du capteur, de\u00a0\u00a0<b>100 \u00e0 25600 ISO<\/b>, permet de r\u00e9ussir ses photos dans des conditions de faible luminosit\u00e9. Et quand la sc\u00e8ne manque vraiment de lumi\u00e8re, il vous suffit d\u2019utiliser le\u00a0\u00a0<b>flash amovible fourni<\/b>.<\/div>\n<div><\/div>\n<div><b>Ecran 7,6 cm tactile et inclinable haute d\u00e9finition<\/b><\/div>\n<div>Grand\u00a0\u00a0<b>\u00e9cran LCD tactile de 7,6 cm<\/b>\u00a0(1037000 pixels) pour bien cadrer et mieux visionner vos clich\u00e9s.<\/div>\n<div>Angles d\u2019inclinaison de 80\u00b0 vers le haut et 50\u00b0 vers le bas.<\/div>\n<div><\/div>\n<div><b>Viseur OLED large en haute d\u00e9finition<\/b><\/div>\n<div>Le\u00a0\u00a0<b>viseur \u00e9lectronique OLED 2,36 millions de points<\/b>\u00a0avec rapport d\u2019<b>agrandissement de 1,23x<\/b>\u00a0vous offre une vis\u00e9e plus large pour encore plus de pr\u00e9cision.<\/div>\n<div><\/div>\n<div><b>Un appareil connect\u00e9<\/b><\/div>\n<div>L\u2019Olympus E-M10 Mark II est dot\u00e9 du\u00a0\u00a0<b>Wifi<\/b>\u00a0pour un partage et un contr\u00f4le \u00e0 distance avec Olympus Image Share (OI.Share) via un smartphone ou une tablette. De plus, vous pouvez acc\u00e9der aux modes de prises de vue, \u00e0 l\u2019ouverture, \u00e0 la vitesse d\u2019obturation directement sur votre smartphone.<\/div>\n<div><\/div>\n<div><b>Simple \u00e0 utiliser<\/b><\/div>\n<div>L\u2019utilisation est tr\u00e8s simple gr\u00e2ce aux diff\u00e9rents modes sc\u00e8nes. L\u2019appareil d\u00e9tecte jusqu\u2019\u00e0\u00a0\u00a0<b>25 types de sc\u00e8nes<\/b>\u00a0diff\u00e9rentes automatiquement, et ajuste les r\u00e9glages pour assurer une bonne exposition. Vous devez simplement s\u00e9lectionner le mode appropri\u00e9 et le tour est jou\u00e9 !<\/div>\n<div>Il int\u00e8gre \u00e9galement\u00a0\u00a0<b>14 filtres artistiques<\/b>\u00a0(Pop-Art, st\u00e9nop\u00e9, s\u00e9pia etc\u2026) que vous pourrez appliquer directement lors de la prise de vue ou de vid\u00e9o, apr\u00e8s avoir visualis\u00e9 directement les effets sur l\u2019\u00e9cran de l\u2019appareil.<\/div>\n<div><\/div>\n<div><b>Vid\u00e9os HD 1080p<\/b><\/div>\n<div>L\u2019Olympus E-M10 Mark II est \u00e9quip\u00e9 d\u2019une touche vid\u00e9o pour que vous enregistriez des films\u00a0\u00a0<b>Full HD 1080p<\/b>\u00a0en un clin d\u2019\u0153il. Vous pourrez ainsi d\u00e9couvrir de nouveaux moyens d\u2019immortaliser vos souvenirs, au-del\u00e0 de la photographie classique vous appr\u00e9cierez la mise au point r\u00e9active et pr\u00e9cise pour des vid\u00e9os toujours nettes.<\/div>\n<div>Avec ses capacit\u00e9s de capture de vid\u00e9o \u00e0 diff\u00e9rentes fr\u00e9quences d\u2019image, l\u2019E-M10 Mark II peut lire des vid\u00e9os avec un\u00a0\u00a0<b>ralenti important (4x)<\/b>\u00a0et visualiser d\u2019infimes d\u00e9tails sur des sujets se d\u00e9pla\u00e7ant rapidement.<\/div>\n<div><\/div>\n<div><b>Time Lapse 4K<\/b><\/div>\n<div>Utilisez le\u00a0\u00a0<b>mode acc\u00e9l\u00e9r\u00e9<\/b>\u00a0pour cr\u00e9er une s\u00e9rie d\u2019images prises \u00e0 diff\u00e9rents intervalles puis recompil\u00e9es dans un\u00a0\u00a0<b>film en 4K avec un effet acc\u00e9l\u00e9r\u00e9<\/b>. Cr\u00e9ez des films incroyables avec des d\u00e9tails saisissants<\/div>\n<\/div>\n<div><b>\u00a0<\/b><\/div>\n<div>\n<div><b>Objectif<\/b>\u00a0\u00a0<b>14-42 mm<\/b><\/div>\n<div>L\u2019objectif\u00a0\u00a0<b>M.ZUIKO DIGITAL 14-42 mm\u00a0<\/b>couvre les focales 28 mm \u00e0 84 mm en 35 mm. De plus, son zoom \u00e9lectronique vous permet m\u00eame de zoomer et d\u00e9zoomer en utilisant votre smartphone. Une\u00a0\u00a0<b>mise au point automatique extr\u00eamement rapide et silencieuse<\/b>\u00a0assure des images et des vid\u00e9os exceptionnelles. La mise au point m\u00e9canique offre une plus grande libert\u00e9 cr\u00e9ative, et une grande souplesse et pr\u00e9cision dans le fonctionnement. Cet incroyable petit objectif zoom d\u00e9livre une qualit\u00e9 d\u2019image \u00e9poustouflante.<\/div>\n<\/div>\n<div><\/div>\n<div>\n<div><b>Objectif 40-150mm\u00a0<\/b><\/div>\n<div>L\u2019objectif M.Zuiko Digital ED 40\u2013150mm R est id\u00e9ale pour des clich\u00e9s de type animalier mais \u00e9galement des paysages. Int\u00e9grant le syst\u00e8me autofocus MSC ultra rapide ; le 40-150 sait parfaitement choisir le moment d\u00e9cisif pour votre clich\u00e9 tout en \u00e9tant incroyablement silencieux. Il est le compl\u00e9ment id\u00e9al au 14-42mm.<\/div>\n<\/div>\n<\/div>\n<\/div>\n<\/div>","protected":false},"excerpt":{"rendered":"<div class=\"woocommerce-product-details__short-description\">\n<p class=\"product_section_title font-2-b\">Les points forts :<\/p>\n<ul class=\"product_details_items font-2-l\">\n<li class=\"product_details_item\">Capteur live MOS 16 Mpixels, 25600 ISO<\/li>\n<li class=\"product_details_item\">Ecran LCD tactile de 7,6 cm \u2013 Viseur \u00e9lectronique 2,36 Mp<\/li>\n<li class=\"product_details_item\">Connectivit\u00e9 Wi-fi \u2013 Stabilisateur int\u00e9gr\u00e9 sur 5 axes<\/li>\n<li class=\"product_details_item\">Fonction Time Lapse 4K \u2013 Livr\u00e9 avec optique 14-42mm, housse et carte 8 Go<\/li>\n<\/ul>\n<\/div>","protected":false},"featured_media":11697,"comment_status":"open","ping_status":"closed","template":"","meta":{"inline_featured_image":false,"_joinchat":[]},"product_cat":[30],"product_tag":[],"class_list":{"0":"post-11693","1":"product","2":"type-product","3":"status-publish","4":"has-post-thumbnail","6":"product_cat-image-tv-sons","8":"first","9":"instock","10":"shipping-taxable","11":"purchasable","12":"product-type-simple"},"_links":{"self":[{"href":"https:\/\/kitchtenstore.com\/fr\/wp-json\/wp\/v2\/product\/11693","targetHints":{"allow":["GET"]}}],"collection":[{"href":"https:\/\/kitchtenstore.com\/fr\/wp-json\/wp\/v2\/product"}],"about":[{"href":"https:\/\/kitchtenstore.com\/fr\/wp-json\/wp\/v2\/types\/product"}],"replies":[{"embeddable":true,"href":"https:\/\/kitchtenstore.com\/fr\/wp-json\/wp\/v2\/comments?post=11693"}],"version-history":[{"count":1,"href":"https:\/\/kitchtenstore.com\/fr\/wp-json\/wp\/v2\/product\/11693\/revisions"}],"predecessor-version":[{"id":11698,"href":"https:\/\/kitchtenstore.com\/fr\/wp-json\/wp\/v2\/product\/11693\/revisions\/11698"}],"wp:featuredmedia":[{"embeddable":true,"href":"https:\/\/kitchtenstore.com\/fr\/wp-json\/wp\/v2\/media\/11697"}],"wp:attachment":[{"href":"https:\/\/kitchtenstore.com\/fr\/wp-json\/wp\/v2\/media?parent=11693"}],"wp:term":[{"taxonomy":"product_cat","embeddable":true,"href":"https:\/\/kitchtenstore.com\/fr\/wp-json\/wp\/v2\/product_cat?post=11693"},{"taxonomy":"product_tag","embeddable":true,"href":"https:\/\/kitchtenstore.com\/fr\/wp-json\/wp\/v2\/product_tag?post=11693"}],"curies":[{"name":"wp","href":"https:\/\/api.w.org\/{rel}","templated":true}]}}