{"id":11686,"date":"2022-10-31T11:31:24","date_gmt":"2022-10-31T11:31:24","guid":{"rendered":"https:\/\/kitchtenstore.com\/?post_type=product&#038;p=11686"},"modified":"2022-10-31T11:31:25","modified_gmt":"2022-10-31T11:31:25","slug":"appareil-photo-reflex-nikon-d3500-af-p-dx-18-55-f-3-5-5-g-vr-af-p-dx-70-300-f-4-5-6-3g-ed-vr","status":"publish","type":"product","link":"https:\/\/kitchtenstore.com\/fr\/produit\/appareil-photo-reflex-nikon-d3500-af-p-dx-18-55-f-3-5-5-g-vr-af-p-dx-70-300-f-4-5-6-3g-ed-vr\/","title":{"rendered":"Appareil photo Reflex NIKON D3500 + AF-P DX 18-55 F\/3.5-5.G VR + AF-P DX 70-300 F\/4.5-6.3G ED VR"},"content":{"rendered":"<div id=\"tab-description\" class=\"woocommerce-Tabs-panel woocommerce-Tabs-panel--description panel entry-content wc-tab\" role=\"tabpanel\" aria-labelledby=\"tab-title-description\">\n<h2>Description<\/h2>\n<div>\n<h2 class=\"product_bloc_aside_title font-2\">CARACT\u00c9RISTIQUES<\/h2>\n<\/div>\n<div class=\"product_bloc_content bloc ombre\">\n<table class=\"font-2\">\n<caption class=\"caption_hidden\">Caract\u00e9ristiques<\/caption>\n<tbody>\n<tr class=\"odd\">\n<th scope=\"row\">Format de la carte m\u00e9moire<\/th>\n<td class=\"font-2-b\">\n<ul class=\"characteristics\" data-switch=\"\">\n<li class=\"\">SDHC<\/li>\n<li class=\"\">SDXC<\/li>\n<li class=\"\">Secure Digital<\/li>\n<\/ul>\n<\/td>\n<\/tr>\n<tr class=\"\">\n<th scope=\"row\">Monture objectif<\/th>\n<td class=\"font-2-b\">\n<ul class=\"characteristics\" data-switch=\"\">\n<li class=\"\">Nikon<\/li>\n<\/ul>\n<\/td>\n<\/tr>\n<tr class=\"odd\">\n<th scope=\"row\">Vitesse d\u2019obturation<\/th>\n<td class=\"font-2-b\">\n<ul class=\"characteristics\" data-switch=\"\">\n<li class=\"\">1\/4000 sec \u00e0 30 sec<\/li>\n<\/ul>\n<\/td>\n<\/tr>\n<tr class=\"\">\n<th scope=\"row\">Mise au point<\/th>\n<td class=\"font-2-b\">\n<ul class=\"characteristics\" data-switch=\"\">\n<li class=\"\">11 collimateurs AF<\/li>\n<\/ul>\n<\/td>\n<\/tr>\n<tr class=\"odd\">\n<th scope=\"row\">Exposition<\/th>\n<td class=\"font-2-b\">\n<ul class=\"characteristics\" data-switch=\"\">\n<li class=\"\">Mesure de l\u2019exposition TTL \u00e0 l\u2019aide du capteur RVB 420 photosites<\/li>\n<\/ul>\n<\/td>\n<\/tr>\n<tr class=\"\">\n<th scope=\"row\">Sensibilit\u00e9 ISO<\/th>\n<td class=\"font-2-b\">\n<ul class=\"characteristics\" data-switch=\"\">\n<li class=\"\">100-25600<\/li>\n<\/ul>\n<\/td>\n<\/tr>\n<tr class=\"odd\">\n<th scope=\"row\">Fonctionnalit\u00e9 appareil photo<\/th>\n<td class=\"font-2-b\">\n<ul class=\"characteristics\" data-switch=\"\">\n<li class=\"\">Mode rafale : 5 vues \/ sec.<\/li>\n<\/ul>\n<\/td>\n<\/tr>\n<tr class=\"\">\n<th scope=\"row\">Caract\u00e9ristiques compl\u00e9mentaires<\/th>\n<td class=\"font-2-b\">\n<ul class=\"characteristics\" data-switch=\"\">\n<li class=\"\">Champ de vision\/Agrandissement : env.95% \/ 0,85x<br \/>\nNettoyage de capteur : Auto-nettoyage par train de vibrations<br \/>\nNikon 18-55 mm VR stabilis\u00e9 et AF P70-300VR<br \/>\nFlash : X = 1\/200 s, synchronisation \u00e0 une vitesse de 1\/200 s ou plus lente<br \/>\nLe plus du produit : \u00e9cran 3\u201d 921 000 pixels<br \/>\nR\u00e9solution maximale : 6000 \u00d7 4000 (24 millions),<\/li>\n<\/ul>\n<\/td>\n<\/tr>\n<tr class=\"odd\">\n<th scope=\"row\">Viseur<\/th>\n<td class=\"font-2-b\">\n<ul class=\"characteristics\" data-switch=\"\">\n<li class=\"\">Syst\u00e8me Pentamiroir<\/li>\n<\/ul>\n<\/td>\n<\/tr>\n<tr class=\"\">\n<th scope=\"row\">Taille de l\u2019\u00e9cran<\/th>\n<td class=\"font-2-b\">\n<ul class=\"characteristics\" data-switch=\"\">\n<li class=\"\">7,62 cm<\/li>\n<\/ul>\n<\/td>\n<\/tr>\n<tr class=\"odd\">\n<th scope=\"row\">Formats video<\/th>\n<td class=\"font-2-b\">\n<ul class=\"characteristics\" data-switch=\"\">\n<li class=\"\">Vid\u00e9o HD<\/li>\n<\/ul>\n<\/td>\n<\/tr>\n<tr class=\"\">\n<th scope=\"row\">Format d\u2019image<\/th>\n<td class=\"font-2-b\">\n<ul class=\"characteristics\" data-switch=\"\">\n<li class=\"\">Format du fichier : JPEG, RAW, MOV<\/li>\n<\/ul>\n<\/td>\n<\/tr>\n<tr class=\"odd\">\n<th scope=\"row\">Type connecteur sortie video<\/th>\n<td class=\"font-2-b\">\n<ul class=\"characteristics\" data-switch=\"\">\n<li class=\"\">USB<\/li>\n<li class=\"\">HDMI Type C<\/li>\n<\/ul>\n<\/td>\n<\/tr>\n<tr class=\"\">\n<th scope=\"row\">Format du capteur<\/th>\n<td class=\"font-2-b\">\n<ul class=\"characteristics\" data-switch=\"\">\n<li class=\"\">APS-C<\/li>\n<\/ul>\n<\/td>\n<\/tr>\n<tr class=\"odd\">\n<th scope=\"row\">Type de capteur<\/th>\n<td class=\"font-2-b\">\n<ul class=\"characteristics\" data-switch=\"\">\n<li class=\"\">CMOS<\/li>\n<\/ul>\n<\/td>\n<\/tr>\n<tr class=\"\">\n<th scope=\"row\">MegaPixels (R\u00e9solution du capteur)<\/th>\n<td class=\"font-2-b\">\n<ul class=\"characteristics\" data-switch=\"\">\n<li class=\"\">24,2 m\u00e9gapixels<\/li>\n<\/ul>\n<\/td>\n<\/tr>\n<tr class=\"odd\">\n<th scope=\"row\">Accessoires fournis<\/th>\n<td class=\"font-2-b\">\n<ul class=\"characteristics\" data-switch=\"\">\n<li class=\"\">Courroie AN-DC3, \u0153illeton en caoutchouc DK-25 (mont\u00e9 sur l\u2019appareil), bouchon de bo\u00eetier BF-1B, accumulateur Li-ion EN-EL14a (avec cache-contacts), chargeur d\u2019accumulateur MH-24<\/li>\n<\/ul>\n<\/td>\n<\/tr>\n<tr class=\"\">\n<th scope=\"row\">Alimentation<\/th>\n<td class=\"font-2-b\">\n<ul class=\"characteristics\" data-switch=\"\">\n<li class=\"\">Batterie Li-ion EN-EL14a<\/li>\n<\/ul>\n<\/td>\n<\/tr>\n<tr class=\"odd\">\n<th scope=\"row\">Dimensions<\/th>\n<td class=\"font-2-b\">\n<ul class=\"characteristics\" data-switch=\"\">\n<li class=\"\">LxHxE : 124 \u00d7 97 \u00d7 69,5 mm<\/li>\n<\/ul>\n<\/td>\n<\/tr>\n<tr class=\"\">\n<th scope=\"row\">Type connecteur sortie audio<\/th>\n<td class=\"font-2-b\">\n<ul class=\"characteristics\" data-switch=\"\">\n<li class=\"\">Jack 3.5mm<\/li>\n<\/ul>\n<\/td>\n<\/tr>\n<tr class=\"odd\">\n<th scope=\"row\">Disponibilit\u00e9 des pi\u00e8ces d\u00e9tach\u00e9es<\/th>\n<td class=\"font-2-b\">\n<ul class=\"characteristics\" data-switch=\"\">\n<li class=\"\">7 ans<\/li>\n<\/ul>\n<\/td>\n<\/tr>\n<tr class=\"\">\n<th scope=\"row\">Code<\/th>\n<td class=\"font-2-b\">\n<ul class=\"characteristics\" data-switch=\"\">\n<li class=\"\">4599225<\/li>\n<\/ul>\n<\/td>\n<\/tr>\n<\/tbody>\n<\/table>\n<div>\n<h2 class=\"product_bloc_aside_title font-2\">DESCRIPTION<\/h2>\n<\/div>\n<div class=\"product_bloc_content bloc ombre font-2\">\n<div class=\"columns\"><b>Immortalisez facilement vos souvenirs dans des photos et vid\u00e9os en haute r\u00e9solution<\/b>&nbsp;<\/p>\n<div><\/div>\n<div>Le reflex\u00a0\u00a0<b>Nikon D3500<\/b>\u00a0est dot\u00e9 du capteur CMOS\u00a0\u00a0<b>24,2 millions de pixels<\/b>. Ce capteur est d\u00e9pourvu de filtre passe-bas, pour une plus grande pr\u00e9cision dans le rendu des petits d\u00e9tails. Associ\u00e9 \u00e0 son microprocesseur, il sait saisir les moindres d\u00e9tails avec une\u00a0\u00a0<b>nettet\u00e9 \u00e9tonnante<\/b>, m\u00eame dans les situations de faible luminosit\u00e9. Les sc\u00e8nes d\u2019actions sont saisies de mani\u00e8re pr\u00e9cise gr\u00e2ce au\u00a0\u00a0<b>syst\u00e8me autofocus 11 points<\/b>. La haute r\u00e9solution vous permet de r\u00e9aliser des agrandissements facilement, et de recadrer les images\u00a0\u00a0<b>sans perdre aucun d\u00e9tail.<\/b><\/div>\n<div>\n<div><\/div>\n<div><b>Prise de vue en continu de 5 images par seconde<\/b><\/div>\n<div>R\u00e9alisez des sc\u00e8nes d\u2019action \u00e0 la cadence rapide de 5 images par seconde, pour capturez des expressions ou des mouvements fugaces au moment ad\u00e9quat. Ce mode est id\u00e9al pour photographier des enfants par exemple, dont les mouvements et les expressions changent tr\u00e8s rapidement.<\/div>\n<div><\/div>\n<div><b>Laissez libre court \u00e0 votre cr\u00e9ativit\u00e9 et progressez facilement<\/b><\/div>\n<div>Le reflex Nikon D3500 permet d\u2019apporter facilement une touche artistique \u00e0 vos photos et vid\u00e9os gr\u00e2ce \u00e0 ses\u00a0\u00a0<b>10 effets sp\u00e9ciaux<\/b>.<\/div>\n<div>Le\u00a0\u00a0<b>mode guide int\u00e9gr\u00e9<\/b>\u00a0vous accompagne pas \u00e0 pas dans votre apprentissage de la photographie, et vous permet de\u00a0\u00a0<b>progresser facilement<\/b>. Des instructions d\u00e9taill\u00e9es et des exemples d\u2019images vous aident \u00e0 r\u00e9aliser exactement le type de photos et de vid\u00e9os voulus.<\/div>\n<div>Le reflex Nikon D3500 sait \u00e9galement capturer des vid\u00e9os en Full HD \u00e0 des cadences allant jusqu\u2019\u00e0 50 ou 60 images par seconde. Cela garantit la\u00a0\u00a0<b>fluidit\u00e9 des sc\u00e8nes d\u2019action<\/b>, avec en plus un niveau remarquable de nettet\u00e9 et de clart\u00e9.\u00a0\u00a0La mise au point est permanente et automatique, et la rapidit\u00e9 de l\u2019autofocus en vid\u00e9o a \u00e9t\u00e9 am\u00e9lior\u00e9e par rapport aux mod\u00e8les pr\u00e9c\u00e9dents.<\/div>\n<\/div>\n<div><\/div>\n<div><b>SnapBridge<\/b><\/div>\n<div>Avec l\u2019application SnapBridge, partagez vos contenus instantan\u00e9ment, o\u00f9 que vous soyez ! Gr\u00e2ce \u00e0 la\u00a0<b>\u00a0technologie Bluetooth low energy<\/b>, vous b\u00e9n\u00e9ficiez d\u2019une connexion constante entre le D3400 et un smartphone ou une tablette. Vous pouvez transmettre directement les images de l\u2019appareil photo vers un p\u00e9riph\u00e9rique mobile (smartphone, tablette) et les\u00a0\u00a0<b>partager en toute simplicit\u00e9<\/b>. \u00a0L\u2019appareil photo\u00a0\u00a0<b>se synchronisent automatiquement<\/b>, \u00e0 mesure que vous les prenez, o\u00f9 que vous soyez, m\u00eame lorsque votre appareil photo est en mode veille. Vous pouvez donc agr\u00e9menter, en toute simplicit\u00e9, vos publications sur les r\u00e9seaux sociaux.<\/div>\n<div><\/div>\n<div>Les images et les vid\u00e9os sont stock\u00e9es sur\u00a0\u00a0<b>carte m\u00e9moire SD\/SDHC\/SDXC<\/b>. Pour la prise de photo et l\u2019enregistrement de vid\u00e9o haute r\u00e9solution, Darty recommande l\u2019utilisation de cartes m\u00e9moires rapides (Classe 6 minimum, Classe 10 recommand\u00e9e).<\/div>\n<div><\/div>\n<div>Ce kit reflex Nikon est constitu\u00e9 d\u2019un boitier Nikon D3500 et de 2\u00a0<b>optiques Nikon (AF-P DX 18-55 f\/3.5-5.G VR et AF-P DX 70-300 f\/4-5.6.3G ED VR)<\/b>.<\/div>\n<\/div>\n<\/div>\n<\/div>\n<\/div>","protected":false},"excerpt":{"rendered":"<div class=\"woocommerce-product-details__short-description\">\n<p class=\"product_section_title font-2-b\">Les points forts :<\/p>\n<ul class=\"product_details_items font-2-l\">\n<li class=\"product_details_item\">Capteur CMOS 24,2 Mpixels sans filtre passe bas<\/li>\n<li class=\"product_details_item\">Ecran LCD 7,5 cm de 921K pixels<\/li>\n<li class=\"product_details_item\">Video HD 1080p \u2013 Mode rafale 5 im\/sec<\/li>\n<li class=\"product_details_item\">Livr\u00e9 avec optiques AF-P DX 18-55 VR et AF-P DX 70-300 f\/4.5-6.3G ED VR<\/li>\n<\/ul>\n<\/div>","protected":false},"featured_media":11689,"comment_status":"open","ping_status":"closed","template":"","meta":{"inline_featured_image":false,"_joinchat":[]},"product_cat":[30],"product_tag":[],"class_list":{"0":"post-11686","1":"product","2":"type-product","3":"status-publish","4":"has-post-thumbnail","6":"product_cat-image-tv-sons","8":"first","9":"instock","10":"shipping-taxable","11":"purchasable","12":"product-type-simple"},"_links":{"self":[{"href":"https:\/\/kitchtenstore.com\/fr\/wp-json\/wp\/v2\/product\/11686","targetHints":{"allow":["GET"]}}],"collection":[{"href":"https:\/\/kitchtenstore.com\/fr\/wp-json\/wp\/v2\/product"}],"about":[{"href":"https:\/\/kitchtenstore.com\/fr\/wp-json\/wp\/v2\/types\/product"}],"replies":[{"embeddable":true,"href":"https:\/\/kitchtenstore.com\/fr\/wp-json\/wp\/v2\/comments?post=11686"}],"version-history":[{"count":1,"href":"https:\/\/kitchtenstore.com\/fr\/wp-json\/wp\/v2\/product\/11686\/revisions"}],"predecessor-version":[{"id":11690,"href":"https:\/\/kitchtenstore.com\/fr\/wp-json\/wp\/v2\/product\/11686\/revisions\/11690"}],"wp:featuredmedia":[{"embeddable":true,"href":"https:\/\/kitchtenstore.com\/fr\/wp-json\/wp\/v2\/media\/11689"}],"wp:attachment":[{"href":"https:\/\/kitchtenstore.com\/fr\/wp-json\/wp\/v2\/media?parent=11686"}],"wp:term":[{"taxonomy":"product_cat","embeddable":true,"href":"https:\/\/kitchtenstore.com\/fr\/wp-json\/wp\/v2\/product_cat?post=11686"},{"taxonomy":"product_tag","embeddable":true,"href":"https:\/\/kitchtenstore.com\/fr\/wp-json\/wp\/v2\/product_tag?post=11686"}],"curies":[{"name":"wp","href":"https:\/\/api.w.org\/{rel}","templated":true}]}}