{"id":11678,"date":"2022-10-31T00:57:48","date_gmt":"2022-10-31T00:57:48","guid":{"rendered":"https:\/\/kitchtenstore.com\/?post_type=product&#038;p=11678"},"modified":"2022-10-31T11:24:31","modified_gmt":"2022-10-31T11:24:31","slug":"appareil-photo-reflex-nikon-d750-24-120mm","status":"publish","type":"product","link":"https:\/\/kitchtenstore.com\/fr\/produit\/appareil-photo-reflex-nikon-d750-24-120mm\/","title":{"rendered":"Appareil photo Reflex NIKON D750 + 24-120MM"},"content":{"rendered":"<h2>Description<\/h2>\n<div>\n<h2 class=\"product_bloc_aside_title font-2\">CARACT\u00c9RISTIQUES<\/h2>\n<\/div>\n<div class=\"product_bloc_content bloc ombre product_bloc_caracteristics_odd\">\n<table class=\"font-2\">\n<caption class=\"caption_hidden\">Caract\u00e9ristiques<\/caption>\n<tbody>\n<tr class=\"odd\">\n<th scope=\"row\">Type de package<\/th>\n<td class=\"font-2-b\">\n<ul class=\"characteristics\" data-switch=\"\">\n<li class=\"\">Bo\u00eetier + objectif (1)<\/li>\n<\/ul>\n<\/td>\n<\/tr>\n<tr class=\"\">\n<th scope=\"row\">Communication sans fil<\/th>\n<td class=\"font-2-b\">\n<ul class=\"characteristics\" data-switch=\"\">\n<li class=\"\">Wi-Fi<\/li>\n<\/ul>\n<\/td>\n<\/tr>\n<tr class=\"odd\">\n<th scope=\"row\">Format de la carte m\u00e9moire<\/th>\n<td class=\"font-2-b\">\n<ul class=\"characteristics\" data-switch=\"\">\n<li class=\"\">SDHC<\/li>\n<li class=\"\">SDXC<\/li>\n<li class=\"\">Secure Digital<\/li>\n<\/ul>\n<\/td>\n<\/tr>\n<tr class=\"\">\n<th scope=\"row\">Mise au point<\/th>\n<td class=\"font-2-b\">\n<ul class=\"characteristics\" data-switch=\"\">\n<li class=\"\">51 collimateurs AF dont 15 en croix<\/li>\n<\/ul>\n<\/td>\n<\/tr>\n<tr class=\"odd\">\n<th scope=\"row\">Balance des blancs<\/th>\n<td class=\"font-2-b\">\n<ul class=\"characteristics\" data-switch=\"\">\n<li class=\"\">Auto (TTL avec capteur RVB 1005 photosites + syst\u00e8me de reconnaissance de sc\u00e8nes), manuelle (7 r\u00e9glages ajustables)<\/li>\n<\/ul>\n<\/td>\n<\/tr>\n<tr class=\"\">\n<th scope=\"row\">Exposition<\/th>\n<td class=\"font-2-b\">\n<ul class=\"characteristics\" data-switch=\"\">\n<li class=\"\">Matricielle 3D 1005 zones, pond\u00e9r\u00e9e centrale, spot, syst\u00e8me de reconnaissance de sc\u00e8nes<\/li>\n<\/ul>\n<\/td>\n<\/tr>\n<tr class=\"odd\">\n<th scope=\"row\">Sensibilit\u00e9 ISO<\/th>\n<td class=\"font-2-b\">\n<ul class=\"characteristics\" data-switch=\"\">\n<li class=\"\">50 \u00e0 51200<\/li>\n<\/ul>\n<\/td>\n<\/tr>\n<tr class=\"\">\n<th scope=\"row\">Fonctionnalit\u00e9 appareil photo<\/th>\n<td class=\"font-2-b\">\n<ul class=\"characteristics\" data-switch=\"\">\n<li class=\"\">Mode rafale : 6,5 i\/sec.<\/li>\n<\/ul>\n<\/td>\n<\/tr>\n<tr class=\"odd\">\n<th scope=\"row\">Caract\u00e9ristiques compl\u00e9mentaires<\/th>\n<td class=\"font-2-b\">\n<ul class=\"characteristics\" data-switch=\"\">\n<li class=\"\">Champ de vision\/Agrandissement : env.95% \/ 0,72x<br \/>\nNettoyage de capteur : Filtre \u00e0 onde supersonique<br \/>\n24-120 mm<br \/>\nFlash : Auto, synchro flash 1\/250s, att\u00e9nuation yeux rouges avec synchro lente, synchro lente, second rideau<br \/>\nLe plus du produit : Bo\u00eetier magn\u00e9sium et sensiblit\u00e9 de 50 \u00e0 51200 ISO<\/li>\n<\/ul>\n<\/td>\n<\/tr>\n<tr class=\"\">\n<th scope=\"row\">Viseur<\/th>\n<td class=\"font-2-b\">\n<ul class=\"characteristics\" data-switch=\"\">\n<li class=\"\">Syst\u00e8me pentaprisme<\/li>\n<\/ul>\n<\/td>\n<\/tr>\n<tr class=\"odd\">\n<th scope=\"row\">Taille de l\u2019\u00e9cran<\/th>\n<td class=\"font-2-b\">\n<ul class=\"characteristics\" data-switch=\"\">\n<li class=\"\">8 cm<\/li>\n<\/ul>\n<\/td>\n<\/tr>\n<tr class=\"\">\n<th scope=\"row\">Format d\u2019image<\/th>\n<td class=\"font-2-b\">\n<ul class=\"characteristics\" data-switch=\"\">\n<li class=\"\">Format du fichier : NEF (RAW) compress\u00e9 sans perte sur 12 ou 14 bits, JPEG compress\u00e9 \/ combin\u00e9 RAW + JPEG<\/li>\n<\/ul>\n<\/td>\n<\/tr>\n<tr class=\"odd\">\n<th scope=\"row\">Type connecteur sortie video<\/th>\n<td class=\"font-2-b\">\n<ul class=\"characteristics\" data-switch=\"\">\n<li class=\"\">USB 2.0<\/li>\n<li class=\"\">HDMI<\/li>\n<\/ul>\n<\/td>\n<\/tr>\n<tr class=\"\">\n<th scope=\"row\">Format du capteur<\/th>\n<td class=\"font-2-b\">\n<ul class=\"characteristics\" data-switch=\"\">\n<li class=\"\">Plein format 24\u00d736<\/li>\n<\/ul>\n<\/td>\n<\/tr>\n<tr class=\"odd\">\n<th scope=\"row\">Accessoires fournis<\/th>\n<td class=\"font-2-b\">\n<ul class=\"characteristics\" data-switch=\"\">\n<li class=\"\">Logiciel(s) fourni(s) : Nikon Software Suite<\/li>\n<\/ul>\n<\/td>\n<\/tr>\n<tr class=\"\">\n<th scope=\"row\">Alimentation<\/th>\n<td class=\"font-2-b\">\n<ul class=\"characteristics\" data-switch=\"\">\n<li class=\"\">Batterie Li-ion EN-EL15<\/li>\n<\/ul>\n<\/td>\n<\/tr>\n<tr class=\"odd\">\n<th scope=\"row\">Dimensions<\/th>\n<td class=\"font-2-b\">\n<ul class=\"characteristics\" data-switch=\"\">\n<li class=\"\">LxHxE : 14,7 x 11,3 x 7,8 cm<\/li>\n<\/ul>\n<\/td>\n<\/tr>\n<tr class=\"\">\n<th scope=\"row\">Disponibilit\u00e9 des pi\u00e8ces d\u00e9tach\u00e9es<\/th>\n<td class=\"font-2-b\">\n<ul class=\"characteristics\" data-switch=\"\">\n<li class=\"\">5 ans<\/li>\n<\/ul>\n<\/td>\n<\/tr>\n<tr class=\"odd\">\n<th scope=\"row\">Code<\/th>\n<td class=\"font-2-b\">\n<ul class=\"characteristics\" data-switch=\"\">\n<li class=\"\">4167961<\/li>\n<\/ul>\n<\/td>\n<\/tr>\n<\/tbody>\n<\/table>\n<\/div>\n<div>\n<h2 class=\"product_bloc_aside_title font-2\">DESCRIPTION<\/h2>\n<\/div>\n<div class=\"product_bloc_content bloc ombre font-2\">\n<div class=\"columns\">\n<p><b>L\u2019appareil photo reflex Nikon D750<\/b>\u00a0allie un capteur tr\u00e8s haute r\u00e9solution \u00e0 un syst\u00e8me de mise haut point tr\u00e8s pr\u00e9cis dans un bo\u00eetier compact et r\u00e9sistant, pour une performance \u00e9lev\u00e9e dans toutes les situations. Ce reflex vous permet de r\u00e9aliser\u00a0\u00a0<b>des prises de vue en rafale \u00e0 une cadence de 6,5 vps et des vid\u00e9os en Full HD 1080p.<\/b>\u00a0Le Nikon D750 est livr\u00e9 avec un\u00a0\u00a0<b>objectif Nikon\u00a0<\/b>\u00a0<b>24-120mm<\/b>\u00a0<b>.<\/b><\/p>\n<p><b>Capteur FX CMOS 24,3 M\u00e9gapixels sans filtre passe-bas<\/b><br \/>\nContrairement \u00e0 la plupart des appareils photos reflex, le capteur CMOS au format DX de 24,1 millions de pixels est\u00a0\u00a0<b>d\u00e9pourvu de filtre passe-bas optique<\/b>\u00a0: il peut ainsi capturer les images avec une\u00a0\u00a0<b>nettet\u00e9 exceptionnelle<\/b>, m\u00eame sur les d\u00e9tails les plus infimes. Le processeur d\u2019image EXPEED 4 assure un traitement des informations tr\u00e8s rapide, pour une\u00a0\u00a0<b>meilleure reproduction des couleurs et une meilleure r\u00e9duction du bruit.<\/b>\u00a0Gr\u00e2ce \u00e0 sa sensibilit\u00e9 de 100 \u00e0 12 800 ISO, extensible jusqu\u2019\u00e0 51 200 ISO, vous pouvez photographier dans les conditions de lumi\u00e8res les plus difficiles.<\/p>\n<div><\/div>\n<div>\n<div><b>Ecran LCD 8 cm et inclinable.<\/b><\/div>\n<div>\u00c9quip\u00e9 d\u2019un \u00e9cran 8 cm de diagonale tr\u00e8s haute r\u00e9solution (1.229.000 points), \u00a0qui vous permet de cadrer et de lire vos photos et vid\u00e9os de mani\u00e8re fid\u00e8le. Le rendu des images est net, les couleurs sont fid\u00e8les, afin d\u2019\u00e9viter les mauvaises surprises quand vos visionnez vos photos sur l\u2019\u00e9cran de votre ordinateur ou que vous effectuez des tirages. L\u2019\u00e9cran s\u2019ouvre et pivote jusqu\u2019\u00e0 90\u00b0 vers le haut et 75\u00b0 vers le bas afin de r\u00e9aliser des photos et des vid\u00e9os avec des perspectives uniques.<\/div>\n<div><\/div>\n<p><b>Mise au point 51 points AF<\/b><br \/>\nSon syst\u00e8me AF de cat\u00e9gorie professionnelle utilise 51 points AF, dont 15 en croix, pour une mise au point rapide et pr\u00e9cise. Il est second\u00e9 par un capteur de mesure RVB 91 000 photosites, avec reconnaissance de sc\u00e8ne. Vous b\u00e9n\u00e9ficiez ainsi de mesures tr\u00e8s pr\u00e9cises pour votre exposition, votre mise au point et votre balance des blancs.<\/p>\n<p><b>Viseur (Type) Syst\u00e8me pentaprisme<\/b><br \/>\nLe viseur optique \u00e0 pentaprisme, lumineux, offre une couverture de l\u2019image proche de 100%, pour un grossissement \u00e0 0,7x.<\/p>\n<p><b>Mode rafale 6,5i\/ sec<\/b><br \/>\nMode de prise de vue rafale \u00e0 6,5 vues par seconde en pleine r\u00e9solution.<\/p>\n<div><b>Vid\u00e9o Full HD 1080 60p<\/b><br \/>\nLe Nikon D750 permet de r\u00e9aliser des vid\u00e9os en\u00a0\u00a0<b>Full HD 1920 x 1080 en 24, 25 ou 30 images par seconde<\/b>. Un mode\u00a0\u00a0<b>Full HD 50 et 60 images par seconde est \u00e9galement disponible,<\/b>\u00a0pour des vid\u00e9os d\u2019action tr\u00e8s fluides. Le micro int\u00e9gr\u00e9 permet un enregistrement du son en st\u00e9r\u00e9o, avec r\u00e9glage de la sensibilit\u00e9. La prise mini jack st\u00e9r\u00e9o permet l\u2019utilisation d\u2019un micro externe.<\/div>\n<div><\/div>\n<div>\n<div>\n<div><b>Technologie Wi-Fi<\/b><\/div>\n<div>Avec la connectivit\u00e9\u00a0\u00a0<b>Wi-Fi<\/b>, vous pouvez rapidement vous connecter et transf\u00e9rer vos photos et vid\u00e9os sur smartphones, tablettes pour les partager ensuite facilement sur les r\u00e9seaux sociaux.<\/div>\n<div>Contr\u00f4lez votre appareil photo \u00e0 distance depuis un smartphone ou une tablette via l\u2019application Wireless Mobile Utility.<\/div>\n<\/div>\n<div><\/div>\n<p><b>Double emplacement de carte m\u00e9moire<\/b><br \/>\nLe double logement pour carte m\u00e9moire SD \u00a0permet une\u00a0\u00a0<b>utilisation en mode d\u00e9bordement<\/b>\u00a0(l\u2019appareil passe automatiquement sur l\u2019autre logement quand la premi\u00e8re carte est pleine), ou de\u00a0\u00a0<b>s\u00e9parer automatiquement les fichiers RAW et JPEG.<\/b><\/p>\n<p><b>Objectif Nikkor 24-120mm<\/b><\/p>\n<div>Le bo\u00eetier D750 est livr\u00e9 ici avec un\u00a0objectif portable et puissant\u00a0<b>AF-S Nikkor\u00a024-120mm f\/4G ED VR<\/b>. Du grand-angle au t\u00e9l\u00e9objectif, en passant par une\u00a0<b>ouverture constante f\/4<\/b>, cet objectif polyvalent r\u00e9alise des photos et des vid\u00e9os exceptionnelles quelle que\u00a0<b><\/b>soit la\u00a0<b><\/b>focale choisie.<\/div>\n<\/div>\n<\/div>\n<\/div>\n<\/div>","protected":false},"excerpt":{"rendered":"<div class=\"woocommerce-product-details__short-description\">\n<p class=\"product_section_title font-2-b\">Les points forts :<\/p>\n<ul class=\"product_details_items font-2-l\">\n<li class=\"product_details_item\">Capteur CMOS 24,3 millions de pixels<\/li>\n<li class=\"product_details_item\">Ecran LCD 8 cm orientable<\/li>\n<li class=\"product_details_item\">Mode rafale 6,5 images\/sec \u2013 Wifi<\/li>\n<li class=\"product_details_item\">Livr\u00e9 avec optique 24-120mm<\/li>\n<\/ul>\n<\/div>","protected":false},"featured_media":11684,"comment_status":"open","ping_status":"closed","template":"","meta":{"inline_featured_image":false,"_joinchat":[]},"product_cat":[30],"product_tag":[],"class_list":{"0":"post-11678","1":"product","2":"type-product","3":"status-publish","4":"has-post-thumbnail","6":"product_cat-image-tv-sons","8":"first","9":"instock","10":"shipping-taxable","11":"purchasable","12":"product-type-simple"},"_links":{"self":[{"href":"https:\/\/kitchtenstore.com\/fr\/wp-json\/wp\/v2\/product\/11678","targetHints":{"allow":["GET"]}}],"collection":[{"href":"https:\/\/kitchtenstore.com\/fr\/wp-json\/wp\/v2\/product"}],"about":[{"href":"https:\/\/kitchtenstore.com\/fr\/wp-json\/wp\/v2\/types\/product"}],"replies":[{"embeddable":true,"href":"https:\/\/kitchtenstore.com\/fr\/wp-json\/wp\/v2\/comments?post=11678"}],"version-history":[{"count":4,"href":"https:\/\/kitchtenstore.com\/fr\/wp-json\/wp\/v2\/product\/11678\/revisions"}],"predecessor-version":[{"id":11685,"href":"https:\/\/kitchtenstore.com\/fr\/wp-json\/wp\/v2\/product\/11678\/revisions\/11685"}],"wp:featuredmedia":[{"embeddable":true,"href":"https:\/\/kitchtenstore.com\/fr\/wp-json\/wp\/v2\/media\/11684"}],"wp:attachment":[{"href":"https:\/\/kitchtenstore.com\/fr\/wp-json\/wp\/v2\/media?parent=11678"}],"wp:term":[{"taxonomy":"product_cat","embeddable":true,"href":"https:\/\/kitchtenstore.com\/fr\/wp-json\/wp\/v2\/product_cat?post=11678"},{"taxonomy":"product_tag","embeddable":true,"href":"https:\/\/kitchtenstore.com\/fr\/wp-json\/wp\/v2\/product_tag?post=11678"}],"curies":[{"name":"wp","href":"https:\/\/api.w.org\/{rel}","templated":true}]}}