{"id":11668,"date":"2022-10-31T00:49:13","date_gmt":"2022-10-31T00:49:13","guid":{"rendered":"https:\/\/kitchtenstore.com\/?post_type=product&#038;p=11668"},"modified":"2022-10-31T00:49:14","modified_gmt":"2022-10-31T00:49:14","slug":"appareil-photo-reflex-nikon-d5600-nu","status":"publish","type":"product","link":"https:\/\/kitchtenstore.com\/fr\/produit\/appareil-photo-reflex-nikon-d5600-nu\/","title":{"rendered":"Appareil photo Reflex NIKON D5600 NU"},"content":{"rendered":"<div id=\"tab-description\" class=\"woocommerce-Tabs-panel woocommerce-Tabs-panel--description panel entry-content wc-tab\" role=\"tabpanel\" aria-labelledby=\"tab-title-description\">\n<h2>Description<\/h2>\n<div>\n<h2 class=\"product_bloc_aside_title font-2\">CARACT\u00c9RISTIQUES<\/h2>\n<\/div>\n<div class=\"product_bloc_content bloc ombre product_bloc_caracteristics_odd\">\n<table class=\"font-2\">\n<caption class=\"caption_hidden\">Caract\u00e9ristiques<\/caption>\n<tbody>\n<tr class=\"odd\">\n<th scope=\"row\">Communication sans fil<\/th>\n<td class=\"font-2-b\">\n<ul class=\"characteristics\" data-switch=\"\">\n<li class=\"\">NFC<\/li>\n<li class=\"\">Wi-Fi<\/li>\n<\/ul>\n<\/td>\n<\/tr>\n<tr class=\"\">\n<th scope=\"row\">Impression directe<\/th>\n<td class=\"font-2-b\">\n<ul class=\"characteristics\" data-switch=\"\">\n<li class=\"\">Oui<\/li>\n<\/ul>\n<\/td>\n<\/tr>\n<tr class=\"odd\">\n<th scope=\"row\">Format de la carte m\u00e9moire<\/th>\n<td class=\"font-2-b\">\n<ul class=\"characteristics\" data-switch=\"\">\n<li class=\"\">SDHC<\/li>\n<li class=\"\">SDXC<\/li>\n<li class=\"\">Secure Digital<\/li>\n<\/ul>\n<\/td>\n<\/tr>\n<tr class=\"\">\n<th scope=\"row\">Vitesse d\u2019obturation<\/th>\n<td class=\"font-2-b\">\n<ul class=\"characteristics\" data-switch=\"\">\n<li class=\"\">30 \u00e0 1\/4000 sec.<\/li>\n<\/ul>\n<\/td>\n<\/tr>\n<tr class=\"odd\">\n<th scope=\"row\">Mise au point<\/th>\n<td class=\"font-2-b\">\n<ul class=\"characteristics\" data-switch=\"\">\n<li class=\"\">39 points AF<\/li>\n<\/ul>\n<\/td>\n<\/tr>\n<tr class=\"\">\n<th scope=\"row\">Balance des blancs<\/th>\n<td class=\"font-2-b\">\n<ul class=\"characteristics\" data-switch=\"\">\n<li class=\"\">Automatique, incandescent, fluorescent, ensoleill\u00e9, flash, nuageux, ombre, pr\u00e9r\u00e9glage manuel<\/li>\n<\/ul>\n<\/td>\n<\/tr>\n<tr class=\"odd\">\n<th scope=\"row\">Exposition<\/th>\n<td class=\"font-2-b\">\n<ul class=\"characteristics\" data-switch=\"\">\n<li class=\"\">TTL \u00e0 l\u2019aide du capteur RVB 2016 photosites<\/li>\n<\/ul>\n<\/td>\n<\/tr>\n<tr class=\"\">\n<th scope=\"row\">Sensibilit\u00e9 ISO<\/th>\n<td class=\"font-2-b\">\n<ul class=\"characteristics\" data-switch=\"\">\n<li class=\"\">100 \u00e0 25 600 ISO<\/li>\n<\/ul>\n<\/td>\n<\/tr>\n<tr class=\"odd\">\n<th scope=\"row\">D\u00e9finition<\/th>\n<td class=\"font-2-b\">\n<ul class=\"characteristics\" data-switch=\"\">\n<li class=\"\">Full HD (1080p)<\/li>\n<\/ul>\n<\/td>\n<\/tr>\n<tr class=\"\">\n<th scope=\"row\">Fonctionnalit\u00e9 appareil photo<\/th>\n<td class=\"font-2-b\">\n<ul class=\"characteristics\" data-switch=\"\">\n<li class=\"\">Mode rafale : 5, 15, 30 60i\/s<\/li>\n<\/ul>\n<\/td>\n<\/tr>\n<tr class=\"odd\">\n<th scope=\"row\">Caract\u00e9ristiques compl\u00e9mentaires<\/th>\n<td class=\"font-2-b\">\n<ul class=\"characteristics\" data-switch=\"\">\n<li class=\"\">Champ de vision\/Agrandissement : env.95% \/ 0,82x<br \/>\nNettoyage de capteur : oui<br \/>\nFlash : Automatique, automatique avec att\u00e9nuation des yeux rouges, synchro lente automatique, synchro lente automatique avec att\u00e9nuation des yeux rouges, dosage flash\/ambiance, att\u00e9nuation des yeux rouges, synchro lente, synchro lente avec att\u00e9nuation des yeux rouges, synchro lente sur le second rideau, synchro sur le second rideau, d\u00e9sactiv\u00e9<br \/>\nLe plus du produit : Des outils cr\u00e9atifs int\u00e9gr\u00e9s<\/li>\n<\/ul>\n<\/td>\n<\/tr>\n<tr class=\"\">\n<th scope=\"row\">Viseur<\/th>\n<td class=\"font-2-b\">\n<ul class=\"characteristics\" data-switch=\"\">\n<li class=\"\">Syst\u00e8me pentamiroir<\/li>\n<\/ul>\n<\/td>\n<\/tr>\n<tr class=\"odd\">\n<th scope=\"row\">R\u00e9solution d\u2019\u00e9cran<\/th>\n<td class=\"font-2-b\">\n<ul class=\"characteristics\" data-switch=\"\">\n<li class=\"\">1 037 000 pixels<\/li>\n<\/ul>\n<\/td>\n<\/tr>\n<tr class=\"\">\n<th scope=\"row\">Taille de l\u2019\u00e9cran<\/th>\n<td class=\"font-2-b\">\n<ul class=\"characteristics\" data-switch=\"\">\n<li class=\"\">8,1 cm<\/li>\n<\/ul>\n<\/td>\n<\/tr>\n<tr class=\"odd\">\n<th scope=\"row\">Formats video<\/th>\n<td class=\"font-2-b\">\n<ul class=\"characteristics\" data-switch=\"\">\n<li class=\"\">Vid\u00e9o HD<\/li>\n<\/ul>\n<\/td>\n<\/tr>\n<tr class=\"\">\n<th scope=\"row\">Format d\u2019image<\/th>\n<td class=\"font-2-b\">\n<ul class=\"characteristics\" data-switch=\"\">\n<li class=\"\">Format du fichier : JPEG, MOV, RAW<\/li>\n<\/ul>\n<\/td>\n<\/tr>\n<tr class=\"odd\">\n<th scope=\"row\">Type connecteur sortie video<\/th>\n<td class=\"font-2-b\">\n<ul class=\"characteristics\" data-switch=\"\">\n<li class=\"\">USB<\/li>\n<li class=\"\">HDMI Type C<\/li>\n<\/ul>\n<\/td>\n<\/tr>\n<tr class=\"\">\n<th scope=\"row\">Format du capteur<\/th>\n<td class=\"font-2-b\">\n<ul class=\"characteristics\" data-switch=\"\">\n<li class=\"\">APS-C<\/li>\n<\/ul>\n<\/td>\n<\/tr>\n<tr class=\"odd\">\n<th scope=\"row\">Type de capteur<\/th>\n<td class=\"font-2-b\">\n<ul class=\"characteristics\" data-switch=\"\">\n<li class=\"\">CMOS<\/li>\n<\/ul>\n<\/td>\n<\/tr>\n<tr class=\"\">\n<th scope=\"row\">MegaPixels (R\u00e9solution du capteur)<\/th>\n<td class=\"font-2-b\">\n<ul class=\"characteristics\" data-switch=\"\">\n<li class=\"\">24,2 m\u00e9gapixels<\/li>\n<\/ul>\n<\/td>\n<\/tr>\n<tr class=\"odd\">\n<th scope=\"row\">Accessoires fournis<\/th>\n<td class=\"font-2-b\">\n<ul class=\"characteristics\" data-switch=\"\">\n<li class=\"\">Accumulateur Li-ion EN-EL14a ,chargeur d\u2019accumulateur MH-24\u0152illeton en caoutchouc DK-25,bouchon de bo\u00eetier BF-1B,courroie AN-DC3<\/li>\n<\/ul>\n<\/td>\n<\/tr>\n<tr class=\"\">\n<th scope=\"row\">Alimentation<\/th>\n<td class=\"font-2-b\">\n<ul class=\"characteristics\" data-switch=\"\">\n<li class=\"\">Batterie Li-ion EN-EL14a<\/li>\n<\/ul>\n<\/td>\n<\/tr>\n<tr class=\"odd\">\n<th scope=\"row\">Dimensions<\/th>\n<td class=\"font-2-b\">\n<ul class=\"characteristics\" data-switch=\"\">\n<li class=\"\">LxHxE : 124 x 97 x 70 mm<\/li>\n<\/ul>\n<\/td>\n<\/tr>\n<tr class=\"\">\n<th scope=\"row\">Poids<\/th>\n<td class=\"font-2-b\">\n<ul class=\"characteristics\" data-switch=\"\">\n<li class=\"\">0,53 kg<\/li>\n<\/ul>\n<\/td>\n<\/tr>\n<tr class=\"odd\">\n<th scope=\"row\">Type connecteur sortie audio<\/th>\n<td class=\"font-2-b\">\n<ul class=\"characteristics\" data-switch=\"\">\n<li class=\"\">Jack 3.5mm<\/li>\n<\/ul>\n<\/td>\n<\/tr>\n<tr class=\"\">\n<th scope=\"row\">Disponibilit\u00e9 des pi\u00e8ces d\u00e9tach\u00e9es<\/th>\n<td class=\"font-2-b\">\n<ul class=\"characteristics\" data-switch=\"\">\n<li class=\"\">7 ans<\/li>\n<\/ul>\n<\/td>\n<\/tr>\n<tr class=\"odd\">\n<th scope=\"row\">Code<\/th>\n<td class=\"font-2-b\">\n<ul class=\"characteristics\" data-switch=\"\">\n<li class=\"\">4403746<\/li>\n<\/ul>\n<\/td>\n<\/tr>\n<\/tbody>\n<\/table>\n<div>\n<h2 class=\"product_bloc_aside_title font-2\">DESCRIPTION<\/h2>\n<\/div>\n<div class=\"product_bloc_content bloc ombre font-2\">\n<div class=\"columns\">\n<div><b>Donnez corps \u00e0 vos cr\u00e9ations. Je suis le Nikon D5600<\/b><\/div>\n<div><\/div>\n<div><i>Immortalisez le monde tel que vous le voyez gr\u00e2ce \u00e0 la qualit\u00e9 d\u2019image exceptionnelle du Nikon D5600. L\u00e9ger et performant, ce reflex num\u00e9rique, d\u2019une compacit\u00e9 remarquable et dot\u00e9 d\u2019un \u00e9cran tactile orientable, cr\u00e9e des images parfaitement nettes et impressionnantes.<\/i><\/div>\n<div><\/div>\n<div><b>Des performances \u00e0 la hauteur de vos ambitions !<\/b><\/div>\n<div>Le\u00a0<b>D5600 offre un capteur CMOS DX de 23.5 x 15.6 mm avec 24.2 millions de pixels<\/b>. Son\u00a0\u00a0<b>processeur Expeed 4 permet d\u2019\u00e9tendre la sensibilit\u00e9 jusqu\u2019\u00e0 25 600 ISO<\/b>\u00a0ainsi que de proposer des\u00a0<b>capacit\u00e9s de traitement de l\u2019image sup\u00e9rieure<\/b>\u00a0en mode photo et vid\u00e9o. Oubliez les flous et r\u00e9alisez des images remplis de d\u00e9tails et aux couleurs \u00e9clatantes. La\u00a0<b>grande plage d\u2019ISO permet de prendre des photos exceptionnelles m\u00eame en conditions de faible \u00e9clairage<\/b>.<\/div>\n<div><\/div>\n<div>Un\u00a0<b>syst\u00e8me anti-poussi\u00e8re est int\u00e9gr\u00e9 par nettoyage du capteur<\/b>\u00a0pour vous permettre de\u00a0<b>conserver une qualit\u00e9 d\u2019image \u00e0 toutes \u00e9preuves<\/b>. En effet, des poussi\u00e8res peuvent s\u2019infiltrer et se placer sur le capteur et d\u00e9t\u00e9riorer la qualit\u00e9 de l\u2019image. Le syst\u00e8me anti-poussi\u00e8re permet donc de nettoyer le capteur et donc d\u2019\u00e9viter l\u2019encombrement de celui-ci.<\/div>\n<div><\/div>\n<div>La\u00a0<b>vitesse d\u2019obscuration du D5600 de Nikon est r\u00e9glable de 1\/4000 \u00e0 30 secondes<\/b>, ce qui permet de prendre diff\u00e9rents clich\u00e9s et ne pas limiter vos cr\u00e9ativit\u00e9s !<\/div>\n<div>L\u2019\u00a0<b>auto-focus se fait \u00e0 la d\u00e9tection des phases TTL<\/b>, et dispose de\u00a0\u00a0<b>39 points<\/b>. Il comprend la possibilit\u00e9 de le r\u00e9gler \u00e0 11 ou 39 points. Les\u00a0<b>39 points d\u2019auto-focus permettent d\u2019obtenir une pr\u00e9cision unique<\/b>\u00a0qui garantit une nettet\u00e9 exceptionnelle. Le\u00a0<b>syst\u00e8me avanc\u00e9 de suivi du sujet en 3D<\/b>\u00a0conserve la mise au point sur les sujets les plus petits, m\u00eame lors de d\u00e9placements impr\u00e9visibles !<\/div>\n<div><\/div>\n<div>La\u00a0<b>balance des blancs se fait gr\u00e2ce \u00e0 des modes pr\u00e9-r\u00e9gl\u00e9s<\/b>\u00a0tels que automatique, incandescent, fluorescent, ensoleill\u00e9, nuageux, flash,\u2026. La mesure d\u2019exposition se fait par TTL.<\/div>\n<div><\/div>\n<div>Le D5600 de Nikon offre un\u00a0<b>flash int\u00e9gr\u00e9<\/b>. Il est compos\u00e9 de\u00a0<b>12 guides environ, r\u00e9glable gr\u00e2ce aux 10 pr\u00e9-r\u00e9glages<\/b>.<\/div>\n<div>Le\u00a0<b>retardateur int\u00e9gr\u00e9<\/b>\u00a0vous permet de ne plus \u00eatre simple photographe. Enclenchez le retardateur et allez poser sur la photo avec vos sujets ! Allant de\u00a0<b>2 \u00e0 20 secondes<\/b>, vous aurez la plus grande possibilit\u00e9.<\/div>\n<div><\/div>\n<div>Immortalisez les grands moments de votre vie gr\u00e2ce \u00e0 son\u00a0<b>mode vid\u00e9o qui filme en 1920 x 1080p 60 images par seconde<\/b>. La\u00a0<b>qualit\u00e9 impressionnante de ce mode vid\u00e9o est compl\u00e9t\u00e9e par le son captur\u00e9 en st\u00e9r\u00e9o<\/b>.<\/div>\n<div>La\u00a0<b>sensibilit\u00e9 de la vid\u00e9o<\/b>\u00a0s\u2019\u00e9tend, tout comme le mode photo, de\u00a0<b>100 ISO \u00e0 25 600 ISO<\/b>. La\u00a0<b>grande fluidit\u00e9 des captures<\/b>\u00a0rendent vos captures uniques, et dont vous pouvez \u00eatre fi\u00e8re.<\/div>\n<div><\/div>\n<div>Les\u00a0<b>fichiers<\/b>\u00a0photos sont\u00a0<b>enregistr\u00e9s en JPEG, RAW<\/b>\u00a0; Les\u00a0<b>fichiers<\/b>\u00a0vid\u00e9o eux sont sous le\u00a0<b>format MOV<\/b>.<\/div>\n<div><\/div>\n<div>Le\u00a0<b>D5600 de Nikon poss\u00e8de une vis\u00e9e optique<\/b>. Ce viseur vous permet de capturez avec pr\u00e9cision vos sujet.<\/div>\n<div><\/div>\n<div>L\u2019\u00a0<b>\u00e9cran<\/b>\u00a0du D5600 est tout\u00a0<b>aussi innovant que le bo\u00eetier<\/b>! Cet\u00a0<b>\u00e9cran LCD<\/b>\u00a0<b>\u00a0TFT tactile est orientable et mesure 8.1 cm<\/b>\u00a0(soit environ 3.2 pouces). Son\u00a0<b>angle de visualisation de 170\u00b0<\/b>\u00a0vous permet de ne plus avoir \u00e0 vous mettre la t\u00eate \u00e0 l\u2019envers !<\/div>\n<div>Le\u00a0<b>syst\u00e8me orientable vous permet de retourner l\u2019\u00e9cran<\/b>\u00a0pour trouver la position id\u00e9ale \u00e0 votre prise de vue.\u00a0\u00a0<b>Profiter du tactile pour faire la mise au point<\/b>\u00a0en appuyant sur la zone que vous souhaitez.<\/div>\n<div>Il\u00a0<b>couvre l\u2019image \u00e0 100%<\/b>. De plus sa\u00a0<b>luminosit\u00e9 est r\u00e9glable<\/b>, pour ne pas vous \u00e9blouir la nuit, et continuer \u00e0 voir la journ\u00e9e malgr\u00e9 le soleil ! L\u2019<b>\u00e9cran contient environ 1 037 000 pixels<\/b>.<\/div>\n<div><\/div>\n<div><b>Regardez vos clich\u00e9s sur un \u00e9cran encore plus grand<\/b>\u00a0en connectant votre bo\u00eetier \u00e0 un t\u00e9l\u00e9viseur \u00e9quip\u00e9 d\u2019une\u00a0<b>sortie HDMI<\/b>! Le D5600 de Nikon poss\u00e8de \u00e9galement une\u00a0<b>sortie USB, et vid\u00e9o NTSC, PAL<\/b>.<\/div>\n<div>Il est dot\u00e9 d\u2019une entr\u00e9e audio en mini st\u00e9r\u00e9o 3.5 mm.<\/div>\n<div><\/div>\n<div>\n<div><b>Application SnapBridge<\/b><\/div>\n<div>Le\u00a0<b>Nikon D5600<\/b>\u00a0b\u00e9n\u00e9ficie d\u2019une connectivit\u00e9 permanente avec des p\u00e9riph\u00e9riques mobiles via le Wifi. Vous pourrez automatiquement transf\u00e9rer des images vers un smartphone ou une tablette.<\/div>\n<div><b>SnapBridge<\/b>\u00a0int\u00e8gre imm\u00e9diatement les informations\u00a0<b>relatives au lieu, \u00e0 la date et l\u2019heure sur les images<\/b>.<\/div>\n<\/div>\n<div><\/div>\n<div>Le\u00a0<b>D5600 est ultra connect\u00e9<\/b>\u00a0avec son\u00a0<b>syst\u00e8me Wi-Fi<\/b>! Il r\u00e9pond \u00e0 la<b>norme 802.11b\/g<\/b>\u00a0pour vous permettre de transf\u00e9rer vos donn\u00e9es plus rapidement en passant par le c\u00e2ble USB, et partager plus ludiquement ! En effet, vous pourrez\u00a0<b>transf\u00e9rer vos photos en un instant\u00a0<\/b>sur votre smartphone ou tablette compatible !<\/div>\n<div>La port\u00e9e de son\u00a0<b>Wi-Fi est de 30 m\u00e8tres maximum<\/b>, pour un\u00a0<b>d\u00e9bit\u00a0<\/b><\/div>\n<\/div>\n<\/div>\n<\/div>\n<\/div>","protected":false},"excerpt":{"rendered":"<div class=\"woocommerce-product-details__short-description\">\n<p class=\"product_section_title font-2-b\">Les points forts :<\/p>\n<ul class=\"product_details_items font-2-l\">\n<li class=\"product_details_item\">Capteur DX CMOS 24.2 millions de pixels<\/li>\n<li class=\"product_details_item\">Ecran LCD 8,1 cm orientable et tactile de 1037K Pixels<\/li>\n<li class=\"product_details_item\">Vid\u00e9os Full HD 1920\u00d71080 jusqu\u2019\u00e0 60p \u2013 Mode rafale 5i\/ sec<\/li>\n<li class=\"product_details_item\">Connectivit\u00e9 Wifi, NFC, SnapBridge<\/li>\n<\/ul>\n<\/div>","protected":false},"featured_media":11671,"comment_status":"open","ping_status":"closed","template":"","meta":{"inline_featured_image":false,"_joinchat":[]},"product_cat":[30],"product_tag":[],"class_list":{"0":"post-11668","1":"product","2":"type-product","3":"status-publish","4":"has-post-thumbnail","6":"product_cat-image-tv-sons","8":"first","9":"instock","10":"shipping-taxable","11":"purchasable","12":"product-type-simple"},"_links":{"self":[{"href":"https:\/\/kitchtenstore.com\/fr\/wp-json\/wp\/v2\/product\/11668","targetHints":{"allow":["GET"]}}],"collection":[{"href":"https:\/\/kitchtenstore.com\/fr\/wp-json\/wp\/v2\/product"}],"about":[{"href":"https:\/\/kitchtenstore.com\/fr\/wp-json\/wp\/v2\/types\/product"}],"replies":[{"embeddable":true,"href":"https:\/\/kitchtenstore.com\/fr\/wp-json\/wp\/v2\/comments?post=11668"}],"version-history":[{"count":1,"href":"https:\/\/kitchtenstore.com\/fr\/wp-json\/wp\/v2\/product\/11668\/revisions"}],"predecessor-version":[{"id":11672,"href":"https:\/\/kitchtenstore.com\/fr\/wp-json\/wp\/v2\/product\/11668\/revisions\/11672"}],"wp:featuredmedia":[{"embeddable":true,"href":"https:\/\/kitchtenstore.com\/fr\/wp-json\/wp\/v2\/media\/11671"}],"wp:attachment":[{"href":"https:\/\/kitchtenstore.com\/fr\/wp-json\/wp\/v2\/media?parent=11668"}],"wp:term":[{"taxonomy":"product_cat","embeddable":true,"href":"https:\/\/kitchtenstore.com\/fr\/wp-json\/wp\/v2\/product_cat?post=11668"},{"taxonomy":"product_tag","embeddable":true,"href":"https:\/\/kitchtenstore.com\/fr\/wp-json\/wp\/v2\/product_tag?post=11668"}],"curies":[{"name":"wp","href":"https:\/\/api.w.org\/{rel}","templated":true}]}}