{"id":11642,"date":"2022-10-29T12:53:10","date_gmt":"2022-10-29T12:53:10","guid":{"rendered":"https:\/\/kitchtenstore.com\/?post_type=product&#038;p=11642"},"modified":"2022-10-31T15:33:54","modified_gmt":"2022-10-31T15:33:54","slug":"buffet-paris-commode-bahut-vaisselier-avec-3-portes-battantes-et-2-tiroirs-pin-massif-lasure-taupe","status":"publish","type":"product","link":"https:\/\/kitchtenstore.com\/fr\/produit\/buffet-paris-commode-bahut-vaisselier-avec-3-portes-battantes-et-2-tiroirs-pin-massif-lasure-taupe\/","title":{"rendered":"Buffet PARIS commode bahut vaisselier avec 3 portes battantes et 2 tiroirs pin massif lasur\u00e9 taupe"},"content":{"rendered":"<h2>Description<\/h2>\n<div id=\"presContent\" class=\"fpBlk testSep extCode\"><b>LE BUFFET PARIS<\/b><br \/>\n\u2026 ne passera pas inaper\u00e7u avec son style traditionnel tendance, que ce soit dans votre salle \u00e0 manger ou votre cuisine. Avec ses 2 tiroirs et l\u2019espace derri\u00e8re les 3 portes battantes, aux poign\u00e9es d\u00e9coratives en forme de coquille, vous aurez suffisamment d\u2019espace de stockage pour ranger votre service \u00e0 vaiselle et autres objets.&nbsp;<\/p>\n<p><b>Description des mat\u00e9riaux :<\/b><br \/>\n\u2013 Le buffet est fabriqu\u00e9 en pin massif, lasur\u00e9 taupe.<br \/>\n\u2013 La madrure du bois reste visible.<\/p>\n<p><b>Caract\u00e9ristiques du produit :<\/b><br \/>\n\u2013 2 tiroirs sur rails plastiques (visuellement les 4 petits tiroirs forment 2 grands tiroirs)<br \/>\n\u2013 3 portes battantes avec tablettes de s\u00e9paration r\u00e9glable en hauteur<br \/>\n\u2013 Poign\u00e9es coquille en m\u00e9tal couleur bronze<br \/>\n\u2013 Dimensions int\u00e9rieur des tiroirs (L x H x P) : 50 x 15 x 26 cm<br \/>\n\u2013 Dimensions compartiment derri\u00e8re la porte de gauche et centrale (L x H x P) : 72 x 48 x 31 cm<br \/>\n\u2013 Dimensions compartiment derri\u00e8re la porte de droite (L x H x P) : 35 x 48 x 31 cm<br \/>\n\u2013 Pied avec plinthe d\u00e9corative<\/p>\n<p><b>Livraison et montage :<\/b><br \/>\n\u2013 Contenu de la livraison : buffet, sans d\u00e9coration, notice de montage<br \/>\n\u2013 Le produit est livr\u00e9 en pi\u00e8ces d\u00e9tach\u00e9es<br \/>\n\u2013 Assemblage facile gr\u00e2ce \u00e0 la notice<br \/>\n\u2013 Photo non contractuelle<\/p>\n<p><b>R\u00e9sum\u00e9:<\/b><br \/>\n\u2013 Nombres de portes: 3<br \/>\n\u2013 Nombres de tiroirs: 2<br \/>\n\u2013 Nombres d\u2019\u00e9tag\u00e8res (variable): 2<br \/>\n\u2013 Surface: Lasur\u00e9, La madrure du bois reste visible<br \/>\n\u2013 Hauteur fa\u00e7ade: 15 cm<br \/>\n\u2013 Largeur: 50 cm, 26 cm<br \/>\n\u2013 Hauteur (portes): 48 cm<br \/>\n\u2013 Profondeur (portes): 31 cm<br \/>\n\u2013 Hauteur: 73 cm, 116 cm<br \/>\n\u2013 Profondeur: 35 cm<br \/>\n\u2013 Couleur: taupe<br \/>\n\u2013 Mat\u00e9riel: Pin massif<\/p>\n<\/div>\n<div id=\"desc\" class=\"anchor\"><\/div>\n<div id=\"descContent\" class=\"fpBlk testSep\" data-cs-override-id=\"Descriptif\">\n<p class=\"fpMb\">Dimensions (L x H x P) : 116 x 73 x 35 cm \u2013 En pin massif, lasur\u00e9 taupe \u2013 2 tiroirs spacieux et 3 portes \u2013 Poign\u00e9es coquille \u2013 Collection PARIS \u2013<\/p>\n<div class=\"regBloc no1023\">\n<div id=\"gpt-R2-300X250BODY2\" data-google-query-id=\"CPa_roC7mOgCFT7Duwgdkw0Inw\"><\/div>\n<div class=\"regTxt\"><\/div>\n<\/div>\n<table class=\"fpDescTb fpDescTbPub\">\n<tbody>\n<tr>\n<th colspan=\"2\">Informations g\u00e9n\u00e9rales sur le produit<\/th>\n<\/tr>\n<tr>\n<td>Marque<\/td>\n<td><a title=\"IDIMEX\" href=\"https:\/\/www.cdiscount.com\/m-13511-idimex.html\" data-link=\"SFP-ZBN-TNO-DPM\">IDIMEX<\/a><\/td>\n<\/tr>\n<tr>\n<td>Nom du produit<\/td>\n<td>Buffet PARIS commode bahut vaisselier avec 3 porte<\/td>\n<\/tr>\n<tr>\n<td>Cat\u00e9gorie<\/td>\n<td>BUFFET \u2013 BAHUT<\/td>\n<\/tr>\n<tr>\n<th colspan=\"2\">G\u00e9n\u00e9ral<\/th>\n<\/tr>\n<tr>\n<td>Cat\u00e9gorie de produit<\/td>\n<td>Meuble de s\u00e9jour<br \/>\nMeuble de salon<br \/>\nMeuble de cuisine<\/td>\n<\/tr>\n<tr>\n<td>Type de Produit<\/td>\n<td>Buffet<\/td>\n<\/tr>\n<tr>\n<td>Mod\u00e8les<\/td>\n<td>PARIS<\/td>\n<\/tr>\n<tr>\n<td>Type de pi\u00e8ce<\/td>\n<td>Salle \u00e0 manger<br \/>\nSalon<br \/>\nEntr\u00e9e<\/td>\n<\/tr>\n<tr>\n<td>Type de public<\/td>\n<td>Adulte<\/td>\n<\/tr>\n<tr>\n<td>Style<\/td>\n<td>Classique \u2013 Intemporel<\/td>\n<\/tr>\n<tr>\n<th colspan=\"2\">D\u00e9tail sur les meubles<\/th>\n<\/tr>\n<tr>\n<td>Mati\u00e8re de la structure<\/td>\n<td>En pin massif<\/td>\n<\/tr>\n<tr>\n<td>Finition &amp; D\u00e9cor<\/td>\n<td>Lasur\u00e9 taupe<\/td>\n<\/tr>\n<tr>\n<td>Finition<\/td>\n<td>Aspect bois<\/td>\n<\/tr>\n<tr>\n<td>Couleur(s)<\/td>\n<td>Lasur\u00e9 taupe<\/td>\n<\/tr>\n<tr>\n<td>Portes \u2013 Tiroirs<\/td>\n<td>Porte(s) et tiroir(s)<\/td>\n<\/tr>\n<tr>\n<td>Nombre de porte(s)<\/td>\n<td>3 porte(s)<\/td>\n<\/tr>\n<tr>\n<td>Nombre de tiroirs<\/td>\n<td>2 tiroir(s)<\/td>\n<\/tr>\n<tr>\n<th colspan=\"2\">Dimensions produit<\/th>\n<\/tr>\n<tr>\n<td>Longueur<\/td>\n<td>116 cm<\/td>\n<\/tr>\n<tr>\n<td>Largeur (profondeur)<\/td>\n<td>35 cm<\/td>\n<\/tr>\n<tr>\n<td>Hauteur<\/td>\n<td>73 cm<\/td>\n<\/tr>\n<tr>\n<th colspan=\"2\">Montage<\/th>\n<\/tr>\n<tr>\n<td>Montage<\/td>\n<td>A monter soi-m\u00eame<\/td>\n<\/tr>\n<tr>\n<td>Type d\u2019installation<\/td>\n<td>A poser au sol<\/td>\n<\/tr>\n<tr>\n<td>Conseil d\u2019entretien<\/td>\n<td>Entretien facile \u00e0 l\u2019aide d\u2019un chiffon l\u00e9g\u00e8rement humide<\/td>\n<\/tr>\n<tr>\n<td>Conseil de montage<\/td>\n<td>L\u2019article est livr\u00e9 en pi\u00e8ces d\u00e9tach\u00e9es \u2013 Assemblage facile gr\u00e2ce \u00e0 la notice de montage<\/td>\n<\/tr>\n<\/tbody>\n<\/table>\n<\/div>","protected":false},"excerpt":{"rendered":"<div class=\"woocommerce-product-details__short-description\">\n<p>Dimensions (L x H x P) : 116 x 73 x 35 cm \u2013 En pin massif, lasur\u00e9 taupe \u2013 2 tiroirs spacieux et 3 portes \u2013 Poign\u00e9es coquille \u2013 Collection PARIS \u2013<\/p>\n<\/div>","protected":false},"featured_media":11648,"comment_status":"open","ping_status":"closed","template":"","meta":{"inline_featured_image":false,"_joinchat":[]},"product_cat":[141],"product_tag":[],"class_list":{"0":"post-11642","1":"product","2":"type-product","3":"status-publish","4":"has-post-thumbnail","6":"product_cat-maison-decoration","8":"first","9":"instock","10":"shipping-taxable","11":"purchasable","12":"product-type-simple"},"_links":{"self":[{"href":"https:\/\/kitchtenstore.com\/fr\/wp-json\/wp\/v2\/product\/11642","targetHints":{"allow":["GET"]}}],"collection":[{"href":"https:\/\/kitchtenstore.com\/fr\/wp-json\/wp\/v2\/product"}],"about":[{"href":"https:\/\/kitchtenstore.com\/fr\/wp-json\/wp\/v2\/types\/product"}],"replies":[{"embeddable":true,"href":"https:\/\/kitchtenstore.com\/fr\/wp-json\/wp\/v2\/comments?post=11642"}],"version-history":[{"count":1,"href":"https:\/\/kitchtenstore.com\/fr\/wp-json\/wp\/v2\/product\/11642\/revisions"}],"predecessor-version":[{"id":11651,"href":"https:\/\/kitchtenstore.com\/fr\/wp-json\/wp\/v2\/product\/11642\/revisions\/11651"}],"wp:featuredmedia":[{"embeddable":true,"href":"https:\/\/kitchtenstore.com\/fr\/wp-json\/wp\/v2\/media\/11648"}],"wp:attachment":[{"href":"https:\/\/kitchtenstore.com\/fr\/wp-json\/wp\/v2\/media?parent=11642"}],"wp:term":[{"taxonomy":"product_cat","embeddable":true,"href":"https:\/\/kitchtenstore.com\/fr\/wp-json\/wp\/v2\/product_cat?post=11642"},{"taxonomy":"product_tag","embeddable":true,"href":"https:\/\/kitchtenstore.com\/fr\/wp-json\/wp\/v2\/product_tag?post=11642"}],"curies":[{"name":"wp","href":"https:\/\/api.w.org\/{rel}","templated":true}]}}