{"id":11634,"date":"2022-10-29T12:31:18","date_gmt":"2022-10-29T12:31:18","guid":{"rendered":"https:\/\/kitchtenstore.com\/?post_type=product&#038;p=11634"},"modified":"2022-10-29T12:33:42","modified_gmt":"2022-10-29T12:33:42","slug":"buffet-tibor-style-scandinave-design-vintage-nordique-commode-bahut-vaisselier-avec-2-tiroirs-et-2-portes-en-pin-massif-lasure-gris","status":"publish","type":"product","link":"https:\/\/kitchtenstore.com\/fr\/produit\/buffet-tibor-style-scandinave-design-vintage-nordique-commode-bahut-vaisselier-avec-2-tiroirs-et-2-portes-en-pin-massif-lasure-gris\/","title":{"rendered":"Buffet TIBOR style scandinave design vintage nordique commode bahut vaisselier avec 2 tiroirs et 2 portes, en pin massif lasur\u00e9 gris"},"content":{"rendered":"<h2>Description<\/h2>\n<div id=\"presContent\" class=\"fpBlk testSep extCode\"><b>Description des mat\u00e9riaux :<\/b><br \/>\n\u2013 Le buffet est fabriqu\u00e9 en pin massif recouvert d\u2019une lasure grise.<br \/>\n\u2013 La madrure du bois reste visible.<br \/>\n\u2013 La base du meuble avec ses 4 pieds coniques est en pin massif \u00e0 la finition teint\u00e9e.<br \/>\n\u2013 La partie arri\u00e8re du meuble et les fonds de tiroir sont en MDF.<b>Caract\u00e9ristiques du produit :<\/b><br \/>\n\u2013 Dimensions int\u00e9rieures des 2 tiroirs (L x H x P) : 42 x 19 x 34 cm<br \/>\n\u2013 Compartiment ferm\u00e9 avec tablette r\u00e9glable en hauteur<br \/>\n\u2013 Dimensions espace derri\u00e8re les 2 portes (L x H x P) : 93 x 39 x 35 cm<br \/>\n\u2013 Finitions de qualit\u00e9<br \/>\n\u2013 Design \u00e9pur\u00e9 scandinave<\/p>\n<p><b>Livraison et montage :<\/b><br \/>\n\u2013 Contenu de la livraison : buffet, sans d\u00e9coration, notice de montage<br \/>\n\u2013 Le produit est livr\u00e9 en pi\u00e8ces d\u00e9tach\u00e9es<br \/>\n\u2013 Assemblage facile gr\u00e2ce \u00e0 la notice<br \/>\n\u2013 Photo non contractuelle<\/p>\n<p><b>R\u00e9sum\u00e9:<\/b><br \/>\n\u2013 Nombres de portes: 2<br \/>\n\u2013 Nombres de tiroirs: 2<br \/>\n\u2013 Nombres d\u2019\u00e9tag\u00e8res (variable): 1<br \/>\n\u2013 Surface: Lasur\u00e9<br \/>\n\u2013 Hauteur fa\u00e7ade: 181 cm, 42 cm<br \/>\n\u2013 Profondeur: 34 cm<br \/>\n\u2013 Hauteur (portes): 39 cm<br \/>\n\u2013 Largeur (portes): 93 cm<br \/>\n\u2013 Profondeur (portes): 35 cm<br \/>\n\u2013 Hauteur: 84 cm<br \/>\n\u2013 Largeur: 98 cm, 40 cm<br \/>\n\u2013 Couleur: Gris<br \/>\n\u2013 Mat\u00e9riel: Pin massif<\/p>\n<\/div>\n<div id=\"desc\" class=\"anchor\"><\/div>\n<div id=\"descContent\" class=\"fpBlk testSep\" data-cs-override-id=\"Descriptif\">\n<p class=\"fpMb\">Dimensions (L x H x P) : 98 x 84 x 40 cm \u2013 Structure en pin massif, lasur\u00e9 gris \u2013 2 tiroirs spacieux \u2013 1 compartiment ferm\u00e9 par 2 portes \u2013 Tendance scandinave vintage \u2013 Collection TIBOR \u2013<\/p>\n<div class=\"regBloc no1023\">\n<div id=\"gpt-R2-300X250BODY2\" data-google-query-id=\"COGxq5S7mOgCFRgI4AodVtoBUA\"><\/div>\n<div class=\"regTxt\"><\/div>\n<\/div>\n<table class=\"fpDescTb fpDescTbPub\">\n<tbody>\n<tr>\n<th colspan=\"2\">Informations g\u00e9n\u00e9rales sur le produit<\/th>\n<\/tr>\n<tr>\n<td>Marque<\/td>\n<td>IDIMEX<\/td>\n<\/tr>\n<tr>\n<td>Nom du produit<\/td>\n<td>Buffet TIBOR style scandinave design vintage nordi<\/td>\n<\/tr>\n<tr>\n<td>Cat\u00e9gorie<\/td>\n<td>BUFFET \u2013 BAHUT<\/td>\n<\/tr>\n<tr>\n<th colspan=\"2\">G\u00e9n\u00e9ral<\/th>\n<\/tr>\n<tr>\n<td>Cat\u00e9gorie de produit<\/td>\n<td>Meuble de s\u00e9jour<br \/>\nMeuble de salon<br \/>\nMeuble de cuisine<\/td>\n<\/tr>\n<tr>\n<td>Type de Produit<\/td>\n<td>Buffet<\/td>\n<\/tr>\n<tr>\n<td>Mod\u00e8les<\/td>\n<td>TIBOR<\/td>\n<\/tr>\n<tr>\n<td>Type de pi\u00e8ce<\/td>\n<td>Salle \u00e0 manger<br \/>\nSalon<br \/>\nEntr\u00e9e<\/td>\n<\/tr>\n<tr>\n<td>Type de public<\/td>\n<td>Adulte<\/td>\n<\/tr>\n<tr>\n<td>Style<\/td>\n<td>Scandinave \u2013 Moderne<br \/>\nContemporain \u2013 Design<\/td>\n<\/tr>\n<tr>\n<th colspan=\"2\">D\u00e9tail sur les meubles<\/th>\n<\/tr>\n<tr>\n<td>Mati\u00e8re de la structure<\/td>\n<td>En pin massif<\/td>\n<\/tr>\n<tr>\n<td>Finition &amp; D\u00e9cor<\/td>\n<td>Lasur\u00e9 gris<\/td>\n<\/tr>\n<tr>\n<td>Finition<\/td>\n<td>Aspect bois<\/td>\n<\/tr>\n<tr>\n<td>Couleur(s)<\/td>\n<td>Lasur\u00e9 gris<\/td>\n<\/tr>\n<tr>\n<td>Portes \u2013 Tiroirs<\/td>\n<td>Porte(s) et tiroir(s)<\/td>\n<\/tr>\n<tr>\n<td>Nombre de porte(s)<\/td>\n<td>2 porte(s)<\/td>\n<\/tr>\n<tr>\n<td>Nombre de tiroirs<\/td>\n<td>2 tiroir(s)<\/td>\n<\/tr>\n<tr>\n<th colspan=\"2\">Dimensions produit<\/th>\n<\/tr>\n<tr>\n<td>Longueur<\/td>\n<td>98 cm<\/td>\n<\/tr>\n<tr>\n<td>Largeur (profondeur)<\/td>\n<td>40 cm<\/td>\n<\/tr>\n<tr>\n<td>Hauteur<\/td>\n<td>84 cm<\/td>\n<\/tr>\n<tr>\n<th colspan=\"2\">Montage<\/th>\n<\/tr>\n<tr>\n<td>Montage<\/td>\n<td>A monter soi-m\u00eame<\/td>\n<\/tr>\n<tr>\n<td>Type d\u2019installation<\/td>\n<td>A poser au sol<\/td>\n<\/tr>\n<tr>\n<td>Conseil d\u2019entretien<\/td>\n<td>Entretien facile \u00e0 l\u2019aide d\u2019un chiffon l\u00e9g\u00e8rement humide<\/td>\n<\/tr>\n<tr>\n<td>Conseil de montage<\/td>\n<td>L\u2019article est livr\u00e9 en pi\u00e8ces d\u00e9tach\u00e9es \u2013 Assemblage facile gr\u00e2ce \u00e0 la notice de montage<\/td>\n<\/tr>\n<\/tbody>\n<\/table>\n<\/div>","protected":false},"excerpt":{"rendered":"<div class=\"woocommerce-product-details__short-description\">\n<p>Dimensions (L x H x P) : 98 x 84 x 40 cm \u2013 Structure en pin massif, lasur\u00e9 gris \u2013 2 tiroirs spacieux \u2013 1 compartiment ferm\u00e9 par 2 portes \u2013 Tendance scandinave vintage \u2013 Collection TIBOR \u2013<\/p>\n<\/div>","protected":false},"featured_media":11639,"comment_status":"open","ping_status":"closed","template":"","meta":{"inline_featured_image":false,"_joinchat":[]},"product_cat":[141],"product_tag":[],"class_list":{"0":"post-11634","1":"product","2":"type-product","3":"status-publish","4":"has-post-thumbnail","6":"product_cat-maison-decoration","8":"first","9":"instock","10":"shipping-taxable","11":"purchasable","12":"product-type-simple"},"_links":{"self":[{"href":"https:\/\/kitchtenstore.com\/fr\/wp-json\/wp\/v2\/product\/11634","targetHints":{"allow":["GET"]}}],"collection":[{"href":"https:\/\/kitchtenstore.com\/fr\/wp-json\/wp\/v2\/product"}],"about":[{"href":"https:\/\/kitchtenstore.com\/fr\/wp-json\/wp\/v2\/types\/product"}],"replies":[{"embeddable":true,"href":"https:\/\/kitchtenstore.com\/fr\/wp-json\/wp\/v2\/comments?post=11634"}],"version-history":[{"count":3,"href":"https:\/\/kitchtenstore.com\/fr\/wp-json\/wp\/v2\/product\/11634\/revisions"}],"predecessor-version":[{"id":11646,"href":"https:\/\/kitchtenstore.com\/fr\/wp-json\/wp\/v2\/product\/11634\/revisions\/11646"}],"wp:featuredmedia":[{"embeddable":true,"href":"https:\/\/kitchtenstore.com\/fr\/wp-json\/wp\/v2\/media\/11639"}],"wp:attachment":[{"href":"https:\/\/kitchtenstore.com\/fr\/wp-json\/wp\/v2\/media?parent=11634"}],"wp:term":[{"taxonomy":"product_cat","embeddable":true,"href":"https:\/\/kitchtenstore.com\/fr\/wp-json\/wp\/v2\/product_cat?post=11634"},{"taxonomy":"product_tag","embeddable":true,"href":"https:\/\/kitchtenstore.com\/fr\/wp-json\/wp\/v2\/product_tag?post=11634"}],"curies":[{"name":"wp","href":"https:\/\/api.w.org\/{rel}","templated":true}]}}