{"id":11618,"date":"2022-10-29T11:30:15","date_gmt":"2022-10-29T11:30:15","guid":{"rendered":"https:\/\/kitchtenstore.com\/?post_type=product&#038;p=11618"},"modified":"2022-10-29T11:30:16","modified_gmt":"2022-10-29T11:30:16","slug":"buffet-bois-massif-de-manguier-laque-marron-design-industriel-heavy-industry-218","status":"publish","type":"product","link":"https:\/\/kitchtenstore.com\/fr\/produit\/buffet-bois-massif-de-manguier-laque-marron-design-industriel-heavy-industry-218\/","title":{"rendered":"Buffet \u2013 Bois massif de manguier laqu\u00e9 (Marron) \u2013 Design industriel \u2013 HEAVY INDUSTRY #218"},"content":{"rendered":"<h2>Description<\/h2>\n<div id=\"presContent\" class=\"fpBlk testSep extCode\">\n<p class=\"fpOfferCom\">\n<p>Alliant urbanisme et industrie, notre collection HEAVY INDUSTRY est unique. Produite \u00e0 partir de mati\u00e8res premi\u00e8res telles que le fer et le bois massif de manguier, cette s\u00e9rie vous propose un large \u00e9ventail de mobilier qui contribuera \u00e0 apporter une belle touche d\u2019originalit\u00e9 \u00e0 une d\u00e9coration int\u00e9rieure atypique. Remarque : Les couleurs et les caract\u00e9ristiques du bois massif peuvent l\u00e9g\u00e9rement varier d\u2019un meuble \u00e0 un autre. Il est tr\u00e8s important de noter qu\u2019aucun meuble livr\u00e9 ne sera exactement identique \u00e0 la photo de pr\u00e9sentation. * Mode de livraison \u201cdevant votre portail\/au bas d\u2019immeuble\u201d<\/p>\n<\/div>\n<div id=\"desc\" class=\"anchor\"><\/div>\n<div id=\"descContent\" class=\"fpBlk testSep\" data-cs-override-id=\"Descriptif\">\n<p class=\"fpMb\">\u25cf Buffet HEAVY INDUSTRY #218 \u25cf Bois massif de maguier laqu\u00e9 (Couleur Marron) \u25cf M\u00e9tal brut \u25cf Style urbain et industriel \u25cf Dim. 150x45x80cm \u25cf Poids 99 kg \u25cf Meuble livr\u00e9 d\u00e9j\u00e0 mont\u00e9<\/p>\n<div class=\"regBloc no1023\">\n<div id=\"gpt-R2-300X250BODY2\" data-google-query-id=\"CMb2r4O7mOgCFSMUiwod5WwJmg\"><\/div>\n<div class=\"regTxt\"><\/div>\n<\/div>\n<table class=\"fpDescTb fpDescTbPub\">\n<tbody>\n<tr>\n<th colspan=\"2\">Informations g\u00e9n\u00e9rales sur le produit<\/th>\n<\/tr>\n<tr>\n<td>Nom du produit<\/td>\n<td>Buffet \u2013 Bois massif de manguier laqu\u00e9 (Marron) \u2013<\/td>\n<\/tr>\n<tr>\n<td>Cat\u00e9gorie<\/td>\n<td>BUFFET \u2013 BAHUT<\/td>\n<\/tr>\n<tr>\n<th colspan=\"2\">G\u00e9n\u00e9ral<\/th>\n<\/tr>\n<tr>\n<td>Marque<\/td>\n<td>MASSIVMOEBEL24<\/td>\n<\/tr>\n<tr>\n<td>Style<\/td>\n<td>Industriel \u2013 Loft<\/td>\n<\/tr>\n<tr>\n<th colspan=\"2\">D\u00e9tail sur les meubles<\/th>\n<\/tr>\n<tr>\n<td>Finition<\/td>\n<td>Laqu\u00e9<\/td>\n<\/tr>\n<tr>\n<td>Couleur(s)<\/td>\n<td>Marron<\/td>\n<\/tr>\n<tr>\n<td>Portes \u2013 Tiroirs<\/td>\n<td>Porte(s) et tiroir(s)<\/td>\n<\/tr>\n<tr>\n<td>Type de buffet<\/td>\n<td>Buffet bas<\/td>\n<\/tr>\n<\/tbody>\n<\/table>\n<\/div>","protected":false},"excerpt":{"rendered":"<div class=\"woocommerce-product-details__short-description\">\n<p>Buffet HEAVY INDUSTRY #218 \u25cf Bois massif de maguier laqu\u00e9 (Couleur Marron) \u25cf M\u00e9tal brut \u25cf Style urbain et industriel \u25cf Dim. 150x45x80cm \u25cf Poids 99 kg \u25cf Meuble livr\u00e9 d\u00e9j\u00e0 mont\u00e9<\/p>\n<\/div>","protected":false},"featured_media":11622,"comment_status":"open","ping_status":"closed","template":"","meta":{"inline_featured_image":false,"_joinchat":[]},"product_cat":[141],"product_tag":[],"class_list":{"0":"post-11618","1":"product","2":"type-product","3":"status-publish","4":"has-post-thumbnail","6":"product_cat-maison-decoration","8":"first","9":"instock","10":"shipping-taxable","11":"purchasable","12":"product-type-simple"},"_links":{"self":[{"href":"https:\/\/kitchtenstore.com\/fr\/wp-json\/wp\/v2\/product\/11618","targetHints":{"allow":["GET"]}}],"collection":[{"href":"https:\/\/kitchtenstore.com\/fr\/wp-json\/wp\/v2\/product"}],"about":[{"href":"https:\/\/kitchtenstore.com\/fr\/wp-json\/wp\/v2\/types\/product"}],"replies":[{"embeddable":true,"href":"https:\/\/kitchtenstore.com\/fr\/wp-json\/wp\/v2\/comments?post=11618"}],"version-history":[{"count":2,"href":"https:\/\/kitchtenstore.com\/fr\/wp-json\/wp\/v2\/product\/11618\/revisions"}],"predecessor-version":[{"id":11628,"href":"https:\/\/kitchtenstore.com\/fr\/wp-json\/wp\/v2\/product\/11618\/revisions\/11628"}],"wp:featuredmedia":[{"embeddable":true,"href":"https:\/\/kitchtenstore.com\/fr\/wp-json\/wp\/v2\/media\/11622"}],"wp:attachment":[{"href":"https:\/\/kitchtenstore.com\/fr\/wp-json\/wp\/v2\/media?parent=11618"}],"wp:term":[{"taxonomy":"product_cat","embeddable":true,"href":"https:\/\/kitchtenstore.com\/fr\/wp-json\/wp\/v2\/product_cat?post=11618"},{"taxonomy":"product_tag","embeddable":true,"href":"https:\/\/kitchtenstore.com\/fr\/wp-json\/wp\/v2\/product_tag?post=11618"}],"curies":[{"name":"wp","href":"https:\/\/api.w.org\/{rel}","templated":true}]}}