{"id":11611,"date":"2022-10-29T11:16:15","date_gmt":"2022-10-29T11:16:15","guid":{"rendered":"https:\/\/kitchtenstore.com\/?post_type=product&#038;p=11611"},"modified":"2022-10-29T11:16:16","modified_gmt":"2022-10-29T11:16:16","slug":"buffet-vitrine-vaisselier-bois-massif-dacacia-style-colonial-couleur-nougat-oxford-530","status":"publish","type":"product","link":"https:\/\/kitchtenstore.com\/fr\/produit\/buffet-vitrine-vaisselier-bois-massif-dacacia-style-colonial-couleur-nougat-oxford-530\/","title":{"rendered":"Buffet-Vitrine-Vaisselier, Bois Massif D\u2019Acacia, Style Colonial, Couleur Nougat, OXFORD #530"},"content":{"rendered":"<h2>Description<\/h2>\n<div id=\"presContent\" class=\"fpBlk testSep extCode\">Ce magnifique buffet avec vitrines d\u2019exposition sublimera n\u2019importe quelle pi\u00e8ce de votre maison. Ses diff\u00e9rents rangements vous permettront d\u2019organiser et de stocker divers objets afin d\u2019optimiser votre espace de vie. Tout comme les autres pi\u00e8ces de notre collection OXFORD, l\u2019originalit\u00e9 du design colonial de ce buffet apportera une touche \u00e0 la fois atypique et \u00e9l\u00e9gante \u00e0 votre d\u00e9coration int\u00e9rieure.REMARQUE : Nos meubles sont produits de fa\u00e7on artisanale \u00e0 partir de mati\u00e8res premi\u00e8res naturelles. La couleur, les veinures et les caract\u00e9ristiques du bois massif peuvent donc l\u00e9g\u00e8rement varier d\u2019un meuble \u00e0 un autre. Aucune pi\u00e8ce ne sera exactement identique \u00e0 la photo de pr\u00e9sentation car chacun de nos meubles est une pi\u00e8ce unique.En cas de questions, n\u2019h\u00e9sitez pas \u00e0 nous contacter. Nous y r\u00e9pondrons avec grand plaisir.<\/div>\n<div id=\"desc\" class=\"anchor\"><\/div>\n<div id=\"descContent\" class=\"fpBlk testSep\" data-cs-override-id=\"Descriptif\">\n<p class=\"fpMb\">\u0095 Type d\u2019article: Buffet\/Vaisselier OXFORD #530\u0095 Style: Inspiration coloniale\u0095 Mat\u00e9riaux: 100% Bois massif d\u2019Acacia origine Inde \u2013 D\u00e9tails de d\u00e9coration en m\u00e9tal vieilli\u0095 Couleur et finition: Couleur Nougat \u2013 Fini laqu\u00e9\u0095 Caract\u00e9ristiques: 2 compartiments \u00e0 portes (2 \u00e9tag\u00e8res), 2 tiroirs, 3 \u00e9tag\u00e8res, 2 vitrines\u0095 Collection: OXFORD\u0095 Largeur\/Profondeur\/Hauteur (en cm) : 150x50x200\u0095 Poids : 179 kg\u0095 Livraison : meuble<\/p>\n<div class=\"regBloc no1023\">\n<div id=\"gpt-R2-300X250BODY2\" data-google-query-id=\"CMT4woPDmOgCFderewodD5UJjw\"><\/div>\n<div class=\"regTxt\"><\/div>\n<\/div>\n<table class=\"fpDescTb fpDescTbPub\">\n<tbody>\n<tr>\n<th colspan=\"2\">Informations g\u00e9n\u00e9rales sur le produit<\/th>\n<\/tr>\n<tr>\n<td>Nom du produit<\/td>\n<td>Buffet-Vitrine-Vaisselier, Bois Massif D\u2019Acacia, S<\/td>\n<\/tr>\n<tr>\n<td>Cat\u00e9gorie<\/td>\n<td>BUFFET \u2013 BAHUT<\/td>\n<\/tr>\n<tr>\n<th colspan=\"2\">Informations produit<\/th>\n<\/tr>\n<tr>\n<td>Marque<\/td>\n<td>MASSIVMOEBEL24<\/td>\n<\/tr>\n<tr>\n<td>Couleur principale<\/td>\n<td>Marron<\/td>\n<\/tr>\n<tr>\n<td>Mati\u00e8re de la structure<\/td>\n<td>Bois massif<\/td>\n<\/tr>\n<tr>\n<td>Finition<\/td>\n<td>Laqu\u00e9<\/td>\n<\/tr>\n<tr>\n<td>Style<\/td>\n<td>Ethnique \u2013 Ailleurs<\/td>\n<\/tr>\n<tr>\n<td>Nombre de tiroirs<\/td>\n<td>2 tiroir(s)<\/td>\n<\/tr>\n<\/tbody>\n<\/table>\n<\/div>","protected":false},"excerpt":{"rendered":"<div class=\"woocommerce-product-details__short-description\">\n<p>Type d\u2019article: Buffet\/Vaisselier OXFORD #530\u0095 Style: Inspiration coloniale\u0095 Mat\u00e9riaux: 100% Bois massif d\u2019Acacia origine Inde \u2013 D\u00e9tails de d\u00e9coration en m\u00e9tal vieilli\u0095 Couleur et finition: Couleur Nougat \u2013 Fini laqu\u00e9\u0095 Caract\u00e9ristiques: 2 compartiments \u00e0 portes (2 \u00e9tag\u00e8res), 2 tiroirs, 3 \u00e9tag\u00e8res, 2 vitrines\u0095 Collection: OXFORD\u0095 Largeur\/Profondeur\/Hauteur (en cm) : 150x50x200\u0095 Poids : 179 kg<\/p>\n<\/div>","protected":false},"featured_media":11617,"comment_status":"open","ping_status":"closed","template":"","meta":{"inline_featured_image":false,"_joinchat":[]},"product_cat":[141],"product_tag":[],"class_list":{"0":"post-11611","1":"product","2":"type-product","3":"status-publish","4":"has-post-thumbnail","6":"product_cat-maison-decoration","8":"first","9":"instock","10":"shipping-taxable","11":"purchasable","12":"product-type-simple"},"_links":{"self":[{"href":"https:\/\/kitchtenstore.com\/fr\/wp-json\/wp\/v2\/product\/11611","targetHints":{"allow":["GET"]}}],"collection":[{"href":"https:\/\/kitchtenstore.com\/fr\/wp-json\/wp\/v2\/product"}],"about":[{"href":"https:\/\/kitchtenstore.com\/fr\/wp-json\/wp\/v2\/types\/product"}],"replies":[{"embeddable":true,"href":"https:\/\/kitchtenstore.com\/fr\/wp-json\/wp\/v2\/comments?post=11611"}],"version-history":[{"count":2,"href":"https:\/\/kitchtenstore.com\/fr\/wp-json\/wp\/v2\/product\/11611\/revisions"}],"predecessor-version":[{"id":11620,"href":"https:\/\/kitchtenstore.com\/fr\/wp-json\/wp\/v2\/product\/11611\/revisions\/11620"}],"wp:featuredmedia":[{"embeddable":true,"href":"https:\/\/kitchtenstore.com\/fr\/wp-json\/wp\/v2\/media\/11617"}],"wp:attachment":[{"href":"https:\/\/kitchtenstore.com\/fr\/wp-json\/wp\/v2\/media?parent=11611"}],"wp:term":[{"taxonomy":"product_cat","embeddable":true,"href":"https:\/\/kitchtenstore.com\/fr\/wp-json\/wp\/v2\/product_cat?post=11611"},{"taxonomy":"product_tag","embeddable":true,"href":"https:\/\/kitchtenstore.com\/fr\/wp-json\/wp\/v2\/product_tag?post=11611"}],"curies":[{"name":"wp","href":"https:\/\/api.w.org\/{rel}","templated":true}]}}