{"id":11609,"date":"2022-10-29T11:13:40","date_gmt":"2022-10-29T11:13:40","guid":{"rendered":"https:\/\/kitchtenstore.com\/?post_type=product&#038;p=11609"},"modified":"2022-10-29T11:13:40","modified_gmt":"2022-10-29T11:13:40","slug":"canape-a-3-places-revetement-en-tissu-172x70x82-cm-jaune","status":"publish","type":"product","link":"https:\/\/kitchtenstore.com\/fr\/produit\/canape-a-3-places-revetement-en-tissu-172x70x82-cm-jaune\/","title":{"rendered":"Canap\u00e9 \u00e0 3 places Rev\u00eatement en tissu 172x70x82 cm Jaune"},"content":{"rendered":"<div id=\"tab-description\" class=\"woocommerce-Tabs-panel woocommerce-Tabs-panel--description panel entry-content wc-tab\" role=\"tabpanel\" aria-labelledby=\"tab-title-description\">\n<h2>Description<\/h2>\n<div id=\"presContent\" class=\"fpBlk testSep extCode\">\n<p>Notre canap\u00e9 \u00e0 3 places combine style et confort et apportera une touche intemporelle \u00e0 votre int\u00e9rieur ! Le canap\u00e9 a un cadre en MDF r\u00e9sistant qui le rend tr\u00e8s stable et durable. Le rev\u00eatement en tissu rembourr\u00e9 de mousse contribue au confort d\u2019assise ultime du canap\u00e9. Les pieds en caoutchouc contribuent \u00e0 la stabilit\u00e9 du canap\u00e9. Ce canap\u00e9 sera l\u2019endroit id\u00e9al pour discuter, lire, regarder la t\u00e9l\u00e9vision ou tout simplement vous d\u00e9tendre. Le canap\u00e9 a besoin d\u2019\u00eatre assembl\u00e9.<\/p>\n<ul>\n<li>Couleur : jaune<\/li>\n<li>Mat\u00e9riau : cadre en MDF avec rev\u00eatement en tissu et pieds en h\u00e9v\u00e9a massif<\/li>\n<li>Dimensions : 172 x 70 x 82 cm (l x P x H)<\/li>\n<li>Largeur du si\u00e8ge : 145 cm<\/li>\n<li>Profondeur de si\u00e8ge : 49 cm<\/li>\n<li>Hauteur du si\u00e8ge \u00e0 partir du sol : 41,5 cm<\/li>\n<li>Hauteur des accoudoirs \u00e0 partir du sol : 64,5 cm<\/li>\n<li>Mat\u00e9riel: Polyester: 100%<\/li>\n<\/ul>\n<\/div>\n<\/div>","protected":false},"excerpt":{"rendered":"<div class=\"woocommerce-product-details__short-description\">\n<p>Couleur : jaune, Mat\u00e9riau : cadre en MDF avec rev\u00eatement en tissu et pieds en h\u00e9v\u00e9a massif, Dimensions : 172 x 70 x 82 cm (l x P x H), Largeur du si\u00e8ge : 145 cm, Profondeur de si\u00e8ge : 49 cm, Hauteur du si\u00e8ge \u00e0 partir du sol : 41,5 cm, Hauteur des accoudoirs \u00e0 partir du sol : 64,5 cm, Mat\u00e9riel: Polyester: 100%<\/p>\n<\/div>","protected":false},"featured_media":11612,"comment_status":"open","ping_status":"closed","template":"","meta":{"inline_featured_image":false,"_joinchat":[]},"product_cat":[142],"product_tag":[],"class_list":{"0":"post-11609","1":"product","2":"type-product","3":"status-publish","4":"has-post-thumbnail","6":"product_cat-canape","8":"first","9":"instock","10":"shipping-taxable","11":"purchasable","12":"product-type-simple"},"_links":{"self":[{"href":"https:\/\/kitchtenstore.com\/fr\/wp-json\/wp\/v2\/product\/11609","targetHints":{"allow":["GET"]}}],"collection":[{"href":"https:\/\/kitchtenstore.com\/fr\/wp-json\/wp\/v2\/product"}],"about":[{"href":"https:\/\/kitchtenstore.com\/fr\/wp-json\/wp\/v2\/types\/product"}],"replies":[{"embeddable":true,"href":"https:\/\/kitchtenstore.com\/fr\/wp-json\/wp\/v2\/comments?post=11609"}],"version-history":[{"count":1,"href":"https:\/\/kitchtenstore.com\/fr\/wp-json\/wp\/v2\/product\/11609\/revisions"}],"predecessor-version":[{"id":11613,"href":"https:\/\/kitchtenstore.com\/fr\/wp-json\/wp\/v2\/product\/11609\/revisions\/11613"}],"wp:featuredmedia":[{"embeddable":true,"href":"https:\/\/kitchtenstore.com\/fr\/wp-json\/wp\/v2\/media\/11612"}],"wp:attachment":[{"href":"https:\/\/kitchtenstore.com\/fr\/wp-json\/wp\/v2\/media?parent=11609"}],"wp:term":[{"taxonomy":"product_cat","embeddable":true,"href":"https:\/\/kitchtenstore.com\/fr\/wp-json\/wp\/v2\/product_cat?post=11609"},{"taxonomy":"product_tag","embeddable":true,"href":"https:\/\/kitchtenstore.com\/fr\/wp-json\/wp\/v2\/product_tag?post=11609"}],"curies":[{"name":"wp","href":"https:\/\/api.w.org\/{rel}","templated":true}]}}