{"id":11597,"date":"2022-10-29T11:05:56","date_gmt":"2022-10-29T11:05:56","guid":{"rendered":"https:\/\/kitchtenstore.com\/?post_type=product&#038;p=11597"},"modified":"2022-10-29T11:11:56","modified_gmt":"2022-10-29T11:11:56","slug":"canape-3-pieces-modulable-avec-fauteuil-dangle-et-pouf-simili-gris-anthracite-l-100-x-p-100-x-h-75-cm-hexagone-pittsburgh","status":"publish","type":"product","link":"https:\/\/kitchtenstore.com\/fr\/produit\/canape-3-pieces-modulable-avec-fauteuil-dangle-et-pouf-simili-gris-anthracite-l-100-x-p-100-x-h-75-cm-hexagone-pittsburgh\/","title":{"rendered":"Canap\u00e9 3 pi\u00e8ces Modulable avec Fauteuil d\u2019angle et Pouf \u2013 Simili Gris Anthracite \u2013 L 100 x P 100 x H 75 cm HEXAGONE \u2013 PITTSBURGH"},"content":{"rendered":"<h2>Description<\/h2>\n<div id=\"presContent\" class=\"fpBlk testSep extCode\">\n<div><img decoding=\"async\" src=\"https:\/\/i2.cdscdn.com\/other\/PITTSBURG_DM.png\" alt=\"HEXAGONE - PITTSBURGH Canap\u00e9 3 pi\u00e8ces avec Fauteuil d'angle et Pouf - Simili Gris Anthracite - L 100 x P 100 x H 75 cm\" \/><\/div>\n<\/div>\n<div id=\"desc\" class=\"anchor\"><\/div>\n<div id=\"descContent\" class=\"fpBlk testSep\" data-cs-override-id=\"Descriptif\">\n<p class=\"fpMb\">-20% avec le code VIPCDAV Structure : en Bois H\u00eatre et Pin, Panneaux de Fibres. Rev\u00eatement : en simili cuir avec piquage. Assise : ressorts et mousse HR polyur\u00e9thane densit\u00e9 30 kg\/m3. Dossier : Mousse HR polyur\u00e9thane densit\u00e9 25 kg\/m3. Fabrication Europ\u00e9enne.<\/p>\n<div class=\"regBloc no1023\">\n<div id=\"gpt-R2-300X250BODY2\" data-google-query-id=\"CL7smardl-gCFdGk7Qod2pwAVQ\"><\/div>\n<div class=\"regTxt\"><\/div>\n<\/div>\n<table class=\"fpDescTb fpDescTbPub\">\n<tbody>\n<tr>\n<th colspan=\"2\">Informations g\u00e9n\u00e9rales sur le produit<\/th>\n<\/tr>\n<tr>\n<td>Marque<\/td>\n<td><a title=\"SOMOBILIA\" href=\"https:\/\/www.cdiscount.com\/m-50605-somobilia.html\" data-link=\"SFP-ZBN-TNO-DPM\">SOMOBILIA<\/a><\/td>\n<\/tr>\n<tr>\n<td>Nom du produit<\/td>\n<td>HEXAGONE \u2013 PITTSBURGH Canap\u00e9 3 pi\u00e8ces Modulable av<\/td>\n<\/tr>\n<tr>\n<td>Cat\u00e9gorie<\/td>\n<td>CANAP\u00c9 \u2013 SOFA \u2013 DIVAN<\/td>\n<\/tr>\n<tr>\n<th colspan=\"2\">G\u00e9n\u00e9ral<\/th>\n<\/tr>\n<tr>\n<td>Type de Produit<\/td>\n<td>Canap\u00e9<\/td>\n<\/tr>\n<tr>\n<td>Collection<\/td>\n<td>Ensemble<\/td>\n<\/tr>\n<tr>\n<td>Style<\/td>\n<td>Contemporain \u2013 Design<\/td>\n<\/tr>\n<tr>\n<td>Type de canap\u00e9<\/td>\n<td>Fixe<\/td>\n<\/tr>\n<tr>\n<td>Fonction \/ Usage<\/td>\n<td>Modulable<\/td>\n<\/tr>\n<tr>\n<td>Type d\u2019angle<\/td>\n<td>R\u00e9versible<\/td>\n<\/tr>\n<tr>\n<td>Couleur(s)<\/td>\n<td>Gris Anthracite<\/td>\n<\/tr>\n<tr>\n<td>Pays d\u2019origine<\/td>\n<td>Pologne<\/td>\n<\/tr>\n<tr>\n<td>Plus produit<\/td>\n<td>Modulable, Garnissage Assise : ressorts + Mousse HR , Fabrication Europe<\/td>\n<\/tr>\n<tr>\n<th colspan=\"2\">Dimensions et poids<\/th>\n<\/tr>\n<tr>\n<td>Longueur<\/td>\n<td>100 cm<\/td>\n<\/tr>\n<tr>\n<td>Largeur (profondeur)<\/td>\n<td>100 cm<\/td>\n<\/tr>\n<tr>\n<td>Hauteur<\/td>\n<td>75 cm<\/td>\n<\/tr>\n<tr>\n<td>Dimensions<\/td>\n<td>Fauteuil d\u2019angle : 100x100x75 cm<br \/>\nFauteuil droit: 100x100x75 cm<br \/>\nPouf : 100x100x75 cm<\/td>\n<\/tr>\n<tr>\n<th colspan=\"2\">Caract\u00e9ristiques<\/th>\n<\/tr>\n<tr>\n<td>Longueur de l\u2019assise<\/td>\n<td>100 cm<\/td>\n<\/tr>\n<tr>\n<td>Hauteur de l\u2019assise<\/td>\n<td>45 cm<\/td>\n<\/tr>\n<tr>\n<td>Hauteur du dossier<\/td>\n<td>75 cm<\/td>\n<\/tr>\n<tr>\n<td>Nombre de places<\/td>\n<td>3 places<\/td>\n<\/tr>\n<tr>\n<td>Mati\u00e8re<\/td>\n<td>Simili<\/td>\n<\/tr>\n<tr>\n<td>Mati\u00e8re de la structure<\/td>\n<td>Bois \u2013 Panneaux de particules<br \/>\nBois massif<\/td>\n<\/tr>\n<tr>\n<td>Mati\u00e8re du rev\u00eatement<\/td>\n<td>Simili<\/td>\n<\/tr>\n<tr>\n<td>Type de suspension<\/td>\n<td>Ressorts en zig-zag<\/td>\n<\/tr>\n<tr>\n<td>Avec accoudoirs<\/td>\n<td>Non<\/td>\n<\/tr>\n<tr>\n<td>Mati\u00e8re des pieds<\/td>\n<td>Plastique \u2013 R\u00e9sine<\/td>\n<\/tr>\n<tr>\n<td>Mobilit\u00e9<\/td>\n<td>Fixe<\/td>\n<\/tr>\n<tr>\n<th colspan=\"2\">Composition<\/th>\n<\/tr>\n<tr>\n<td>Garnissage \u2013 Assise<\/td>\n<td>Mousse de polyur\u00e9thane<\/td>\n<\/tr>\n<tr>\n<td>Densit\u00e9 de l\u2019assise<\/td>\n<td>30 kg\/m3<\/td>\n<\/tr>\n<tr>\n<td>Confort de l\u2019assise<\/td>\n<td>Ferme<\/td>\n<\/tr>\n<tr>\n<td>Garnissage du dossier<\/td>\n<td>Mousse de polyur\u00e9thane<\/td>\n<\/tr>\n<tr>\n<th colspan=\"2\">Couchage<\/th>\n<\/tr>\n<tr>\n<td>Type de ressorts<\/td>\n<td>Ressorts en zig-zag<\/td>\n<\/tr>\n<tr>\n<td>Confort<\/td>\n<td>Ferme<\/td>\n<\/tr>\n<tr>\n<th colspan=\"2\">Plus produit<\/th>\n<\/tr>\n<tr>\n<td>D\u00e9houssable<\/td>\n<td>Non<\/td>\n<\/tr>\n<tr>\n<th colspan=\"2\">Dimensions et poids colis<\/th>\n<\/tr>\n<tr>\n<td>Dimensions brutes \u2013 article emball\u00e9 (L x l x H)<\/td>\n<td>L 102 x P 102 x H 76 cm<\/td>\n<\/tr>\n<tr>\n<td>Poids emball\u00e9<\/td>\n<td>64 kg<\/td>\n<\/tr>\n<\/tbody>\n<\/table>\n<\/div>","protected":false},"excerpt":{"rendered":"<div class=\"woocommerce-product-details__short-description\">\n<ul>\n<li>Type d\u2019angle : R\u00e9versible<\/li>\n<li>Mati\u00e8re : Simili<\/li>\n<li>Densit\u00e9 de l\u2019assise : 30 kg\/m3<\/li>\n<li>Couleur(s) : Gris Anthracite<\/li>\n<li>Plus produit : Modulable, Garnissage Assise : ressorts + Mousse HR , Fabrication Europe<\/li>\n<\/ul>\n<\/div>","protected":false},"featured_media":11608,"comment_status":"open","ping_status":"closed","template":"","meta":{"inline_featured_image":false,"_joinchat":[]},"product_cat":[142],"product_tag":[],"class_list":{"0":"post-11597","1":"product","2":"type-product","3":"status-publish","4":"has-post-thumbnail","6":"product_cat-canape","8":"first","9":"instock","10":"shipping-taxable","11":"product-type-simple"},"_links":{"self":[{"href":"https:\/\/kitchtenstore.com\/fr\/wp-json\/wp\/v2\/product\/11597","targetHints":{"allow":["GET"]}}],"collection":[{"href":"https:\/\/kitchtenstore.com\/fr\/wp-json\/wp\/v2\/product"}],"about":[{"href":"https:\/\/kitchtenstore.com\/fr\/wp-json\/wp\/v2\/types\/product"}],"replies":[{"embeddable":true,"href":"https:\/\/kitchtenstore.com\/fr\/wp-json\/wp\/v2\/comments?post=11597"}],"version-history":[{"count":2,"href":"https:\/\/kitchtenstore.com\/fr\/wp-json\/wp\/v2\/product\/11597\/revisions"}],"predecessor-version":[{"id":11610,"href":"https:\/\/kitchtenstore.com\/fr\/wp-json\/wp\/v2\/product\/11597\/revisions\/11610"}],"wp:featuredmedia":[{"embeddable":true,"href":"https:\/\/kitchtenstore.com\/fr\/wp-json\/wp\/v2\/media\/11608"}],"wp:attachment":[{"href":"https:\/\/kitchtenstore.com\/fr\/wp-json\/wp\/v2\/media?parent=11597"}],"wp:term":[{"taxonomy":"product_cat","embeddable":true,"href":"https:\/\/kitchtenstore.com\/fr\/wp-json\/wp\/v2\/product_cat?post=11597"},{"taxonomy":"product_tag","embeddable":true,"href":"https:\/\/kitchtenstore.com\/fr\/wp-json\/wp\/v2\/product_tag?post=11597"}],"curies":[{"name":"wp","href":"https:\/\/api.w.org\/{rel}","templated":true}]}}