{"id":11596,"date":"2022-10-29T09:19:00","date_gmt":"2022-10-29T09:19:00","guid":{"rendered":"https:\/\/kitchtenstore.com\/?post_type=product&#038;p=11596"},"modified":"2022-10-29T09:19:00","modified_gmt":"2022-10-29T09:19:00","slug":"canape-2-3-places-convertible-en-tissu-beige-l-200-x-p-94-x-h-87-cm","status":"publish","type":"product","link":"https:\/\/kitchtenstore.com\/fr\/produit\/canape-2-3-places-convertible-en-tissu-beige-l-200-x-p-94-x-h-87-cm\/","title":{"rendered":"Canap\u00e9 2\/3 places convertible en tissu Beige \u2013 L 200 x P 94 x H 87 cm"},"content":{"rendered":"<h2>Description<\/h2>\n<table class=\"fpDescTb fpDescTbPub\">\n<tbody>\n<tr>\n<th colspan=\"2\">Informations g\u00e9n\u00e9rales sur le produit<\/th>\n<\/tr>\n<tr>\n<td>Nom du produit<\/td>\n<td>WARREN Canap\u00e9 2\/3 places convertible en tissu Beig<\/td>\n<\/tr>\n<tr>\n<td>Cat\u00e9gorie<\/td>\n<td>CANAP\u00c9 \u2013 SOFA \u2013 DIVAN<\/td>\n<\/tr>\n<tr>\n<th colspan=\"2\">G\u00e9n\u00e9ral<\/th>\n<\/tr>\n<tr>\n<td>Marque<\/td>\n<td>WARREN<\/td>\n<\/tr>\n<tr>\n<td>Type de Produit<\/td>\n<td>Canap\u00e9<\/td>\n<\/tr>\n<tr>\n<td>Collection<\/td>\n<td>Droit<\/td>\n<\/tr>\n<tr>\n<td>Style<\/td>\n<td>Classique \u2013 Intemporel<br \/>\nEssentiel<\/td>\n<\/tr>\n<tr>\n<td>Type de canap\u00e9<\/td>\n<td>Convertible<\/td>\n<\/tr>\n<tr>\n<td>Forme du canap\u00e9<\/td>\n<td>Droit<\/td>\n<\/tr>\n<tr>\n<td>Couleur(s)<\/td>\n<td>Beige<\/td>\n<\/tr>\n<tr>\n<td>Made in Europe<\/td>\n<td>Oui<\/td>\n<\/tr>\n<tr>\n<td>Pays d\u2019origine<\/td>\n<td>Pologne<\/td>\n<\/tr>\n<tr>\n<td>Plus produit<\/td>\n<td>Canape 2,5 places convertible 3 plis 200xH87x94 cm, couchage 184\u00d7133 cm<\/td>\n<\/tr>\n<tr>\n<th colspan=\"2\">Dimensions et poids<\/th>\n<\/tr>\n<tr>\n<td>Longueur<\/td>\n<td>200 cm<\/td>\n<\/tr>\n<tr>\n<td>Largeur (profondeur)<\/td>\n<td>94 cm<\/td>\n<\/tr>\n<tr>\n<td>Hauteur<\/td>\n<td>87 cm<\/td>\n<\/tr>\n<tr>\n<td>Poids net<\/td>\n<td>68 kg<\/td>\n<\/tr>\n<tr>\n<th colspan=\"2\">Caract\u00e9ristiques<\/th>\n<\/tr>\n<tr>\n<td>Longueur de l\u2019assise<\/td>\n<td>160 cm<\/td>\n<\/tr>\n<tr>\n<td>Profondeur de l\u2019assise<\/td>\n<td>55 cm<\/td>\n<\/tr>\n<tr>\n<td>Hauteur de l\u2019assise<\/td>\n<td>46 cm<\/td>\n<\/tr>\n<tr>\n<td>Hauteur du dossier<\/td>\n<td>41 cm<\/td>\n<\/tr>\n<tr>\n<td>Nombre de places<\/td>\n<td>2\/3 places<br \/>\n2 places<br \/>\n3 places<\/td>\n<\/tr>\n<tr>\n<td>Mati\u00e8re<\/td>\n<td>Tissu<\/td>\n<\/tr>\n<tr>\n<td>Mati\u00e8re de la structure<\/td>\n<td>Bois massif<br \/>\nBois \u2013 Panneaux de particules<\/td>\n<\/tr>\n<tr>\n<td>Mati\u00e8re du rev\u00eatement<\/td>\n<td>Tissu<\/td>\n<\/tr>\n<tr>\n<td>Avec accoudoirs<\/td>\n<td>Oui<\/td>\n<\/tr>\n<tr>\n<td>Nombre de pieds<\/td>\n<td>4<\/td>\n<\/tr>\n<tr>\n<td>Mati\u00e8re des pieds<\/td>\n<td>Plastique \u2013 R\u00e9sine<\/td>\n<\/tr>\n<tr>\n<td>Dimension des pieds<\/td>\n<td>H 5 cm<\/td>\n<\/tr>\n<tr>\n<th colspan=\"2\">Composition<\/th>\n<\/tr>\n<tr>\n<td>Garnissage \u2013 Assise<\/td>\n<td>Mousse de polyur\u00e9thane<br \/>\nOuate<\/td>\n<\/tr>\n<tr>\n<td>Densit\u00e9 de l\u2019assise<\/td>\n<td>30 kg\/m3<\/td>\n<\/tr>\n<tr>\n<td>D\u00e9tail garnissage et densit\u00e9 d\u2019assise<\/td>\n<td>mousse HR 30 kg\/m3 + ouate 300 g\/m2<\/td>\n<\/tr>\n<tr>\n<td>Confort de l\u2019assise<\/td>\n<td>Ferme<\/td>\n<\/tr>\n<tr>\n<td>Garnissage du dossier<\/td>\n<td>Flocons de mousse<\/td>\n<\/tr>\n<tr>\n<td>D\u00e9tail garnissage et densit\u00e9 du dossier<\/td>\n<td>4 coussins remplis de flocons de mousse PU + ouate 150 g\/m2<\/td>\n<\/tr>\n<tr>\n<td>Composition du tissu<\/td>\n<td>100% PES<\/td>\n<\/tr>\n<tr>\n<td>Densit\u00e9 du tissu<\/td>\n<td>330 g\/m2<\/td>\n<\/tr>\n<tr>\n<th colspan=\"2\">Couchage<\/th>\n<\/tr>\n<tr>\n<td>Type de matelas<\/td>\n<td>Mousse<\/td>\n<\/tr>\n<tr>\n<td>Epaisseur du matelas<\/td>\n<td>8 cm<\/td>\n<\/tr>\n<tr>\n<td>Densit\u00e9 \u2013 Matelas<\/td>\n<td>20 kg\/m3<\/td>\n<\/tr>\n<tr>\n<td>Type de mousse<\/td>\n<td>Mousse polyur\u00e9thane<\/td>\n<\/tr>\n<tr>\n<td>Type de couchage<\/td>\n<td>Occasionnel<\/td>\n<\/tr>\n<tr>\n<td>Type de m\u00e9canisme du couchage<\/td>\n<td>structure m\u00e9tallique \u2013 3 plis<\/td>\n<\/tr>\n<tr>\n<th colspan=\"2\">Plus produit<\/th>\n<\/tr>\n<tr>\n<td>D\u00e9houssable<\/td>\n<td>Oui<\/td>\n<\/tr>\n<tr>\n<td>El\u00e9ments d\u00e9houssables<\/td>\n<td>coussins d\u2019assise, coussins dossier et coussins deco<\/td>\n<\/tr>\n<tr>\n<th colspan=\"2\">Informations compl\u00e9mentaires<\/th>\n<\/tr>\n<tr>\n<td>Montage<\/td>\n<td>A monter soi-m\u00eame<\/td>\n<\/tr>\n<tr>\n<td>Conseil d\u2019entretien<\/td>\n<td>Nettoyez sans trop mouiller avec un linge bien essor\u00e9 (toujours effecteur un test sur une partie non<br \/>\nen vue)<br \/>\nPenser \u00e0 prot\u00e9ger les armatures et pieds du canap\u00e9.<br \/>\nTester le d\u00e9tachant sur une partie non en vue.<\/td>\n<\/tr>\n<tr>\n<td>Temps de montage<\/td>\n<td>5 mn<\/td>\n<\/tr>\n<tr>\n<td>Mentions l\u00e9gales<\/td>\n<td>Produit destin\u00e9 \u00e0 un usage domestique<\/td>\n<\/tr>\n<tr>\n<th colspan=\"2\">Dimensions et poids colis<\/th>\n<\/tr>\n<tr>\n<td>Dimensions brutes \u2013 article emball\u00e9 (L x l x H)<\/td>\n<td>203x97x69 (cm)<\/td>\n<\/tr>\n<tr>\n<td>Poids emball\u00e9<\/td>\n<td>71,8 kg<\/td>\n<\/tr>\n<tr>\n<th colspan=\"2\">Garantie du fabricant<\/th>\n<\/tr>\n<tr>\n<td>Garantie (\u00b2)<\/td>\n<td>2 ans \u2013 pi\u00e8ces, main d\u2019\u0153uvre<\/td>\n<\/tr>\n<tr>\n<td>dur\u00e9e de disponibilit\u00e9 des pi\u00e8ces d\u00e9tach\u00e9es essentielles \u00e0 l\u2019utilisation du produit<\/td>\n<td>2 ans<\/td>\n<\/tr>\n<\/tbody>\n<\/table>","protected":false},"excerpt":{"rendered":"<div class=\"woocommerce-product-details__short-description\">\n<ul>\n<li>Epaisseur du matelas : 8 cm<\/li>\n<li>Mati\u00e8re : Tissu<\/li>\n<li>Densit\u00e9 de l\u2019assise : 30 kg\/m3<\/li>\n<li>Couleur(s) : Beige<\/li>\n<li>Plus produit : Canape 2,5 places convertible 3 plis 200xH87x94 cm, couchage 184\u00d7133 cm<\/li>\n<\/ul>\n<\/div>","protected":false},"featured_media":11602,"comment_status":"open","ping_status":"closed","template":"","meta":{"inline_featured_image":false,"_joinchat":[]},"product_cat":[142,141],"product_tag":[],"class_list":{"0":"post-11596","1":"product","2":"type-product","3":"status-publish","4":"has-post-thumbnail","6":"product_cat-canape","7":"product_cat-maison-decoration","9":"first","10":"instock","11":"shipping-taxable","12":"purchasable","13":"product-type-simple"},"_links":{"self":[{"href":"https:\/\/kitchtenstore.com\/fr\/wp-json\/wp\/v2\/product\/11596","targetHints":{"allow":["GET"]}}],"collection":[{"href":"https:\/\/kitchtenstore.com\/fr\/wp-json\/wp\/v2\/product"}],"about":[{"href":"https:\/\/kitchtenstore.com\/fr\/wp-json\/wp\/v2\/types\/product"}],"replies":[{"embeddable":true,"href":"https:\/\/kitchtenstore.com\/fr\/wp-json\/wp\/v2\/comments?post=11596"}],"version-history":[{"count":1,"href":"https:\/\/kitchtenstore.com\/fr\/wp-json\/wp\/v2\/product\/11596\/revisions"}],"predecessor-version":[{"id":11603,"href":"https:\/\/kitchtenstore.com\/fr\/wp-json\/wp\/v2\/product\/11596\/revisions\/11603"}],"wp:featuredmedia":[{"embeddable":true,"href":"https:\/\/kitchtenstore.com\/fr\/wp-json\/wp\/v2\/media\/11602"}],"wp:attachment":[{"href":"https:\/\/kitchtenstore.com\/fr\/wp-json\/wp\/v2\/media?parent=11596"}],"wp:term":[{"taxonomy":"product_cat","embeddable":true,"href":"https:\/\/kitchtenstore.com\/fr\/wp-json\/wp\/v2\/product_cat?post=11596"},{"taxonomy":"product_tag","embeddable":true,"href":"https:\/\/kitchtenstore.com\/fr\/wp-json\/wp\/v2\/product_tag?post=11596"}],"curies":[{"name":"wp","href":"https:\/\/api.w.org\/{rel}","templated":true}]}}