{"id":11589,"date":"2022-10-29T09:08:42","date_gmt":"2022-10-29T09:08:42","guid":{"rendered":"https:\/\/kitchtenstore.com\/?post_type=product&#038;p=11589"},"modified":"2022-10-29T09:08:43","modified_gmt":"2022-10-29T09:08:43","slug":"sony-playstation-5-standard","status":"publish","type":"product","link":"https:\/\/kitchtenstore.com\/fr\/produit\/sony-playstation-5-standard\/","title":{"rendered":"Sony PlayStation 5 Standard"},"content":{"rendered":"<div id=\"tab-description\" class=\"woocommerce-Tabs-panel woocommerce-Tabs-panel--description panel entry-content wc-tab\" role=\"tabpanel\" aria-labelledby=\"tab-title-description\">\n<h2>Description<\/h2>\n<ul class=\"a-unordered-list a-nostyle a-vertical a-spacing-none detail-bullet-list\">\n<li><span class=\"a-list-item\"><span class=\"a-text-bold\">Dimensions du produit (L x l x h) :\u00a0<\/span>17.4 x 46.9 x 42.6 cm; 3.5 kilogrammes<\/span><\/li>\n<li><span class=\"a-list-item\"><span class=\"a-text-bold\">Date de sortie :\u00a0<\/span>19 novembre 2020<\/span><\/li>\n<\/ul>\n<p>Play Has No Limits\u2122 (*Le jeu n\u2019a pas de limites) PlayStation\u00ae5 La console PS5\u2122 rec\u00e8le de possibilit\u00e9s de jeu in\u00e9dites. D\u00e9couvrez des temps de chargement acc\u00e9l\u00e9r\u00e9s gr\u00e2ce au disque SSD ultra rapide, une immersion plus pouss\u00e9e gr\u00e2ce au retour haptique, aux g\u00e2chettes adaptatives et au son 3D, sans oublier un catalogue exceptionnel de jeux PlayStation\u00ae nouvelle g\u00e9n\u00e9ration. \u00c0 la vitesse de l\u2019\u00e9clair Profitez de toute la puissance d\u2019un CPU, d\u2019un GPU et d\u2019un disque SSD personnalis\u00e9s int\u00e9grant des op\u00e9rations d\u2019entr\u00e9es\/sorties red\u00e9finissant ce dont une console PlayStation est capable. Des jeux \u00e9poustouflants \u00c9merveillez-vous devant des graphismes incroyables et d\u00e9couvrez les nouvelles fonctionnalit\u00e9s de la PS5\u2122. Une immersion \u00e0 couper le souffle D\u00e9couvrez une exp\u00e9rience de jeu encore plus immersive gr\u00e2ce au retour haptique, aux g\u00e2chettes adaptatives et \u00e0 la technologie audio 3D.<\/p>\n<\/div>","protected":false},"excerpt":{"rendered":"<div class=\"woocommerce-product-details__short-description\">\n<ul class=\"a-unordered-list a-vertical a-spacing-mini\">\n<li><span class=\"a-list-item\">Disque SSD ultra haute Vitesse \u2013 Maximisez vos sessions de jeu avec des temps de chargement quasi instantan\u00e9s pour les jeux PS5 install\u00e9s.<\/span><\/li>\n<li><span class=\"a-list-item\">Entr\u00e9es\/sorties int\u00e9gr\u00e9es \u2013 Gr\u00e2ce \u00e0 l\u2019int\u00e9gration personnalis\u00e9e des syst\u00e8mes de la console PS5, les d\u00e9veloppeurs peuvent extraire les donn\u00e9es du disque SSD si rapidement qu\u2019il leur est possible de cr\u00e9er des jeux de mani\u00e8re in\u00e9dite.<\/span><\/li>\n<li><span class=\"a-list-item\">Ray Tracing \u2013 Plongez dans des univers offrant un niveau de r\u00e9alisme in\u00e9gal\u00e9, chaque rayon de lumi\u00e8re \u00e9tant simul\u00e9 de mani\u00e8re individuelle, de fa\u00e7on \u00e0 cr\u00e9er des effets d\u2019ombre et de reflets ultra r\u00e9alistes sur les jeux PS5 compatibles.<\/span><\/li>\n<li><span class=\"a-list-item\">Jeu sur t\u00e9l\u00e9viseur 4K \u2013 Profitez de vos jeux PS5 favoris sur votre incroyable t\u00e9l\u00e9viseur 4K.<\/span><\/li>\n<li><span class=\"a-list-item\">Jusqu\u2019\u00e0 120 FPS avec une sortie 120 Hz \u2013 Profitez d\u2019un gameplay fluide gr\u00e2ce \u00e0 une fr\u00e9quence d\u2019images \u00e9lev\u00e9e allant jusqu\u2019\u00e0 120 FPS pour les jeux compatibles, avec la prise en charge de la sortie 120 Hz sur les \u00e9crans 4K.<\/span><\/li>\n<li><span class=\"a-list-item\">Technologie HDR \u2013 Sur un t\u00e9l\u00e9viseur HDR, les jeux PS5 compatibles affichent une gamme de couleurs \u00e9clatantes et plus vraies que nature<\/span><\/li>\n<li><span class=\"a-list-item\">Sortie 8K \u2013 Les consoles PS5 prennent en charge la sortie 8K, vous permettant de jouer sur votre \u00e9cran 4320p<\/span><\/li>\n<\/ul>\n<\/div>","protected":false},"featured_media":11594,"comment_status":"open","ping_status":"closed","template":"","meta":{"inline_featured_image":false,"_joinchat":[]},"product_cat":[162],"product_tag":[],"class_list":{"0":"post-11589","1":"product","2":"type-product","3":"status-publish","4":"has-post-thumbnail","6":"product_cat-jeux-videos-consoles","8":"first","9":"instock","10":"shipping-taxable","11":"purchasable","12":"product-type-simple"},"_links":{"self":[{"href":"https:\/\/kitchtenstore.com\/fr\/wp-json\/wp\/v2\/product\/11589","targetHints":{"allow":["GET"]}}],"collection":[{"href":"https:\/\/kitchtenstore.com\/fr\/wp-json\/wp\/v2\/product"}],"about":[{"href":"https:\/\/kitchtenstore.com\/fr\/wp-json\/wp\/v2\/types\/product"}],"replies":[{"embeddable":true,"href":"https:\/\/kitchtenstore.com\/fr\/wp-json\/wp\/v2\/comments?post=11589"}],"version-history":[{"count":1,"href":"https:\/\/kitchtenstore.com\/fr\/wp-json\/wp\/v2\/product\/11589\/revisions"}],"predecessor-version":[{"id":11595,"href":"https:\/\/kitchtenstore.com\/fr\/wp-json\/wp\/v2\/product\/11589\/revisions\/11595"}],"wp:featuredmedia":[{"embeddable":true,"href":"https:\/\/kitchtenstore.com\/fr\/wp-json\/wp\/v2\/media\/11594"}],"wp:attachment":[{"href":"https:\/\/kitchtenstore.com\/fr\/wp-json\/wp\/v2\/media?parent=11589"}],"wp:term":[{"taxonomy":"product_cat","embeddable":true,"href":"https:\/\/kitchtenstore.com\/fr\/wp-json\/wp\/v2\/product_cat?post=11589"},{"taxonomy":"product_tag","embeddable":true,"href":"https:\/\/kitchtenstore.com\/fr\/wp-json\/wp\/v2\/product_tag?post=11589"}],"curies":[{"name":"wp","href":"https:\/\/api.w.org\/{rel}","templated":true}]}}