{"id":11578,"date":"2022-10-28T17:57:57","date_gmt":"2022-10-28T17:57:57","guid":{"rendered":"https:\/\/kitchtenstore.com\/?post_type=product&#038;p=11578"},"modified":"2022-10-28T17:57:57","modified_gmt":"2022-10-28T17:57:57","slug":"trottinette-electrique-minimotors-dualtron-thunder-noir","status":"publish","type":"product","link":"https:\/\/kitchtenstore.com\/fr\/produit\/trottinette-electrique-minimotors-dualtron-thunder-noir\/","title":{"rendered":"Trottinette \u00e9lectrique Minimotors Dualtron Thunder Noir"},"content":{"rendered":"<div id=\"tab-description\" class=\"woocommerce-Tabs-panel woocommerce-Tabs-panel--description panel entry-content wc-tab\" role=\"tabpanel\" aria-labelledby=\"tab-title-description\">\n<h2>Description<\/h2>\n<header class=\"productStrate__header\">\n<h2 class=\"productStrate__title\">CARACT\u00c9RISTIQUES TECHNIQUES<\/h2>\n<\/header>\n<div class=\"characteristicsStrate__lists\">\n<div class=\"characteristicsStrate__item\">Autonomie maximale : 90 km<\/div>\n<div class=\"characteristicsStrate__item  characteristicsStrate__item--long\">Caract\u00e9ristiques compl\u00e9mentairesFreins \u00e0 disque avant\/arri\u00e8re \u00e0 assistance hydraulique, Eclairage LED avant et arri\u00e8re, Poids : 43,4 kg, Temps de charge : 18h, Batterie : Li-ion 59.2V 34.8Ah&nbsp;<\/p>\n<\/div>\n<div class=\"characteristicsStrate__item\">Pliable : Oui<\/div>\n<div class=\"characteristicsStrate__item\">Disponibilit\u00e9 des pi\u00e8ces d\u00e9tach\u00e9es : NC<\/div>\n<div class=\"characteristicsStrate__item\">Charge maximale : 120 kg<\/div>\n<div class=\"characteristicsStrate__item\">Type de moteur : 5400 W<\/div>\n<div class=\"characteristicsStrate__item\">Vitesse maximum : 70-75 Km\/H<\/div>\n<div class=\"characteristicsStrate__item\">Couleur : Noir<\/div>\n<div class=\"characteristicsStrate__item\">Type de sport : Glisse urbaine<\/div>\n<div class=\"characteristicsStrate__item\">Niveau de pratique : Tous niveaux<\/div>\n<div class=\"characteristicsStrate__item\">Mati\u00e8re :Alliage d\u2019aluminium<\/div>\n<div class=\"characteristicsStrate__item\">Poids du produit : 43,4 Kg<\/div>\n<div class=\"characteristicsStrate__item\">Longueur du produit : 123,8 cm<\/div>\n<div class=\"characteristicsStrate__item\">Largeur du produit : 60,9 cm<\/div>\n<div class=\"characteristicsStrate__item\">Hauteur du produit : 121,9 cm<\/div>\n<div class=\"characteristicsStrate__item\">Poids : 43 kg<\/div>\n<\/div>\n<\/div>","protected":false},"excerpt":{"rendered":"<div class=\"woocommerce-product-details__short-description\">\n<p>Le Produit suivant est conforme au d\u00e9cret d\u2019application n\u00b0 2019-1082 du 23 octobre 2019 Rappel de la r\u00e9glementation : Le 25 Octobre a \u00e9t\u00e9 publi\u00e9 au journal officiel le d\u00e9cret d\u2019application n\u00b0 2019-1082 du 23 octobre 2019 relatif \u00e0 la r\u00e9glementation des engins de d\u00e9placement personnel. L\u2019article 3 pr\u00e9cise que les v\u00e9hicule sans place assise, con\u00e7us et construits pour le d\u00e9placement d\u2019une seule personne et d\u00e9pourvus de tout am\u00e9nagement destin\u00e9 au transport de marchandises, \u00e9quip\u00e9s d\u2019un moteur non thermique ou d\u2019une assistance non thermique ne pourront pas d\u00e9passer les 25 km\/h. A compter de ce jour, conduire une trottinette con\u00e7ue pour d\u00e9passer la vitesse de 25 km\/h (par construction ou apr\u00e8s avoir \u00e9t\u00e9 d\u00e9brid\u00e9) sera passible, en cas de contr\u00f4le des autorit\u00e9s, de 1.500 euros d\u2019amende, voire 3.000 euros en r\u00e9cidive.<\/p>\n<\/div>","protected":false},"featured_media":11583,"comment_status":"open","ping_status":"closed","template":"","meta":{"inline_featured_image":false,"_joinchat":[]},"product_cat":[171,164],"product_tag":[],"class_list":{"0":"post-11578","1":"product","2":"type-product","3":"status-publish","4":"has-post-thumbnail","6":"product_cat-trotinette-electrique","7":"product_cat-velo-trotinette","9":"first","10":"instock","11":"shipping-taxable","12":"purchasable","13":"product-type-simple"},"_links":{"self":[{"href":"https:\/\/kitchtenstore.com\/fr\/wp-json\/wp\/v2\/product\/11578","targetHints":{"allow":["GET"]}}],"collection":[{"href":"https:\/\/kitchtenstore.com\/fr\/wp-json\/wp\/v2\/product"}],"about":[{"href":"https:\/\/kitchtenstore.com\/fr\/wp-json\/wp\/v2\/types\/product"}],"replies":[{"embeddable":true,"href":"https:\/\/kitchtenstore.com\/fr\/wp-json\/wp\/v2\/comments?post=11578"}],"version-history":[{"count":2,"href":"https:\/\/kitchtenstore.com\/fr\/wp-json\/wp\/v2\/product\/11578\/revisions"}],"predecessor-version":[{"id":11587,"href":"https:\/\/kitchtenstore.com\/fr\/wp-json\/wp\/v2\/product\/11578\/revisions\/11587"}],"wp:featuredmedia":[{"embeddable":true,"href":"https:\/\/kitchtenstore.com\/fr\/wp-json\/wp\/v2\/media\/11583"}],"wp:attachment":[{"href":"https:\/\/kitchtenstore.com\/fr\/wp-json\/wp\/v2\/media?parent=11578"}],"wp:term":[{"taxonomy":"product_cat","embeddable":true,"href":"https:\/\/kitchtenstore.com\/fr\/wp-json\/wp\/v2\/product_cat?post=11578"},{"taxonomy":"product_tag","embeddable":true,"href":"https:\/\/kitchtenstore.com\/fr\/wp-json\/wp\/v2\/product_tag?post=11578"}],"curies":[{"name":"wp","href":"https:\/\/api.w.org\/{rel}","templated":true}]}}