{"id":11568,"date":"2022-10-28T12:22:47","date_gmt":"2022-10-28T12:22:47","guid":{"rendered":"https:\/\/kitchtenstore.com\/?post_type=product&#038;p=11568"},"modified":"2022-10-28T12:22:47","modified_gmt":"2022-10-28T12:22:47","slug":"trottinette-electrique-pliante-2100w-roues-10%e2%80%b3-42km-h-autonomie-20km","status":"publish","type":"product","link":"https:\/\/kitchtenstore.com\/fr\/produit\/trottinette-electrique-pliante-2100w-roues-10%e2%80%b3-42km-h-autonomie-20km\/","title":{"rendered":"Trottinette Electrique Pliante 2100W, Roues 10\u2033, 42km\/h Autonomie 20km"},"content":{"rendered":"<h2>Description<\/h2>\n<div id=\"presTitle\" class=\"fpCat testSep\">\n<div class=\"fpCatTitle\">Pr\u00e9sentation produit : Trottinette Electrique Pliante 2100W, Roues 10\u2033, 42km\/h Autonomie 20km<\/div>\n<\/div>\n<div id=\"presContent\" class=\"fpBlk testSep extCode\">\n<p>Plus rapide et plus puissante que la 1000 W sur les demarrages et en c\u00f4te font de cette trottinette un choix id\u00e9al si vous recherchez des trajets rapides en ville. Avec un moteur puissant (1.600W), capable de d\u00e9passer 40 km \/ h, vitesse, s\u00e9curit\u00e9 et confort sont ses grands atouts. Equip\u00e9 d\u2019un si\u00e8ge, d\u2019une plateforme en bois et de roues un peu plus grandes (10\u201d) que les autres mod\u00e8les, de suspensions avant et arri\u00e8re et ainsi que de freins \u00e0 disques. Vous pourrez donc amortir les \u00e9ventuels obstacles et assurer un freinage efficace dans n\u2019importe quelle situation. La selle est biensur amovible. A not\u00e9 que cette trottinette est pliable afin de pouvoir la transporter plus facilement dans un autre v\u00e9hicule ou pour son rangement.<\/p>\n<\/div>\n<div id=\"desc\" class=\"anchor\"><\/div>\n<div id=\"descContent\" class=\"fpBlk testSep\" data-cs-override-id=\"Descriptif\">\n<p class=\"fpMb\">Puissance Moteur 1.600 W Puissance max. 2.100 W Batteries 48V 12Ah Gel sans maintenance Vitesse: 42 km\/h Suspension avant et arri\u00e8re Freins \u00e0 disque avant et arri\u00e8rre Pliante Selle amovible Indicateur charge batterie Phare avant LED Autonomi<\/p>\n<div class=\"regBloc no1023\">\n<div id=\"gpt-R2-300X250BODY2\" data-google-query-id=\"CJfQt-G4n-gCFZjS1QodrfQDYQ\"><\/div>\n<div class=\"regTxt\"><\/div>\n<\/div>\n<table class=\"fpDescTb fpDescTbPub\">\n<tbody>\n<tr>\n<th colspan=\"2\">Informations g\u00e9n\u00e9rales sur le produit<\/th>\n<\/tr>\n<tr>\n<td>Nom du produit<\/td>\n<td>Trottinette Electrique Pliante 2100W, Roues 10\u2033,<\/td>\n<\/tr>\n<tr>\n<td>Cat\u00e9gorie<\/td>\n<td>TROTTINETTE<\/td>\n<\/tr>\n<tr>\n<th colspan=\"2\">G\u00e9n\u00e9ral<\/th>\n<\/tr>\n<tr>\n<td>Marque<\/td>\n<td>MOMABIKES<\/td>\n<\/tr>\n<tr>\n<th colspan=\"2\">Caract\u00e9ristiques techniques<\/th>\n<\/tr>\n<tr>\n<td>Frein(s)<\/td>\n<td>Disque Avant &amp; Arri\u00e9re<\/td>\n<\/tr>\n<tr>\n<th colspan=\"2\">Alimentation<\/th>\n<\/tr>\n<tr>\n<td>Autonomie<\/td>\n<td>20 km<\/td>\n<\/tr>\n<tr>\n<td>Puissance moteur \u00e9lectrique<\/td>\n<td>2100 W<\/td>\n<\/tr>\n<\/tbody>\n<\/table>\n<\/div>","protected":false},"excerpt":{"rendered":"<div class=\"woocommerce-product-details__short-description\">\n<p>Puissance Moteur 1.600 W Puissance max. 2.100 W Batteries 48V 12Ah Gel sans maintenance Vitesse: 42 km\/h Suspension avant et arri\u00e8re Freins \u00e0 disque avant et arri\u00e8rre Pliante Selle amovible Indicateur charge batterie Phare avant LED Autonomi<\/p>\n<\/div>","protected":false},"featured_media":11573,"comment_status":"open","ping_status":"closed","template":"","meta":{"inline_featured_image":false,"_joinchat":[]},"product_cat":[164],"product_tag":[],"class_list":{"0":"post-11568","1":"product","2":"type-product","3":"status-publish","4":"has-post-thumbnail","6":"product_cat-velo-trotinette","8":"first","9":"instock","10":"shipping-taxable","11":"purchasable","12":"product-type-simple"},"_links":{"self":[{"href":"https:\/\/kitchtenstore.com\/fr\/wp-json\/wp\/v2\/product\/11568","targetHints":{"allow":["GET"]}}],"collection":[{"href":"https:\/\/kitchtenstore.com\/fr\/wp-json\/wp\/v2\/product"}],"about":[{"href":"https:\/\/kitchtenstore.com\/fr\/wp-json\/wp\/v2\/types\/product"}],"replies":[{"embeddable":true,"href":"https:\/\/kitchtenstore.com\/fr\/wp-json\/wp\/v2\/comments?post=11568"}],"version-history":[{"count":2,"href":"https:\/\/kitchtenstore.com\/fr\/wp-json\/wp\/v2\/product\/11568\/revisions"}],"predecessor-version":[{"id":11576,"href":"https:\/\/kitchtenstore.com\/fr\/wp-json\/wp\/v2\/product\/11568\/revisions\/11576"}],"wp:featuredmedia":[{"embeddable":true,"href":"https:\/\/kitchtenstore.com\/fr\/wp-json\/wp\/v2\/media\/11573"}],"wp:attachment":[{"href":"https:\/\/kitchtenstore.com\/fr\/wp-json\/wp\/v2\/media?parent=11568"}],"wp:term":[{"taxonomy":"product_cat","embeddable":true,"href":"https:\/\/kitchtenstore.com\/fr\/wp-json\/wp\/v2\/product_cat?post=11568"},{"taxonomy":"product_tag","embeddable":true,"href":"https:\/\/kitchtenstore.com\/fr\/wp-json\/wp\/v2\/product_tag?post=11568"}],"curies":[{"name":"wp","href":"https:\/\/api.w.org\/{rel}","templated":true}]}}