{"id":11563,"date":"2022-10-28T12:18:35","date_gmt":"2022-10-28T12:18:35","guid":{"rendered":"https:\/\/kitchtenstore.com\/?post_type=product&#038;p=11563"},"modified":"2022-10-28T12:18:35","modified_gmt":"2022-10-28T12:18:35","slug":"velo-14-spiderman-equipe-de-2-freins-plaque-avant-decorative-bidon-porte-bidon-stabilisateurs-amovibles","status":"publish","type":"product","link":"https:\/\/kitchtenstore.com\/fr\/produit\/velo-14-spiderman-equipe-de-2-freins-plaque-avant-decorative-bidon-porte-bidon-stabilisateurs-amovibles\/","title":{"rendered":"V\u00e9lo 14\u201d SPIDERMAN \u00e9quip\u00e9 de 2 freins, plaque avant d\u00e9corative , bidon &#038; porte bidon + stabilisateurs amovibles"},"content":{"rendered":"<h2>Description<\/h2>\n<div id=\"presContent\" class=\"fpBlk testSep extCode\">V\u00e9lo 14\u201d SPIDERMAN \/ DISNEY avec cadre acier \u2013 Roulements Nylon \u2013 Roue Libre \u2013 2 Freins Caliper ( Avant &amp; Arri\u00e8re ) \u2013 Pneus Gonflables Noirs \u2013 Plaque avant d\u00e9corative \u2013 Roues \u00e0 rayons \u2013 Carter de Protection \u2013 Stabilisateurs amovibles \u2013 Garde Boue avant &amp; arri\u00e8re \u2013 Sonnette \u2013 bidon &amp; Porte Bidon inclus + Catadioptres &amp; Eclairage \u00e0 piles fournies<\/div>\n<div id=\"desc\" class=\"anchor\"><\/div>\n<div id=\"descContent\" class=\"fpBlk testSep\" data-cs-override-id=\"Descriptif\">\n<p class=\"fpMb\">V\u00e9lo 14\u201d SPIDERMAN \/ DISNEY avec cadre acier \u2013 Roulements Nylon \u2013 Roue Libre \u2013 2 Freins Caliper ( Avant &amp; Arri\u00e8re ) \u2013 Pneus Gonflables Noirs \u2013 Plaque avant d\u00e9corative \u2013 Roues \u00e0 rayons \u2013 Carter de Protection \u2013 Stabilisateurs amovibles \u2013 Garde Boue av<\/p>\n<div class=\"regBloc no1023\">\n<div id=\"gpt-R2-300X250BODY2\" data-google-query-id=\"CJqrhpSon-gCFcqRGwodd9oPlw\"><\/div>\n<div class=\"regTxt\"><\/div>\n<\/div>\n<table class=\"fpDescTb fpDescTbPub\">\n<tbody>\n<tr>\n<th colspan=\"2\">Informations g\u00e9n\u00e9rales sur le produit<\/th>\n<\/tr>\n<tr>\n<td>Marque<\/td>\n<td>DISNEY<\/td>\n<\/tr>\n<tr>\n<td>Licences<\/td>\n<td>Spiderman<\/td>\n<\/tr>\n<tr>\n<td>Nom du produit<\/td>\n<td>V\u00e9lo 14\u201d SPIDERMAN \u00e9quip\u00e9 de 2 freins, plaque ava<\/td>\n<\/tr>\n<tr>\n<td>Cat\u00e9gorie<\/td>\n<td>V\u00c9LO ENFANT<\/td>\n<\/tr>\n<tr>\n<th colspan=\"2\">G\u00e9n\u00e9ral<\/th>\n<\/tr>\n<tr>\n<td>Type de Produit<\/td>\n<td>Velo Enfant<\/td>\n<\/tr>\n<tr>\n<td>Sports<\/td>\n<td>V\u00e9lo loisir<\/td>\n<\/tr>\n<tr>\n<td>Age (A partir de)<\/td>\n<td>4 ans<\/td>\n<\/tr>\n<tr>\n<td>Age (Jusqu\u2019\u00e0)<\/td>\n<td>7 ans<\/td>\n<\/tr>\n<tr>\n<th colspan=\"2\">Informations Produits<\/th>\n<\/tr>\n<tr>\n<td>Tailles des roues<\/td>\n<td>14 \u201c<\/td>\n<\/tr>\n<tr>\n<td>Type de v\u00e9lo<\/td>\n<td>V\u00e9lo de ville \u2013 loisir<\/td>\n<\/tr>\n<tr>\n<td>Terrain(s) compatible(s)<\/td>\n<td>Asphalte<\/td>\n<\/tr>\n<tr>\n<th colspan=\"2\">Caract\u00e9ristique techniques<\/th>\n<\/tr>\n<tr>\n<td>Pneu<\/td>\n<td>Pneus Gonflables<\/td>\n<\/tr>\n<tr>\n<td>Frein(s)<\/td>\n<td>Freins Caliper<\/td>\n<\/tr>\n<tr>\n<td>Guidon \/ Poign\u00e9e<\/td>\n<td>Poign\u00e9es avec embouts de protection<\/td>\n<\/tr>\n<tr>\n<td>Carter<\/td>\n<td>Oui<\/td>\n<\/tr>\n<tr>\n<td>Selle \/ Tige de selle<\/td>\n<td>Selle reglable<\/td>\n<\/tr>\n<tr>\n<td>Stabilisateurs<\/td>\n<td>Avec stabilisateur<\/td>\n<\/tr>\n<tr>\n<td>Avertisseur<\/td>\n<td>Sonnette<\/td>\n<\/tr>\n<tr>\n<th colspan=\"2\">Caract\u00e9ristiques de l\u2019\u00e9clairage<\/th>\n<\/tr>\n<tr>\n<td>Eclairage<\/td>\n<td>Eclairage \u00e0 piles<\/td>\n<\/tr>\n<tr>\n<th colspan=\"2\">Divers<\/th>\n<\/tr>\n<tr>\n<td>El\u00e9ments livr\u00e9s<\/td>\n<td>Bidon &amp; Porte Bidon<\/td>\n<\/tr>\n<\/tbody>\n<\/table>\n<\/div>","protected":false},"excerpt":{"rendered":"<div class=\"woocommerce-product-details__short-description\">\n<p>V\u00e9lo 14\u201d SPIDERMAN \/ DISNEY avec cadre acier \u2013 Roulements Nylon \u2013 Roue Libre \u2013 2 Freins Caliper ( Avant &amp; Arri\u00e8re ) \u2013 Pneus Gonflables Noirs \u2013 Plaque avant d\u00e9corative \u2013 Roues \u00e0 rayons \u2013 Carter de Protection \u2013 Stabilisateurs amovibles \u2013 Garde Boue av<\/p>\n<\/div>","protected":false},"featured_media":11566,"comment_status":"open","ping_status":"closed","template":"","meta":{"inline_featured_image":false,"_joinchat":[]},"product_cat":[164],"product_tag":[],"class_list":{"0":"post-11563","1":"product","2":"type-product","3":"status-publish","4":"has-post-thumbnail","6":"product_cat-velo-trotinette","8":"first","9":"instock","10":"shipping-taxable","11":"purchasable","12":"product-type-simple"},"_links":{"self":[{"href":"https:\/\/kitchtenstore.com\/fr\/wp-json\/wp\/v2\/product\/11563","targetHints":{"allow":["GET"]}}],"collection":[{"href":"https:\/\/kitchtenstore.com\/fr\/wp-json\/wp\/v2\/product"}],"about":[{"href":"https:\/\/kitchtenstore.com\/fr\/wp-json\/wp\/v2\/types\/product"}],"replies":[{"embeddable":true,"href":"https:\/\/kitchtenstore.com\/fr\/wp-json\/wp\/v2\/comments?post=11563"}],"version-history":[{"count":2,"href":"https:\/\/kitchtenstore.com\/fr\/wp-json\/wp\/v2\/product\/11563\/revisions"}],"predecessor-version":[{"id":11569,"href":"https:\/\/kitchtenstore.com\/fr\/wp-json\/wp\/v2\/product\/11563\/revisions\/11569"}],"wp:featuredmedia":[{"embeddable":true,"href":"https:\/\/kitchtenstore.com\/fr\/wp-json\/wp\/v2\/media\/11566"}],"wp:attachment":[{"href":"https:\/\/kitchtenstore.com\/fr\/wp-json\/wp\/v2\/media?parent=11563"}],"wp:term":[{"taxonomy":"product_cat","embeddable":true,"href":"https:\/\/kitchtenstore.com\/fr\/wp-json\/wp\/v2\/product_cat?post=11563"},{"taxonomy":"product_tag","embeddable":true,"href":"https:\/\/kitchtenstore.com\/fr\/wp-json\/wp\/v2\/product_tag?post=11563"}],"curies":[{"name":"wp","href":"https:\/\/api.w.org\/{rel}","templated":true}]}}