{"id":11555,"date":"2022-10-28T08:19:38","date_gmt":"2022-10-28T08:19:38","guid":{"rendered":"https:\/\/kitchtenstore.com\/?post_type=product&#038;p=11555"},"modified":"2022-10-28T08:23:41","modified_gmt":"2022-10-28T08:23:41","slug":"velo-26-cadre-slooping-6-vitesses-mixte-blanc-mercier","status":"publish","type":"product","link":"https:\/\/kitchtenstore.com\/fr\/produit\/velo-26-cadre-slooping-6-vitesses-mixte-blanc-mercier\/","title":{"rendered":"V\u00e9lo 26\u201d Cadre Slooping 6 vitesses \u2013 Mixte \u2013 Blanc \u2013 MERCIER"},"content":{"rendered":"<h2>Description<\/h2>\n<table class=\"fpDescTb fpDescTbPub\">\n<tbody>\n<tr>\n<th colspan=\"2\">Informations g\u00e9n\u00e9rales sur le produit<\/th>\n<\/tr>\n<tr>\n<td>Marque<\/td>\n<td>MERCIER SPORT<\/td>\n<\/tr>\n<tr>\n<td>Nom du produit<\/td>\n<td>MERCIER V\u00e9lo 26\u201d Cadre Slooping 6 vitesses \u2013 Mixt<\/td>\n<\/tr>\n<tr>\n<td>Cat\u00e9gorie<\/td>\n<td>VTT<\/td>\n<\/tr>\n<tr>\n<th colspan=\"2\">G\u00e9n\u00e9ral<\/th>\n<\/tr>\n<tr>\n<td>Type de Produit<\/td>\n<td>VTT<\/td>\n<\/tr>\n<tr>\n<td>Mod\u00e8les<\/td>\n<td>VELO 26\u2033 MERCIER Cadre acier rigide mixte 6 vitesses Fourche t\u00e9lescopique<\/td>\n<\/tr>\n<tr>\n<td>Sports<\/td>\n<td>VTT<\/td>\n<\/tr>\n<tr>\n<td>Mati\u00e8res<\/td>\n<td>Aluminium, acier<\/td>\n<\/tr>\n<tr>\n<td>Couleur(s)<\/td>\n<td>Blanc<\/td>\n<\/tr>\n<tr>\n<td>Certifications et normes<\/td>\n<td>ISO4210<\/td>\n<\/tr>\n<tr>\n<td>Age (A partir de)<\/td>\n<td>13 ans<\/td>\n<\/tr>\n<tr>\n<th colspan=\"2\">Informations Produits<\/th>\n<\/tr>\n<tr>\n<td>Taille du cadre<\/td>\n<td>38<\/td>\n<\/tr>\n<tr>\n<td>Tailles des roues<\/td>\n<td>26 \u201c<\/td>\n<\/tr>\n<tr>\n<td>Type de v\u00e9lo<\/td>\n<td>VTT<\/td>\n<\/tr>\n<tr>\n<td>Terrain(s) compatible(s)<\/td>\n<td>Montagne<\/td>\n<\/tr>\n<tr>\n<th colspan=\"2\">Caract\u00e9ristiques<\/th>\n<\/tr>\n<tr>\n<td>Description du produit<\/td>\n<td>Jantes en aluminium<\/td>\n<\/tr>\n<tr>\n<th colspan=\"2\">Caract\u00e9ristique techniques<\/th>\n<\/tr>\n<tr>\n<td>Type de cadre<\/td>\n<td>semi-Rigide<\/td>\n<\/tr>\n<tr>\n<td>Cadre \/ Fourche<\/td>\n<td>Cadre Slooping<br \/>\nFourche t\u00e9lescopique<\/td>\n<\/tr>\n<tr>\n<td>Pneu<\/td>\n<td>VTT NOIR 26\u201d * 1,95<\/td>\n<\/tr>\n<tr>\n<td>Rayons<\/td>\n<td>ACIER 36 RAYONS<\/td>\n<\/tr>\n<tr>\n<td>Frein(s)<\/td>\n<td>FreinsVbrake en acier<\/td>\n<\/tr>\n<tr>\n<td>Guidon \/ Poign\u00e9e<\/td>\n<td>Cintre Acier \/ Poign\u00e9es PVC<\/td>\n<\/tr>\n<tr>\n<td>Direction \/ Potence<\/td>\n<td>Potence Plongeur Acier<\/td>\n<\/tr>\n<tr>\n<td>Cintrage<\/td>\n<td>Semi-relev\u00e9<\/td>\n<\/tr>\n<tr>\n<td>Syst\u00e8me de transmission<\/td>\n<td>Roue libre 6 vitesses<\/td>\n<\/tr>\n<tr>\n<td>Nombre de vitesses<\/td>\n<td>6 vitesses index\u00e9es<\/td>\n<\/tr>\n<tr>\n<td>D\u00e9railleur \/ Cassette<\/td>\n<td>D\u00e9railleurs arri\u00e8re Sunrun<\/td>\n<\/tr>\n<tr>\n<td>P\u00e9dales \/ Bo\u00eete de p\u00e9dalier<\/td>\n<td>R\u00e9sine avec Cage \u00e0 Billes<\/td>\n<\/tr>\n<tr>\n<td>Selle \/ Tige de selle<\/td>\n<td>Selle noire serigraphi\u00e9e avec tige de selle acier \u00e0 blocage rapide<\/td>\n<\/tr>\n<tr>\n<td>Avertisseur<\/td>\n<td>Sonnette<\/td>\n<\/tr>\n<tr>\n<th colspan=\"2\">Caract\u00e9ristiques de l\u2019\u00e9clairage<\/th>\n<\/tr>\n<tr>\n<td>Eclairage<\/td>\n<td>\u00c0 piles<\/td>\n<\/tr>\n<tr>\n<th colspan=\"2\">Dimensions et Poids<\/th>\n<\/tr>\n<tr>\n<td>Poids<\/td>\n<td>17,50 kg<\/td>\n<\/tr>\n<tr>\n<th colspan=\"2\">Divers<\/th>\n<\/tr>\n<tr>\n<td>Type de montage<\/td>\n<td>Le v\u00e9lo est mont\u00e9 \u00e0 85%. Le v\u00e9lo vous est livr\u00e9 avec les p\u00e9dales \u00e0 serrer, le guidon \u00e0 repositionner et serrer ( tous les c\u00e2bles sont pass\u00e9s et r\u00e9gl\u00e9s ) ainsi que la roue avant \u00e0 fixer gr\u00e2ce \u00e0 l\u2019attache rapide. les outils sont fournis avec la notice explicative<\/td>\n<\/tr>\n<tr>\n<td>Restrictions d\u2019usage<\/td>\n<td>Interdit \u00e0 la comp\u00e9tition et \u00e0 la location<\/td>\n<\/tr>\n<tr>\n<td>Conseils d\u2019utilisation<\/td>\n<td>Con\u00e7u pour une utilisation loisirs sur des terrains mod\u00e9r\u00e9ment accident\u00e9s : campagne, for\u00eat, sentier de terre, route goudronn\u00e9e.<\/td>\n<\/tr>\n<tr>\n<td>Pays d\u2019origine<\/td>\n<td>Sri Lanka<\/td>\n<\/tr>\n<\/tbody>\n<\/table>","protected":false},"excerpt":{"rendered":"<div class=\"woocommerce-product-details__short-description\">\n<ul>\n<li>VTT \u2013 26 \u201c<\/li>\n<li>Type de cadre : semi-Rigide<\/li>\n<li>Age (A partir de) : 13 ans<\/li>\n<li>Nombre de vitesses : 6 vitesses index\u00e9es<\/li>\n<li>Blanc<\/li>\n<\/ul>\n<div class=\"jsFpBulletPointMore\">\n<ul>\n<li>Cadre \/ Fourche : Cadre Slooping, Fourche t\u00e9lescopique<\/li>\n<li>Syst\u00e8me de transmission : Roue libre 6 vitesses<\/li>\n<li>Frein(s) : FreinsVbrake en acier<\/li>\n<li>D\u00e9railleur \/ Cassette : D\u00e9railleurs arri\u00e8re Sunrun<\/li>\n<\/ul>\n<\/div>\n<\/div>","protected":false},"featured_media":11564,"comment_status":"open","ping_status":"closed","template":"","meta":{"inline_featured_image":false,"_joinchat":[]},"product_cat":[164],"product_tag":[],"class_list":{"0":"post-11555","1":"product","2":"type-product","3":"status-publish","4":"has-post-thumbnail","6":"product_cat-velo-trotinette","8":"first","9":"instock","10":"shipping-taxable","11":"purchasable","12":"product-type-simple"},"_links":{"self":[{"href":"https:\/\/kitchtenstore.com\/fr\/wp-json\/wp\/v2\/product\/11555","targetHints":{"allow":["GET"]}}],"collection":[{"href":"https:\/\/kitchtenstore.com\/fr\/wp-json\/wp\/v2\/product"}],"about":[{"href":"https:\/\/kitchtenstore.com\/fr\/wp-json\/wp\/v2\/types\/product"}],"replies":[{"embeddable":true,"href":"https:\/\/kitchtenstore.com\/fr\/wp-json\/wp\/v2\/comments?post=11555"}],"version-history":[{"count":2,"href":"https:\/\/kitchtenstore.com\/fr\/wp-json\/wp\/v2\/product\/11555\/revisions"}],"predecessor-version":[{"id":11565,"href":"https:\/\/kitchtenstore.com\/fr\/wp-json\/wp\/v2\/product\/11555\/revisions\/11565"}],"wp:featuredmedia":[{"embeddable":true,"href":"https:\/\/kitchtenstore.com\/fr\/wp-json\/wp\/v2\/media\/11564"}],"wp:attachment":[{"href":"https:\/\/kitchtenstore.com\/fr\/wp-json\/wp\/v2\/media?parent=11555"}],"wp:term":[{"taxonomy":"product_cat","embeddable":true,"href":"https:\/\/kitchtenstore.com\/fr\/wp-json\/wp\/v2\/product_cat?post=11555"},{"taxonomy":"product_tag","embeddable":true,"href":"https:\/\/kitchtenstore.com\/fr\/wp-json\/wp\/v2\/product_tag?post=11555"}],"curies":[{"name":"wp","href":"https:\/\/api.w.org\/{rel}","templated":true}]}}