{"id":11548,"date":"2022-10-28T08:06:14","date_gmt":"2022-10-28T08:06:14","guid":{"rendered":"https:\/\/kitchtenstore.com\/?post_type=product&#038;p=11548"},"modified":"2022-10-28T08:06:14","modified_gmt":"2022-10-28T08:06:14","slug":"beachcruiser-cargo-26-kahuna-bleu-beige-tc-41-cm-ks-cycling","status":"publish","type":"product","link":"https:\/\/kitchtenstore.com\/fr\/produit\/beachcruiser-cargo-26-kahuna-bleu-beige-tc-41-cm-ks-cycling\/","title":{"rendered":"Beachcruiser Cargo 26\u201d Kahuna bleu-beige TC 41 cm KS Cycling"},"content":{"rendered":"<h2>Description<\/h2>\n<div id=\"presContent\" class=\"fpBlk testSep extCode\">Le beachcruiser KAHUNA est le compagnon parfait, que ce soit \u00e0 la plage ou \u00e0 la ville!&nbsp;<\/p>\n<p>Le v\u00e9lo est livr\u00e9 neuf dans son emballage d\u2019origine.<\/p>\n<p>Cadre: Hi-Ten en acier, taille de cadre 41 cm<br \/>\nCouleur: Bleu \u2013 beige<br \/>\nFourche: UNICROWN en acier, tige filet\u00e9e 1 1\/8\u2033<br \/>\nJeu de direction: Pour fourche filet\u00e9e<br \/>\nPotence: tige en aluminium<br \/>\nGuidon: acier cruiser<br \/>\nMoyeux: Moyeu AV acier, AR roue libre acier<br \/>\nJantes: ROCK RIMS aluminium avec indicateur d\u2019usure<br \/>\nPneus: Cruiser KENDA 26\u2033 x 2.125\u2033 (57-559)<br \/>\nVitesses: d\u00e9railleur 6 vitesses<br \/>\nD\u00e9railleur: SHIMANO Tourney RD-TZ50<br \/>\nD\u00e9railleur avant: \u2014<br \/>\nManette de vitesses: poign\u00e9e tournante SHIMANO RevoShift SL-RS 35<br \/>\nPignon: Roue libre SHIMANO MF-TZ20, 6 vitesses (28-12 dents)<br \/>\nP\u00e9dalier: acier (plateau 44 dents)<br \/>\nRoulement de p\u00e9dalier: BSA \u00e0 cartouche<br \/>\nP\u00e9dales: \u00e0 plateforme, r\u00e9sine<br \/>\nPorte-bagages: \u2014<br \/>\nGardes-boue: acier<br \/>\nSelle: Selle rembourr\u00e9e cruiser<br \/>\nTige de selle: acier droite \u00d8 25,4 mm<br \/>\nFixation de selle: attache rapide<br \/>\nFreins: V-brakes en aluminium<br \/>\nLeviers de freins: aluminium\/composite<br \/>\nPhare avant: \u2014<br \/>\nFeu arri\u00e8re: \u2014<br \/>\nDynamo: \u2014<br \/>\nB\u00e9quilNos v\u00e9los sont pr\u00e9mont\u00e9s \u00e0 85% (montage de certaines pi\u00e8ces, r\u00e9glage freins, d\u00e9railleur..). Contactez pour obtenir une notice compl\u00e8te. Nos v\u00e9los sont garantis deux ans, sauf pi\u00e8ces d\u0092usure.<\/p>\n<\/div>\n<div id=\"desc\" class=\"anchor\"><\/div>\n<div id=\"descContent\" class=\"fpBlk testSep\" data-cs-override-id=\"Descriptif\">\n<p class=\"fpMb\">Plus \u00e9l\u00e9gant que jamais sur la route: le beachcruiser 26\u2033 KAHUNA de KS Cycling et sa couleur bleu et beige est de toute beaut\u00e9. N\u2019importe quel v\u00e9lo peut vous transporter d\u2019un point A \u00e0 un point B. Cependant, le beachcruiser KAHUNA 26\u201d de KS Cycling<\/p>\n<div class=\"regBloc no1023\">\n<div id=\"gpt-R2-300X250BODY2\" data-google-query-id=\"CIbkruyMn-gCFUAFBgAd7_QOqA\"><\/div>\n<div class=\"regTxt\"><\/div>\n<\/div>\n<table class=\"fpDescTb fpDescTbPub\">\n<tbody>\n<tr>\n<th colspan=\"2\">Informations g\u00e9n\u00e9rales sur le produit<\/th>\n<\/tr>\n<tr>\n<td>Marque<\/td>\n<td>KS CYCLING<\/td>\n<\/tr>\n<tr>\n<td>Nom du produit<\/td>\n<td>Beachcruiser Cargo 26\u201d Kahuna bleu-beige TC 41 cm<\/td>\n<\/tr>\n<tr>\n<td>Cat\u00e9gorie<\/td>\n<td>V\u00c9LO DE VILLE \u2013 PLAGE<\/td>\n<\/tr>\n<tr>\n<th colspan=\"2\">Informations produit<\/th>\n<\/tr>\n<tr>\n<td>Couleur principale<\/td>\n<td>Bleu<\/td>\n<\/tr>\n<tr>\n<td>Genre<\/td>\n<td>Femme<\/td>\n<\/tr>\n<tr>\n<td>Type de public<\/td>\n<td>Adulte<\/td>\n<\/tr>\n<tr>\n<td>Commentaire<\/td>\n<td>Nos v\u00e9los sont pr\u00e9mont\u00e9s \u00e0 85% (montage de certaines pi\u00e8ces, r\u00e9glage freins, d\u00e9railleur..). Contactez pour obtenir une notice compl\u00e8te. Nos v\u00e9los sont garantis deux ans, sauf pi\u00e8ces d\u2019usure.<\/td>\n<\/tr>\n<tr>\n<td>Sports<\/td>\n<td>V\u00e9lo loisir<\/td>\n<\/tr>\n<tr>\n<td>Couleur(s)<\/td>\n<td>bleu et beige<\/td>\n<\/tr>\n<\/tbody>\n<\/table>\n<\/div>","protected":false},"excerpt":{"rendered":"<div class=\"woocommerce-product-details__short-description\">\n<p>Plus \u00e9l\u00e9gant que jamais sur la route: le beachcruiser 26\u2033 KAHUNA de KS Cycling et sa couleur bleu et beige est de toute beaut\u00e9. N\u2019importe quel v\u00e9lo peut vous transporter d\u2019un point A \u00e0 un point B. Cependant, le beachcruiser KAHUNA 26\u201d de KS Cycling<\/p>\n<\/div>","protected":false},"featured_media":11553,"comment_status":"open","ping_status":"closed","template":"","meta":{"inline_featured_image":false,"_joinchat":[]},"product_cat":[164],"product_tag":[],"class_list":{"0":"post-11548","1":"product","2":"type-product","3":"status-publish","4":"has-post-thumbnail","6":"product_cat-velo-trotinette","8":"first","9":"instock","10":"shipping-taxable","11":"purchasable","12":"product-type-simple"},"_links":{"self":[{"href":"https:\/\/kitchtenstore.com\/fr\/wp-json\/wp\/v2\/product\/11548","targetHints":{"allow":["GET"]}}],"collection":[{"href":"https:\/\/kitchtenstore.com\/fr\/wp-json\/wp\/v2\/product"}],"about":[{"href":"https:\/\/kitchtenstore.com\/fr\/wp-json\/wp\/v2\/types\/product"}],"replies":[{"embeddable":true,"href":"https:\/\/kitchtenstore.com\/fr\/wp-json\/wp\/v2\/comments?post=11548"}],"version-history":[{"count":1,"href":"https:\/\/kitchtenstore.com\/fr\/wp-json\/wp\/v2\/product\/11548\/revisions"}],"predecessor-version":[{"id":11554,"href":"https:\/\/kitchtenstore.com\/fr\/wp-json\/wp\/v2\/product\/11548\/revisions\/11554"}],"wp:featuredmedia":[{"embeddable":true,"href":"https:\/\/kitchtenstore.com\/fr\/wp-json\/wp\/v2\/media\/11553"}],"wp:attachment":[{"href":"https:\/\/kitchtenstore.com\/fr\/wp-json\/wp\/v2\/media?parent=11548"}],"wp:term":[{"taxonomy":"product_cat","embeddable":true,"href":"https:\/\/kitchtenstore.com\/fr\/wp-json\/wp\/v2\/product_cat?post=11548"},{"taxonomy":"product_tag","embeddable":true,"href":"https:\/\/kitchtenstore.com\/fr\/wp-json\/wp\/v2\/product_tag?post=11548"}],"curies":[{"name":"wp","href":"https:\/\/api.w.org\/{rel}","templated":true}]}}