{"id":11529,"date":"2022-10-28T07:27:12","date_gmt":"2022-10-28T07:27:12","guid":{"rendered":"https:\/\/kitchtenstore.com\/?post_type=product&#038;p=11529"},"modified":"2022-10-28T07:27:12","modified_gmt":"2022-10-28T07:27:12","slug":"orus-velo-electrique-e-4000-batterie-samsung-8ah-26v-250w-autonomie-40-45-km-6-vitesses-shimano-noir","status":"publish","type":"product","link":"https:\/\/kitchtenstore.com\/fr\/produit\/orus-velo-electrique-e-4000-batterie-samsung-8ah-26v-250w-autonomie-40-45-km-6-vitesses-shimano-noir\/","title":{"rendered":"ORUS V\u00e9lo \u00e9lectrique E 4000 \u2013 Batterie Samsung 8AH\/26V 250W \u2013 Autonomie 40\/45 km \u2013 6 vitesses Shimano \u2013 Noir"},"content":{"rendered":"<h2>Description<\/h2>\n<table class=\"fpDescTb fpDescTbPub\">\n<tbody>\n<tr>\n<td>Marque<\/td>\n<td>ORUS<\/td>\n<\/tr>\n<tr>\n<td>Type de Produit<\/td>\n<td>V\u00e9lo<\/td>\n<\/tr>\n<tr>\n<td>Couleur(s)<\/td>\n<td>Noir<\/td>\n<\/tr>\n<tr>\n<td>Age (A partir de)<\/td>\n<td>16 ans<\/td>\n<\/tr>\n<tr>\n<th colspan=\"2\">Informations Produits<\/th>\n<\/tr>\n<tr>\n<td>Taille du cadre<\/td>\n<td>M<br \/>\nTaille recommand\u00e9e de l\u2019utilisateur comprise entre 165 et 178 cm<\/td>\n<\/tr>\n<tr>\n<td>Tailles des roues<\/td>\n<td>26 \u201c<\/td>\n<\/tr>\n<tr>\n<td>Type de v\u00e9lo<\/td>\n<td>VAE<\/td>\n<\/tr>\n<tr>\n<td>Terrain(s) compatible(s)<\/td>\n<td>Asphalte<\/td>\n<\/tr>\n<tr>\n<th colspan=\"2\">Caract\u00e9ristiques<\/th>\n<\/tr>\n<tr>\n<td>Description du produit<\/td>\n<td>Montage :<br \/>\n\u2013 le guidon est tourn\u00e9 dans le carton (le fixer avec une cl\u00e9 qui est fourni dans le carton)<br \/>\n\u2013 les p\u00e9dales sont \u00e0 fixer \u00e0 l\u2019aide d\u2019une cl\u00e9<\/td>\n<\/tr>\n<tr>\n<td>Confort<\/td>\n<td>Poids maximum de charge : 100 kg<\/td>\n<\/tr>\n<tr>\n<th colspan=\"2\">Caract\u00e9ristique techniques<\/th>\n<\/tr>\n<tr>\n<td>Type de cadre<\/td>\n<td>Rigide<\/td>\n<\/tr>\n<tr>\n<td>Cadre \/ Fourche<\/td>\n<td>cadre ville acier<\/td>\n<\/tr>\n<tr>\n<td>Roues<\/td>\n<td>26 pouces<\/td>\n<\/tr>\n<tr>\n<td>Frein(s)<\/td>\n<td>freins Vbrake<\/td>\n<\/tr>\n<tr>\n<td>Guidon \/ Poign\u00e9e<\/td>\n<td>Hauteur : 104 cm<br \/>\nLargeur : 63 cm<\/td>\n<\/tr>\n<tr>\n<td>Direction \/ Potence<\/td>\n<td>Potence inclinable<\/td>\n<\/tr>\n<tr>\n<td>Syst\u00e8me de transmission<\/td>\n<td>6 vitesses par poign\u00e9es tournante<\/td>\n<\/tr>\n<tr>\n<td>Nombre de vitesses<\/td>\n<td>6<\/td>\n<\/tr>\n<tr>\n<td>D\u00e9railleur \/ Cassette<\/td>\n<td>Shimano TY21<\/td>\n<\/tr>\n<tr>\n<td>B\u00e9quille<\/td>\n<td>Incluse<\/td>\n<\/tr>\n<tr>\n<td>Avertisseur<\/td>\n<td>inclus<\/td>\n<\/tr>\n<tr>\n<td>Position du moteur<\/td>\n<td>Roue arri\u00e8re<\/td>\n<\/tr>\n<tr>\n<th colspan=\"2\">Alimentation<\/th>\n<\/tr>\n<tr>\n<td>Type d\u2019alimentation<\/td>\n<td>Electrique<\/td>\n<\/tr>\n<tr>\n<td>Batterie<\/td>\n<td>Samsung Lithium 36 V \/ 7,8 A incluse<\/td>\n<\/tr>\n<tr>\n<td>Autonomie<\/td>\n<td>40\/45 km<\/td>\n<\/tr>\n<tr>\n<td>Moteur<\/td>\n<td>26V 250W<\/td>\n<\/tr>\n<tr>\n<th colspan=\"2\">Caract\u00e9ristiques de l\u2019\u00e9clairage<\/th>\n<\/tr>\n<tr>\n<td>Eclairage<\/td>\n<td>inclus \u2013 \u00c9clairage \u00e0 pile<\/td>\n<\/tr>\n<tr>\n<th colspan=\"2\">Dimensions et Poids<\/th>\n<\/tr>\n<tr>\n<td>Dimensions<\/td>\n<td>183 X 25 X 112 cm<br \/>\nLongueur du v\u00e9lo d\u00e9ball\u00e9 : 174 cm<\/td>\n<\/tr>\n<tr>\n<td>Poids<\/td>\n<td>28.5 kg<\/td>\n<\/tr>\n<tr>\n<th colspan=\"2\">Divers<\/th>\n<\/tr>\n<tr>\n<td>Montage<\/td>\n<td>A monter soi-m\u00eame<\/td>\n<\/tr>\n<tr>\n<td>Type de montage<\/td>\n<td>montage \u00e0 98% : guidon \u00e0 tourner ; p\u00e9dales \u00e0 fixer<\/td>\n<\/tr>\n<tr>\n<td>Restrictions d\u2019usage<\/td>\n<td>Id\u00e9al jusqu\u2019\u00e0 178 cm<\/td>\n<\/tr>\n<tr>\n<td>Conseils d\u2019utilisation<\/td>\n<td>Ce v\u00e9lo n\u2019est pas con\u00e7u pour faire de la montagne et des c\u00f4tes<\/td>\n<\/tr>\n<tr>\n<td>Pays d\u2019origine<\/td>\n<td>Italie<\/td>\n<\/tr>\n<\/tbody>\n<\/table>","protected":false},"excerpt":{"rendered":"<div class=\"woocommerce-product-details__short-description\">\n<p>ORUS V\u00e9lo \u00e9lectrique E 4000- 26V 250W \u2013 Noir \u2013 Batterie : 36 \u2013 7,8 Ah \u2013 Autonomie : 40 \u00e0 45 km \u2013 Derailleur arri\u00e8re : Shimano TY21<\/p>\n<\/div>","protected":false},"featured_media":11532,"comment_status":"open","ping_status":"closed","template":"","meta":{"inline_featured_image":false,"_joinchat":[]},"product_cat":[164],"product_tag":[],"class_list":{"0":"post-11529","1":"product","2":"type-product","3":"status-publish","4":"has-post-thumbnail","6":"product_cat-velo-trotinette","8":"first","9":"instock","10":"shipping-taxable","11":"purchasable","12":"product-type-simple"},"_links":{"self":[{"href":"https:\/\/kitchtenstore.com\/fr\/wp-json\/wp\/v2\/product\/11529","targetHints":{"allow":["GET"]}}],"collection":[{"href":"https:\/\/kitchtenstore.com\/fr\/wp-json\/wp\/v2\/product"}],"about":[{"href":"https:\/\/kitchtenstore.com\/fr\/wp-json\/wp\/v2\/types\/product"}],"replies":[{"embeddable":true,"href":"https:\/\/kitchtenstore.com\/fr\/wp-json\/wp\/v2\/comments?post=11529"}],"version-history":[{"count":2,"href":"https:\/\/kitchtenstore.com\/fr\/wp-json\/wp\/v2\/product\/11529\/revisions"}],"predecessor-version":[{"id":11534,"href":"https:\/\/kitchtenstore.com\/fr\/wp-json\/wp\/v2\/product\/11529\/revisions\/11534"}],"wp:featuredmedia":[{"embeddable":true,"href":"https:\/\/kitchtenstore.com\/fr\/wp-json\/wp\/v2\/media\/11532"}],"wp:attachment":[{"href":"https:\/\/kitchtenstore.com\/fr\/wp-json\/wp\/v2\/media?parent=11529"}],"wp:term":[{"taxonomy":"product_cat","embeddable":true,"href":"https:\/\/kitchtenstore.com\/fr\/wp-json\/wp\/v2\/product_cat?post=11529"},{"taxonomy":"product_tag","embeddable":true,"href":"https:\/\/kitchtenstore.com\/fr\/wp-json\/wp\/v2\/product_tag?post=11529"}],"curies":[{"name":"wp","href":"https:\/\/api.w.org\/{rel}","templated":true}]}}