{"id":11519,"date":"2022-10-28T07:06:08","date_gmt":"2022-10-28T07:06:08","guid":{"rendered":"https:\/\/kitchtenstore.com\/?post_type=product&#038;p=11519"},"modified":"2022-10-28T07:06:08","modified_gmt":"2022-10-28T07:06:08","slug":"toimsa-velo-26%e2%80%b3-cadre-acier-homme-18-vitesses-freins-vbrake-noir","status":"publish","type":"product","link":"https:\/\/kitchtenstore.com\/fr\/produit\/toimsa-velo-26%e2%80%b3-cadre-acier-homme-18-vitesses-freins-vbrake-noir\/","title":{"rendered":"TOIMSA V\u00e9lo 26\u2033 \u2013 cadre acier \u2013 Homme \u2013 18 vitesses \u2013 Freins Vbrake -Noir"},"content":{"rendered":"<h2>Description<\/h2>\n<table class=\"fpDescTb fpDescTbPub\">\n<tbody>\n<tr>\n<td>Marque<\/td>\n<td>AUCUNE<\/td>\n<\/tr>\n<tr>\n<td>Type de Produit<\/td>\n<td>VTT<\/td>\n<\/tr>\n<tr>\n<td>Sports<\/td>\n<td>VTT<\/td>\n<\/tr>\n<tr>\n<td>Mati\u00e8res<\/td>\n<td>Acier<\/td>\n<\/tr>\n<tr>\n<td>Couleur(s)<\/td>\n<td>Noir<\/td>\n<\/tr>\n<tr>\n<td>Age (A partir de)<\/td>\n<td>14 ans<\/td>\n<\/tr>\n<tr>\n<th colspan=\"2\">Informations Produits<\/th>\n<\/tr>\n<tr>\n<td>Tailles des roues<\/td>\n<td>26 \u201c<\/td>\n<\/tr>\n<tr>\n<td>Type de v\u00e9lo<\/td>\n<td>VTT<\/td>\n<\/tr>\n<tr>\n<td>Terrain(s) compatible(s)<\/td>\n<td>Asphalte<\/td>\n<\/tr>\n<tr>\n<th colspan=\"2\">Caract\u00e9ristique techniques<\/th>\n<\/tr>\n<tr>\n<td>Type de cadre<\/td>\n<td>Rigide<\/td>\n<\/tr>\n<tr>\n<td>Cadre \/ Fourche<\/td>\n<td>Cadre acier rigide double tube<\/td>\n<\/tr>\n<tr>\n<td>Roues<\/td>\n<td>26 \u201c<\/td>\n<\/tr>\n<tr>\n<td>Frein(s)<\/td>\n<td>Frein V Brake avant et arri\u00e8re<\/td>\n<\/tr>\n<tr>\n<td>Guidon \/ Poign\u00e9e<\/td>\n<td>Poign\u00e9es tournantes<\/td>\n<\/tr>\n<tr>\n<td>Nombre de vitesses<\/td>\n<td>18<\/td>\n<\/tr>\n<tr>\n<td>D\u00e9railleur \/ Cassette<\/td>\n<td>D\u00e9railleur arri\u00e8re 6 vitesses 3 plateaux<\/td>\n<\/tr>\n<tr>\n<th colspan=\"2\">Caract\u00e9ristiques de l\u2019\u00e9clairage<\/th>\n<\/tr>\n<tr>\n<td>Eclairage<\/td>\n<td>Kit lumi\u00e8re<\/td>\n<\/tr>\n<\/tbody>\n<\/table>","protected":false},"excerpt":{"rendered":"<div class=\"woocommerce-product-details__short-description\">\n<p>V\u00e9lo homme 26 pouces, 18 vitesses par poign\u00e9es tournantes, cadre acier rigide double tube. Frein avant et arri\u00e8re v brake d\u00e9railleur arri\u00e8re 6 vitesses 3 plateaux kit lumi\u00e8re fabriqu\u00e9 en Espagne.<\/p>\n<\/div>","protected":false},"featured_media":11522,"comment_status":"open","ping_status":"closed","template":"","meta":{"inline_featured_image":false,"_joinchat":[]},"product_cat":[164],"product_tag":[],"class_list":{"0":"post-11519","1":"product","2":"type-product","3":"status-publish","4":"has-post-thumbnail","6":"product_cat-velo-trotinette","8":"first","9":"instock","10":"shipping-taxable","11":"purchasable","12":"product-type-simple"},"_links":{"self":[{"href":"https:\/\/kitchtenstore.com\/fr\/wp-json\/wp\/v2\/product\/11519","targetHints":{"allow":["GET"]}}],"collection":[{"href":"https:\/\/kitchtenstore.com\/fr\/wp-json\/wp\/v2\/product"}],"about":[{"href":"https:\/\/kitchtenstore.com\/fr\/wp-json\/wp\/v2\/types\/product"}],"replies":[{"embeddable":true,"href":"https:\/\/kitchtenstore.com\/fr\/wp-json\/wp\/v2\/comments?post=11519"}],"version-history":[{"count":1,"href":"https:\/\/kitchtenstore.com\/fr\/wp-json\/wp\/v2\/product\/11519\/revisions"}],"predecessor-version":[{"id":11523,"href":"https:\/\/kitchtenstore.com\/fr\/wp-json\/wp\/v2\/product\/11519\/revisions\/11523"}],"wp:featuredmedia":[{"embeddable":true,"href":"https:\/\/kitchtenstore.com\/fr\/wp-json\/wp\/v2\/media\/11522"}],"wp:attachment":[{"href":"https:\/\/kitchtenstore.com\/fr\/wp-json\/wp\/v2\/media?parent=11519"}],"wp:term":[{"taxonomy":"product_cat","embeddable":true,"href":"https:\/\/kitchtenstore.com\/fr\/wp-json\/wp\/v2\/product_cat?post=11519"},{"taxonomy":"product_tag","embeddable":true,"href":"https:\/\/kitchtenstore.com\/fr\/wp-json\/wp\/v2\/product_tag?post=11519"}],"curies":[{"name":"wp","href":"https:\/\/api.w.org\/{rel}","templated":true}]}}