{"id":11507,"date":"2022-10-28T07:02:49","date_gmt":"2022-10-28T07:02:49","guid":{"rendered":"https:\/\/kitchtenstore.com\/?post_type=product&#038;p=11507"},"modified":"2022-10-28T07:02:49","modified_gmt":"2022-10-28T07:02:49","slug":"trottinette-electrique-gscooter-draisienne-larges-roues-de-16%e2%80%b3-noir-250w-pliable","status":"publish","type":"product","link":"https:\/\/kitchtenstore.com\/fr\/produit\/trottinette-electrique-gscooter-draisienne-larges-roues-de-16%e2%80%b3-noir-250w-pliable\/","title":{"rendered":"Trottinette Electrique \u2013 GSCOOTER Draisienne \u2013 Larges roues de 16\u2033 \u2013 Noir \u2013 250W \u2013 Pliable"},"content":{"rendered":"<h2>Description<\/h2>\n<table class=\"fpDescTb fpDescTbPub\">\n<tbody>\n<tr>\n<th colspan=\"2\">Informations g\u00e9n\u00e9rales sur le produit<\/th>\n<\/tr>\n<tr>\n<td>Nom du produit<\/td>\n<td>GSCOOTER Draisienne \/ Trottinette Electrique \u2013 Lar<\/td>\n<\/tr>\n<tr>\n<td>Cat\u00e9gorie<\/td>\n<td>DRAISIENNE ELECTRIQUE<\/td>\n<\/tr>\n<tr>\n<th colspan=\"2\">G\u00e9n\u00e9ral<\/th>\n<\/tr>\n<tr>\n<td>Marque<\/td>\n<td>AUCUNE<\/td>\n<\/tr>\n<tr>\n<td>Type de public<\/td>\n<td>Adulte<\/td>\n<\/tr>\n<tr>\n<td>Mod\u00e8les<\/td>\n<td>GScooter B16<\/td>\n<\/tr>\n<tr>\n<td>Certifications et normes<\/td>\n<td>CE, FCC &amp; RoHS<\/td>\n<\/tr>\n<tr>\n<td>Couleur(s)<\/td>\n<td>Noir<\/td>\n<\/tr>\n<tr>\n<th colspan=\"2\">Moteur<\/th>\n<\/tr>\n<tr>\n<td>Moteur<\/td>\n<td>RWD Brushless<\/td>\n<\/tr>\n<tr>\n<td>Puissance moteur \u00e9lectrique<\/td>\n<td>250 W<\/td>\n<\/tr>\n<tr>\n<td>Amp\u00e9rage de la batterie<\/td>\n<td>4 Ah<\/td>\n<\/tr>\n<tr>\n<th colspan=\"2\">Caract\u00e9ristiques<\/th>\n<\/tr>\n<tr>\n<td>Description du produit<\/td>\n<td>Bougez librement !<br \/>\nRetrouvez votre libert\u00e9 de mouvement, prenez le contr\u00f4le du bitume, oubliez les embouteillages et ar<br \/>\nr\u00eatez de polluer. Avec le nouveau e-Scooter d\u2019Ecogyro, d\u00e9placez-vous rapidement, confortablement et durablement dans la ville. Gr\u00e2ce \u00e0 sa conception et \u00e0 ses caract\u00e9ristiques, telles que la suspension arri\u00e8re, l\u2019 e-Scooter GScooter est un moyen de transport pliable, silencieux, \u00e9conomique, amusant et sans \u00e9missions. Il tr\u00e8s l\u00e9ger et agr\u00e9able, vous pouvez donc \u00e0 nouveau vous d\u00e9placer librement.<br \/>\n\u2014<br \/>\nDescription<br \/>\nL\u2019e-Scooter GScooter, vous propulse confortablement jusqu\u2019\u00e0 18km\/h* et a une autonomie jusqu\u2019\u00e0 30km* gr\u00e2ce \u00e0 sa puissante batterie Li-Ion qui vous permettra de vous d\u00e9placer sur de longues distances sans recharge. Il dispose d\u2019un \u00e9cran LCD qui indique le niveau de la batterie, la dur\u00e9e et la distance parcourue et vous permet de s\u00e9lectionner le niveau de puissance dont vous avez besoin :<br \/>\n\u2013 Niveau 1 : Vous donne 60% de puissance pour vous d\u00e9placer \u00e0 8 km\/h* environ.<br \/>\n\u2013 Niveau 2 : Vous donne 80% de puissance pour vous d\u00e9placer \u00e0 15 km\/h* environ.<br \/>\n\u2013 Grade 3 : Vous donne 100% de puissance pour atteindre une vitesse de plus de 15 km\/h* environ.<br \/>\nObtenez la libert\u00e9 que vous d\u00e9sirez avec l e-Scooter GScooter en oubliant les embouteillages et les probl\u00e8mes de stationnement. Ne manquez pas l\u2019occasion, sentez l\u2019impulsion et mettez la main sur le Scooter GScooter, le transport du futur est d\u00e9j\u00e0 l\u00e0.<br \/>\n* Les donn\u00e9es estim\u00e9es varient l\u00e9g\u00e8rement selon leur utilisation et les conditions du terrain.<br \/>\nCaract\u00e9ristiques:<br \/>\nCertificats: CE, FCC &amp; RoHS<br \/>\nDimensions: 1340x555x1100 mm \/ 770x430x640 mm<br \/>\nProtection IP: IP54<br \/>\nMat\u00e9riel: Aluminium \/ Magn\u00e9sium<br \/>\nTension: 220-240V<br \/>\nFr\u00e9quence: 50-60 Hz<br \/>\nMotorisation\/Puissance 250 W, RWD Brushless<br \/>\nCouverture: 16\u201d<br \/>\nHauteur: 760-920 mm<br \/>\nModes de Vitesse: Eco, Urban, Sport<br \/>\nVitesse Maximum: 25 km\/h<br \/>\nBatterie: Li-ion \/\/ 36V \/\/ 4Ah<br \/>\nTemps de Charge: 2~3 Heures<br \/>\nHauteur de la P\u00e9dale: 140 mm<br \/>\nPoids Maximum de Charge: 120 kg<br \/>\nDegr\u00e9 d\u2019Inclinaison: 15\u00ba<br \/>\nPoids: 15<\/td>\n<\/tr>\n<tr>\n<td>Vitesse maximum<\/td>\n<td>25 km\/h<\/td>\n<\/tr>\n<tr>\n<td>Freinage avant \/ arri\u00e8re<\/td>\n<td>Avant\/Arri\u00e8re<\/td>\n<\/tr>\n<tr>\n<td>Nombre de places<\/td>\n<td>1<\/td>\n<\/tr>\n<tr>\n<td>Poids maximum<\/td>\n<td>120Kg<\/td>\n<\/tr>\n<tr>\n<td>Dimensions hors tout<\/td>\n<td>1340x555x1100 mm \/ 770x430x640 mm<\/td>\n<\/tr>\n<tr>\n<td>Poids \u00e0 vide<\/td>\n<td>15Kg<\/td>\n<\/tr>\n<\/tbody>\n<\/table>","protected":false},"excerpt":{"rendered":"<div class=\"woocommerce-product-details__short-description\">\n<p><span class=\"fpBlocTitle\">Les points forts :<\/span><\/p>\n<ul>\n<li>Puissance moteur \u00e9lectrique : 250 W<\/li>\n<li>Amp\u00e9rage de la batterie : 4 Ah<\/li>\n<li>Vitesse maximum : 25 km\/h<\/li>\n<li>Poids maximal : 120Kg<\/li>\n<li>Poids \u00e0 vide : 15Kg<\/li>\n<\/ul>\n<\/div>","protected":false},"featured_media":11512,"comment_status":"open","ping_status":"closed","template":"","meta":{"inline_featured_image":false,"_joinchat":[]},"product_cat":[171],"product_tag":[],"class_list":{"0":"post-11507","1":"product","2":"type-product","3":"status-publish","4":"has-post-thumbnail","6":"product_cat-trotinette-electrique","8":"first","9":"instock","10":"shipping-taxable","11":"purchasable","12":"product-type-simple"},"_links":{"self":[{"href":"https:\/\/kitchtenstore.com\/fr\/wp-json\/wp\/v2\/product\/11507","targetHints":{"allow":["GET"]}}],"collection":[{"href":"https:\/\/kitchtenstore.com\/fr\/wp-json\/wp\/v2\/product"}],"about":[{"href":"https:\/\/kitchtenstore.com\/fr\/wp-json\/wp\/v2\/types\/product"}],"replies":[{"embeddable":true,"href":"https:\/\/kitchtenstore.com\/fr\/wp-json\/wp\/v2\/comments?post=11507"}],"version-history":[{"count":1,"href":"https:\/\/kitchtenstore.com\/fr\/wp-json\/wp\/v2\/product\/11507\/revisions"}],"predecessor-version":[{"id":11517,"href":"https:\/\/kitchtenstore.com\/fr\/wp-json\/wp\/v2\/product\/11507\/revisions\/11517"}],"wp:featuredmedia":[{"embeddable":true,"href":"https:\/\/kitchtenstore.com\/fr\/wp-json\/wp\/v2\/media\/11512"}],"wp:attachment":[{"href":"https:\/\/kitchtenstore.com\/fr\/wp-json\/wp\/v2\/media?parent=11507"}],"wp:term":[{"taxonomy":"product_cat","embeddable":true,"href":"https:\/\/kitchtenstore.com\/fr\/wp-json\/wp\/v2\/product_cat?post=11507"},{"taxonomy":"product_tag","embeddable":true,"href":"https:\/\/kitchtenstore.com\/fr\/wp-json\/wp\/v2\/product_tag?post=11507"}],"curies":[{"name":"wp","href":"https:\/\/api.w.org\/{rel}","templated":true}]}}