{"id":11478,"date":"2022-10-27T18:33:29","date_gmt":"2022-10-27T18:33:29","guid":{"rendered":"https:\/\/kitchtenstore.com\/?post_type=product&#038;p=11478"},"modified":"2022-10-27T18:33:29","modified_gmt":"2022-10-27T18:33:29","slug":"kit-carotteuse-dd3-152-1900w-milwaukee-4933447012","status":"publish","type":"product","link":"https:\/\/kitchtenstore.com\/fr\/produit\/kit-carotteuse-dd3-152-1900w-milwaukee-4933447012\/","title":{"rendered":"Kit carotteuse DD3-152 1900W MILWAUKEE \u2013 4933447012"},"content":{"rendered":"<div id=\"tab-description\" class=\"woocommerce-Tabs-panel woocommerce-Tabs-panel--description panel entry-content wc-tab\" role=\"tabpanel\" aria-labelledby=\"tab-title-description\">\n<h2>Description<\/h2>\n<div class=\"cms\">\n<div class=\"description_content\">\n<ul>\n<li>\u2013 Forage \u00e0 la main jusqu\u2019au \u00f880 mm<\/li>\n<li>\u2013 Avec le b\u00e2ti DR 152 T, jusqu\u2019au \u00f8202 mm ou pour forer en angle<\/li>\n<li>\u2013 Pour les forages \u00e0 eau ou \u00e0 sec dans le b\u00e9ton arm\u00e9, la brique et autres mat\u00e9riaux de construction<\/li>\n<li>\u2013 D\u00e9brayage de s\u00e9curit\u00e9 et protection thermique contre les surcharges avec LED de contr\u00f4le et disjoncteur int\u00e9gr\u00e9s<\/li>\n<li>\u2013 R\u00e9gulation \u00e9lectronique avec d\u00e9marrage progressif<\/li>\n<li>\u2013 3 vitesse m\u00e9caniques + variateur<\/li>\n<li>\u2013 Fixation rapide et s\u00fbre sur le b\u00e2ti<\/li>\n<li>\u2013 Design en L pour une prise en main plus confortable et un \u00e9quilibrage optimal dans toutes les positions<\/li>\n<li>\u2013 Raccordement d\u2019arriv\u00e9e d\u2019eau ou d\u2019extraction des poussi\u00e8res int\u00e9gr\u00e9<\/li>\n<li>\u2013 Fourni avec raccord eau et poussi\u00e8re, cl\u00e9 \u00e0 molette de 32 et 41 mm<\/li>\n<\/ul>\n<p><u>Equipement :<\/u><\/p>\n<ul>\n<li>Fourni avec raccord eau et poussi\u00e8re, cl\u00e9 \u00e0 molette de 32 et 41 mm<\/li>\n<\/ul>\n<p><u>Caract\u00e9ristiques :<\/u><\/p>\n<ul>\n<li>\u2013 Capacit\u00e9 b\u00e9ton (mm) 152<\/li>\n<li>\u2013 Capacit\u00e9 pierre (mm) 202<\/li>\n<li>\u2013 Emballage Coffret<\/li>\n<li>\u2013 Poids (kg) 6.5<\/li>\n<li>\u2013 Puissance absorb\u00e9e (W) 1900<\/li>\n<li>\u2013 R\u00e9f 4933428000<\/li>\n<li>\u2013 Tol\u00e9rance de vibration de per\u00e7age dans la brique et le carrelage (m\/s\u00b2) 2<\/li>\n<li>\u2013 Vibration de per\u00e7age dans la brique et le carrelage (m\/s\u00b2) 16.3<\/li>\n<li>\u2013 Vitesse en pleine charge (tr\/min) 550 \/ 1250 \/ 2700<\/li>\n<li>\u2013 Sound and Vibration<\/li>\n<li>\u2013 Niveau de pression acoustique (dB(A)) 84<\/li>\n<li>\u2013 Niveau de puissance acoustique (dB(A)) 95<\/li>\n<li>\u2013 Tol\u00e9rance de vibration de per\u00e7age dans le b\u00e9ton (m\/s\u00b2) 2<\/li>\n<li>\u2013 Tol\u00e9rance du niveau de pression acoustique (dB(A)) 3<\/li>\n<li>\u2013 Tol\u00e9rance du niveau de puissance acoustique (dB(A)) 3<\/li>\n<li>\u2013 Vibration de per\u00e7age dans le b\u00e9ton (m\/s\u00b2) 14.1<\/li>\n<\/ul>\n<\/div>\n<\/div>\n<ul class=\"list-table\" data-gtm-vis-recent-on-screen-2047254_1465=\"9058809\" data-gtm-vis-first-on-screen-2047254_1465=\"9058809\" data-gtm-vis-total-visible-time-2047254_1465=\"3000\" data-gtm-vis-has-fired-2047254_1465=\"1\">\n<li class=\"list-table__row\"><span class=\"list-table__cell\">Marque <\/span><span class=\"list-table__cell\"><span data-qa=\"brandCta\">MILWAUKEE<\/span><\/span><\/li>\n<li class=\"list-table__row\"><span class=\"list-table__cell\">Type <\/span><span class=\"list-table__cell\">Carotteuse \u00e0 sec<\/span><\/li>\n<li class=\"list-table__row\"><span class=\"list-table__cell\">Utilisation <\/span><span class=\"list-table__cell\">Beton<\/span><\/li>\n<li class=\"list-table__row\"><span class=\"list-table__cell\">Caract\u00e9ristiques <\/span><span class=\"list-table__cell\">D\u00e9marrage progressif<\/span><\/li>\n<li class=\"list-table__row\"><span class=\"list-table__cell\">Puissance absorb\u00e9e <\/span><span class=\"list-table__cell\">1900 W<\/span><\/li>\n<li class=\"list-table__row\"><span class=\"list-table__cell\">Puissance utile <\/span><span class=\"list-table__cell\">1900 W<\/span><\/li>\n<\/ul>\n<div id=\"product-brand\" class=\"product__brand\">\n<h3 class=\"product__sub-title\">Pr\u00e9sentation de la marque<\/h3>\n<p><a href=\"https:\/\/www.manomano.fr\/marque\/milwaukee-50\" data-qa=\"brandImageCta\"><picture><img decoding=\"async\" class=\"image product__brand-image lazyload loaded lazy-loaded\" src=\"https:\/\/cdn.manomano.com\/marque-milwaukee-50.png\" alt=\"MILWAUKEE\" data-src=\"https:\/\/cdn.manomano.com\/marque-milwaukee-50.png\" data-was-processed=\"true\" \/><\/picture><\/a>En 1918, Henry Ford, le grand constructeur automobile, passa commande aupr\u00e8s d\u2019un jeune fabricant, A.H. Petersen, qui \u00e9tait l\u2019un des fournisseurs d\u2019outils de l\u2019entreprise. Sa mission \u00e9tait de d\u00e9velopper une perceuse \u00e9lectrique plus l\u00e9g\u00e8re que celles qui existaient d\u00e9j\u00e0. Petersen releva le d\u00e9fi et cr\u00e9a la Hole-Shooter, capable des m\u00eames performances en demandant moins d\u2019effort de la part des salari\u00e9s. En 1922, il fonda l\u2019A.H. Petersen Company avec son associ\u00e9, Siebert, qui la racheta quand l\u2019entreprise fit faillite \u00e0 cause d\u2019un incendie. Il commen\u00e7a par r\u00e9parer des outils : cela lui permit de bien former ses employ\u00e9s et de comprendre les besoins des utilisateurs, en \u00e9tant en contact avec eux. Il mit au point toutes sortes d\u2019outils \u00e9lectroportatifs performants, endurants et l\u00e9gers. Bient\u00f4t, la Marine des Etats-Unis adopta les outils \u00e9lectriques de Milwaukee. L\u2019entreprise lan\u00e7a \u00e9galement de nouvelles gammes de marteaux-burineurs, de ponceuses \u00e0 bandes et de scies sauteuses, la c\u00e9l\u00e8bre SAWZALL\u2026 en 2005, l\u2019entreprise rejoint le groupe international Techtronic Industry, qui poss\u00e8de de grandes marques comme AEG, Hoover, Ryobi.<\/p>\n<\/div>\n<\/div>","protected":false},"excerpt":{"rendered":"<ul>\n<li>Capacit\u00e9 b\u00e9ton (mm) 152<\/li>\n<li>\u2013 Capacit\u00e9 pierre (mm) 202<\/li>\n<li>\u2013 Emballage Coffret<\/li>\n<li>\u2013 Poids (kg) 6.5<\/li>\n<li>\u2013 Puissance absorb\u00e9e (W) 1900<\/li>\n<li>\u2013 R\u00e9f 4933428000<\/li>\n<li>\u2013 Tol\u00e9rance de vibration de per\u00e7age dans la brique et le carrelage (m\/s\u00b2) 2<\/li>\n<li>\u2013 Vibration de per\u00e7age dans la brique et le carrelage (m\/s\u00b2) 16.3<\/li>\n<li>\u2013 Vitesse en pleine charge (tr\/min) 550 \/ 1250 \/ 2700<\/li>\n<li>\u2013 Sound and Vibration<\/li>\n<li>\u2013 Niveau de pression acoustique (dB(A)) 84<\/li>\n<li>\u2013 Niveau de puissance acoustique (dB(A)) 95<\/li>\n<li>\u2013 Tol\u00e9rance de vibration de per\u00e7age dans le b\u00e9ton (m\/s\u00b2) 2<\/li>\n<li>\u2013 Tol\u00e9rance du niveau de pression acoustique (dB(A)) 3<\/li>\n<li>\u2013 Tol\u00e9rance du niveau de puissance acoustique (dB(A)) 3<\/li>\n<li>\u2013 Vibration de per\u00e7age dans le b\u00e9ton (m\/s\u00b2) 14.1<\/li>\n<\/ul>","protected":false},"featured_media":11490,"comment_status":"open","ping_status":"closed","template":"","meta":{"inline_featured_image":false,"_joinchat":[]},"product_cat":[169],"product_tag":[],"class_list":{"0":"post-11478","1":"product","2":"type-product","3":"status-publish","4":"has-post-thumbnail","6":"product_cat-bricollage","8":"first","9":"instock","10":"shipping-taxable","11":"purchasable","12":"product-type-simple"},"_links":{"self":[{"href":"https:\/\/kitchtenstore.com\/fr\/wp-json\/wp\/v2\/product\/11478","targetHints":{"allow":["GET"]}}],"collection":[{"href":"https:\/\/kitchtenstore.com\/fr\/wp-json\/wp\/v2\/product"}],"about":[{"href":"https:\/\/kitchtenstore.com\/fr\/wp-json\/wp\/v2\/types\/product"}],"replies":[{"embeddable":true,"href":"https:\/\/kitchtenstore.com\/fr\/wp-json\/wp\/v2\/comments?post=11478"}],"version-history":[{"count":1,"href":"https:\/\/kitchtenstore.com\/fr\/wp-json\/wp\/v2\/product\/11478\/revisions"}],"predecessor-version":[{"id":11491,"href":"https:\/\/kitchtenstore.com\/fr\/wp-json\/wp\/v2\/product\/11478\/revisions\/11491"}],"wp:featuredmedia":[{"embeddable":true,"href":"https:\/\/kitchtenstore.com\/fr\/wp-json\/wp\/v2\/media\/11490"}],"wp:attachment":[{"href":"https:\/\/kitchtenstore.com\/fr\/wp-json\/wp\/v2\/media?parent=11478"}],"wp:term":[{"taxonomy":"product_cat","embeddable":true,"href":"https:\/\/kitchtenstore.com\/fr\/wp-json\/wp\/v2\/product_cat?post=11478"},{"taxonomy":"product_tag","embeddable":true,"href":"https:\/\/kitchtenstore.com\/fr\/wp-json\/wp\/v2\/product_tag?post=11478"}],"curies":[{"name":"wp","href":"https:\/\/api.w.org\/{rel}","templated":true}]}}