{"id":11471,"date":"2022-10-27T18:28:41","date_gmt":"2022-10-27T18:28:41","guid":{"rendered":"https:\/\/kitchtenstore.com\/?post_type=product&#038;p=11471"},"modified":"2022-10-27T18:30:31","modified_gmt":"2022-10-27T18:30:31","slug":"perceuse-visseuse-milwaukee-m18-bdd-402c-18v-2-batteries-4-0ah-chargeur-en-coffret-4933443565","status":"publish","type":"product","link":"https:\/\/kitchtenstore.com\/fr\/produit\/perceuse-visseuse-milwaukee-m18-bdd-402c-18v-2-batteries-4-0ah-chargeur-en-coffret-4933443565\/","title":{"rendered":"Perceuse visseuse MILWAUKEE M18 BDD-402C 18V + 2 batteries 4.0Ah, chargeur, en coffret \u2013 4933443565"},"content":{"rendered":"<div id=\"tab-description\" class=\"woocommerce-Tabs-panel woocommerce-Tabs-panel--description panel entry-content wc-tab\" role=\"tabpanel\" aria-labelledby=\"tab-title-description\">\n<h2>Description<\/h2>\n<div class=\"cms\">\n<div class=\"description_content\">\n<ul>\n<li>La perceuse-visseuse M18-BDD 402C dispose d\u2019un moteur quadripolaire fabriqu\u00e9e par Milwaukee.<\/li>\n<li>Ce moteur est le plus performant de sa cat\u00e9gorie et offre une dur\u00e9e de vie multipli\u00e9e par 2.<\/li>\n<li>Cette perceuse-visseuse poss\u00e8de un mandrin de 13 millim\u00e8tres de haute qualit\u00e9 et robuste.<\/li>\n<li>Son puissant couple de 57 Nm vous permettra de r\u00e9aliser des per\u00e7ages de 22 millim\u00e8tres dans le bois et de 13 millim\u00e8tres dans l\u2019acier.<\/li>\n<li>Elle est \u00e9quip\u00e9e de batteries \u00e0 technologie RedLithium ion Milwaukee.<\/li>\n<li>Ces batteries offrent la meilleure dur\u00e9e de vie des batteries Lithium avec jusqu\u2019\u00e0 2 fois plus d\u2019autonomie.<\/li>\n<li>Robuste, cette batterie dispose d\u2019un syst\u00e8me de gestion \u00e9lectronique individuelle des cellules pour une dur\u00e9e de vie accrue, une autonomie incomparable et une r\u00e9sistance lui permettant de fonctionner jusqu\u2019\u00e0 -18 degr\u00e9s.<\/li>\n<li>Une \u00e9chelle lumineuse vous indiquera en temps r\u00e9el le niveau de batterie restant.<\/li>\n<\/ul>\n<p><u>Equipement :<\/u><\/p>\n<ul>\n<li>Livr\u00e9 avec :<\/li>\n<li>Chargeur M12-18C<\/li>\n<li>2 batteries 18V Red Lithium M18 B4 4,0Ah<\/li>\n<li>Coffret<\/li>\n<li>Clip ceinture<\/li>\n<\/ul>\n<p><u>Garantie :<\/u><\/p>\n<ul>\n<li>Cher client,<\/li>\n<li>Notre partenaire\u00a0<strong>MILWAUKEE\u00a0<\/strong>garantit gratuitement votre produit pendant\u00a0<strong>3 ans<\/strong>.<\/li>\n<li>Pour b\u00e9nificier de ces 3 ann\u00e9es de tranquilit\u00e9, vous devez imp\u00e9rativement\u00a0<strong>enregistrer<\/strong>\u00a0votre produit sur le site du constructeur\u00a0<strong>en suivant ce lien<\/strong>.<\/li>\n<li>N\u2019oubliez pas de consulter les conditions g\u00e9n\u00e9rales de garanties\u00a0<strong>en cliquant simplement ici<\/strong><\/li>\n<li><strong>Rappel<\/strong>:<\/li>\n<li>La dur\u00e9e de garantie de votre outil est de 2 ans dans le cadre d\u2019une utilisation non professionnelle,<\/li>\n<li>de 1 an dans le cadre d\u2019une utilisation professionnelle ou sollicitation \u00e9quivalente,<\/li>\n<li>et de 3 ans si vous avez souscrit \u00e0 l\u2019extension de garantie.<\/li>\n<li>Quoi qu\u2019il en soit,\u00a0<strong>Maxoutil<\/strong>\u00a0assure la p\u00e9riode l\u00e9gale de conformit\u00e9, selon l\u2019Article L 211-15.<\/li>\n<\/ul>\n<p><u>Caract\u00e9ristiques :<\/u><\/p>\n<ul>\n<li>Amp\u00e9rage : 4 A<\/li>\n<li>Capacit\u00e9 de vissage : 8 mm<\/li>\n<li>Couple maxi : 60 N.m<\/li>\n<li>Diam\u00e8tre de per\u00e7age acier : 13 mm<\/li>\n<li>Diam\u00e8tre de per\u00e7age bois : 32 mm<\/li>\n<li>Diam\u00e8tre du mandrin : 13 mm<\/li>\n<li>Mandrin auto-serrant : Oui<\/li>\n<li>Nombre de batterie : 2<\/li>\n<li>Nombre de vitesse : 2<\/li>\n<li>Percussion : Non<\/li>\n<li>Poids : 2.1 kg<\/li>\n<li>Puissance : 18 V<\/li>\n<li>Temps de charge : 80 min<\/li>\n<li>Type de batterie : Red Lithium Ion<\/li>\n<li>Vendu en coffret : Oui<\/li>\n<li>Vitesse de rotation : 350 \/1800 tr\/min<\/li>\n<\/ul>\n<\/div>\n<\/div>\n<ul class=\"list-table\" data-gtm-vis-first-on-screen-2047254_1465=\"7158928\" data-gtm-vis-total-visible-time-2047254_1465=\"800\">\n<li class=\"list-table__row\"><span class=\"list-table__cell\">Marque <\/span><span class=\"list-table__cell\"><span data-qa=\"brandCta\">MILWAUKEE<\/span><\/span><\/li>\n<li class=\"list-table__row\"><span class=\"list-table__cell\">Type de produit <\/span><span class=\"list-table__cell\">Kit<\/span><\/li>\n<li class=\"list-table__row\"><span class=\"list-table__cell\">Alimentation <\/span><span class=\"list-table__cell\">Batterie<\/span><\/li>\n<li class=\"list-table__row\"><span class=\"list-table__cell\">Mandrin <\/span><span class=\"list-table__cell\">Auto-serrant<\/span><\/li>\n<li class=\"list-table__row\"><span class=\"list-table__cell\">Batterie <\/span><span class=\"list-table__cell\">Lithium Ion<\/span><\/li>\n<li class=\"list-table__row\"><span class=\"list-table__cell\">Usage <\/span><span class=\"list-table__cell\">Multi-mat\u00e9riaux<\/span><\/li>\n<li class=\"list-table__row\"><span class=\"list-table__cell\">Caract\u00e9ristiques <\/span><span class=\"list-table__cell\">Chargeur \/ Coffret \/ Lampe LED<\/span><\/li>\n<li class=\"list-table__row\"><span class=\"list-table__cell\">Utilisation <\/span><span class=\"list-table__cell\">Intensive<\/span><\/li>\n<li class=\"list-table__row\"><span class=\"list-table__cell\">Type de mat\u00e9riaux \u00e0 percer <\/span><span class=\"list-table__cell\">M\u00e9tal, bois, placo et plastique (et autres)<\/span><\/li>\n<li class=\"list-table__row\"><span class=\"list-table__cell\">Fonction <\/span><span class=\"list-table__cell\">Per\u00e7age et vissage<\/span><\/li>\n<li class=\"list-table__row\"><span class=\"list-table__cell\">Inclusion batterie <\/span><span class=\"list-table__cell\">Avec batterie<\/span><\/li>\n<li class=\"list-table__row\"><span class=\"list-table__cell\">Tension <\/span><span class=\"list-table__cell\">18 V<\/span><\/li>\n<li class=\"list-table__row\"><span class=\"list-table__cell\">Capacit\u00e9 de la batterie <\/span><span class=\"list-table__cell\">4 Ah<\/span><\/li>\n<li class=\"list-table__row\"><span class=\"list-table__cell\">Nombre de batteries <\/span><span class=\"list-table__cell\">2 batterie(s)<\/span><\/li>\n<li class=\"list-table__row\"><span class=\"list-table__cell\">Vitesse de rotation <\/span><span class=\"list-table__cell\">1800 tours\/min<\/span><\/li>\n<li class=\"list-table__row\"><span class=\"list-table__cell\">Diam\u00e8tre du mandrin <\/span><span class=\"list-table__cell\">13 mm<\/span><\/li>\n<li class=\"list-table__row\"><span class=\"list-table__cell\">Poids net <\/span><span class=\"list-table__cell\">2 kg<\/span><\/li>\n<li class=\"list-table__row\"><span class=\"list-table__cell\">Nombre de vitesses <\/span><span class=\"list-table__cell\">2 vitesse(s)<\/span><\/li>\n<li class=\"list-table__row\"><span class=\"list-table__cell\">Couple <\/span><span class=\"list-table__cell\">60 Nm<\/span><\/li>\n<li class=\"list-table__row\"><span class=\"list-table__cell\">Capacit\u00e9 de per\u00e7age m\u00e9tal <\/span><span class=\"list-table__cell\">13 mm<\/span><\/li>\n<li class=\"list-table__row\"><span class=\"list-table__cell\">Capacit\u00e9 de per\u00e7age dans le bois <\/span><span class=\"list-table__cell\">7 mm<\/span><\/li>\n<li class=\"list-table__row\"><span class=\"list-table__cell\">Niveau sonore <\/span><span class=\"list-table__cell\">3 dB<\/span><\/li>\n<li class=\"list-table__row\"><span class=\"list-table__cell\">Valeur d\u2019\u00e9mission vibratoire <\/span><span class=\"list-table__cell\">18 m\/s\u00b2<\/span><\/li>\n<\/ul>\n<div id=\"product-brand\" class=\"product__brand\">\n<h3 class=\"product__sub-title\">Pr\u00e9sentation de la marque<\/h3>\n<p><a href=\"https:\/\/www.manomano.fr\/marque\/milwaukee-50\" data-qa=\"brandImageCta\"><picture><img decoding=\"async\" class=\"image product__brand-image lazyload loaded lazy-loaded\" src=\"https:\/\/cdn.manomano.com\/marque-milwaukee-50.png\" alt=\"MILWAUKEE\" data-src=\"https:\/\/cdn.manomano.com\/marque-milwaukee-50.png\" data-was-processed=\"true\" \/><\/picture><\/a>En 1918, Henry Ford, le grand constructeur automobile, passa commande aupr\u00e8s d\u2019un jeune fabricant, A.H. Petersen, qui \u00e9tait l\u2019un des fournisseurs d\u2019outils de l\u2019entreprise. Sa mission \u00e9tait de d\u00e9velopper une perceuse \u00e9lectrique plus l\u00e9g\u00e8re que celles qui existaient d\u00e9j\u00e0. Petersen releva le d\u00e9fi et cr\u00e9a la Hole-Shooter, capable des m\u00eames performances en demandant moins d\u2019effort de la part des salari\u00e9s. En 1922, il fonda l\u2019A.H. Petersen Company avec son associ\u00e9, Siebert, qui la racheta quand l\u2019entreprise fit faillite \u00e0 cause d\u2019un incendie. Il commen\u00e7a par r\u00e9parer des outils : cela lui permit de bien former ses employ\u00e9s et de comprendre les besoins des utilisateurs, en \u00e9tant en contact avec eux. Il mit au point toutes sortes d\u2019outils \u00e9lectroportatifs performants, endurants et l\u00e9gers. Bient\u00f4t, la Marine des Etats-Unis adopta les outils \u00e9lectriques de Milwaukee. L\u2019entreprise lan\u00e7a \u00e9galement de nouvelles gammes de marteaux-burineurs, de ponceuses \u00e0 bandes et de scies sauteuses, la c\u00e9l\u00e8bre SAWZALL\u2026 en 2005, l\u2019entreprise rejoint le groupe international Techtronic Industry, qui poss\u00e8de de grandes marques comme AEG, Hoover, Ryobi.<\/p>\n<\/div>\n<\/div>","protected":false},"excerpt":{"rendered":"<div class=\"woocommerce-product-details__short-description\">\n<ul>\n<li>La perceuse-visseuse M18-BDD 402C dispose d\u2019un moteur quadripolaire fabriqu\u00e9e par Milwaukee.<\/li>\n<li>Ce moteur est le plus performant de sa cat\u00e9gorie et offre une dur\u00e9e de vie multipli\u00e9e par 2.<\/li>\n<li>Cette perceuse-visseuse poss\u00e8de un mandrin de 13 millim\u00e8tres de haute qualit\u00e9 et robuste.<\/li>\n<li>Son puissant couple de 57 Nm vous permettra de r\u00e9aliser des per\u00e7ages de 22 millim\u00e8tres dans le bois et de 13 millim\u00e8tres dans l\u2019acier.<\/li>\n<li>Elle est \u00e9quip\u00e9e de batteries \u00e0 technologie RedLithium ion Milwaukee.<\/li>\n<li>Ces batteries offrent la meilleure dur\u00e9e de vie des batteries Lithium avec jusqu\u2019\u00e0 2 fois plus d\u2019autonomie.<\/li>\n<li>Robuste, cette batterie dispose d\u2019un syst\u00e8me de gestion \u00e9lectronique individuelle des cellules pour une dur\u00e9e de vie accrue, une autonomie incomparable et une r\u00e9sistance lui permettant de fonctionner jusqu\u2019\u00e0 -18 degr\u00e9s.<\/li>\n<li>Une \u00e9chelle lumineuse vous indiquera en temps r\u00e9el le niveau de batterie restant.<\/li>\n<\/ul>\n<\/div>","protected":false},"featured_media":11482,"comment_status":"open","ping_status":"closed","template":"","meta":{"inline_featured_image":false,"_joinchat":[]},"product_cat":[169],"product_tag":[],"class_list":{"0":"post-11471","1":"product","2":"type-product","3":"status-publish","4":"has-post-thumbnail","6":"product_cat-bricollage","8":"first","9":"instock","10":"shipping-taxable","11":"purchasable","12":"product-type-simple"},"_links":{"self":[{"href":"https:\/\/kitchtenstore.com\/fr\/wp-json\/wp\/v2\/product\/11471","targetHints":{"allow":["GET"]}}],"collection":[{"href":"https:\/\/kitchtenstore.com\/fr\/wp-json\/wp\/v2\/product"}],"about":[{"href":"https:\/\/kitchtenstore.com\/fr\/wp-json\/wp\/v2\/types\/product"}],"replies":[{"embeddable":true,"href":"https:\/\/kitchtenstore.com\/fr\/wp-json\/wp\/v2\/comments?post=11471"}],"version-history":[{"count":1,"href":"https:\/\/kitchtenstore.com\/fr\/wp-json\/wp\/v2\/product\/11471\/revisions"}],"predecessor-version":[{"id":11486,"href":"https:\/\/kitchtenstore.com\/fr\/wp-json\/wp\/v2\/product\/11471\/revisions\/11486"}],"wp:featuredmedia":[{"embeddable":true,"href":"https:\/\/kitchtenstore.com\/fr\/wp-json\/wp\/v2\/media\/11482"}],"wp:attachment":[{"href":"https:\/\/kitchtenstore.com\/fr\/wp-json\/wp\/v2\/media?parent=11471"}],"wp:term":[{"taxonomy":"product_cat","embeddable":true,"href":"https:\/\/kitchtenstore.com\/fr\/wp-json\/wp\/v2\/product_cat?post=11471"},{"taxonomy":"product_tag","embeddable":true,"href":"https:\/\/kitchtenstore.com\/fr\/wp-json\/wp\/v2\/product_tag?post=11471"}],"curies":[{"name":"wp","href":"https:\/\/api.w.org\/{rel}","templated":true}]}}