{"id":11466,"date":"2022-10-27T18:23:15","date_gmt":"2022-10-27T18:23:15","guid":{"rendered":"https:\/\/kitchtenstore.com\/?post_type=product&#038;p=11466"},"modified":"2022-10-27T18:23:15","modified_gmt":"2022-10-27T18:23:15","slug":"nettoyeur-haute-pression-k7-premium-full-control-plus-home-3000-w-karcher","status":"publish","type":"product","link":"https:\/\/kitchtenstore.com\/fr\/produit\/nettoyeur-haute-pression-k7-premium-full-control-plus-home-3000-w-karcher\/","title":{"rendered":"Nettoyeur haute pression K7 Premium Full Control Plus Home \u2013 3000 W \u2013 K\u00c4RCHER"},"content":{"rendered":"<h2>Description<\/h2>\n<table class=\"fpDescTb fpDescTbPub\">\n<tbody>\n<tr>\n<th colspan=\"2\">Informations g\u00e9n\u00e9rales sur le produit<\/th>\n<\/tr>\n<tr>\n<td>Marque<\/td>\n<td>KARCHER<\/td>\n<\/tr>\n<tr>\n<td>Nom du produit<\/td>\n<td>K\u00c4RCHER Nettoyeur haute pression K7 Premium Full C<\/td>\n<\/tr>\n<tr>\n<td>Cat\u00e9gorie<\/td>\n<td>NETTOYEUR HAUTE PRESSION<\/td>\n<\/tr>\n<tr>\n<th colspan=\"2\">G\u00e9n\u00e9ral<\/th>\n<\/tr>\n<tr>\n<td>Type de Produit<\/td>\n<td>Nettoyeur haute pression<\/td>\n<\/tr>\n<tr>\n<td>Mod\u00e8les<\/td>\n<td>K7 Premium Full Control Plus Home<\/td>\n<\/tr>\n<tr>\n<td>Composition du lot<\/td>\n<td>Home Kit, Nettoyeur de surfaces T 400, nettoyant pierre et fa\u00e7ades 3 en 1, 1 l<br \/>\nPoign\u00e9e-pistolet haute pression, G 180 Q Full Control Plus<br \/>\nEnrouleur de flexible haute pression<br \/>\nFlexible haute pression, 10 m<br \/>\nUtilisation de d\u00e9tergent au moyen de, Syst\u00e8me Plug<br \/>\nn Clean<br \/>\nPoign\u00e9e t\u00e9lescopique<br \/>\nMoteur refroidi \u00e0 l\u2019eau<br \/>\nFilet de rangement<br \/>\nFiltre \u00e0 eau int\u00e9gr\u00e9<br \/>\nAdaptateur tuyau d\u2019arrosage A3\/4\u2033<br \/>\nMulti Jet 3-en-1<\/td>\n<\/tr>\n<tr>\n<td>Type d\u2019outil<\/td>\n<td>Motoris\u00e9<\/td>\n<\/tr>\n<tr>\n<td>Couleur(s)<\/td>\n<td>Jaune et noir<\/td>\n<\/tr>\n<tr>\n<th colspan=\"2\">Dimensions et poids<\/th>\n<\/tr>\n<tr>\n<td>Dimensions<\/td>\n<td>46,3 x 33 x 66,7 cm<\/td>\n<\/tr>\n<tr>\n<td>Poids<\/td>\n<td>18 kg<\/td>\n<\/tr>\n<tr>\n<th colspan=\"2\">Caract\u00e9ristiques du nettoyeur haut pression<\/th>\n<\/tr>\n<tr>\n<td>Puissance de la pompe<\/td>\n<td>3000 W<\/td>\n<\/tr>\n<tr>\n<td>Pression maximum<\/td>\n<td>150 bars<\/td>\n<\/tr>\n<tr>\n<td>D\u00e9bit maximum<\/td>\n<td>600 l\/h<\/td>\n<\/tr>\n<tr>\n<td>Temp\u00e9rature maximale de l\u2019eau<\/td>\n<td>60\u00b0C<\/td>\n<\/tr>\n<tr>\n<th colspan=\"2\">Sp\u00e9cificit\u00e9s moteur<\/th>\n<\/tr>\n<tr>\n<td>Type de motorisation<\/td>\n<td>Electrique<\/td>\n<\/tr>\n<tr>\n<th colspan=\"2\">D\u00e9tail de l\u2019\u00e9quipement<\/th>\n<\/tr>\n<tr>\n<td>Lance<\/td>\n<td>Flexible : 10 m \u2013 Lance Vario Power 3-en1 R\u00e9gulation de la pression et du d\u00e9tergent \u00e0 la poign\u00e9e<\/td>\n<\/tr>\n<\/tbody>\n<\/table>","protected":false},"excerpt":{"rendered":"<div class=\"woocommerce-product-details__short-description\">\n<p>Nettoyeur haute pression \u2013 3000 W \u2013 Pompe alu Premium \u2013 Moteur \u00e0 induction refroidi \u00e0 l\u2019eau \u2013 D\u00e9bit d\u2019air : 600 L\/h \u2013 Rendement : 60 m\u00b2\/h \u2013 C\u00e2ble d\u2019alimentation : 5 m \u2013 Flexible : 10 m \u2013 Lance Vario Power 3-en1 R\u00e9gulation de la pression et du d\u00e9tergent \u00e0 la poign\u00e9e \u2013 Id\u00e9al pour un usage fr\u00e9quent sur salissures tenaces.<\/p>\n<\/div>","protected":false},"featured_media":11475,"comment_status":"open","ping_status":"closed","template":"","meta":{"inline_featured_image":false,"_joinchat":[]},"product_cat":[170],"product_tag":[],"class_list":{"0":"post-11466","1":"product","2":"type-product","3":"status-publish","4":"has-post-thumbnail","6":"product_cat-nettoyeur-haute-pression","8":"first","9":"instock","10":"shipping-taxable","11":"purchasable","12":"product-type-simple"},"_links":{"self":[{"href":"https:\/\/kitchtenstore.com\/fr\/wp-json\/wp\/v2\/product\/11466","targetHints":{"allow":["GET"]}}],"collection":[{"href":"https:\/\/kitchtenstore.com\/fr\/wp-json\/wp\/v2\/product"}],"about":[{"href":"https:\/\/kitchtenstore.com\/fr\/wp-json\/wp\/v2\/types\/product"}],"replies":[{"embeddable":true,"href":"https:\/\/kitchtenstore.com\/fr\/wp-json\/wp\/v2\/comments?post=11466"}],"version-history":[{"count":2,"href":"https:\/\/kitchtenstore.com\/fr\/wp-json\/wp\/v2\/product\/11466\/revisions"}],"predecessor-version":[{"id":11477,"href":"https:\/\/kitchtenstore.com\/fr\/wp-json\/wp\/v2\/product\/11466\/revisions\/11477"}],"wp:featuredmedia":[{"embeddable":true,"href":"https:\/\/kitchtenstore.com\/fr\/wp-json\/wp\/v2\/media\/11475"}],"wp:attachment":[{"href":"https:\/\/kitchtenstore.com\/fr\/wp-json\/wp\/v2\/media?parent=11466"}],"wp:term":[{"taxonomy":"product_cat","embeddable":true,"href":"https:\/\/kitchtenstore.com\/fr\/wp-json\/wp\/v2\/product_cat?post=11466"},{"taxonomy":"product_tag","embeddable":true,"href":"https:\/\/kitchtenstore.com\/fr\/wp-json\/wp\/v2\/product_tag?post=11466"}],"curies":[{"name":"wp","href":"https:\/\/api.w.org\/{rel}","templated":true}]}}