{"id":11451,"date":"2022-10-27T17:23:14","date_gmt":"2022-10-27T17:23:14","guid":{"rendered":"https:\/\/kitchtenstore.com\/?post_type=product&#038;p=11451"},"modified":"2022-10-27T17:23:37","modified_gmt":"2022-10-27T17:23:37","slug":"scie-leman-a-coupe-onglet-radiale-o305-mm-2000w-pietement-est290-tsor310","status":"publish","type":"product","link":"https:\/\/kitchtenstore.com\/fr\/produit\/scie-leman-a-coupe-onglet-radiale-o305-mm-2000w-pietement-est290-tsor310\/","title":{"rendered":"Scie Leman \u00e0 coupe onglet Radiale \u00d8305 mm 2000W + Pi\u00e8tement EST290 \u2013 TSOR310"},"content":{"rendered":"<div id=\"tab-description\" class=\"woocommerce-Tabs-panel woocommerce-Tabs-panel--description panel entry-content wc-tab\" role=\"tabpanel\" aria-labelledby=\"tab-title-description\">\n<h2>Description<\/h2>\n<div class=\"cms\">\n<div class=\"description_content\">\n<p><strong>Leman \u2013 Scie radiale \u00e0 onglet \u00d8305 mm 2000W + Pi\u00e8tement EST290 \u2013 TSOR310<\/strong><br \/>\nLa scie a onglet radiale SOR 310 de Leman poss\u00e8de un puissant moteur de 2000W pour r\u00e9aliser de nombreuses d\u00e9coupes.<br \/>\nSon socle en fonte d\u2019aluminium moul\u00e9 est perc\u00e9 permet de fixer la machine sur son \u00e9tabli.<br \/>\nLa table de sciage en fonte d\u2019aluminim est orientable de 45\u00b0 \u00e0 gauche comme \u00e0 droite, celle-ci est index\u00e9e aux principaux angles pour faciliter le r\u00e9glage : 0\u00b0 \u2013 15\u00b0 \u2013 22,5\u00b0 \u2013 30\u00b0 et 45\u00b0.<br \/>\nLa t\u00eate de scie est elle aussi inclinable de 45\u00b0 \u00e0 droite et \u00e0 gauche, index\u00e9e aux principaux angles pour effectuer des coupes compos\u00e9es.<br \/>\nLa poign\u00e9e ergonomique permet une bonne prise en main et une pr\u00e9cision d\u2019utilisation optimale.<br \/>\nLe guide de coupe est r\u00e9glable en longueur suivant les dimensions de la pi\u00e8ce de bois \u00e0 couper.<br \/>\nTransmission par courroie pour plus de souplesse d\u2019utilisation, et une nuisance sonore r\u00e9duite.<br \/>\nLa rallonges de table permet de supporter les pi\u00e8ces de grande dimension.<br \/>\nLe guide de coupe est r\u00e9glable en longueur suivant les dimensions de la pi\u00e8ce de bois \u00e0 couper.<br \/>\nLa but\u00e9e de profondeur de coupe est r\u00e9glable.<br \/>\nLe laser de visualisation de la coupe permet une bonne visibilit\u00e9 de la coupe.<br \/>\nLa scie poss\u00e8de une sortie d\u2019aspiration de 40 mm avec sac de r\u00e9cup\u00e9ration des sciures.<\/p>\n<p>Le pi\u00e8tement Leman EST290 est rigide et parfaitement stable, il est montable sans outils et facilement pliable, qualit\u00e9 professionnelle, car son extensibilit\u00e9 va de 1635 \u00e0 2900 mm!<br \/>\nEquip\u00e9 de roulettes, son d\u00e9placement sur chantier se fait facilement.<br \/>\nSon bras t\u00e9lescopique gradu\u00e9 poss\u00e8de une servante \u00e0 rouleau r\u00e9glage en hauteur, avec la possibilit\u00e9 de relever une but\u00e9e pour le travail en s\u00e9rie.<br \/>\nUne but\u00e9e est relevable pour r\u00e9aliser des coupes en s\u00e9rie.<br \/>\nSyst\u00e8me de fixation rapide des supports.<br \/>\nEtau de serrage multi-positions avec capacit\u00e9 maximum de 350 mm.<br \/>\n3 Prises sont int\u00e9gr\u00e9es, norme CE pour le branchement de divers outils.<br \/>\nLampe d\u2019appoint sur flexible orientable avec interrupteur pour l\u2019\u00e9clairage de la zone de travail.<br \/>\nPratique, sa petite caisse dans laquelle vous pourrez ranger vos outils.<br \/>\nCet \u00e9tabli est polyvalent et peut recevoir toutes sortes de petites machines : scie \u00e0 onglet, combin\u00e9 ponceur, scie \u00e0 ruban, rabot, d\u00e9gauchisseuse, touret, scie \u00e0 chantourner<br \/>\n<strong>Garantie 1 an<br \/>\nCARACT\u00c9RISTIQUES : Sor 310 Leman<\/strong><br \/>\nPuissance moteur: 2000W<br \/>\nDiam\u00e8tre de lame: 305 mm<br \/>\nAl\u00e9sage: 30 mm<br \/>\nVitesse de rotation: 4500tr\/mn<br \/>\nInclinaison de la t\u00eate: 45\u00b0 gauche et droite<br \/>\nOrientation de la table: 45\u00b0 gauche et droite<br \/>\nCapacit\u00e9 de coupe \u00e0 0\u00b0: 340 x 105 mm et L.1020 x larg.920 x h.760 mm<br \/>\n<strong>EST290:<\/strong><br \/>\nCharge maxi: 150 Kg et L. 2900 x larg.700 x H. 1030 mm et Longueur mini entre but\u00e9es: 1635 mm et Longueur maxi entre but\u00e9es: 2900 mm et Hauteur du plan de travail: 820 mm et Longueur des supports machine: 505 mm et Diam\u00e8tre des rouleaux: 20 mm<\/p>\n<p><strong>ON EN PARLE SUR LE WEB !<\/strong><\/p>\n<p>Regardez la vid\u00e9o du test produit par Nicolas de la cha\u00eene youtube \u201cLes copeaux de Nico\u201d.<\/p>\n<p><iframe loading=\"lazy\" src=\"https:\/\/www.youtube.com\/embed\/yjdcfeeNWV0\" width=\"360\" height=\"204\" frameborder=\"0\" data-mce-fragment=\"1\"><\/iframe><\/p>\n<\/div>\n<\/div>\n<ul class=\"list-table\" data-gtm-vis-first-on-screen-2047254_1465=\"880631\" data-gtm-vis-total-visible-time-2047254_1465=\"3000\" data-gtm-vis-recent-on-screen-2047254_1465=\"882315\" data-gtm-vis-has-fired-2047254_1465=\"1\">\n<li class=\"list-table__row\"><span class=\"list-table__cell\">Marque<\/span><span class=\"list-table__cell\"><span data-qa=\"brandCta\">LEMAN<\/span><\/span><\/li>\n<li class=\"list-table__row\"><span class=\"list-table__cell\">Type de produit<\/span><span class=\"list-table__cell\">Scie \u00e0 onglet radiale<\/span><\/li>\n<li class=\"list-table__row\"><span class=\"list-table__cell\">Surface compatible<\/span><span class=\"list-table__cell\">Bois \/ Aluminium<\/span><\/li>\n<li class=\"list-table__row\"><span class=\"list-table__cell\">Diam\u00e8tre de la lame<\/span><span class=\"list-table__cell\">305 mm<\/span><\/li>\n<li class=\"list-table__row\"><span class=\"list-table__cell\">Diam\u00e8tre al\u00e9sage<\/span><span class=\"list-table__cell\">30 mm<\/span><\/li>\n<li class=\"list-table__row\"><span class=\"list-table__cell\">Inclinaison de la lame<\/span><span class=\"list-table__cell\">30 \u00b0<\/span><\/li>\n<\/ul>\n<div id=\"product-brand\" class=\"product__brand\">\n<h3 class=\"product__sub-title\">Pr\u00e9sentation de la marque<\/h3>\n<p><a href=\"https:\/\/www.manomano.fr\/marque\/leman-700\" data-qa=\"brandImageCta\"><picture><img decoding=\"async\" class=\"image product__brand-image lazyload loaded lazy-loaded\" src=\"https:\/\/cdn.manomano.com\/marque-leman-700.png\" alt=\"LEMAN\" data-src=\"https:\/\/cdn.manomano.com\/marque-leman-700.png\" data-was-processed=\"true\" \/><\/picture><\/a>Le Groupe LEMAN est sp\u00e9cialis\u00e9 depuis 1976, 40 ans d\u2019un Savoir-Faire dans la conception et la distribution d\u2019outillages pour le bois, la construction et l\u2019industrie. Axe fort du groupe, pr\u00e8s de 6% de nos collaborateurs se consacrent au d\u00e9veloppement et \u00e0 l\u2019innovation. Le si\u00e8ge social est situ\u00e9 au Nord Is\u00e8re, carrefour europ\u00e9en. Sa notori\u00e9t\u00e9 europ\u00e9enne et mondiale s\u2019appuie sur plusieurs filiales implant\u00e9es en : Espagne \u2013 Belgique \u2013 Suisse \u2013 Pays Baltes \u2013 Asie<\/p>\n<\/div>\n<\/div>","protected":false},"excerpt":{"rendered":"<div class=\"woocommerce-product-details__short-description\">\n<p><strong>Leman \u2013 Scie radiale \u00e0 onglet \u00d8305 mm 2000W + Pi\u00e8tement EST290 \u2013 TSOR310<\/strong><br \/>\nLa scie a onglet radiale SOR 310 de Leman poss\u00e8de un puissant moteur de 2000W pour r\u00e9aliser de nombreuses d\u00e9coupes.<br \/>\nSon socle en fonte d\u2019aluminium moul\u00e9 est perc\u00e9 permet de fixer la machine sur son \u00e9tabli.<br \/>\nLa table de sciage en fonte d\u2019aluminim est orientable de 45\u00b0 \u00e0 gauche comme \u00e0 droite, celle-ci est index\u00e9e aux principaux angles pour faciliter le r\u00e9glage : 0\u00b0 \u2013 15\u00b0 \u2013 22,5\u00b0 \u2013 30\u00b0 et 45\u00b0.<br \/>\nLa t\u00eate de scie est elle aussi inclinable de 45\u00b0 \u00e0 droite et \u00e0 gauche, index\u00e9e aux principaux angles pour effectuer des coupes compos\u00e9es.<\/p>\n<\/div>","protected":false},"featured_media":11461,"comment_status":"open","ping_status":"closed","template":"","meta":{"inline_featured_image":false,"_joinchat":[]},"product_cat":[169],"product_tag":[],"class_list":{"0":"post-11451","1":"product","2":"type-product","3":"status-publish","4":"has-post-thumbnail","6":"product_cat-bricollage","8":"first","9":"instock","10":"shipping-taxable","11":"purchasable","12":"product-type-simple"},"_links":{"self":[{"href":"https:\/\/kitchtenstore.com\/fr\/wp-json\/wp\/v2\/product\/11451","targetHints":{"allow":["GET"]}}],"collection":[{"href":"https:\/\/kitchtenstore.com\/fr\/wp-json\/wp\/v2\/product"}],"about":[{"href":"https:\/\/kitchtenstore.com\/fr\/wp-json\/wp\/v2\/types\/product"}],"replies":[{"embeddable":true,"href":"https:\/\/kitchtenstore.com\/fr\/wp-json\/wp\/v2\/comments?post=11451"}],"version-history":[{"count":2,"href":"https:\/\/kitchtenstore.com\/fr\/wp-json\/wp\/v2\/product\/11451\/revisions"}],"predecessor-version":[{"id":11464,"href":"https:\/\/kitchtenstore.com\/fr\/wp-json\/wp\/v2\/product\/11451\/revisions\/11464"}],"wp:featuredmedia":[{"embeddable":true,"href":"https:\/\/kitchtenstore.com\/fr\/wp-json\/wp\/v2\/media\/11461"}],"wp:attachment":[{"href":"https:\/\/kitchtenstore.com\/fr\/wp-json\/wp\/v2\/media?parent=11451"}],"wp:term":[{"taxonomy":"product_cat","embeddable":true,"href":"https:\/\/kitchtenstore.com\/fr\/wp-json\/wp\/v2\/product_cat?post=11451"},{"taxonomy":"product_tag","embeddable":true,"href":"https:\/\/kitchtenstore.com\/fr\/wp-json\/wp\/v2\/product_tag?post=11451"}],"curies":[{"name":"wp","href":"https:\/\/api.w.org\/{rel}","templated":true}]}}