{"id":11450,"date":"2022-10-27T17:22:08","date_gmt":"2022-10-27T17:22:08","guid":{"rendered":"https:\/\/kitchtenstore.com\/?post_type=product&#038;p=11450"},"modified":"2022-10-27T17:22:08","modified_gmt":"2022-10-27T17:22:08","slug":"scie-festool-a-onglet-radiale-ks120-reb-kapex-575302","status":"publish","type":"product","link":"https:\/\/kitchtenstore.com\/fr\/produit\/scie-festool-a-onglet-radiale-ks120-reb-kapex-575302\/","title":{"rendered":"Scie FESTOOL \u00e0 onglet radiale KS120 REB KAPEX \u2013 575302"},"content":{"rendered":"<div id=\"tab-description\" class=\"woocommerce-Tabs-panel woocommerce-Tabs-panel--description panel entry-content wc-tab\" role=\"tabpanel\" aria-labelledby=\"tab-title-description\">\n<h2>Description<\/h2>\n<div class=\"cms\">\n<div class=\"description_content\">\n<p>Vers la gauche ou la droite, avec son guidage \u00e0 double colonne de grandes dimensions, mont\u00e9 sur roulement \u00e0 billes, la pr\u00e9cision des coupes est parfaite. Double protection pour une tr\u00e8s longue dur\u00e9e de vie, toujours pr\u00e9cis et sans jeu. Guidage \u00e0 double colonnes mont\u00e9 sur deux roulements \u00e0 billes garantissant une pr\u00e9cision in\u00e9gal\u00e9e Laser \u00e0 double ligne pour un marquage pr\u00e9cis de la ligne de d\u00e9coupe R\u00e9glage pr\u00e9cis au millim\u00e8tre de l\u2019.angle de la lame de scie gr\u00e2ce au dispositif de r\u00e9glage fin Position de coupe sp\u00e9ciale int\u00e9gr\u00e9e pour des profondeurs de coupe jusqu\u00e0 120 mm max. Travail rapidement adapt\u00e9 au mat\u00e9riau gr\u00e2ce au syst\u00e8me de changement de lame FastFix Coupes pr\u00e9cises gr\u00e2ce au syst\u00e8me de guidage \u00e0 double glissi\u00e8re Report fiable de l\u2019.angle par fausse \u00e9querre Rayon laser \u00e0 double ligne Conception compacte et l\u00e9g\u00e8re (transport ais\u00e9) Frein rapide<\/p>\n<p><strong>Contenu du colis :<\/strong><br \/>\nScie \u00e0 onglet radiale KS 120<br \/>\n1 lame de scie universelle HW W60<br \/>\n1 fausse-\u00e9querre<br \/>\n1 dispositif de blocage de pi\u00e8ces<br \/>\n1 cl\u00e9 Allen OC 6<\/p>\n<p><strong>Garantie :<\/strong><br \/>\n<strong>Apr\u00e8s enregistrement :<\/strong>\u00a0sur www.festool.fr dans un d\u00e9lai maxi de\u00a0<strong>30 jours apr\u00e8s l\u2019achat<\/strong><br \/>\n<strong>3 ans All-inclusive :<\/strong>\u00a0Machine \u2013 Chargeur \u2013 Batterie \u2013 Pi\u00e8ces d\u2019usure<\/p>\n<p><strong>Sans enregistrement :<\/strong><br \/>\n<strong>1 an :<\/strong>\u00a0Machine \u2013 Chargeur \u2013 Batterie<br \/>\n<strong>Pas de garantie :<\/strong>\u00a0Accessoire \u2013 Consommable<\/p>\n<\/div>\n<\/div>\n<ul class=\"list-table\" data-gtm-vis-first-on-screen-2047254_1465=\"531890\" data-gtm-vis-total-visible-time-2047254_1465=\"1600\">\n<li class=\"list-table__row\"><span class=\"list-table__cell\">Marque <\/span><span class=\"list-table__cell\"><span data-qa=\"brandCta\">FESTOOL<\/span><\/span><\/li>\n<li class=\"list-table__row\"><span class=\"list-table__cell\">Type de produit <\/span><span class=\"list-table__cell\">Scie \u00e0 onglet radiale<\/span><\/li>\n<li class=\"list-table__row\"><span class=\"list-table__cell\">Surface compatible <\/span><span class=\"list-table__cell\">Bois<\/span><\/li>\n<li class=\"list-table__row\"><span class=\"list-table__cell\">Caract\u00e9ristiques <\/span><span class=\"list-table__cell\">Transportable \/ Syst\u00e8me d\u2019aspiration \/ Variateur de vitesse<\/span><\/li>\n<li class=\"list-table__row\"><span class=\"list-table__cell\">Profondeur de coupe <\/span><span class=\"list-table__cell\">305 mm<\/span><\/li>\n<li class=\"list-table__row\"><span class=\"list-table__cell\">Vitesse <\/span><span class=\"list-table__cell\">3400 tours\/min<\/span><\/li>\n<li class=\"list-table__row\"><span class=\"list-table__cell\">Diam\u00e8tre de la lame <\/span><span class=\"list-table__cell\">260 mm<\/span><\/li>\n<li class=\"list-table__row\"><span class=\"list-table__cell\">Puissance <\/span><span class=\"list-table__cell\">1600 W<\/span><\/li>\n<li class=\"list-table__row\"><span class=\"list-table__cell\">Inclinaison de la lame <\/span><span class=\"list-table__cell\">45 \u00b0<\/span><\/li>\n<li class=\"list-table__row\"><span class=\"list-table__cell\">Poids <\/span><span class=\"list-table__cell\">21.5 kg<\/span><\/li>\n<\/ul>\n<div id=\"product-brand\" class=\"product__brand\">\n<h3 class=\"product__sub-title\">Pr\u00e9sentation de la marque<\/h3>\n<p><a href=\"https:\/\/www.manomano.fr\/marque\/festool-9\" data-qa=\"brandImageCta\"><picture><img decoding=\"async\" class=\"image product__brand-image lazyload loaded lazy-loaded\" src=\"https:\/\/cdn.manomano.com\/marque-festool-9.png\" alt=\"FESTOOL\" data-src=\"https:\/\/cdn.manomano.com\/marque-festool-9.png\" data-was-processed=\"true\" \/><\/picture><\/a>FESTOOL Tooltechnic Systems est une entreprise allemande cr\u00e9\u00e9e en 1925 par Gottlieb Stoll et Albert Fezer. Elle fut cr\u00e9\u00e9e sous le nom Fezer &amp; Stoll, contract\u00e9 ensuite en FESTO. D\u00e8s le d\u00e9but l\u2019entreprise a cherch\u00e9 \u00e0 fournir les professionnels et artisans du bois, les menuisiers en outillage \u00e9lectroportatif, une technologie naissante en pleine expansion \u00e0 cette \u00e9poque. Elle innove de son c\u00f4t\u00e9 et met ainsi au point en 1929 la premi\u00e8re scie \u00e0 cha\u00eene portative (anc\u00eatre de la tron\u00e7onneuse) puis en 1951 la premi\u00e8re ponceuse vibrante. Ses gammes de ponceuses ROTEX et ses fraiseuses Domino sont ses produits les plus c\u00e9l\u00e8bres. Elle travaillera beaucoup sur la modularit\u00e9 de ses produits pour s\u2019adapter \u00e0 tous les travaux ou le rangement intelligent avec le \u00ab Systainer \u00bb. FESTOOL sera d\u2019ailleurs consacr\u00e9e par le concours technologique europ\u00e9en de Cologne. Elle a rejoint le groupe allemand TTS Tooltechnic Systems, qui poss\u00e8de \u00e9galement Schneider Air system. Elle r\u00e9alise 350 millions d\u2019euros de chiffre d\u2019affaire et regroupe 2500 collaborateurs. Elle est toujours sp\u00e9cialis\u00e9e dans l\u2019Outillage \u00e9lectro-portatif puis s\u2019est diversifi\u00e9e dans le pneumatique. Aujourd\u2019hui, Festool est une marque de r\u00e9f\u00e9rence pour l\u2019outillage \u00e9lectroportatif sp\u00e9cialis\u00e9 pour la peinture, le travail du bois, la construction ou encore la carrosserie automobile. Sur ManoMano, nous n\u00e9gocions les meilleurs prix avec nos marchands pour vous proposer les fraiseuses, perceuses, visseuses, scies Festool pas cher. Vous trouverez en plus des outils Festools, les consommables pour l\u2019entretien et l\u2019utilisation la plus efficace.<\/p>\n<\/div>\n<\/div>","protected":false},"excerpt":{"rendered":"<p>Vers la gauche ou la droite, avec son guidage \u00e0 double colonne de grandes dimensions, mont\u00e9 sur roulement \u00e0 billes, la pr\u00e9cision des coupes est parfaite. Double protection pour une tr\u00e8s longue dur\u00e9e de vie, toujours pr\u00e9cis et sans jeu. Guidage \u00e0 double colonnes mont\u00e9 sur deux roulements \u00e0 billes garantissant une pr\u00e9cision in\u00e9gal\u00e9e Laser \u00e0 double ligne pour un marquage pr\u00e9cis de la ligne de d\u00e9coupe R\u00e9glage pr\u00e9cis au millim\u00e8tre de l\u2019.angle de la lame de scie gr\u00e2ce au dispositif de r\u00e9glage fin Position de coupe sp\u00e9ciale int\u00e9gr\u00e9e pour des profondeurs de coupe jusqu\u00e0 120 mm max. Travail rapidement adapt\u00e9 au mat\u00e9riau gr\u00e2ce au syst\u00e8me de changement de lame FastFix Coupes pr\u00e9cises gr\u00e2ce au syst\u00e8me de guidage \u00e0 double glissi\u00e8re Report fiable de l\u2019.angle par fausse \u00e9querre Rayon laser \u00e0 double ligne Conception compacte et l\u00e9g\u00e8re (transport ais\u00e9) Frein rapide<\/p>\n<p><strong>Contenu du colis :<\/strong><\/p>\n<p>Scie \u00e0 onglet radiale KS 120<br \/>\n1 lame de scie universelle HW W60<br \/>\n1 fausse-\u00e9querre<br \/>\n1 dispositif de blocage de pi\u00e8ces<br \/>\n1 cl\u00e9 Allen OC 6<\/p>","protected":false},"featured_media":11452,"comment_status":"open","ping_status":"closed","template":"","meta":{"inline_featured_image":false,"_joinchat":[]},"product_cat":[169],"product_tag":[],"class_list":{"0":"post-11450","1":"product","2":"type-product","3":"status-publish","4":"has-post-thumbnail","6":"product_cat-bricollage","8":"first","9":"instock","10":"shipping-taxable","11":"purchasable","12":"product-type-simple"},"_links":{"self":[{"href":"https:\/\/kitchtenstore.com\/fr\/wp-json\/wp\/v2\/product\/11450","targetHints":{"allow":["GET"]}}],"collection":[{"href":"https:\/\/kitchtenstore.com\/fr\/wp-json\/wp\/v2\/product"}],"about":[{"href":"https:\/\/kitchtenstore.com\/fr\/wp-json\/wp\/v2\/types\/product"}],"replies":[{"embeddable":true,"href":"https:\/\/kitchtenstore.com\/fr\/wp-json\/wp\/v2\/comments?post=11450"}],"version-history":[{"count":1,"href":"https:\/\/kitchtenstore.com\/fr\/wp-json\/wp\/v2\/product\/11450\/revisions"}],"predecessor-version":[{"id":11462,"href":"https:\/\/kitchtenstore.com\/fr\/wp-json\/wp\/v2\/product\/11450\/revisions\/11462"}],"wp:featuredmedia":[{"embeddable":true,"href":"https:\/\/kitchtenstore.com\/fr\/wp-json\/wp\/v2\/media\/11452"}],"wp:attachment":[{"href":"https:\/\/kitchtenstore.com\/fr\/wp-json\/wp\/v2\/media?parent=11450"}],"wp:term":[{"taxonomy":"product_cat","embeddable":true,"href":"https:\/\/kitchtenstore.com\/fr\/wp-json\/wp\/v2\/product_cat?post=11450"},{"taxonomy":"product_tag","embeddable":true,"href":"https:\/\/kitchtenstore.com\/fr\/wp-json\/wp\/v2\/product_tag?post=11450"}],"curies":[{"name":"wp","href":"https:\/\/api.w.org\/{rel}","templated":true}]}}