{"id":11443,"date":"2022-10-27T17:10:02","date_gmt":"2022-10-27T17:10:02","guid":{"rendered":"https:\/\/kitchtenstore.com\/?post_type=product&#038;p=11443"},"modified":"2022-10-27T17:10:02","modified_gmt":"2022-10-27T17:10:02","slug":"tondeuse-a-gazon-thermique-gc-pm-51-2-hw-e","status":"publish","type":"product","link":"https:\/\/kitchtenstore.com\/fr\/produit\/tondeuse-a-gazon-thermique-gc-pm-51-2-hw-e\/","title":{"rendered":"Tondeuse \u00e0 gazon thermique GC-PM 51\/2 HW-E"},"content":{"rendered":"<div id=\"tab-description\" class=\"woocommerce-Tabs-panel woocommerce-Tabs-panel--description panel entry-content wc-tab\" role=\"tabpanel\" aria-labelledby=\"tab-title-description\">\n<h2>Description<\/h2>\n<div class=\"cms\">\n<div class=\"description_content\">\n<p><u><em><strong>Caract\u00e9ristiques:<\/strong><\/em><\/u><\/p>\n<p>\u2013 Moteur 1 cylindre, 4 temps, guidon avec c\u00e2ble de lancement<br \/>\n\u2013 D\u00e9marrage \u00e9lectrique<br \/>\n\u2013 Batterie de d\u00e9marrage sans entretien qui se recharge pendant l\u2019utilisation<br \/>\n\u2013 Livr\u00e9e avec chargeur pour le secteur \u00e9lectrique<br \/>\n\u2013 Auto-traction aux roues arri\u00e8res d\u00e9brayable<br \/>\n\u2013 R\u00e9glage centralis\u00e9 de la hauteur de coupe, 6 positions<br \/>\n\u2013 Guidon ergonomique repliable, \u00e0 rev\u00eatement tendre \u201cSoftgrip\u201d<br \/>\n\u2013 Guidon r\u00e9glable en hauteur, 3 positions<br \/>\n\u2013 Carter en acier \u00e0 peinture \u00e9poxy<br \/>\n\u2013 Bac de ramassage semi-rigide avec indicateur du niveau de remplissage<br \/>\n\u2013 Fonction mulching par adaptateur<br \/>\n\u2013 Ejection lat\u00e9rale<br \/>\n\u2013 Grandes roues<br \/>\n\u2013 Roues d\u2019entra\u00eenement sur roulement \u00e0 billes<br \/>\n\u2013 Conseill\u00e9e pour des surfaces jusqu\u2019\u00e0 1.800 m\u00b2<\/p>\n<p><u><em><strong>Donn\u00e9es techniques:<\/strong><\/em><\/u><\/p>\n<p>\u2013 Moteur 4 temps, refroidi par air<br \/>\n\u2013 Cylindr\u00e9e 173 cm\u00b3<br \/>\n\u2013 Puissance 2.7 kW<br \/>\n\u2013 R\u00e9gime 2900 tr\/min.<br \/>\n\u2013 R\u00e9servoir d\u2019essence 1.5 l<br \/>\n\u2013 Largeur de coupe 51 cm<br \/>\n\u2013 R\u00e9glage de la hauteur de coupe 6 positions | 30-80 mm | centralis\u00e9<br \/>\n\u2013 Bac de ramassage 70 l<br \/>\n\u2013 Diam\u00e8tre des roues avant 204 mm<br \/>\n\u2013 Diam\u00e8tre des roues arri\u00e8re 280 mm<br \/>\n\u2013 Huile recommand\u00e9e huile 4 temps<\/p>\n<\/div>\n<\/div>\n<ul class=\"list-table\" data-gtm-vis-first-on-screen-2047254_1465=\"740712\" data-gtm-vis-total-visible-time-2047254_1465=\"1100\">\n<li class=\"list-table__row\"><span class=\"list-table__cell\">Marque<\/span><span class=\"list-table__cell\"><span data-qa=\"brandCta\">EINHELL<\/span><\/span><\/li>\n<li class=\"list-table__row\"><span class=\"list-table__cell\">Caract\u00e9ristiques<\/span><span class=\"list-table__cell\">D\u00e9marrage \u00e9lectrique \/ Ejection lat\u00e9rale \/ Guidon r\u00e9glable \/ Guidon pliable \/ Hauteur de coupe r\u00e9glable \/ Mulching<\/span><\/li>\n<li class=\"list-table__row\"><span class=\"list-table__cell\">Motorisation<\/span><span class=\"list-table__cell\">4 temps<\/span><\/li>\n<li class=\"list-table__row\"><span class=\"list-table__cell\">Mati\u00e8re du carter<\/span><span class=\"list-table__cell\">Acier<\/span><\/li>\n<li class=\"list-table__row\"><span class=\"list-table__cell\">Traction<\/span><span class=\"list-table__cell\">Autotract\u00e9e<\/span><\/li>\n<li class=\"list-table__row\"><span class=\"list-table__cell\">Surface<\/span><span class=\"list-table__cell\">1800 m\u00b2<\/span><\/li>\n<li class=\"list-table__row\"><span class=\"list-table__cell\">Largeur de coupe<\/span><span class=\"list-table__cell\">51 cm<\/span><\/li>\n<li class=\"list-table__row\"><span class=\"list-table__cell\">Cylindr\u00e9e<\/span><span class=\"list-table__cell\">173 cm\u00b3<\/span><\/li>\n<li class=\"list-table__row\"><span class=\"list-table__cell\">Hauteur de coupe<\/span><span class=\"list-table__cell\">80 mm<\/span><\/li>\n<li class=\"list-table__row\"><span class=\"list-table__cell\">Poids<\/span><span class=\"list-table__cell\">42.4 kg<\/span><\/li>\n<li class=\"list-table__row\"><span class=\"list-table__cell\">Garantie<\/span><span class=\"list-table__cell\">2 ans<\/span><\/li>\n<\/ul>\n<div id=\"product-brand\" class=\"product__brand\">\n<h3 class=\"product__sub-title\">Pr\u00e9sentation de la marque<\/h3>\n<p><a href=\"https:\/\/www.manomano.fr\/marque\/einhell-963\" data-qa=\"brandImageCta\"><picture><img decoding=\"async\" class=\"image product__brand-image lazyload loaded lazy-loaded\" src=\"https:\/\/cdn.manomano.com\/marque-einhell-963.jpg\" alt=\"EINHELL\" data-src=\"https:\/\/cdn.manomano.com\/marque-einhell-963.jpg\" data-was-processed=\"true\" \/><\/picture><\/a>Depuis plus de 50 ans, la marque Einhell est synonyme de solutions pour la maison et l\u2019artisanat, la maison, le jardin et les loisirs. De A comme aff\u00fbteuse \u00e0 S comme scie \u00e0 onglets, Einhell d\u00e9veloppe et vend des produits innovants dans plus de 90 pays et plus de 39 filiales. Einhell privil\u00e9gie les solutions simples, la qualit\u00e9 et le service au meilleur rapport qualit\u00e9-prix, ce qui l\u2019inspire \u00e0 cr\u00e9er ses produits fonctionnels et innovants.<\/p>\n<\/div>\n<\/div>","protected":false},"excerpt":{"rendered":"<div class=\"woocommerce-product-details__short-description\">\n<p>La tondeuse \u00e0 gazon thermique GC-PM 51\/2 S HW- E, outil robuste et tr\u00e8s puissant, est une aide indispensable pour le jardinier amateur ambitieux pour la tonte et l\u2019entretien de grandes surfaces de pelouse. Son puissant moteur 1 cylindre, 4 temps dispose d\u2019un couple \u00e9lev\u00e9 pour tondre rapidement m\u00eame les herbes hautes et denses. Elle d\u00e9marre facilement et rapidement gr\u00e2ce \u00e0 la fonction de d\u00e9marrage \u00e9lectrique. Cette tondeuse \u00e0 d\u00e9marrage \u00e9lectrique dispose d\u2019une batterie sans entretien, qui se recharge pendant l\u2019utilisation. Le carter solide est en acier \u00e0 peinture \u00e9poxy. Cette tondeuse \u00e0 gazon est conseill\u00e9e pour des surfaces jusqu\u2019\u00e0 1.800 m\u00b2.<\/p>\n<\/div>","protected":false},"featured_media":11447,"comment_status":"open","ping_status":"closed","template":"","meta":{"inline_featured_image":false,"_joinchat":[]},"product_cat":[168,167],"product_tag":[],"class_list":{"0":"post-11443","1":"product","2":"type-product","3":"status-publish","4":"has-post-thumbnail","6":"product_cat-tondeuse-a-gazon","7":"product_cat-tondeuse-electrique","9":"first","10":"instock","11":"shipping-taxable","12":"purchasable","13":"product-type-simple"},"_links":{"self":[{"href":"https:\/\/kitchtenstore.com\/fr\/wp-json\/wp\/v2\/product\/11443","targetHints":{"allow":["GET"]}}],"collection":[{"href":"https:\/\/kitchtenstore.com\/fr\/wp-json\/wp\/v2\/product"}],"about":[{"href":"https:\/\/kitchtenstore.com\/fr\/wp-json\/wp\/v2\/types\/product"}],"replies":[{"embeddable":true,"href":"https:\/\/kitchtenstore.com\/fr\/wp-json\/wp\/v2\/comments?post=11443"}],"version-history":[{"count":1,"href":"https:\/\/kitchtenstore.com\/fr\/wp-json\/wp\/v2\/product\/11443\/revisions"}],"predecessor-version":[{"id":11448,"href":"https:\/\/kitchtenstore.com\/fr\/wp-json\/wp\/v2\/product\/11443\/revisions\/11448"}],"wp:featuredmedia":[{"embeddable":true,"href":"https:\/\/kitchtenstore.com\/fr\/wp-json\/wp\/v2\/media\/11447"}],"wp:attachment":[{"href":"https:\/\/kitchtenstore.com\/fr\/wp-json\/wp\/v2\/media?parent=11443"}],"wp:term":[{"taxonomy":"product_cat","embeddable":true,"href":"https:\/\/kitchtenstore.com\/fr\/wp-json\/wp\/v2\/product_cat?post=11443"},{"taxonomy":"product_tag","embeddable":true,"href":"https:\/\/kitchtenstore.com\/fr\/wp-json\/wp\/v2\/product_tag?post=11443"}],"curies":[{"name":"wp","href":"https:\/\/api.w.org\/{rel}","templated":true}]}}