{"id":11442,"date":"2022-10-27T17:12:35","date_gmt":"2022-10-27T17:12:35","guid":{"rendered":"https:\/\/kitchtenstore.com\/?post_type=product&#038;p=11442"},"modified":"2025-03-20T00:44:10","modified_gmt":"2025-03-20T00:44:10","slug":"tondeuse-a-gazon-thermique-a-essence-190cm3-3600w-rlm53190yv-ryobi","status":"publish","type":"product","link":"https:\/\/kitchtenstore.com\/fr\/produit\/tondeuse-a-gazon-thermique-a-essence-190cm3-3600w-rlm53190yv-ryobi\/","title":{"rendered":"Tondeuse \u00e0 gazon thermique \u00e0 essence 190cm3 3600W \u2013 RLM53190YV \u2013 Ryobi"},"content":{"rendered":"<div id=\"tab-description\" class=\"woocommerce-Tabs-panel woocommerce-Tabs-panel--description panel entry-content wc-tab\" role=\"tabpanel\" aria-labelledby=\"tab-title-description\">\n<h2>Description<\/h2>\n<div class=\"cms\">\n<div class=\"description_content\">\n<p><strong>Ryobi \u2013 Tondeuse \u00e0 gazon thermique \u00e0 essence 190cm3 3600W \u2013 RLM53190YV<\/strong><br \/>\n<u>Les avantages de cette tondeuse Ryobi RLM53190YV sont :<\/u><br \/>\n\u2013 Auto-taraudage r\u00e9glable + poign\u00e9e de gaz r\u00e9glable<br \/>\n\u2013 Moteur \u00e0 entra\u00eenement par cha\u00eene OHC de 190 cm\u00b3 facile \u00e0 d\u00e9marrer \u00e0 chaque fois. Froid ou chaud. Performance extr\u00eame pour l\u2019herbe haute ou humide<br \/>\n\u2013 Tondeuse \u00e0 gazon automotrice pour plus de confort et d\u2019efficacit\u00e9<br \/>\n\u2013 4 en 1: collecteur, \u00e9jection arri\u00e8re, \u00e9jection lat\u00e9rale, bioclip<br \/>\n\u2013 Grandes roues pour une utilisation facile<br \/>\n\u2013 Poign\u00e9e \u00e0 d\u00e9gagement rapide et toit rigide \u00e0 c\u00f4t\u00e9s souples pour un rangement compact<br \/>\n\u2013 Possibilit\u00e9 de brancher un tuyau d\u2019arrosage pour un contr\u00f4le facile du ch\u00e2ssis<br \/>\n\u2013 Comprend bouchon d\u2019engrais, tirant d\u2019eau lat\u00e9ral<br \/>\n<u>Caract\u00e9ristiques techniques de la tondeuse Ryobi RLM53190YV :<\/u><br \/>\nTondeuse \u00e0 essence<br \/>\nCapacit\u00e9 du cylindre : 190 cm\u00b3<br \/>\nPuissance : 3600 W<br \/>\nPoids : 36 Kg<br \/>\nNiveau de puissance acoustique : 98 dB (A)<br \/>\nLargeur de travail : 53 cm<br \/>\nType de moteur Yamaha OHC<br \/>\nHauteur de coupe : 25 \u2013 75 mm<br \/>\nAuto-rotation : 70 litres<br \/>\nAutomoteur : Oui<br \/>\nTaille de roue avant : 178 mm<br \/>\nTaille de roue arri\u00e8re : 254 mm<br \/>\nHauteur de coupe : 7 positions<br \/>\n<strong>Garantie 1 an<\/strong><\/p>\n<\/div>\n<\/div>\n<ul class=\"list-table\" data-gtm-vis-recent-on-screen-2047254_1465=\"1096673\" data-gtm-vis-first-on-screen-2047254_1465=\"1096673\" data-gtm-vis-total-visible-time-2047254_1465=\"3000\" data-gtm-vis-has-fired-2047254_1465=\"1\">\n<li class=\"list-table__row\"><span class=\"list-table__cell\">Marque<\/span><span class=\"list-table__cell\"><span data-qa=\"brandCta\"> RYOBI<\/span><\/span><\/li>\n<li class=\"list-table__row\"><span class=\"list-table__cell\">Caract\u00e9ristiques<\/span><span class=\"list-table__cell\">Ejection lat\u00e9rale \/ Hauteur de coupe r\u00e9glable<\/span><\/li>\n<li class=\"list-table__row\"><span class=\"list-table__cell\">Motorisation<\/span><span class=\"list-table__cell\">4 temps<\/span><\/li>\n<li class=\"list-table__row\"><span class=\"list-table__cell\">Traction<\/span><span class=\"list-table__cell\">Autotract\u00e9e<\/span><\/li>\n<li class=\"list-table__row\"><span class=\"list-table__cell\">Largeur de coupe<\/span><span class=\"list-table__cell\">53 cm<\/span><\/li>\n<li class=\"list-table__row\"><span class=\"list-table__cell\">Cylindr\u00e9e<\/span><span class=\"list-table__cell\">190 cm\u00b3<\/span><\/li>\n<li class=\"list-table__row\"><span class=\"list-table__cell\">Hauteur de coupe<\/span><span class=\"list-table__cell\">25 mm<\/span><\/li>\n<li class=\"list-table__row\"><span class=\"list-table__cell\">Poids<\/span><span class=\"list-table__cell\">36 kg<\/span><\/li>\n<\/ul>\n<div id=\"product-brand\" class=\"product__brand\">\n<h3 class=\"product__sub-title\">Pr\u00e9sentation de la marque<\/h3>\n<p><a href=\"https:\/\/www.manomano.fr\/marque\/ryobi-546\" data-qa=\"brandImageCta\"><picture><img decoding=\"async\" class=\"image product__brand-image lazyload loaded\" src=\"https:\/\/cdn.manomano.com\/marque-ryobi-546.jpg\" alt=\"RYOBI\" data-src=\"https:\/\/cdn.manomano.com\/marque-ryobi-546.jpg\" data-was-processed=\"true\" \/><\/picture><\/a>Ryobi fait partie du groupe TechTronic Industries, un des sp\u00e9cialistes mondial d\u2019outillage \u00e9lectrique et thermique et qui poss\u00e8de \u00e9galement Milwaukee, AEG, Hoover et Homelite et r\u00e9alise 4,3 milliards de chiffre d\u2019affaire. Ryobi est bas\u00e9e dans la pr\u00e9fecture Hiroshima-ken et y fut fond\u00e9e en 1943 au Japon. Elle a \u00e9t\u00e9 cit\u00e9e comme l\u2019entreprise la mieux manag\u00e9e d\u2019Asie. L\u2019entreprise cherche \u00e0 pr\u00e9server l\u2019environnement avec les outils One+ System visant \u00e0 limiter le nombre de batteries et suit les directives europ\u00e9ennes DEEE et RoHS sur la protection des usagers et de l\u2019environnement. Mais elle est aussi \u00e0 l\u2019origine de bien d\u2019autres innovations, comme le Livetool Indicator (voyant lumineux de pr\u00e9sence de tension \u00e9lectrique), GripZone (poign\u00e9e ergonomique), DustTech (syst\u00e8me d\u2019aspiration int\u00e9gr\u00e9e). Ryobi est un des sponsors du top 14, un tournoi de Rugby, et de nombreuses autres comp\u00e9titions de ce sport en France et dans le monde.<\/p>\n<\/div>\n<\/div>","protected":false},"excerpt":{"rendered":"<div class=\"woocommerce-product-details__short-description\">\n<ul class=\"list-table\" data-gtm-vis-recent-on-screen-2047254_1465=\"1096673\" data-gtm-vis-first-on-screen-2047254_1465=\"1096673\" data-gtm-vis-total-visible-time-2047254_1465=\"3000\" data-gtm-vis-has-fired-2047254_1465=\"1\">\n<li class=\"list-table__row\"><span class=\"list-table__cell\">Marque <\/span><span class=\"list-table__cell\"><span data-qa=\"brandCta\">RYOBI<\/span><\/span><\/li>\n<li class=\"list-table__row\"><span class=\"list-table__cell\">Caract\u00e9ristiques<\/span><span class=\"list-table__cell\">Ejection lat\u00e9rale \/ Hauteur de coupe r\u00e9glable<\/span><\/li>\n<li class=\"list-table__row\"><span class=\"list-table__cell\">Motorisation<\/span><span class=\"list-table__cell\">4 temps<\/span><\/li>\n<li class=\"list-table__row\"><span class=\"list-table__cell\">Traction<\/span><span class=\"list-table__cell\">Autotract\u00e9e<\/span><\/li>\n<li class=\"list-table__row\"><span class=\"list-table__cell\">Largeur de coupe<\/span><span class=\"list-table__cell\">53 cm<\/span><\/li>\n<li class=\"list-table__row\"><span class=\"list-table__cell\">Cylindr\u00e9e<\/span><span class=\"list-table__cell\">190 cm\u00b3<\/span><\/li>\n<li class=\"list-table__row\"><span class=\"list-table__cell\">Hauteur de coupe<\/span><span class=\"list-table__cell\">25 mm<\/span><\/li>\n<li class=\"list-table__row\"><span class=\"list-table__cell\">Poids<\/span><span class=\"list-table__cell\">36 kg<\/span><\/li>\n<\/ul>\n<\/div>","protected":false},"featured_media":12046,"comment_status":"open","ping_status":"closed","template":"","meta":{"inline_featured_image":false,"_joinchat":[]},"product_cat":[168,167],"product_tag":[],"class_list":{"0":"post-11442","1":"product","2":"type-product","3":"status-publish","4":"has-post-thumbnail","6":"product_cat-tondeuse-a-gazon","7":"product_cat-tondeuse-electrique","9":"first","10":"instock","11":"shipping-taxable","12":"purchasable","13":"product-type-simple"},"_links":{"self":[{"href":"https:\/\/kitchtenstore.com\/fr\/wp-json\/wp\/v2\/product\/11442","targetHints":{"allow":["GET"]}}],"collection":[{"href":"https:\/\/kitchtenstore.com\/fr\/wp-json\/wp\/v2\/product"}],"about":[{"href":"https:\/\/kitchtenstore.com\/fr\/wp-json\/wp\/v2\/types\/product"}],"replies":[{"embeddable":true,"href":"https:\/\/kitchtenstore.com\/fr\/wp-json\/wp\/v2\/comments?post=11442"}],"version-history":[{"count":1,"href":"https:\/\/kitchtenstore.com\/fr\/wp-json\/wp\/v2\/product\/11442\/revisions"}],"predecessor-version":[{"id":11449,"href":"https:\/\/kitchtenstore.com\/fr\/wp-json\/wp\/v2\/product\/11442\/revisions\/11449"}],"wp:featuredmedia":[{"embeddable":true,"href":"https:\/\/kitchtenstore.com\/fr\/wp-json\/wp\/v2\/media\/12046"}],"wp:attachment":[{"href":"https:\/\/kitchtenstore.com\/fr\/wp-json\/wp\/v2\/media?parent=11442"}],"wp:term":[{"taxonomy":"product_cat","embeddable":true,"href":"https:\/\/kitchtenstore.com\/fr\/wp-json\/wp\/v2\/product_cat?post=11442"},{"taxonomy":"product_tag","embeddable":true,"href":"https:\/\/kitchtenstore.com\/fr\/wp-json\/wp\/v2\/product_tag?post=11442"}],"curies":[{"name":"wp","href":"https:\/\/api.w.org\/{rel}","templated":true}]}}