{"id":11432,"date":"2022-10-27T13:33:59","date_gmt":"2022-10-27T13:33:59","guid":{"rendered":"https:\/\/kitchtenstore.com\/?post_type=product&#038;p=11432"},"modified":"2022-10-27T13:33:59","modified_gmt":"2022-10-27T13:33:59","slug":"tondeuse-autoportee-debroussailleuse-oleo-mac-tuareg-92-evo-k","status":"publish","type":"product","link":"https:\/\/kitchtenstore.com\/fr\/produit\/tondeuse-autoportee-debroussailleuse-oleo-mac-tuareg-92-evo-k\/","title":{"rendered":"Tondeuse autoport\u00e9e d\u00e9broussailleuse Oleo Mac Tuareg 92 EVO K"},"content":{"rendered":"<div id=\"tab-description\" class=\"woocommerce-Tabs-panel woocommerce-Tabs-panel--description panel entry-content wc-tab\" role=\"tabpanel\" aria-labelledby=\"tab-title-description\">\n<h2>Description<\/h2>\n<div class=\"cms\">\n<div class=\"description_content\">\n<div><b>Tondeuse autoport\u00e9e d\u00e9broussailleuse Oleo Mac \u2013 TUAREG 92 EVO K<\/b><\/div>\n<div>Sols accident\u00e9s, friches \u00e9paisses, rien ne lui r\u00e9siste ! C\u2019est une machine solide et performante.<\/div>\n<div><u><b>Caract\u00e9ristiques moteur:<\/b><\/u><br \/>\nMoteur : Emak K2400 AVD V-Twin Bicylindre<br \/>\nCylindr\u00e9e \/ Puissance : 708 cm<sup>3<\/sup>\u00a0\/ 24 cv<\/div>\n<div>Avancement \/ Transmission : Hydrostatique Tuff Torq \/ Blocage de diff\u00e9rentiel<\/div>\n<div>Embrayage de lame : \u00c9lectromagn\u00e9tique<\/div>\n<div><u><b>Caract\u00e9ristiques coupe:<\/b><\/u><br \/>\nLargeur de coupe : 92 cm<br \/>\nHauteur de coupe : 50 \u00e0 100 mm<u><b>Caract\u00e9ristiques globales:<\/b><\/u><br \/>\nPoids : 317 kg&nbsp;<\/p>\n<\/div>\n<div>\n<p>Dimensions : 231 x 101x 151 cm<\/p>\n<p><u><b>\u00c9quipements de s\u00e9ries :<\/b><\/u><br \/>\n\u2013 Phares avant<\/p>\n<\/div>\n<div>\u2013 Compteur horaire<\/div>\n<div>\u2013 Arceau de s\u00e9curit\u00e9<br \/>\n\u2013 Parechocs AV + AR<br \/>\n\u2013 Protections lat\u00e9rales<u><b>Options possibles :<\/b><\/u><br \/>\n\u2013 Kit mulching<br \/>\n\u2013 D\u00e9flecteur d\u2019\u00e9jection arri\u00e8re&nbsp;<\/p>\n<\/div>\n<div>\u2013 Chargeur de batterie<\/div>\n<div>\u2013 Kit traction<\/div>\n<div>\u2013 Lame \u00e0 neige<\/div>\n<div>\u2013 Rouleau de pelouse<\/div>\n<div>\u2013 Remorque<\/div>\n<div><u><b>Les + produits:<\/b><\/u><\/div>\n<div>\n<p>L\u2019embrayage \u00e9lectromagn\u00e9tique, la bo\u00eete hydrostatique et le blocage du diff\u00e9rentiel permettent d\u2019optimiser le travail sur n\u2019importe quel terrain assure un avancement fluide.<\/p>\n<p>La s\u00e9curit\u00e9 : l\u2019arceau de s\u00e9curit\u00e9 repliable, les pare-chocs et les protections lat\u00e9rales prot\u00e9geront l\u2019utilisateur durant le travail m\u00eame dans les situations assez d\u00e9licates.<\/p>\n<\/div>\n<div>L\u2019\u00e9clairage : elle est \u00e9quip\u00e9e de phare halog\u00e8ne et LED qui assurent une bonne visibilit\u00e9 m\u00eame lorsque la luminosit\u00e9 est faible.<\/div>\n<div>Oleo Mac propose une garantie de 3 ans pour les particuliers et 1 ans pour les professionnels.<\/div>\n<div>La bo\u00eete est garantie 2 ans pour les particuliers et 1 ans pour les professionnels.<\/div>\n<\/div>\n<\/div>\n<ul class=\"list-table\" data-gtm-vis-recent-on-screen-2047254_1465=\"5588324\" data-gtm-vis-first-on-screen-2047254_1465=\"5588324\" data-gtm-vis-total-visible-time-2047254_1465=\"3000\" data-gtm-vis-has-fired-2047254_1465=\"1\">\n<li class=\"list-table__row\"><span class=\"list-table__cell\">Marque <\/span><span class=\"list-table__cell\"><span data-qa=\"brandCta\">OLEO-MAC<\/span><\/span><\/li>\n<li class=\"list-table__row\"><span class=\"list-table__cell\">Alimentation <\/span><span class=\"list-table__cell\">Batterie<\/span><\/li>\n<li class=\"list-table__row\"><span class=\"list-table__cell\">Energie <\/span><span class=\"list-table__cell\">Electrique<\/span><\/li>\n<li class=\"list-table__row\"><span class=\"list-table__cell\">Caract\u00e9ristiques <\/span><span class=\"list-table__cell\">Ejection arri\u00e8re<\/span><\/li>\n<li class=\"list-table__row\"><span class=\"list-table__cell\">Largeur de coupe <\/span><span class=\"list-table__cell\">92 cm<\/span><\/li>\n<li class=\"list-table__row\"><span class=\"list-table__cell\">Puissance <\/span><span class=\"list-table__cell\">17896.8 W<\/span><\/li>\n<li class=\"list-table__row\"><span class=\"list-table__cell\">Poids <\/span><span class=\"list-table__cell\">317 kg<\/span><\/li>\n<\/ul>\n<\/div>","protected":false},"excerpt":{"rendered":"<div class=\"woocommerce-product-details__short-description\">\n<div><b>Tondeuse autoport\u00e9e d\u00e9broussailleuse Oleo Mac \u2013 TUAREG 92 EVO K<\/b><\/div>\n<div>Sols accident\u00e9s, friches \u00e9paisses, rien ne lui r\u00e9siste ! C\u2019est une machine solide et performante.<\/div>\n<div>\n<div>Moteur : Emak K2400 AVD V-Twin Bicylindre<br \/>\nCylindr\u00e9e \/ Puissance : 708 cm<sup>3<\/sup>\u00a0\/ 24 cv<\/div>\n<div>Avancement \/ Transmission : Hydrostatique Tuff Torq \/ Blocage de diff\u00e9rentiel<\/div>\n<div>Embrayage de lame : \u00c9lectromagn\u00e9tique<\/div>\n<\/div>\n<\/div>","protected":false},"featured_media":11440,"comment_status":"open","ping_status":"closed","template":"","meta":{"inline_featured_image":false,"_joinchat":[]},"product_cat":[168,167],"product_tag":[],"class_list":{"0":"post-11432","1":"product","2":"type-product","3":"status-publish","4":"has-post-thumbnail","6":"product_cat-tondeuse-a-gazon","7":"product_cat-tondeuse-electrique","9":"first","10":"instock","11":"shipping-taxable","12":"purchasable","13":"product-type-simple"},"_links":{"self":[{"href":"https:\/\/kitchtenstore.com\/fr\/wp-json\/wp\/v2\/product\/11432","targetHints":{"allow":["GET"]}}],"collection":[{"href":"https:\/\/kitchtenstore.com\/fr\/wp-json\/wp\/v2\/product"}],"about":[{"href":"https:\/\/kitchtenstore.com\/fr\/wp-json\/wp\/v2\/types\/product"}],"replies":[{"embeddable":true,"href":"https:\/\/kitchtenstore.com\/fr\/wp-json\/wp\/v2\/comments?post=11432"}],"version-history":[{"count":1,"href":"https:\/\/kitchtenstore.com\/fr\/wp-json\/wp\/v2\/product\/11432\/revisions"}],"predecessor-version":[{"id":11441,"href":"https:\/\/kitchtenstore.com\/fr\/wp-json\/wp\/v2\/product\/11432\/revisions\/11441"}],"wp:featuredmedia":[{"embeddable":true,"href":"https:\/\/kitchtenstore.com\/fr\/wp-json\/wp\/v2\/media\/11440"}],"wp:attachment":[{"href":"https:\/\/kitchtenstore.com\/fr\/wp-json\/wp\/v2\/media?parent=11432"}],"wp:term":[{"taxonomy":"product_cat","embeddable":true,"href":"https:\/\/kitchtenstore.com\/fr\/wp-json\/wp\/v2\/product_cat?post=11432"},{"taxonomy":"product_tag","embeddable":true,"href":"https:\/\/kitchtenstore.com\/fr\/wp-json\/wp\/v2\/product_tag?post=11432"}],"curies":[{"name":"wp","href":"https:\/\/api.w.org\/{rel}","templated":true}]}}