{"id":11431,"date":"2022-10-27T13:33:07","date_gmt":"2022-10-27T13:33:07","guid":{"rendered":"https:\/\/kitchtenstore.com\/?post_type=product&#038;p=11431"},"modified":"2022-10-27T13:33:07","modified_gmt":"2022-10-27T13:33:07","slug":"tondeuse-autoportee-wolf-a80b","status":"publish","type":"product","link":"https:\/\/kitchtenstore.com\/fr\/produit\/tondeuse-autoportee-wolf-a80b\/","title":{"rendered":"Tondeuse Autoport\u00e9e Wolf A80B"},"content":{"rendered":"<div id=\"tab-description\" class=\"woocommerce-Tabs-panel woocommerce-Tabs-panel--description panel entry-content wc-tab\" role=\"tabpanel\" aria-labelledby=\"tab-title-description\">\n<h2>Description<\/h2>\n<div class=\"cms\">\n<div class=\"description_content\">\n<p>Tondeuse autoport\u00e9e Wolf A80B<br \/>\nUne autoport\u00e9e con\u00e7ue pour un maximum de confort et d\u2019efficacit\u00e9 !<br \/>\nAvec une largeur de coupe de 80 cm et son autonomie de 5 heures, elle est capable de tondre jusqu\u2019\u00e0 7200 m\u00b2 par heure.<br \/>\nL\u2019A80B c\u2019est LA solution pour les grandes surfaces !<br \/>\nUn alliage parfait de confort et robustesse.<\/p>\n<div>Caract\u00e9ristiques:<\/div>\n<div>\u2013 Moteur Briggs et Stratton 31E607 4155 series Intek OHV<\/div>\n<div>\u2013 Cylindr\u00e9e : 502 cm3<\/div>\n<div>\u2013 Puissance : 15.5 CV<\/div>\n<div>\u2013 R\u00e9gime max d\u2019utilisation : 2750 tours\/ min<\/div>\n<div>\u2013 Capacit\u00e9 du r\u00e9servoir : 12 L<\/div>\n<div>\u2013 Autonomie : 5 heures<\/div>\n<div>\u2013 Niveau sonore : 100 dB<\/div>\n<div>\u2013 Poids : 220 Kg<\/div>\n<div>\u2013 Dimensions : 197.5 X 85.5 X 111 cm. (L X l X H)<\/div>\n<div>\u2013 Diam\u00e8tre des roues AV : 300 mm<\/div>\n<div>\u2013 Diam\u00e8tre des roues AR : 400 mm<\/div>\n<div>\u2013 Mati\u00e8re du carter : Acier m\u00e9canosoud\u00e9<\/div>\n<div>\u2013 Livr\u00e9 avec bac : Oui<\/div>\n<div>\u2013 Bac en toile : 240 L<\/div>\n<div>\u2013 Largeur de coupe : 80 cm&nbsp;<\/p>\n<\/div>\n<div>Performances:<\/div>\n<div>\u2013 Tr\u00e8s grandes surfaces : Sup\u00e9rieures \u00e0 1500 m\u00b2<\/div>\n<div>\u2013 Capacit\u00e9 maximum de tonte : 7200 m\u00b2 par heure<\/div>\n<div>\u2013 Plat ou faible pente : 10\u00b0&nbsp;<\/p>\n<\/div>\n<div>Avantage produit:<\/div>\n<div>Gr\u00e2ce \u00e0 sa volute de carter et son large canal d\u2019\u00e9jection produisant un effet de soufflerie puissant, les performances de cet A80B au niveau du ramassage sont \u00e9lev\u00e9es.<\/div>\n<div>Gr\u00e2ce \u00e0 sa petite taille et sa direction, il est tr\u00e8s maniable et toutes les commandes sont \u00e0 port\u00e9e de main.<\/div>\n<div>L\u2019A80B est \u00e9galement \u00e9quip\u00e9 d\u2019un avertisseur sonore qui vous signal le remplissage de votre bac.<\/div>\n<div>Gr\u00e2ce \u00e0 un obturateur (fourni), vous pouvez choisir de tondre en fonction mulching*.<\/div>\n<div>D\u2019une grande autonomie, l\u2019autoport\u00e9e donne la possibilit\u00e9 de tondre pendant 4 \u00e0 6 heures avec un plein de carburant.<\/div>\n<div>*Le Mulching? Le Mulching est une technique de tonte o\u00f9 l\u2019herbe coup\u00e9e tr\u00e8s fine et est directement d\u00e9pos\u00e9e sur le sol : Il n\u2019y a plus besoin de ramasser l\u2019herbe !<\/div>\n<div>\n<div>Garantie 3 ans en usage priv\u00e9. Concernant les professionnels la garantie est d\u20191 an.<br \/>\nLe carter est garantie 3 ans.<\/div>\n<\/div>\n<div>Machine non pr\u00e9par\u00e9e (sans huile, essence, montage)&nbsp;<\/p>\n<\/div>\n<div>Accessoires conseill\u00e9s:<\/div>\n<div>Lame : MZ80<\/div>\n<div>s.<\/div>\n<\/div>\n<\/div>\n<ul class=\"list-table\" data-gtm-vis-first-on-screen-2047254_1465=\"5993341\" data-gtm-vis-total-visible-time-2047254_1465=\"3000\" data-gtm-vis-recent-on-screen-2047254_1465=\"5994623\" data-gtm-vis-has-fired-2047254_1465=\"1\">\n<li class=\"list-table__row\"><span class=\"list-table__cell\">Marque <\/span><span class=\"list-table__cell\"><span data-qa=\"brandCta\">OUTILS WOLF<\/span><\/span><\/li>\n<li class=\"list-table__row\"><span class=\"list-table__cell\">Energie <\/span><span class=\"list-table__cell\">Thermique<\/span><\/li>\n<li class=\"list-table__row\"><span class=\"list-table__cell\">Caract\u00e9ristiques <\/span><span class=\"list-table__cell\">Mulching<\/span><\/li>\n<li class=\"list-table__row\"><span class=\"list-table__cell\">Largeur de coupe <\/span><span class=\"list-table__cell\">80 cm<\/span><\/li>\n<li class=\"list-table__row\"><span class=\"list-table__cell\">Puissance <\/span><span class=\"list-table__cell\">11558.35 W<\/span><\/li>\n<li class=\"list-table__row\"><span class=\"list-table__cell\">Poids <\/span><span class=\"list-table__cell\">220 kg<\/span><\/li>\n<li class=\"list-table__row\"><span class=\"list-table__cell\">Cylindr\u00e9e <\/span><span class=\"list-table__cell\">15.5 CV<\/span><\/li>\n<li class=\"list-table__row\"><span class=\"list-table__cell\">Capacit\u00e9 r\u00e9servoir <\/span><span class=\"list-table__cell\">12 l<\/span><\/li>\n<\/ul>\n<div id=\"product-brand\" class=\"product__brand\">\n<h3 class=\"product__sub-title\">Pr\u00e9sentation de la marque<\/h3>\n<p><a href=\"https:\/\/www.manomano.fr\/marque\/outils-wolf-5047\" data-qa=\"brandImageCta\"><picture><img decoding=\"async\" class=\"image product__brand-image lazyload loaded lazy-loaded\" src=\"https:\/\/cdn.manomano.com\/marque-outils-wolf-5047.jpg\" alt=\"OUTILS WOLF\" data-src=\"https:\/\/cdn.manomano.com\/marque-outils-wolf-5047.jpg\" data-was-processed=\"true\" \/><\/picture><\/a>Fabricant fran\u00e7ais de tondeuses \u00e0 gazon et d\u2019outils de jardin, Outils WOLF a connu une histoire riche depuis sa cr\u00e9ation en 1957. L\u2019entreprise a su s\u2019adapter aux \u00e9poques et aux diff\u00e9rents contextes \u00e9conomiques gr\u00e2ce \u00e0 deux axes de d\u00e9veloppement continu: la qualit\u00e9 et l\u2019innovation. Cr\u00e9\u00e9e en 1955 au c\u0153ur de l\u2019Europe \u00e0 Wissembourg (Bas-Rhin), la marque Outils WOLF appartient au groupe Elmar WOLF. Elle commercialise ses produits, principalement orient\u00e9s vers le grand public, en France, en Espagne et au Portugal. Elle participe \u00e9galement au d\u00e9veloppement international du groupe Elmar WOLF aux c\u00f4t\u00e9s de sa soci\u00e9t\u00e9 s\u0153ur, ETESIA.<\/p>\n<\/div>\n<\/div>","protected":false},"excerpt":{"rendered":"<div class=\"woocommerce-product-details__short-description\">\n<p>Tondeuse autoport\u00e9e Wolf A80B<br \/>\nUne autoport\u00e9e con\u00e7ue pour un maximum de confort et d\u2019efficacit\u00e9 !<br \/>\nAvec une largeur de coupe de 80 cm et son autonomie de 5 heures, elle est capable de tondre jusqu\u2019\u00e0 7200 m\u00b2 par heure.<br \/>\nL\u2019A80B c\u2019est LA solution pour les grandes surfaces !<br \/>\nUn alliage parfait de confort et robustesse.<\/p>\n<ul class=\"list-table\" data-gtm-vis-first-on-screen-2047254_1465=\"5993341\" data-gtm-vis-total-visible-time-2047254_1465=\"3000\" data-gtm-vis-recent-on-screen-2047254_1465=\"5994623\" data-gtm-vis-has-fired-2047254_1465=\"1\">\n<li class=\"list-table__row\"><span class=\"list-table__cell\">Marque <\/span><span class=\"list-table__cell\"><span data-qa=\"brandCta\">OUTILS WOLF<\/span><\/span><\/li>\n<li class=\"list-table__row\"><span class=\"list-table__cell\">Energie <\/span><span class=\"list-table__cell\">Thermique<\/span><\/li>\n<li class=\"list-table__row\"><span class=\"list-table__cell\">Caract\u00e9ristiques <\/span><span class=\"list-table__cell\">Mulching<\/span><\/li>\n<li class=\"list-table__row\"><span class=\"list-table__cell\">Largeur de coupe <\/span><span class=\"list-table__cell\">80 cm<\/span><\/li>\n<li class=\"list-table__row\"><span class=\"list-table__cell\">Puissance <\/span><span class=\"list-table__cell\">11558.35 W<\/span><\/li>\n<li class=\"list-table__row\"><span class=\"list-table__cell\">Poids <\/span><span class=\"list-table__cell\">220 kg<\/span><\/li>\n<li class=\"list-table__row\"><span class=\"list-table__cell\">Cylindr\u00e9e <\/span><span class=\"list-table__cell\">15.5 CV<\/span><\/li>\n<li class=\"list-table__row\"><span class=\"list-table__cell\">Capacit\u00e9 r\u00e9servoir <\/span><span class=\"list-table__cell\">12 l<\/span><\/li>\n<\/ul>\n<\/div>","protected":false},"featured_media":11436,"comment_status":"open","ping_status":"closed","template":"","meta":{"inline_featured_image":false,"_joinchat":[]},"product_cat":[168,167],"product_tag":[],"class_list":{"0":"post-11431","1":"product","2":"type-product","3":"status-publish","4":"has-post-thumbnail","6":"product_cat-tondeuse-a-gazon","7":"product_cat-tondeuse-electrique","9":"first","10":"instock","11":"shipping-taxable","12":"purchasable","13":"product-type-simple"},"_links":{"self":[{"href":"https:\/\/kitchtenstore.com\/fr\/wp-json\/wp\/v2\/product\/11431","targetHints":{"allow":["GET"]}}],"collection":[{"href":"https:\/\/kitchtenstore.com\/fr\/wp-json\/wp\/v2\/product"}],"about":[{"href":"https:\/\/kitchtenstore.com\/fr\/wp-json\/wp\/v2\/types\/product"}],"replies":[{"embeddable":true,"href":"https:\/\/kitchtenstore.com\/fr\/wp-json\/wp\/v2\/comments?post=11431"}],"version-history":[{"count":1,"href":"https:\/\/kitchtenstore.com\/fr\/wp-json\/wp\/v2\/product\/11431\/revisions"}],"predecessor-version":[{"id":11437,"href":"https:\/\/kitchtenstore.com\/fr\/wp-json\/wp\/v2\/product\/11431\/revisions\/11437"}],"wp:featuredmedia":[{"embeddable":true,"href":"https:\/\/kitchtenstore.com\/fr\/wp-json\/wp\/v2\/media\/11436"}],"wp:attachment":[{"href":"https:\/\/kitchtenstore.com\/fr\/wp-json\/wp\/v2\/media?parent=11431"}],"wp:term":[{"taxonomy":"product_cat","embeddable":true,"href":"https:\/\/kitchtenstore.com\/fr\/wp-json\/wp\/v2\/product_cat?post=11431"},{"taxonomy":"product_tag","embeddable":true,"href":"https:\/\/kitchtenstore.com\/fr\/wp-json\/wp\/v2\/product_tag?post=11431"}],"curies":[{"name":"wp","href":"https:\/\/api.w.org\/{rel}","templated":true}]}}