{"id":11414,"date":"2022-10-27T13:27:41","date_gmt":"2022-10-27T13:27:41","guid":{"rendered":"https:\/\/kitchtenstore.com\/?post_type=product&#038;p=11414"},"modified":"2022-10-27T13:27:41","modified_gmt":"2022-10-27T13:27:41","slug":"tondeuse-debroussailleuse-thermique-pro-92-cv-briggs-stratton-344-cm3-villager-v722","status":"publish","type":"product","link":"https:\/\/kitchtenstore.com\/fr\/produit\/tondeuse-debroussailleuse-thermique-pro-92-cv-briggs-stratton-344-cm3-villager-v722\/","title":{"rendered":"Tondeuse d\u00e9broussailleuse thermique pro 9,2 cv Briggs Stratton 344 cm3 VILLAGER V722"},"content":{"rendered":"<div id=\"tab-description\" class=\"woocommerce-Tabs-panel woocommerce-Tabs-panel--description panel entry-content wc-tab\" role=\"tabpanel\" aria-labelledby=\"tab-title-description\">\n<h2>Description<\/h2>\n<div class=\"cms\">\n<div class=\"description_content\">\n<p>&nbsp;<\/p>\n<p>Cette tondeuse \u00e0 moteur thermique essence puissant est tr\u00e8s polyvalente. Maniable avec ses poign\u00e9es de guidon et ses leviers qui tombent sous la min, elle peut tout autant d\u00e9broussailler votre terrain que tondre votre pelouse.<\/p>\n<p>Son guidage est pr\u00e9cis avec ses 2 roues Avant ind\u00e9pendantes qui prennent le sens de terrain facilement pour une pr\u00e9cision de tonte in\u00e9gal\u00e9e. Action sur les manettes pour bloquer la roue ou les roues et piloter pr\u00e9cis\u00e9ment le passage de la tondeuse.<\/p>\n<p>Sa finition, avec des mat\u00e9riaux fiables, permet un usage intensif et professionnel.<\/p>\n<p>Ses 6 positions de r\u00e9glage de la hauteur de coupe sont parfaitement \u00e9tag\u00e9s pour couper de 31 \u00e0 102mm.<\/p>\n<p>L\u2019\u00e9jection de l\u2019herbe lat\u00e9ralement ou par l\u2019arri\u00e8re, avec ou sans son bac haute capacit\u00e9 de 80 litres (option), vous apporte une souplesse d\u2019utilisation pour entretenir votre terrain.<\/p>\n<p>Dur\u00e9e de garantie: 2 ans<br \/>\nInformations SAV: Service Apr\u00e8s Vente assur\u00e9 par une Equipe interne \u00e0 la soci\u00e9t\u00e9 d\u00fbment form\u00e9e et agr\u00e9\u00e9e par le fabricant \u00e0 l\u2019intervention sur les produits de la marque.<br \/>\nLargeur: 79 cm<br \/>\nMoteur: Thermique 4 temps<br \/>\nMarque et mod\u00e8le moteur: Briggs Stratton PowerBuilt Series 3<br \/>\nCylindr\u00e9e: 344 cm3<br \/>\nPuissance: 9,2 Cv<br \/>\nPuissance: 5,5 Cv<br \/>\nCarburant: Sans Plomb 95<br \/>\nHuile moteur: SAE30 ou 15W40 sp\u00e9ciale motoculture<br \/>\nAvancement: Tract\u00e9e<br \/>\nTransmission: 3 vitesses<br \/>\nCarter de coupe: Acier avec renforts<br \/>\nFonction: Ramassage \u2013 Mulching \u2013 Ejection arri\u00e8re et lat\u00e9rale<br \/>\nLargeur de coupe: 71 cm<br \/>\nLargeur de coupe: 52 cm<br \/>\nRamassage: Bac 80 litres<br \/>\nR\u00e9glage hauteur de tonte: 6 positions \u2013 38 \u00e0 102 mm<br \/>\nSurface de travail conseill\u00e9e: Jusqu\u2019\u00e0 2500 m2<br \/>\nLongueur totale: 119 cm<br \/>\nGuidon: Ergonomique et grip souple<br \/>\nD\u00e9marrage: Manuel par lanceur \u2013 Syst\u00e8me d\u2019allumage \u00e9lectronique<br \/>\nPoids \u00e0 vide (Kg): 127 Kg<br \/>\nConseil d\u2019 usage: N\u2019utilisez jamais d\u2019 essence ancienne (plus de 3 mois apr\u00e8s l\u2019achat \u00e0 la pompe) afin de garantir une carburation optimale, d\u2019\u00e9viter toute coupure moteur intempestive et d\u00e9marrage difficile, ou d\u2019endommager des organes internes au moteur.<br \/>\nConseil de stockage: Toujours vider le carburateur de votre machine avant de la ranger pour une longue p\u00e9riode (plus de 3 mois).<\/p>\n<\/div>\n<\/div>\n<ul class=\"list-table\" data-gtm-vis-first-on-screen-2047254_1465=\"1367920\" data-gtm-vis-total-visible-time-2047254_1465=\"100\">\n<li class=\"list-table__row\"><span class=\"list-table__cell\">Marque<\/span><span class=\"list-table__cell\"><span data-qa=\"brandCta\">VILLAGER<\/span><\/span><\/li>\n<li class=\"list-table__row\"><span class=\"list-table__cell\">Caract\u00e9ristiques<\/span><span class=\"list-table__cell\">Ejection lat\u00e9rale<\/span><\/li>\n<li class=\"list-table__row\"><span class=\"list-table__cell\">Motorisation<\/span><span class=\"list-table__cell\">4 temps<\/span><\/li>\n<li class=\"list-table__row\"><span class=\"list-table__cell\">Mati\u00e8re du carter<\/span><span class=\"list-table__cell\">Acier<\/span><\/li>\n<li class=\"list-table__row\"><span class=\"list-table__cell\">Traction<\/span><span class=\"list-table__cell\">Autotract\u00e9e<\/span><\/li>\n<li class=\"list-table__row\"><span class=\"list-table__cell\">Surface<\/span><span class=\"list-table__cell\">2500 m\u00b2<\/span><\/li>\n<li class=\"list-table__row\"><span class=\"list-table__cell\">Largeur de coupe<\/span><span class=\"list-table__cell\">52 cm<\/span><\/li>\n<li class=\"list-table__row\"><span class=\"list-table__cell\">Cylindr\u00e9e<\/span><span class=\"list-table__cell\">344 cm\u00b3<\/span><\/li>\n<li class=\"list-table__row\"><span class=\"list-table__cell\">Hauteur de coupe<\/span><span class=\"list-table__cell\">102 mm<\/span><\/li>\n<li class=\"list-table__row\"><span class=\"list-table__cell\">Poids<\/span><span class=\"list-table__cell\">127 kg<\/span><\/li>\n<\/ul>\n<div id=\"product-brand\" class=\"product__brand\">\n<h3 class=\"product__sub-title\">Pr\u00e9sentation de la marque<\/h3>\n<p><a href=\"https:\/\/www.manomano.fr\/marque\/villager-253237\" data-qa=\"brandImageCta\"><picture><img decoding=\"async\" class=\"image product__brand-image lazyload loaded lazy-loaded\" src=\"https:\/\/cdn.manomano.com\/marque-villager-253237.jpg\" alt=\"VILLAGER\" data-src=\"https:\/\/cdn.manomano.com\/marque-villager-253237.jpg\" data-was-processed=\"true\" \/><\/picture><\/a>Fond\u00e9e en 2005 , Villager est devenue l\u2019une des plus grandes marques de jardin et d\u2019outils \u00e9lectriques dans les Balkans. Nos efforts visent toujours \u00e0 devenir l\u2019un des leaders en Europe du Sud-Est. La combinaison de designs attrayants, d\u2019innovation, de mat\u00e9riaux, de normes \u00e9lev\u00e9es de qualit\u00e9 et de responsabilit\u00e9 sociale, associ\u00e9e \u00e0 un planning de livraison pr\u00e9cis et \u00e0 un prix comp\u00e9titif, sont nos principales r\u00e9alisations et avantages qui nous distinguent de la concurrence. Notre mission \u2013 Construire les meilleurs produits \u00abvaleur pour l\u2019argent\u00bb, jardin et outils \u00e9lectriques pour une utilisation g\u00e9n\u00e9ralis\u00e9e. Notre vision \u2013 dans les prochaines ann\u00e9es Villager veut devenir l\u2019un des leaders en Europe de l\u2019Est, et le premier choix pour les amateurs, les artisans et les agriculteurs. L\u00e0 o\u00f9 la qualit\u00e9 et le prix sont un avantage, c\u2019est l\u00e0 que vous nous trouverez. Nous visons \u00e0 rendre la vie des gens plus facile et plus riche, en offrant des produits de qualit\u00e9 facilement accessibles<\/p>\n<\/div>\n<\/div>","protected":false},"excerpt":{"rendered":"<div class=\"woocommerce-product-details__short-description\">\n<ul>\n<li><strong>Tondeuse thermique autotract\u00e9e \u00e0 moteur thermique Briggs et Stratton<\/strong>\u00a0essence puissant de 9,2cv cylindr\u00e9e 344 cm3.<\/li>\n<li>Finition et qualit\u00e9 professionnelle.<\/li>\n<li>Avancement par 3 vitesses Avant id\u00e9al pour des\u00a0<strong>tontes<\/strong>\u00a0jusqu\u2019\u00e0 2500m2.<\/li>\n<li>Guidon ergonomique et confortable. Equip\u00e9e d\u2019une\u00a0<strong>lame rotative de 71cm<\/strong>\u00a0de large pour une\u00a0<strong>tonte\u00a0<\/strong>rapide.<\/li>\n<li><strong>Tondeuse\u00a0<\/strong>avec r\u00e9glage de la hauteur de coupe de 30 \u00e0 102mm 6 positions n\u00e9cessitant peu d\u2019effort.<\/li>\n<li>Entretien facile de votre\u00a0<strong>pelouse\u00a0<\/strong>avec cette\u00a0<strong>tondeuse mulching 4 en 1<\/strong>\u00a0avec \u00e9jection lat\u00e9rale et arri\u00e8re, mulching.<\/li>\n<\/ul>\n<ul class=\"list-table\" data-gtm-vis-first-on-screen-2047254_1465=\"1367920\" data-gtm-vis-total-visible-time-2047254_1465=\"100\">\n<li class=\"list-table__row\"><span class=\"list-table__cell\">Marque <\/span><span class=\"list-table__cell\"><a class=\"link link--no-decoration\" href=\"https:\/\/www.manomano.fr\/marque\/villager-253237\"><span data-qa=\"brandCta\">VILLAGER<\/span><\/a><\/span><\/li>\n<li class=\"list-table__row\"><span class=\"list-table__cell\">Caract\u00e9ristiques <\/span><span class=\"list-table__cell\">Ejection lat\u00e9rale<\/span><\/li>\n<li class=\"list-table__row\"><span class=\"list-table__cell\">Motorisation <\/span><span class=\"list-table__cell\">4 temps<\/span><\/li>\n<li class=\"list-table__row\"><span class=\"list-table__cell\">Mati\u00e8re du carter <\/span><span class=\"list-table__cell\">Acier<\/span><\/li>\n<li class=\"list-table__row\"><span class=\"list-table__cell\">Traction <\/span><span class=\"list-table__cell\">Autotract\u00e9e<\/span><\/li>\n<li class=\"list-table__row\"><span class=\"list-table__cell\">Surface <\/span><span class=\"list-table__cell\">2500 m\u00b2<\/span><\/li>\n<li class=\"list-table__row\"><span class=\"list-table__cell\">Largeur de coupe<\/span><span class=\"list-table__cell\">52 cm<\/span><\/li>\n<li class=\"list-table__row\"><span class=\"list-table__cell\">Cylindr\u00e9e <\/span><span class=\"list-table__cell\">344 cm\u00b3<\/span><\/li>\n<li class=\"list-table__row\"><span class=\"list-table__cell\">Hauteur de coupe <\/span><span class=\"list-table__cell\">102 mm<\/span><\/li>\n<li class=\"list-table__row\"><span class=\"list-table__cell\">Poids<\/span><span class=\"list-table__cell\">127 kg<\/span><\/li>\n<\/ul>\n<\/div>","protected":false},"featured_media":11426,"comment_status":"open","ping_status":"closed","template":"","meta":{"inline_featured_image":false,"_joinchat":[]},"product_cat":[168,167],"product_tag":[],"class_list":{"0":"post-11414","1":"product","2":"type-product","3":"status-publish","4":"has-post-thumbnail","6":"product_cat-tondeuse-a-gazon","7":"product_cat-tondeuse-electrique","9":"first","10":"instock","11":"shipping-taxable","12":"purchasable","13":"product-type-simple"},"_links":{"self":[{"href":"https:\/\/kitchtenstore.com\/fr\/wp-json\/wp\/v2\/product\/11414","targetHints":{"allow":["GET"]}}],"collection":[{"href":"https:\/\/kitchtenstore.com\/fr\/wp-json\/wp\/v2\/product"}],"about":[{"href":"https:\/\/kitchtenstore.com\/fr\/wp-json\/wp\/v2\/types\/product"}],"replies":[{"embeddable":true,"href":"https:\/\/kitchtenstore.com\/fr\/wp-json\/wp\/v2\/comments?post=11414"}],"version-history":[{"count":1,"href":"https:\/\/kitchtenstore.com\/fr\/wp-json\/wp\/v2\/product\/11414\/revisions"}],"predecessor-version":[{"id":11428,"href":"https:\/\/kitchtenstore.com\/fr\/wp-json\/wp\/v2\/product\/11414\/revisions\/11428"}],"wp:featuredmedia":[{"embeddable":true,"href":"https:\/\/kitchtenstore.com\/fr\/wp-json\/wp\/v2\/media\/11426"}],"wp:attachment":[{"href":"https:\/\/kitchtenstore.com\/fr\/wp-json\/wp\/v2\/media?parent=11414"}],"wp:term":[{"taxonomy":"product_cat","embeddable":true,"href":"https:\/\/kitchtenstore.com\/fr\/wp-json\/wp\/v2\/product_cat?post=11414"},{"taxonomy":"product_tag","embeddable":true,"href":"https:\/\/kitchtenstore.com\/fr\/wp-json\/wp\/v2\/product_tag?post=11414"}],"curies":[{"name":"wp","href":"https:\/\/api.w.org\/{rel}","templated":true}]}}