{"id":11411,"date":"2022-10-27T13:25:08","date_gmt":"2022-10-27T13:25:08","guid":{"rendered":"https:\/\/kitchtenstore.com\/?post_type=product&#038;p=11411"},"modified":"2022-10-27T13:25:09","modified_gmt":"2022-10-27T13:25:09","slug":"tondeuse-gazon-electrique-sans-fil-tractee-ego-power-plus-coupe-47-cm-batterie-56v-5ah-lm1903e-sp","status":"publish","type":"product","link":"https:\/\/kitchtenstore.com\/fr\/produit\/tondeuse-gazon-electrique-sans-fil-tractee-ego-power-plus-coupe-47-cm-batterie-56v-5ah-lm1903e-sp\/","title":{"rendered":"Tondeuse gazon \u00e9lectrique sans fil tract\u00e9e Ego Power plus coupe 47 cm batterie 56V-5Ah LM1903E-SP"},"content":{"rendered":"<div id=\"tab-description\" class=\"woocommerce-Tabs-panel woocommerce-Tabs-panel--description panel entry-content wc-tab\" role=\"tabpanel\" aria-labelledby=\"tab-title-description\">\n<h2>Description<\/h2>\n<div class=\"cms\">\n<div class=\"description_content\">\n<p>La nouvelle t<strong>ondeuse \u00e0 gazon tract\u00e9e Egopowerplus<\/strong>\u00a0LM1903E-SP allie performance et prix attractif dans la gamme Ego:<\/p>\n<ul>\n<li><strong>Tondeuse sur batterie 56V<\/strong>\u00a0livr\u00e9e avec une batterie\u00a0<strong>5Ah<\/strong>\u00a0et un\u00a0<strong>chargeur rapide<\/strong>.<\/li>\n<li>Tondeuse\u00a0<strong>tract\u00e9e<\/strong>\u00a0ou autopropuls\u00e9e.<\/li>\n<li>Capacit\u00e9 de coupe d\u2019herbe\u00a0<strong>47 cm<\/strong>.<\/li>\n<li><strong>Ejection<\/strong>\u00a0de l\u2019herbe dans un bac de 55L.<\/li>\n<\/ul>\n<p>La t<strong>ondeuse s Egopower LM1903E-SP<\/strong>\u00a0fait partie de la nouvelle g\u00e9n\u00e9ration des tondeuses sur batterie.<\/p>\n<p>Un moteur \u00e9lectrique\u00a0<strong>brushless<\/strong>\u00a0plus efficient qui couplait \u00e0 une\u00a0<strong>batterie 5Ah de 56v<\/strong>\u00a0( livr\u00e9e avec la tondeuse) permet une autonomie de 35 mn soit une pelouse de pr\u00e8s de\u00a0<strong>800 m2<\/strong>. Avec la batterie 7,5 Ah, vous tondrez pendant 50 mn !<\/p>\n<p>Son\u00a0<strong>prix est tr\u00e8s attractif<\/strong>\u00a0car cette tondeuse \u00e9lectrique sans fil est\u00a0<strong>autotract\u00e9e<\/strong>\u00a0et \u00e0 une\u00a0<strong>largeur de coupe de 47 cm<\/strong>.<\/p>\n<p>Son carter de coupe en polypropyl\u00e8ne est\u00a0<strong>l\u00e9ger et tr\u00e8s absorbant<\/strong>\u00a0des chocs ( pierres\u2026). En fonction de la hauteur de votre herbe, vous adapterez le\u00a0<strong>relevage centralis\u00e9<\/strong>\u00a0selon\u00a0<strong>7 positions<\/strong>\u00a0de hauteurs possibles.<\/p>\n<p>La\u00a0<strong>tondeuse LM1903E-SP<\/strong>\u00a0dispose d\u2019une\u00a0<strong>lame mulching<\/strong>\u00a0afin de broyer l\u2019herbe mais avec\u00a0<strong>son bac de ramassage<\/strong>\u00a0semi rigide, vous \u00e9viterez de ramasser l\u2019herbe. La contenance du bac est de 55L.<\/p>\n<p>Cette tondeuse \u00e0 batterie a tout d\u2019une tondeuse thermique sans le bruit et la pollution.<\/p>\n<p>Elle a \u00e9t\u00e9 con\u00e7ue pour tous les jardiniers. le guidon est\u00a0<strong>r\u00e9glable pour 3 hauteurs<\/strong>. Elle est\u00a0<strong>tr\u00e8s maniable<\/strong>\u00a0et \u00e0 une excellente adh\u00e9rence sur le gazon gr\u00e2ce \u00e0 ses grandes roues \u00e0 l\u2019arri\u00e8re mont\u00e9e sur roulement.<\/p>\n<p>Lors de l\u2019hivernage de la tondeuse ou en fin de tonte, vous pouvez la\u00a0<strong>stocker en vertical,<\/strong>\u00a0ainsi vous gagnez un maximum de place dans votre garage ou abris.<\/p>\n<p>Cette tondeuse Ego b\u00e9n\u00e9ficie de la\u00a0<strong>garantie 5 ans<\/strong>\u00a0sur le ch\u00e2ssis et 3 ans sur les batteries.<br \/>\nLivr\u00e9e avec sa\u00a0<strong>batterie 5 Ah<\/strong>\u00a0de 56v et\u00a0<strong>un chargeur rapide<\/strong>\u00a0Egopowerplus.<\/p>\n<p>Dur\u00e9e de garantie: 5 ans<br \/>\nMoteur: Sans balai \u2013 Batterie Lithium ion<br \/>\nMarque et mod\u00e8le moteur: Egopower<br \/>\nPuissance: 56 V<br \/>\nR\u00e9gime moteur: 3150 tours\/min<br \/>\nAvancement: Tract\u00e9e<br \/>\nTransmission: 1 vitesse Avant \u2013 variable automatique<br \/>\nCarter de coupe: Polypropyl\u00e8ne<br \/>\nFonction: Mulching<br \/>\nFonction: Ejection arri\u00e8re<br \/>\nLargeur de coupe: 47 cm<br \/>\nRamassage: Bac semi-rigide capacit_ 55 litres<br \/>\nTension: 56 V<br \/>\nR\u00e9glage hauteur de tonte: Centralis\u00e9 \u2013 7 positions \u2013 25 \u00e0 80 mm<br \/>\nSurface de travail conseill\u00e9e: 800 m2<br \/>\nTemps de charge: 30 min<br \/>\nAccessoires \u2013 Infos compl\u00e9mentaires: Batterie 5 Ah et chargeur rapide<br \/>\nMat\u00e9riau: Polypropyl\u00e8ne<br \/>\nAutonomie: 5 A:35 min \/ 7,5 A : 50 min<br \/>\nGuidon: 3 niveaux<br \/>\nProtection \u2013 Confort \u2013 S\u00e9curit\u00e9: Stockage vertical<br \/>\nAlimentation: Electrique avec batterie<br \/>\nPoids \u00e0 vide (Kg): 27 Kg<\/p>\n<\/div>\n<\/div>\n<ul class=\"list-table\" data-gtm-vis-recent-on-screen-2047254_1465=\"83349\" data-gtm-vis-first-on-screen-2047254_1465=\"83349\" data-gtm-vis-total-visible-time-2047254_1465=\"3000\" data-gtm-vis-has-fired-2047254_1465=\"1\">\n<li class=\"list-table__row\"><span class=\"list-table__cell\">Marque <\/span><span class=\"list-table__cell\"><span data-qa=\"brandCta\">EGO POWER+<\/span><\/span><\/li>\n<li class=\"list-table__row\"><span class=\"list-table__cell\">Caract\u00e9ristiques <\/span><span class=\"list-table__cell\">Bac de ramassage \/ Ejection lat\u00e9rale \/ Guidon r\u00e9glable \/ Hauteur de coupe r\u00e9glable \/ Mulching<\/span><\/li>\n<li class=\"list-table__row\"><span class=\"list-table__cell\">Traction <\/span><span class=\"list-table__cell\">Autotract\u00e9e<\/span><\/li>\n<li class=\"list-table__row\"><span class=\"list-table__cell\">Surface du jardin <\/span><span class=\"list-table__cell\">800 m\u00b2<\/span><\/li>\n<li class=\"list-table__row\"><span class=\"list-table__cell\">Largeur de coupe <\/span><span class=\"list-table__cell\">47 cm<\/span><\/li>\n<li class=\"list-table__row\"><span class=\"list-table__cell\">Capacit\u00e9 du bac <\/span><span class=\"list-table__cell\">55 l<\/span><\/li>\n<li class=\"list-table__row\"><span class=\"list-table__cell\">Poids <\/span><span class=\"list-table__cell\">27 kg<\/span><\/li>\n<\/ul>\n<\/div>","protected":false},"excerpt":{"rendered":"<div class=\"woocommerce-product-details__short-description\">\n<p>La nouvelle t<strong>ondeuse \u00e0 gazon tract\u00e9e Egopowerplus<\/strong>\u00a0LM1903E-SP allie performance et prix attractif dans la gamme Ego:<\/p>\n<ul>\n<li><strong>Tondeuse sur batterie 56V<\/strong>\u00a0livr\u00e9e avec une batterie\u00a0<strong>5Ah<\/strong>\u00a0et un\u00a0<strong>chargeur rapide<\/strong>.<\/li>\n<li>Tondeuse\u00a0<strong>tract\u00e9e<\/strong>\u00a0ou autopropuls\u00e9e.<\/li>\n<li>Capacit\u00e9 de coupe d\u2019herbe\u00a0<strong>47 cm<\/strong>.<\/li>\n<li><strong>Ejection<\/strong>\u00a0de l\u2019herbe dans un bac de 55L.<\/li>\n<\/ul>\n<p>La t<strong>ondeuse s Egopower LM1903E-SP<\/strong>\u00a0fait partie de la nouvelle g\u00e9n\u00e9ration des tondeuses sur batterie.<\/p>\n<\/div>","protected":false},"featured_media":11419,"comment_status":"open","ping_status":"closed","template":"","meta":{"inline_featured_image":false,"_joinchat":[]},"product_cat":[168,167],"product_tag":[],"class_list":{"0":"post-11411","1":"product","2":"type-product","3":"status-publish","4":"has-post-thumbnail","6":"product_cat-tondeuse-a-gazon","7":"product_cat-tondeuse-electrique","9":"first","10":"instock","11":"shipping-taxable","12":"purchasable","13":"product-type-simple"},"_links":{"self":[{"href":"https:\/\/kitchtenstore.com\/fr\/wp-json\/wp\/v2\/product\/11411","targetHints":{"allow":["GET"]}}],"collection":[{"href":"https:\/\/kitchtenstore.com\/fr\/wp-json\/wp\/v2\/product"}],"about":[{"href":"https:\/\/kitchtenstore.com\/fr\/wp-json\/wp\/v2\/types\/product"}],"replies":[{"embeddable":true,"href":"https:\/\/kitchtenstore.com\/fr\/wp-json\/wp\/v2\/comments?post=11411"}],"version-history":[{"count":1,"href":"https:\/\/kitchtenstore.com\/fr\/wp-json\/wp\/v2\/product\/11411\/revisions"}],"predecessor-version":[{"id":11420,"href":"https:\/\/kitchtenstore.com\/fr\/wp-json\/wp\/v2\/product\/11411\/revisions\/11420"}],"wp:featuredmedia":[{"embeddable":true,"href":"https:\/\/kitchtenstore.com\/fr\/wp-json\/wp\/v2\/media\/11419"}],"wp:attachment":[{"href":"https:\/\/kitchtenstore.com\/fr\/wp-json\/wp\/v2\/media?parent=11411"}],"wp:term":[{"taxonomy":"product_cat","embeddable":true,"href":"https:\/\/kitchtenstore.com\/fr\/wp-json\/wp\/v2\/product_cat?post=11411"},{"taxonomy":"product_tag","embeddable":true,"href":"https:\/\/kitchtenstore.com\/fr\/wp-json\/wp\/v2\/product_tag?post=11411"}],"curies":[{"name":"wp","href":"https:\/\/api.w.org\/{rel}","templated":true}]}}