{"id":11406,"date":"2022-10-27T13:19:44","date_gmt":"2022-10-27T13:19:44","guid":{"rendered":"https:\/\/kitchtenstore.com\/?post_type=product&#038;p=11406"},"modified":"2022-10-27T13:19:45","modified_gmt":"2022-10-27T13:19:45","slug":"visseuse-a-chocs-m18-oneid-milwaukee-2-batteries-5-0ah-18v-1-batterie-2ah-12v-chargeur-lampe-m12mled0-hd-box-4933464541","status":"publish","type":"product","link":"https:\/\/kitchtenstore.com\/fr\/produit\/visseuse-a-chocs-m18-oneid-milwaukee-2-batteries-5-0ah-18v-1-batterie-2ah-12v-chargeur-lampe-m12mled0-hd-box-4933464541\/","title":{"rendered":"Visseuse \u00e0 chocs M18 ONEID MILWAUKEE \u2013 2 batteries 5.0Ah 18V + 1 batterie 2Ah 12V + chargeur + lampe M12MLED0 + HD Box \u2013 4933464541"},"content":{"rendered":"<div id=\"tab-description\" class=\"woocommerce-Tabs-panel woocommerce-Tabs-panel--description panel entry-content wc-tab\" role=\"tabpanel\" aria-labelledby=\"tab-title-description\">\n<h2>Description<\/h2>\n<div class=\"cms\">\n<div class=\"description_content\">La visseuse \u00e0 chocs M18 FUEL\u2122 SURGE\u2122 hydraulique \u00bc\u02dd Hex est la solution sans fil la plus silencieuse du march\u00e9<br \/>\nFLUID-DRIVE\u2122 : Nouveau syst\u00e8me \u00e0 impulsions hydrauliques qui att\u00e9nue les chocs du m\u00e9tal contre m\u00e9tal pour un outil moins bruyant, aussi puissant et de meilleure durabilit\u00e9 vs une visseuse \u00e0 chocs standard<br \/>\n\u00c9quip\u00e9e d\u2019un moteur POWERSTATE\u2122 sans charbons, la visseuse \u00e0 chocs d\u00e9livre jusqu\u2019\u00e0 3 000 tr\/min<br \/>\nREDLINK PLUS\u2122 \u2013 Nouvelle \u00e9lectronique qui offre une protection contre les surcharges de l\u2019outil et de la batterie, pour des performances et une autonomie nettement am\u00e9lior\u00e9es<br \/>\nTechnologie DRIVE CONTROL\u2122 pour changer de vitesse et de couple parmi 4 modes pr\u00e9programm\u00e9s dont un mode sp\u00e9cial vis auto-foreuse pour des vissages puissants et rapides sans endommager les vis et les mat\u00e9riaux<br \/>\nLa batterie REDLITHIUM-ION\u2122 prot\u00e8ge l\u2019outil et la batterie contre les surchauffes et les surcharges pour une meilleure autonomie et une dur\u00e9e de vie plus longue de l\u2019ensemble.<br \/>\nGestion individuelle des cellules pour une batterie 100% charg\u00e9 optimisant ainsi sa dur\u00e9e de vie et son autonomie<br \/>\nEmmanchement \u00bc\u02dd Hex pour un changement facile et rapide<br \/>\nIndicateur de charge et \u00e9clairage LED<br \/>\nSyst\u00e8me de batterie flexible : fonctionne avec tous les outils Milwaukee\u00ae de la plateforme M18\u2122<br \/>\nCaract\u00e9ristiques :<br \/>\nBoulon max. M14<br \/>\nCadence de frappe (Cps\/mim) 1800\/2900\/4000\/4000<br \/>\nCapacit\u00e9 batterie (Ah) \u2212<br \/>\nChargeur fourni \u2212<br \/>\nCouple Max (Nm) 50<br \/>\nEmballage HD Box<br \/>\nNombre de batterie(s) 0<br \/>\nTension (V) 18<br \/>\nType de batterie Li-ion<br \/>\nVitesse \u00e0 vide (tr\/min) 900\/2100\/3000\/3000<\/div>\n<\/div>\n<ul class=\"list-table\" data-gtm-vis-first-on-screen-2047254_1465=\"7655511\" data-gtm-vis-total-visible-time-2047254_1465=\"3000\" data-gtm-vis-recent-on-screen-2047254_1465=\"7659279\" data-gtm-vis-has-fired-2047254_1465=\"1\">\n<li class=\"list-table__row\"><span class=\"list-table__cell\">Marque <\/span><span class=\"list-table__cell\"><a class=\"link link--no-decoration\" href=\"https:\/\/www.manomano.fr\/marque\/milwaukee-50\"><span data-qa=\"brandCta\">MILWAUKEE<\/span><\/a><\/span><\/li>\n<li class=\"list-table__row\"><span class=\"list-table__cell\">Alimentation <\/span><span class=\"list-table__cell\">Sans fil<\/span><\/li>\n<li class=\"list-table__row\"><span class=\"list-table__cell\">Caract\u00e9ristiques <\/span><span class=\"list-table__cell\">Eclairage LED<\/span><\/li>\n<\/ul>\n<div id=\"product-brand\" class=\"product__brand\">\n<h3 class=\"product__sub-title\">Pr\u00e9sentation de la marque<\/h3>\n<p><a href=\"https:\/\/www.manomano.fr\/marque\/milwaukee-50\" data-qa=\"brandImageCta\"><picture><img decoding=\"async\" class=\"image product__brand-image lazyload loaded lazy-loaded\" src=\"https:\/\/cdn.manomano.com\/marque-milwaukee-50.png\" alt=\"MILWAUKEE\" data-src=\"https:\/\/cdn.manomano.com\/marque-milwaukee-50.png\" data-was-processed=\"true\" \/><\/picture><\/a>En 1918, Henry Ford, le grand constructeur automobile, passa commande aupr\u00e8s d\u2019un jeune fabricant, A.H. Petersen, qui \u00e9tait l\u2019un des fournisseurs d\u2019outils de l\u2019entreprise. Sa mission \u00e9tait de d\u00e9velopper une perceuse \u00e9lectrique plus l\u00e9g\u00e8re que celles qui existaient d\u00e9j\u00e0. Petersen releva le d\u00e9fi et cr\u00e9a la Hole-Shooter, capable des m\u00eames performances en demandant moins d\u2019effort de la part des salari\u00e9s. En 1922, il fonda l\u2019A.H. Petersen Company avec son associ\u00e9, Siebert, qui la racheta quand l\u2019entreprise fit faillite \u00e0 cause d\u2019un incendie. Il commen\u00e7a par r\u00e9parer des outils : cela lui permit de bien former ses employ\u00e9s et de comprendre les besoins des utilisateurs, en \u00e9tant en contact avec eux. Il mit au point toutes sortes d\u2019outils \u00e9lectroportatifs performants, endurants et l\u00e9gers. Bient\u00f4t, la Marine des Etats-Unis adopta les outils \u00e9lectriques de Milwaukee. L\u2019entreprise lan\u00e7a \u00e9galement de nouvelles gammes de marteaux-burineurs, de ponceuses \u00e0 bandes et de scies sauteuses, la c\u00e9l\u00e8bre SAWZALL\u2026 en 2005, l\u2019entreprise rejoint le groupe international Techtronic Industry, qui poss\u00e8de de grandes marques comme AEG, Hoover, Ryobi.<\/p>\n<\/div>\n<\/div>","protected":false},"excerpt":{"rendered":"<p>Caract\u00e9ristiques :<br \/>\nBoulon max. M14<br \/>\nCadence de frappe (Cps\/mim) 1800\/2900\/4000\/4000<br \/>\nCapacit\u00e9 batterie (Ah) \u2212<br \/>\nChargeur fourni \u2212<br \/>\nCouple Max (Nm) 50<br \/>\nEmballage HD Box<br \/>\nNombre de batterie(s) 0<br \/>\nTension (V) 18<br \/>\nType de batterie Li-ion<br \/>\nVitesse \u00e0 vide (tr\/min) 900\/2100\/3000\/3000<\/p>","protected":false},"featured_media":11407,"comment_status":"open","ping_status":"closed","template":"","meta":{"inline_featured_image":false,"_joinchat":[]},"product_cat":[166],"product_tag":[],"class_list":{"0":"post-11406","1":"product","2":"type-product","3":"status-publish","4":"has-post-thumbnail","6":"product_cat-mobilier-de-jardin","8":"first","9":"instock","10":"shipping-taxable","11":"purchasable","12":"product-type-simple"},"_links":{"self":[{"href":"https:\/\/kitchtenstore.com\/fr\/wp-json\/wp\/v2\/product\/11406","targetHints":{"allow":["GET"]}}],"collection":[{"href":"https:\/\/kitchtenstore.com\/fr\/wp-json\/wp\/v2\/product"}],"about":[{"href":"https:\/\/kitchtenstore.com\/fr\/wp-json\/wp\/v2\/types\/product"}],"replies":[{"embeddable":true,"href":"https:\/\/kitchtenstore.com\/fr\/wp-json\/wp\/v2\/comments?post=11406"}],"version-history":[{"count":1,"href":"https:\/\/kitchtenstore.com\/fr\/wp-json\/wp\/v2\/product\/11406\/revisions"}],"predecessor-version":[{"id":11408,"href":"https:\/\/kitchtenstore.com\/fr\/wp-json\/wp\/v2\/product\/11406\/revisions\/11408"}],"wp:featuredmedia":[{"embeddable":true,"href":"https:\/\/kitchtenstore.com\/fr\/wp-json\/wp\/v2\/media\/11407"}],"wp:attachment":[{"href":"https:\/\/kitchtenstore.com\/fr\/wp-json\/wp\/v2\/media?parent=11406"}],"wp:term":[{"taxonomy":"product_cat","embeddable":true,"href":"https:\/\/kitchtenstore.com\/fr\/wp-json\/wp\/v2\/product_cat?post=11406"},{"taxonomy":"product_tag","embeddable":true,"href":"https:\/\/kitchtenstore.com\/fr\/wp-json\/wp\/v2\/product_tag?post=11406"}],"curies":[{"name":"wp","href":"https:\/\/api.w.org\/{rel}","templated":true}]}}