{"id":11405,"date":"2022-10-27T13:22:40","date_gmt":"2022-10-27T13:22:40","guid":{"rendered":"https:\/\/kitchtenstore.com\/?post_type=product&#038;p=11405"},"modified":"2022-10-27T13:22:40","modified_gmt":"2022-10-27T13:22:40","slug":"tondeuse-robot-bosch-indego-s-350","status":"publish","type":"product","link":"https:\/\/kitchtenstore.com\/fr\/produit\/tondeuse-robot-bosch-indego-s-350\/","title":{"rendered":"TONDEUSE ROBOT Bosch Indego S+ 350"},"content":{"rendered":"<div id=\"tab-description\" class=\"woocommerce-Tabs-panel woocommerce-Tabs-panel--description panel entry-content wc-tab\" role=\"tabpanel\" aria-labelledby=\"tab-title-description\">\n<h2>Description<\/h2>\n<div class=\"cms\">\n<div class=\"description_content\">\n<h2>La tondeuse automatique intelligente pour obtenir sans effort de belles pelouses<\/h2>\n<ul>\n<li>Fonction LogiCut cartographiant la pelouse pour ensuite tondre efficacement en bandes parall\u00e8les<\/li>\n<li>Indego est la seule tondeuse robot \u00e0 calculer l\u2019horaire de tonte id\u00e9al compte tenu de la superficie de votre jardin, de vos pr\u00e9f\u00e9rences personnelles et des pr\u00e9visions m\u00e9t\u00e9o locales.<\/li>\n<li>Commande par application d\u00e9di\u00e9e pour une utilisation simple et pratique<\/li>\n<li>Id\u00e9ale pour les jardins de petite ou moyenne superficie (jusqu\u2019\u00e0 350 m\u00b2)<\/li>\n<li>Facile \u00e0 g\u00e9rer pour entretenir sa pelouse \u2013 gr\u00e2ce \u00e0 son fonctionnement autonome<\/li>\n<\/ul>\n<h3>Caract\u00e9ristiques techniques<\/h3>\n<ul>\n<li>Type de batterie : Lithium-ion<\/li>\n<li>Tension de la batterie : 18 V<\/li>\n<li>Dur\u00e9e de charge de la batterie : 45 min<\/li>\n<li>Autonomie de la batterie : 45 min<\/li>\n<li>Surface de pelouse recommand\u00e9e : Jusqu\u2019\u00e0 350 m\u00b2<\/li>\n<li>largeur de coupe : 19 cm<\/li>\n<li>Syst\u00e8me de coupe : 3 lames pivotantes<\/li>\n<li>Poids : 7,6 kg<\/li>\n<li>Hauteur de coupe : 30 \u2013 50 mm<\/li>\n<li>R\u00e9glage de la hauteur de coupe : 3<\/li>\n<li>Vitesse : 40 cm\/s<\/li>\n<li>Pente maxi. : 27 Pour cent<\/li>\n<\/ul>\n<\/div>\n<\/div>\n<ul class=\"list-table\" data-gtm-vis-recent-on-screen-2047254_1465=\"715262\" data-gtm-vis-first-on-screen-2047254_1465=\"715262\" data-gtm-vis-total-visible-time-2047254_1465=\"3000\" data-gtm-vis-has-fired-2047254_1465=\"1\">\n<li class=\"list-table__row\"><span class=\"list-table__cell\">Marque <\/span><span class=\"list-table__cell\"><span data-qa=\"brandCta\">BOSCH<\/span><\/span><\/li>\n<li class=\"list-table__row\"><span class=\"list-table__cell\">Longueur <\/span><span class=\"list-table__cell\">60 cm<\/span><\/li>\n<li class=\"list-table__row\"><span class=\"list-table__cell\">Largeur <\/span><span class=\"list-table__cell\">40 cm<\/span><\/li>\n<li class=\"list-table__row\"><span class=\"list-table__cell\">Hauteur de coupe<\/span><span class=\"list-table__cell\">5 cm<\/span><\/li>\n<li class=\"list-table__row\"><span class=\"list-table__cell\">Largeur de coupe <\/span><span class=\"list-table__cell\">19 cm<\/span><\/li>\n<li class=\"list-table__row\"><span class=\"list-table__cell\">Autonomie <\/span><span class=\"list-table__cell\">30 min<\/span><\/li>\n<li class=\"list-table__row\"><span class=\"list-table__cell\">Temps de charge <\/span><span class=\"list-table__cell\">45 min<\/span><\/li>\n<li class=\"list-table__row\"><span class=\"list-table__cell\">Poids <\/span><span class=\"list-table__cell\">7.5 kg<\/span><\/li>\n<li class=\"list-table__row\"><span class=\"list-table__cell\">Inclinaison de pente <\/span><span class=\"list-table__cell\">27 %<\/span><\/li>\n<li class=\"list-table__row\"><span class=\"list-table__cell\">Hauteur <\/span><span class=\"list-table__cell\">333 mm<\/span><\/li>\n<li class=\"list-table__row\"><span class=\"list-table__cell\">Garantie <\/span><span class=\"list-table__cell\">2 ans<\/span><\/li>\n<\/ul>\n<div id=\"product-brand\" class=\"product__brand\">\n<h3 class=\"product__sub-title\">Pr\u00e9sentation de la marque<\/h3>\n<p><a href=\"https:\/\/www.manomano.fr\/marque\/bosch-34\" data-qa=\"brandImageCta\"><picture><img decoding=\"async\" class=\"image product__brand-image lazyload loaded lazy-loaded\" src=\"https:\/\/cdn.manomano.com\/marque-bosch-34.png\" alt=\"BOSCH\" data-src=\"https:\/\/cdn.manomano.com\/marque-bosch-34.png\" data-was-processed=\"true\" \/><\/picture><\/a>En 1886, un jeune ing\u00e9nieur allemand de 25 ans, Robert Bosch, cr\u00e9a une entreprise d\u2019ing\u00e9nierie \u00e9lectrique \u00e0 Stuttgart. Il revenait d\u2019un long voyage professionnel aux Etats-Unis qui l\u2019avait conduit \u00e0 travailler pour Thomas Edison, l\u2019un des plus grands ing\u00e9nieurs-entrepreneurs de l\u2019Histoire. Bosch am\u00e9liora l\u2019ann\u00e9e suivante la magn\u00e9to d\u2019allumage, pour \u00eatre le premier \u00e0 l\u2019adapter \u00e0 un moteur de voiture. Cette innovation lui permit de d\u00e9velopper \u00e0 un rythme soutenu son entreprise. Dans les ann\u00e9es 1920, il convertit son entreprise de fournisseur automobile \u00e0 fabricant d\u2019\u00e9lectronique. Il fut l\u2019un des premiers \u00e0 militer pour la cr\u00e9ation de l\u2019Europe dans l\u2019entre-deux guerres. L\u2019entreprise a ainsi su se d\u00e9marquer de fa\u00e7on originale des autres marques d\u2019outillage \u00e9lectroportatif de bricolage en visant le long-terme et le haut de gamme, de sa c\u00e9l\u00e8bre perceuse verte aux produits complexes comme les d\u00e9fonceuses ou les outils de jardin (sculpte-haies, tron\u00e7onneuses\u2026). Ce fut le succ\u00e8s que l\u2019on sait. Bosch emploie aujourd\u2019hui 280 000 personnes dans le monde dont 7 000 en France et r\u00e9alise 46 milliards d\u2019euros de chiffre d\u2019affaires. Bosch consacre jusqu\u2019\u00e0 10% de son chiffre d\u2019affaires en R&amp;D, un effort rare dans l\u2019industrie. 92% du capital de Robert Bosch Gmbh sont d\u00e9tenus par une fondation caritative la Robert Bosch Stiftung GmbH. Ainsi les b\u00e9n\u00e9fices de l\u2019entreprise sont revers\u00e9s \u00e0 cette fondation. Les 8 % de capital restant sont d\u00e9tenus par les descendants de la famille de Robert Bosch.<\/p>\n<\/div>\n<\/div>","protected":false},"excerpt":{"rendered":"<div class=\"woocommerce-product-details__short-description\">\n<ul>\n<li>Type de batterie : Lithium-ion<\/li>\n<li>Tension de la batterie : 18 V<\/li>\n<li>Dur\u00e9e de charge de la batterie : 45 min<\/li>\n<li>Autonomie de la batterie : 45 min<\/li>\n<li>Surface de pelouse recommand\u00e9e : Jusqu\u2019\u00e0 350 m\u00b2<\/li>\n<li>largeur de coupe : 19 cm<\/li>\n<li>Syst\u00e8me de coupe : 3 lames pivotantes<\/li>\n<li>Poids : 7,6 kg<\/li>\n<li>Hauteur de coupe : 30 \u2013 50 mm<\/li>\n<li>R\u00e9glage de la hauteur de coupe : 3<\/li>\n<li>Vitesse : 40 cm\/s<\/li>\n<li>Pente maxi. : 27 Pour cent<\/li>\n<\/ul>\n<\/div>","protected":false},"featured_media":11412,"comment_status":"open","ping_status":"closed","template":"","meta":{"inline_featured_image":false,"_joinchat":[]},"product_cat":[168,167],"product_tag":[],"class_list":{"0":"post-11405","1":"product","2":"type-product","3":"status-publish","4":"has-post-thumbnail","6":"product_cat-tondeuse-a-gazon","7":"product_cat-tondeuse-electrique","9":"first","10":"instock","11":"shipping-taxable","12":"purchasable","13":"product-type-simple"},"_links":{"self":[{"href":"https:\/\/kitchtenstore.com\/fr\/wp-json\/wp\/v2\/product\/11405","targetHints":{"allow":["GET"]}}],"collection":[{"href":"https:\/\/kitchtenstore.com\/fr\/wp-json\/wp\/v2\/product"}],"about":[{"href":"https:\/\/kitchtenstore.com\/fr\/wp-json\/wp\/v2\/types\/product"}],"replies":[{"embeddable":true,"href":"https:\/\/kitchtenstore.com\/fr\/wp-json\/wp\/v2\/comments?post=11405"}],"version-history":[{"count":1,"href":"https:\/\/kitchtenstore.com\/fr\/wp-json\/wp\/v2\/product\/11405\/revisions"}],"predecessor-version":[{"id":11413,"href":"https:\/\/kitchtenstore.com\/fr\/wp-json\/wp\/v2\/product\/11405\/revisions\/11413"}],"wp:featuredmedia":[{"embeddable":true,"href":"https:\/\/kitchtenstore.com\/fr\/wp-json\/wp\/v2\/media\/11412"}],"wp:attachment":[{"href":"https:\/\/kitchtenstore.com\/fr\/wp-json\/wp\/v2\/media?parent=11405"}],"wp:term":[{"taxonomy":"product_cat","embeddable":true,"href":"https:\/\/kitchtenstore.com\/fr\/wp-json\/wp\/v2\/product_cat?post=11405"},{"taxonomy":"product_tag","embeddable":true,"href":"https:\/\/kitchtenstore.com\/fr\/wp-json\/wp\/v2\/product_tag?post=11405"}],"curies":[{"name":"wp","href":"https:\/\/api.w.org\/{rel}","templated":true}]}}