{"id":11393,"date":"2022-10-27T13:09:02","date_gmt":"2022-10-27T13:09:02","guid":{"rendered":"https:\/\/kitchtenstore.com\/?post_type=product&#038;p=11393"},"modified":"2022-10-27T13:09:02","modified_gmt":"2022-10-27T13:09:02","slug":"trampoline-starflex-pro-o-366-cm-echelle-incluse-vert-et-noir-2-brevets-securite-mondiaux-design-hyper-sportif","status":"publish","type":"product","link":"https:\/\/kitchtenstore.com\/fr\/produit\/trampoline-starflex-pro-o-366-cm-echelle-incluse-vert-et-noir-2-brevets-securite-mondiaux-design-hyper-sportif\/","title":{"rendered":"Trampoline Starflex Pro \u00d8 366 cm \u2013 \u00c9chelle incluse \u2013 Vert et noir \u2013 2 brevets s\u00e9curit\u00e9 mondiaux \u2013 Design hyper sportif"},"content":{"rendered":"<h2>Description<\/h2>\n<div id=\"presContent\" class=\"fpBlk testSep extCode\">\n<div align=\"center\">Vid\u00e9o de montage du Trampoline Starflex Pro&nbsp;<\/p>\n<p>FABRICANT DEPUIS 40 ANS<br \/>\nLe Starflex Pro c\u2019est l\u2019association d\u2019un fabricant au service du trampoline depuis 40 ans et de Ludovic expert trampoline depuis 2011.Nous avons pris le parti d\u2019un trampoline tr\u00e8s haut de gamme, car il est impossible de produire un trampoline s\u00fbr et performant aux prix que l\u2019on trouve sur les premiers prix du march\u00e9.<\/p>\n<p>COURONNE D\u2019ACIER BREVET\u00c9E<br \/>\nSur un trampoline standard, les filets se d\u00e9tendent tr\u00e8s vite entre les poteaux, le STARFLEX PRO r\u00e8gle ce probl\u00e8me avec sa couronne m\u00e9tallique brevet\u00e9e de 22 mm de diam\u00e8tre qui solidarise tous les poteaux pour une tenue parfaite du filet, l\u2019emp\u00eachant ainsi de s\u2019affaisser avec le temps et renfor\u00e7ant toute la structure du trampoline.<\/p>\n<p>FILET INT\u00c9RIEUR ET FILET\/TAPIS DE SAUT 2 EN 1<br \/>\nIl existe deux types d\u2019enceintes de protection, soit int\u00e9rieure (fix\u00e9e sur les bords du tapis de saut) ou ext\u00e9rieure (fix\u00e9e \u00e0 l\u2019ext\u00e9rieur du cadre), nous avons totalement abandonn\u00e9 les mod\u00e8les avec filet ext\u00e9rieurs, car au final l\u2019espace du coussin n\u2019est pas une surface de jeu r\u00e9elle et utile, mais une zone de danger potentiel. Les conditions \u00e0 r\u00e9unir pour couvrir de mani\u00e8re parfaite, permanente et durable une zone de danger dont on n\u2019a finalement pas besoin nous a paru totalement inutiles, nous avons donc port\u00e9 nos recherches en d\u00e9veloppement sur d\u2019autres axes plus porteurs. Avec le STARFLEX PRO, la s\u00e9curit\u00e9 n\u2019avait jamais \u00e9t\u00e9 pouss\u00e9e aussi loin avec la fusion du filet et du tapis de saut qui sont cousus ensemble, condamnant ainsi totalement l\u2019acc\u00e8s au cadre et \u00e0 la zone des ressorts, cela ne minimise en rien la surface de saut qui reste au moins aussi grande que celle d\u2019un trampoline \u00e0 filet ext\u00e9rieur avec la s\u00e9curit\u00e9 en plus.<\/p>\n<p>CONNECTEUR SANS SOUDURE BREVET\u00c9E 6 EN 1<br \/>\nDeux avantages \u00e0 cette invention: Des tests dans notre usine ont montr\u00e9 qu\u2019une soudure galvanis\u00e9e se fissurera typiquement apr\u00e8s un million de cycles (ou rebonds) en utilisation normale. Notre syst\u00e8me sans soudure a pass\u00e9 plus de 2,5 millions de cycles sans se fissurer ! La majorit\u00e9 des trampolines du march\u00e9 ont des poteaux simplement fix\u00e9 par deux vis qui traversent le cadre, ce qui ne permet aucun d\u00e9montage, sachant que la prise au vent se fait avant tout sous le tapis de saut plus que sur le filet, ces poteaux non d\u00e9montables sont les premi\u00e8res \u00e0 plier en cas de fortes rafales \u2026 Le T de jonction brevet\u00e9s permet un d\u00e9montage rapide des poteaux par d\u00e9vissage et ainsi les prot\u00e8gent en cas de rafales de vent.<\/p>\n<p>POTEAUX CONCAVES<br \/>\nLes poteaux droits classiques exposent directement vos enfants aux impacts, m\u00eame s\u2019ils sont en g\u00e9n\u00e9ral dot\u00e9s d\u2019une fine mousse amortissantes d\u2019environ un centim\u00e8tre. Les poteaux concaves du STARFLEX PRO maintiennent le filet \u00e0 distance. La combinaison unique de la couronne d\u2019acier, du design concave des poteaux et de la fusion du tapis de saut et du filet font des miracles et font de l\u2019enceinte du STARFLEX PRO un v\u00e9ritable cocon protecteur pour vos enfants. Starflex Pro, un look d\u2019enfer, vos voisins vont s\u00fbrement vouloir le m\u00eame !<\/p>\n<p>PLUS DE PIEDS = CADRE PLUS STABLE ET PLUS SOLIDE<br \/>\nIl y a deux raisons pour lesquelles il est pr\u00e9f\u00e9rable d\u2019avoir autant de pieds que possible sur votre trampoline. La premi\u00e8re est la stabilit\u00e9 : plus il y a de contact avec le sol, plus le trampoline sera stable. La deuxi\u00e8me est la r\u00e9sistance du cadre sup\u00e9rieur, plus le trampoline a de pieds, plus les longueurs des sections sup\u00e9rieures du cadre peuvent \u00eatre courtes. Une pi\u00e8ce d\u2019acier plus courte est moins susceptible de fl\u00e9chir qu\u2019une plus longue, le cadre est donc plus solide.<\/p>\n<p>UNE BASE LARGE<br \/>\nLa forme d\u00e9port\u00e9e des pieds lui donnera une extraordinaire stabilit\u00e9 en plus d\u2019un look terriblement sportif.<\/p>\n<p>D\u00c9MONTAGE EN 5 MINUTES<br \/>\nLa gamme Starflex Pro est \u00e9quip\u00e9e d\u2019un syst\u00e8me de d\u00e9crochage rapide du filet de s\u00e9curit\u00e9. Ceci vous permet d\u2019abaisser le filet du trampoline en quelques minutes sans l\u2019aide d\u2019outils. Mais \u00e0 quoi cela sert-il ? Eh bien, les vents forts peuvent endommager le trampoline. Si des vents forts sont pr\u00e9vus, vous pouvez abaisser le filet de s\u00e9curit\u00e9 et r\u00e9duire le risque de d\u00e9g\u00e2ts sur votre maison.<\/p>\n<p>ANTI D\u00c9CHIRURE<br \/>\nLe filet de protection est renforc\u00e9 \u00e0 360\u00b0 par deux larges bandes de nylon pr\u00e9venant ainsi tout accro ou toute d\u00e9chirure par rapport \u00e0 un trampoline standard.<\/p>\n<p>FINITION HAUT DE GAMME<br \/>\nLes pieds du STARFLEX PRO sont recouverts d\u2019une couche de peinture thermo laqu\u00e9e noire et les poteaux recouverts de manchons en PVC pour un look sobre, sportif et haut de gamme.<\/p>\n<p>TAPIS DE SAUT<br \/>\nLe tapis de saut de haute qualit\u00e9 r\u00e9siste aux rayons UV pour prot\u00e9ger la surface de saut de l\u2019usure sous le soleil.<\/p>\n<p>COUSSIN DE PROTECTION<br \/>\nLa surface sup\u00e9rieure du coussin de s\u00e9curit\u00e9 est faite de PVC plut\u00f4t que de poly\u00e9thyl\u00e8ne moins cher et de qualit\u00e9 inf\u00e9rieure, lui donnant un aspect et une sensation de qualit\u00e9, ne se d\u00e9sagr\u00e9gera pas sous les rayons UV, il est \u00e9galement garni d\u2019une mousse amortissante imperm\u00e9able de 20 mm d\u2019\u00e9paisseur recouvrant les ressorts et le cadre.<\/p>\n<p><img decoding=\"async\" src=\"https:\/\/www.sportinnov.com\/cdiscount\/STARFLEX_PRO.jpg\" alt=\"\" \/><\/p>\n<\/div>\n<\/div>\n<div id=\"desc\" class=\"anchor\"><\/div>\n<div id=\"descContent\" class=\"fpBlk testSep\" data-cs-override-id=\"Descriptif\">\n<p class=\"fpMb\">Trampoline Starflex Pro \u00d8 366 cm \u2013 \u00c9chelle incluse \u2013 Vert et noir \u2013 Poids maximal conseill\u00e9 150 kgs \u2013 Couronn\u00e9 d\u2019acier brevet\u00e9e de 22 mm pour une tenue du filet parfaite \u2013 Cadre sans soudure gr\u00e2ce \u00e0 sa jonction en T pieds\/cadre 6 en 1 \u2013 Fusion du tap<\/p>\n<div class=\"regBloc no1023\">\n<div id=\"gpt-R2-300X250BODY2\" data-google-query-id=\"CP3loLvJmegCFZcONwodM30Gfw\"><\/div>\n<div class=\"regTxt\"><\/div>\n<\/div>\n<table class=\"fpDescTb fpDescTbPub\">\n<tbody>\n<tr>\n<th colspan=\"2\">Informations g\u00e9n\u00e9rales sur le produit<\/th>\n<\/tr>\n<tr>\n<td>Nom du produit<\/td>\n<td>Trampoline Starflex Pro \u00d8 366 cm \u2013 \u00c9chelle incluse<\/td>\n<\/tr>\n<tr>\n<td>Cat\u00e9gorie<\/td>\n<td>TRAMPOLINE<\/td>\n<\/tr>\n<tr>\n<th colspan=\"2\">G\u00e9n\u00e9ralit\u00e9s<\/th>\n<\/tr>\n<tr>\n<td>Age (A partir de)<\/td>\n<td>3 ans<\/td>\n<\/tr>\n<tr>\n<td>Couleur principale<\/td>\n<td>Vert<\/td>\n<\/tr>\n<tr>\n<td>Couleurs secondaires<\/td>\n<td>Noir<\/td>\n<\/tr>\n<tr>\n<td>Genre<\/td>\n<td>Mixte<\/td>\n<\/tr>\n<tr>\n<td>Pr\u00e9sence parentale<\/td>\n<td>Pr\u00e9f\u00e9rable<\/td>\n<\/tr>\n<tr>\n<td>Marque<\/td>\n<td>STARFLEX<\/td>\n<\/tr>\n<tr>\n<td>Avertissement(s)<\/td>\n<td>Attention ! Ne convient pas aux enfants de moins de 36 mois \u2013 3 ans<\/td>\n<\/tr>\n<tr>\n<th colspan=\"2\">Caract\u00e9ristiques<\/th>\n<\/tr>\n<tr>\n<td>Mati\u00e8re de la structure<\/td>\n<td>M\u00e9tal<\/td>\n<\/tr>\n<tr>\n<th colspan=\"2\">Conseils \u2013 Dimensions \u2013 Poids et autres<\/th>\n<\/tr>\n<tr>\n<td>Certifications et normes<\/td>\n<td>CE<\/td>\n<\/tr>\n<tr>\n<td>Conseil d\u2019entretien<\/td>\n<td>Nettoyer \u00e0 l\u2019eau et au savon doux<\/td>\n<\/tr>\n<tr>\n<td>Diam\u00e8tres<\/td>\n<td>\u00d8 366 cm<\/td>\n<\/tr>\n<tr>\n<td>Dimensions<\/td>\n<td>\u00d8 366 x Hauteur 275 cm<\/td>\n<\/tr>\n<tr>\n<td>Poids<\/td>\n<td>79,3 kgs<\/td>\n<\/tr>\n<tr>\n<td>dur\u00e9e de disponibilit\u00e9 des pi\u00e8ces d\u00e9tach\u00e9es essentielles \u00e0 l\u2019utilisation du produit<\/td>\n<td>3 ans minimum<\/td>\n<\/tr>\n<\/tbody>\n<\/table>\n<\/div>","protected":false},"excerpt":{"rendered":"<div class=\"woocommerce-product-details__short-description\">\n<p>Trampoline Starflex Pro \u00d8 366 cm \u2013 \u00c9chelle incluse \u2013 Vert et noir \u2013 Poids maximal conseill\u00e9 150 kgs \u2013 Couronn\u00e9 d\u2019acier brevet\u00e9e de 22 mm pour une tenue du filet parfaite \u2013 Cadre sans soudure gr\u00e2ce \u00e0 sa jonction en T pieds\/cadre 6 en 1 \u2013 Fusion du tap<\/p>\n<\/div>","protected":false},"featured_media":11400,"comment_status":"open","ping_status":"closed","template":"","meta":{"inline_featured_image":false,"_joinchat":[]},"product_cat":[163],"product_tag":[],"class_list":{"0":"post-11393","1":"product","2":"type-product","3":"status-publish","4":"has-post-thumbnail","6":"product_cat-jouets-enfants-bebes","8":"first","9":"instock","10":"shipping-taxable","11":"purchasable","12":"product-type-simple"},"_links":{"self":[{"href":"https:\/\/kitchtenstore.com\/fr\/wp-json\/wp\/v2\/product\/11393","targetHints":{"allow":["GET"]}}],"collection":[{"href":"https:\/\/kitchtenstore.com\/fr\/wp-json\/wp\/v2\/product"}],"about":[{"href":"https:\/\/kitchtenstore.com\/fr\/wp-json\/wp\/v2\/types\/product"}],"replies":[{"embeddable":true,"href":"https:\/\/kitchtenstore.com\/fr\/wp-json\/wp\/v2\/comments?post=11393"}],"version-history":[{"count":2,"href":"https:\/\/kitchtenstore.com\/fr\/wp-json\/wp\/v2\/product\/11393\/revisions"}],"predecessor-version":[{"id":11403,"href":"https:\/\/kitchtenstore.com\/fr\/wp-json\/wp\/v2\/product\/11393\/revisions\/11403"}],"wp:featuredmedia":[{"embeddable":true,"href":"https:\/\/kitchtenstore.com\/fr\/wp-json\/wp\/v2\/media\/11400"}],"wp:attachment":[{"href":"https:\/\/kitchtenstore.com\/fr\/wp-json\/wp\/v2\/media?parent=11393"}],"wp:term":[{"taxonomy":"product_cat","embeddable":true,"href":"https:\/\/kitchtenstore.com\/fr\/wp-json\/wp\/v2\/product_cat?post=11393"},{"taxonomy":"product_tag","embeddable":true,"href":"https:\/\/kitchtenstore.com\/fr\/wp-json\/wp\/v2\/product_tag?post=11393"}],"curies":[{"name":"wp","href":"https:\/\/api.w.org\/{rel}","templated":true}]}}