{"id":11380,"date":"2022-10-27T13:03:50","date_gmt":"2022-10-27T13:03:50","guid":{"rendered":"https:\/\/kitchtenstore.com\/?post_type=product&#038;p=11380"},"modified":"2022-10-27T13:03:50","modified_gmt":"2022-10-27T13:03:50","slug":"baby-foot-barres-telescopiques-monnayeur-bleu-garlando-deluxe-outdoor","status":"publish","type":"product","link":"https:\/\/kitchtenstore.com\/fr\/produit\/baby-foot-barres-telescopiques-monnayeur-bleu-garlando-deluxe-outdoor\/","title":{"rendered":"Baby foot \u2013 barres t\u00e9lescopiques + monnayeur \u2013 Bleu \u2013 GARLANDO \u2013 Deluxe Outdoor"},"content":{"rendered":"<h2>Description<\/h2>\n<div id=\"descContent\" class=\"fpBlk testSep\" data-cs-override-id=\"Descriptif\">\n<table class=\"fpDescTb fpDescTbPub\">\n<tbody>\n<tr>\n<th colspan=\"2\">Informations g\u00e9n\u00e9rales sur le produit<\/th>\n<\/tr>\n<tr>\n<td>Marque<\/td>\n<td>GARLANDO<\/td>\n<\/tr>\n<tr>\n<td>Nom du produit<\/td>\n<td>GARLANDO \u2013 Deluxe Outdoor Baby foot \u2013 barres t\u00e9les<\/td>\n<\/tr>\n<tr>\n<td>Cat\u00e9gorie<\/td>\n<td>BABY-FOOT<\/td>\n<\/tr>\n<\/tbody>\n<\/table>\n<\/div>","protected":false},"excerpt":{"rendered":"<div class=\"woocommerce-product-details__short-description\">\n<p>La babyfoot para bar ext\u00e9rieur, construit avec des mat\u00e9riaux r\u00e9sistant aux conditions m\u00e9t\u00e9orologiques (contreplaqu\u00e9 marine, colle imperm\u00e9able et composants en acier avec traitement anti-rouille). \u2013 Il a \u00e9quip\u00e9 avec housse de prot\u2026Voir la pr\u00e9sentation<\/p>\n<\/div>","protected":false},"featured_media":11388,"comment_status":"open","ping_status":"closed","template":"","meta":{"inline_featured_image":false,"_joinchat":[]},"product_cat":[163],"product_tag":[],"class_list":{"0":"post-11380","1":"product","2":"type-product","3":"status-publish","4":"has-post-thumbnail","6":"product_cat-jouets-enfants-bebes","8":"first","9":"instock","10":"shipping-taxable","11":"purchasable","12":"product-type-simple"},"_links":{"self":[{"href":"https:\/\/kitchtenstore.com\/fr\/wp-json\/wp\/v2\/product\/11380","targetHints":{"allow":["GET"]}}],"collection":[{"href":"https:\/\/kitchtenstore.com\/fr\/wp-json\/wp\/v2\/product"}],"about":[{"href":"https:\/\/kitchtenstore.com\/fr\/wp-json\/wp\/v2\/types\/product"}],"replies":[{"embeddable":true,"href":"https:\/\/kitchtenstore.com\/fr\/wp-json\/wp\/v2\/comments?post=11380"}],"version-history":[{"count":2,"href":"https:\/\/kitchtenstore.com\/fr\/wp-json\/wp\/v2\/product\/11380\/revisions"}],"predecessor-version":[{"id":11392,"href":"https:\/\/kitchtenstore.com\/fr\/wp-json\/wp\/v2\/product\/11380\/revisions\/11392"}],"wp:featuredmedia":[{"embeddable":true,"href":"https:\/\/kitchtenstore.com\/fr\/wp-json\/wp\/v2\/media\/11388"}],"wp:attachment":[{"href":"https:\/\/kitchtenstore.com\/fr\/wp-json\/wp\/v2\/media?parent=11380"}],"wp:term":[{"taxonomy":"product_cat","embeddable":true,"href":"https:\/\/kitchtenstore.com\/fr\/wp-json\/wp\/v2\/product_cat?post=11380"},{"taxonomy":"product_tag","embeddable":true,"href":"https:\/\/kitchtenstore.com\/fr\/wp-json\/wp\/v2\/product_tag?post=11380"}],"curies":[{"name":"wp","href":"https:\/\/api.w.org\/{rel}","templated":true}]}}