{"id":11377,"date":"2022-10-27T13:03:35","date_gmt":"2022-10-27T13:03:35","guid":{"rendered":"https:\/\/kitchtenstore.com\/?post_type=product&#038;p=11377"},"modified":"2022-10-27T13:03:35","modified_gmt":"2022-10-27T13:03:35","slug":"baby-foot-de-bar-deluxe-avec-monnayeur","status":"publish","type":"product","link":"https:\/\/kitchtenstore.com\/fr\/produit\/baby-foot-de-bar-deluxe-avec-monnayeur\/","title":{"rendered":"Baby Foot de Bar Deluxe avec Monnayeur"},"content":{"rendered":"<h2>Description<\/h2>\n<div id=\"presContent\" class=\"fpBlk testSep extCode\">\n<div id=\"page\">\n<div id=\"table_bottom\">\n<table>\n<tbody>\n<tr>\n<td rowspan=\"2\">\n<ul class=\"listebulletpoint\">\n<li>Le baby-foot de bar est un des mod\u00e8les les plus vendus en Europe<\/li>\n<li>Il est le bestseller, de part son design unique, sa solidit\u00e9 et son aspect robuste<\/li>\n<li>Le comptage des points se fait gr\u00e2ce aux 10 d\u00e9s en plastique rouge pr\u00e9sents de chaque c\u00f4t\u00e9 de la table<\/li>\n<li>Cette table mesure 1m40 de long, 75 cm de large et la hauteur avec le plateau est de 97cm<\/li>\n<li>Elle dispose d\u2019un cadre en MDF (plus dense que l\u2019agglom\u00e9r\u00e9, il est souvent le rempla\u00e7ant id\u00e9al du bois massif puisqu\u2019il se d\u00e9forme peu et se fa\u00e7onne facilement.Il ne se fend pas, r\u00e9siste au feu, et n\u2019\u00e9clate pas.Il se compose de fibres de bois comprim\u00e9es et coll\u00e9es \u00e0 chaud) recouvert de PVC lamin\u00e9<\/li>\n<li>Afin de pouvoir profiter pleinement de votre nouveau baby-foot, nous avons fourni tout l\u2019\u00e9quipement n\u00e9cessaire : 2 balles de foot en bois et joueurs en mati\u00e8re ABS<\/li>\n<li>Garantie : 1 an<\/li>\n<li>Possibilit\u00e9 de d\u00e9sactiver le mode monnayeur<\/li>\n<li>Mati\u00e8re des bandes : caoutchouc de qualit\u00e9<\/li>\n<li>Composition de la table : cadre en MDF + PVC lamin\u00e9<\/li>\n<li>Dimension de la table : 140 x 75 x 97 cm<\/li>\n<li>Surface de jeu : 117 x 68,8 cm<\/li>\n<li>Diam\u00e8tre des barres : 15 mm<\/li>\n<li>Distance des pieds des joueurs\/tapis : 1,5 cm<\/li>\n<li>Poids : 62 kg<\/li>\n<li>Dimensions du colis : 145x 80 x 43cm<\/li>\n<li>Apr\u00e8s votre commande, le baby-foot est livr\u00e9 par un transporteur sp\u00e9cialis\u00e9 qui organisera la livraison avec vous dans un d\u00e9lai maximum de 72h<\/li>\n<li>Notre baby-foot est un produit qui se monte tr\u00e8s facilement gr\u00e2ce \u00e0 sa notice de montage<\/li>\n<\/ul>\n<\/td>\n<\/tr>\n<\/tbody>\n<\/table>\n<\/div>\n<div id=\"galerie_image\">\n<table>\n<tbody>\n<tr>\n<td colspan=\"2\"><strong>Pr\u00e9sentation du produit en image :<\/strong><\/td>\n<\/tr>\n<tr>\n<td><img decoding=\"async\" src=\"https:\/\/www.jt2d.com\/media\/catalog\/product\/b\/e\/benb_0011.jpg\" alt=\"Baby foot de bar - Mod\u00e8le Deluxe - Avec monnayeur ( D\u00e9sactivation possible)\" \/><\/td>\n<td><img decoding=\"async\" src=\"https:\/\/www.jt2d.com\/media\/catalog\/product\/b\/e\/ben_9993.jpg\" alt=\"Baby foot de bar - Mod\u00e8le Deluxe - Avec monnayeur ( D\u00e9sactivation possible)\" \/><\/td>\n<\/tr>\n<tr>\n<td><img decoding=\"async\" src=\"https:\/\/www.jt2d.com\/media\/catalog\/product\/b\/e\/benb_0006.jpg\" alt=\"Baby foot de bar - Mod\u00e8le Deluxe - Avec monnayeur ( D\u00e9sactivation possible)\" \/><\/td>\n<td><img decoding=\"async\" src=\"https:\/\/www.jt2d.com\/media\/catalog\/product\/b\/e\/benb_0021.jpg\" alt=\"Baby foot de bar - Mod\u00e8le Deluxe - Avec monnayeur ( D\u00e9sactivation possible)\" \/><\/td>\n<\/tr>\n<tr>\n<td><img decoding=\"async\" src=\"https:\/\/www.jt2d.com\/media\/catalog\/product\/s\/t\/stcsc006_013.jpg\" alt=\"Baby foot de bar - Mod\u00e8le Deluxe - Avec monnayeur ( D\u00e9sactivation possible)\" \/><\/td>\n<td><img decoding=\"async\" src=\"https:\/\/www.jt2d.com\/media\/catalog\/product\/b\/e\/benb_0001.jpg\" alt=\"Baby foot de bar - Mod\u00e8le Deluxe - Avec monnayeur ( D\u00e9sactivation possible)\" \/><\/td>\n<\/tr>\n<\/tbody>\n<\/table>\n<\/div>\n<\/div>\n<\/div>\n<div id=\"desc\" class=\"anchor\"><\/div>\n<div id=\"descContent\" class=\"fpBlk testSep\" data-cs-override-id=\"Descriptif\">\n<p class=\"fpMb\">Envie d\u2019une petite partie de foot en int\u00e9rieur ? Mais pas de place ? On a la solution ! Le fameux football de table. Le baby-foot de bar est un des mod\u00e8les les plus vendus en Europe. Il est le bestseller, de part son design unique, sa solidit\u00e9 et son aspect robuste. Cette table mesure 1m40 de long, 75 cm de large et la hauteur avec le plateau est de 97cm.<\/p>\n<div class=\"regBloc no1023\">\n<div id=\"gpt-R2-300X250BODY2\" data-google-query-id=\"COKV7Iv_n-gCFRdIGwodueIIBg\"><\/div>\n<div class=\"regTxt\"><\/div>\n<\/div>\n<table class=\"fpDescTb fpDescTbPub\">\n<tbody>\n<tr>\n<th colspan=\"2\">Informations g\u00e9n\u00e9rales sur le produit<\/th>\n<\/tr>\n<tr>\n<td>Nom du produit<\/td>\n<td>Baby Foot de Bar Deluxe avec Monnayeur<\/td>\n<\/tr>\n<tr>\n<td>Cat\u00e9gorie<\/td>\n<td>BABY-FOOT<\/td>\n<\/tr>\n<tr>\n<th colspan=\"2\">G\u00e9n\u00e9ral<\/th>\n<\/tr>\n<tr>\n<td>Marque<\/td>\n<td>AUCUNE<\/td>\n<\/tr>\n<tr>\n<td>Type de Produit<\/td>\n<td>Baby foot de bar \u2013 Mod\u00e8le Deluxe \u2013 Avec monnayeur ( D\u00e9sactivation possible)<\/td>\n<\/tr>\n<tr>\n<td>Utilisation<\/td>\n<td>Int\u00e9rieur<\/td>\n<\/tr>\n<tr>\n<td>Mati\u00e8res<\/td>\n<td>Cadre en MDF recouvert de PVC lamin\u00e9<\/td>\n<\/tr>\n<tr>\n<th colspan=\"2\">Caract\u00e9ristiques du produit<\/th>\n<\/tr>\n<tr>\n<td>Dimensions de la surface de jeu<\/td>\n<td>117 x 68,8 cm<\/td>\n<\/tr>\n<tr>\n<th colspan=\"2\">Poids et Dimensions<\/th>\n<\/tr>\n<tr>\n<td>Dimensions<\/td>\n<td>Dimension de la table : 140 x 75 x 97 cm<\/td>\n<\/tr>\n<tr>\n<td>Poids<\/td>\n<td>62 KG<\/td>\n<\/tr>\n<tr>\n<td>Dimensions brutes \u2013 article emball\u00e9 (L x l x H)<\/td>\n<td>Dimensions du colis : 145x 80 x 43cm<\/td>\n<\/tr>\n<tr>\n<th colspan=\"2\">Divers<\/th>\n<\/tr>\n<tr>\n<td>Montage<\/td>\n<td>A monter soi-m\u00eame<\/td>\n<\/tr>\n<tr>\n<td>El\u00e9ments livr\u00e9s<\/td>\n<td>Baby foot \u2013 Accessoires: 2 balles de foot et 2 clefs pour ouvrir\/fermer la caisse- notice<\/td>\n<\/tr>\n<\/tbody>\n<\/table>\n<\/div>","protected":false},"excerpt":{"rendered":"<div class=\"woocommerce-product-details__short-description\">\n<ul>\n<li>Dimension de la table : 140 x 75 x 97 cm<\/li>\n<li>Poids : 62 KG<\/li>\n<li>Mati\u00e8res : Cadre en MDF recouvert de PVC lamin\u00e9<\/li>\n<\/ul>\n<\/div>","protected":false},"featured_media":11384,"comment_status":"open","ping_status":"closed","template":"","meta":{"inline_featured_image":false,"_joinchat":[]},"product_cat":[163],"product_tag":[],"class_list":{"0":"post-11377","1":"product","2":"type-product","3":"status-publish","4":"has-post-thumbnail","6":"product_cat-jouets-enfants-bebes","8":"first","9":"instock","10":"shipping-taxable","11":"purchasable","12":"product-type-simple"},"_links":{"self":[{"href":"https:\/\/kitchtenstore.com\/fr\/wp-json\/wp\/v2\/product\/11377","targetHints":{"allow":["GET"]}}],"collection":[{"href":"https:\/\/kitchtenstore.com\/fr\/wp-json\/wp\/v2\/product"}],"about":[{"href":"https:\/\/kitchtenstore.com\/fr\/wp-json\/wp\/v2\/types\/product"}],"replies":[{"embeddable":true,"href":"https:\/\/kitchtenstore.com\/fr\/wp-json\/wp\/v2\/comments?post=11377"}],"version-history":[{"count":1,"href":"https:\/\/kitchtenstore.com\/fr\/wp-json\/wp\/v2\/product\/11377\/revisions"}],"predecessor-version":[{"id":11389,"href":"https:\/\/kitchtenstore.com\/fr\/wp-json\/wp\/v2\/product\/11377\/revisions\/11389"}],"wp:featuredmedia":[{"embeddable":true,"href":"https:\/\/kitchtenstore.com\/fr\/wp-json\/wp\/v2\/media\/11384"}],"wp:attachment":[{"href":"https:\/\/kitchtenstore.com\/fr\/wp-json\/wp\/v2\/media?parent=11377"}],"wp:term":[{"taxonomy":"product_cat","embeddable":true,"href":"https:\/\/kitchtenstore.com\/fr\/wp-json\/wp\/v2\/product_cat?post=11377"},{"taxonomy":"product_tag","embeddable":true,"href":"https:\/\/kitchtenstore.com\/fr\/wp-json\/wp\/v2\/product_tag?post=11377"}],"curies":[{"name":"wp","href":"https:\/\/api.w.org\/{rel}","templated":true}]}}