{"id":11376,"date":"2022-10-27T13:00:09","date_gmt":"2022-10-27T13:00:09","guid":{"rendered":"https:\/\/kitchtenstore.com\/?post_type=product&#038;p=11376"},"modified":"2022-10-27T13:00:09","modified_gmt":"2022-10-27T13:00:09","slug":"babyfoot-bistro-pro-devessport","status":"publish","type":"product","link":"https:\/\/kitchtenstore.com\/fr\/produit\/babyfoot-bistro-pro-devessport\/","title":{"rendered":"Babyfoot bistro-pro \u2013 DEVESSPORT"},"content":{"rendered":"<h2>Description<\/h2>\n<div id=\"descContent\" class=\"fpBlk testSep\" data-cs-override-id=\"Descriptif\">\n<p class=\"fpMb\">BABYFOOT BISTRO-PRO Achetez le babyfoot professionnel Devessport Bistro-Pro, un grand babyfoot avec une ligne moderne et dans les tons chrom\u00e9 pour surprendre tous vos amis. Il est con\u00e7u pour les adultes et poss\u00e8de une touche moderne et minimaliste. N\u2019attendez plus! Commencez \u00e0 profiter de votre temps libre de la meille<\/p>\n<div class=\"regBloc no1023\">\n<div id=\"gpt-R2-300X250BODY2\" data-google-query-id=\"CJi3yJ7_n-gCFdc8GwodmEQLDg\"><\/div>\n<div class=\"regTxt\"><\/div>\n<\/div>\n<table class=\"fpDescTb fpDescTbPub\">\n<tbody>\n<tr>\n<th colspan=\"2\">Informations g\u00e9n\u00e9rales sur le produit<\/th>\n<\/tr>\n<tr>\n<td>Marque<\/td>\n<td>DEVESSPORT<\/td>\n<\/tr>\n<tr>\n<td>Nom du produit<\/td>\n<td>DEVESSPORT \u2013 babyfoot bistro-pro<\/td>\n<\/tr>\n<tr>\n<td>Cat\u00e9gorie<\/td>\n<td>BABY-FOOT<\/td>\n<\/tr>\n<tr>\n<th colspan=\"2\">G\u00e9n\u00e9ral<\/th>\n<\/tr>\n<tr>\n<td>Age (A partir de)<\/td>\n<td>14 ans<\/td>\n<\/tr>\n<tr>\n<th colspan=\"2\">Caract\u00e9ristiques du produit<\/th>\n<\/tr>\n<tr>\n<td>Description du produit<\/td>\n<td>Trouver le bon espace pour placer ce football de table moderne, fait avec une structure de contrepla<br \/>\nqu\u00e9 qui offre une grande r\u00e9sistance \u00e0 la d\u00e9formation. Profitez de ses tiges t\u00e9lescopiques et de la r<br \/>\nobustesse de ses pattes ind\u00e9pendantes avec des niveleurs individuels pour \u00e9viter les in\u00e9galit\u00e9s \u00e9ven<br \/>\ntuelles.<br \/>\nDimensions baby-foot: 141x74x86cm<br \/>\nDimensions de terrain de jeu: 117x68cm<br \/>\nMesures des barres de baby-foot: 15, 8mm<br \/>\nPoids: 42 kg.<br \/>\nCaract\u00e9ristiques du baby-foot professionnel Bistro-Pro:<br \/>\nBaby-foot adulte comprend 2 boules et instructions de montage<br \/>\nLes barres de table sont t\u00e9lescopiques et m\u00e9talliques avec 22 joueurs<br \/>\nLes tiges ont des poign\u00e9es en plastique mont\u00e9es sur les barres et peintes \u00e0 la main<br \/>\nL\u2019\u00e2ge recommand\u00e9 est de 14 ans<br \/>\nLe transport est de porte \u00e0 porte<br \/>\nLivraison au pied de la rue.<\/td>\n<\/tr>\n<tr>\n<td>Nombre de pi\u00e8ces \/ \u00e9l\u00e9ments<\/td>\n<td>2<\/td>\n<\/tr>\n<tr>\n<td>Nombre de joueurs<\/td>\n<td>de 2 \u00e0 4<\/td>\n<\/tr>\n<tr>\n<td>Dimensions de la surface de jeu<\/td>\n<td>117x68cm<\/td>\n<\/tr>\n<tr>\n<th colspan=\"2\">Poids et Dimensions<\/th>\n<\/tr>\n<tr>\n<td>Dimensions<\/td>\n<td>141 x 74 x 86 cm<\/td>\n<\/tr>\n<tr>\n<td>Poids<\/td>\n<td>42 kg<\/td>\n<\/tr>\n<tr>\n<td>Dimensions brutes \u2013 article emball\u00e9 (L x l x H)<\/td>\n<td>149 x 79,5 x 16,5 cm<\/td>\n<\/tr>\n<tr>\n<td>Poids emball\u00e9<\/td>\n<td>47 kg<\/td>\n<\/tr>\n<tr>\n<th colspan=\"2\">Divers<\/th>\n<\/tr>\n<tr>\n<td>Montage<\/td>\n<td>A monter soi-m\u00eame<\/td>\n<\/tr>\n<tr>\n<td>Pays d\u2019origine<\/td>\n<td>Chine<\/td>\n<\/tr>\n<tr>\n<td>El\u00e9ments livr\u00e9s<\/td>\n<td>2 boules de baby-foot<\/td>\n<\/tr>\n<tr>\n<th colspan=\"2\">S\u00e9curit\u00e9 et Certifications<\/th>\n<\/tr>\n<tr>\n<td>Pr\u00e9sence parentale<\/td>\n<td>Non<\/td>\n<\/tr>\n<\/tbody>\n<\/table>\n<\/div>","protected":false},"excerpt":{"rendered":"<div class=\"woocommerce-product-details__short-description\">\n<ul>\n<li>141 x 74 x 86 cm<\/li>\n<li>Poids : 42 kg<\/li>\n<li>Age (A partir de) : 14 ans<\/li>\n<\/ul>\n<\/div>","protected":false},"featured_media":11378,"comment_status":"open","ping_status":"closed","template":"","meta":{"inline_featured_image":false,"_joinchat":[]},"product_cat":[163],"product_tag":[],"class_list":{"0":"post-11376","1":"product","2":"type-product","3":"status-publish","4":"has-post-thumbnail","6":"product_cat-jouets-enfants-bebes","8":"first","9":"instock","10":"shipping-taxable","11":"purchasable","12":"product-type-simple"},"_links":{"self":[{"href":"https:\/\/kitchtenstore.com\/fr\/wp-json\/wp\/v2\/product\/11376","targetHints":{"allow":["GET"]}}],"collection":[{"href":"https:\/\/kitchtenstore.com\/fr\/wp-json\/wp\/v2\/product"}],"about":[{"href":"https:\/\/kitchtenstore.com\/fr\/wp-json\/wp\/v2\/types\/product"}],"replies":[{"embeddable":true,"href":"https:\/\/kitchtenstore.com\/fr\/wp-json\/wp\/v2\/comments?post=11376"}],"version-history":[{"count":1,"href":"https:\/\/kitchtenstore.com\/fr\/wp-json\/wp\/v2\/product\/11376\/revisions"}],"predecessor-version":[{"id":11379,"href":"https:\/\/kitchtenstore.com\/fr\/wp-json\/wp\/v2\/product\/11376\/revisions\/11379"}],"wp:featuredmedia":[{"embeddable":true,"href":"https:\/\/kitchtenstore.com\/fr\/wp-json\/wp\/v2\/media\/11378"}],"wp:attachment":[{"href":"https:\/\/kitchtenstore.com\/fr\/wp-json\/wp\/v2\/media?parent=11376"}],"wp:term":[{"taxonomy":"product_cat","embeddable":true,"href":"https:\/\/kitchtenstore.com\/fr\/wp-json\/wp\/v2\/product_cat?post=11376"},{"taxonomy":"product_tag","embeddable":true,"href":"https:\/\/kitchtenstore.com\/fr\/wp-json\/wp\/v2\/product_tag?post=11376"}],"curies":[{"name":"wp","href":"https:\/\/api.w.org\/{rel}","templated":true}]}}